{"id":9615,"date":"2021-09-29T08:06:44","date_gmt":"2021-09-29T08:06:44","guid":{"rendered":"http:\/\/bici-bici.it\/?page_id=9615"},"modified":"2023-09-01T11:22:30","modified_gmt":"2023-09-01T11:22:30","slug":"politica-sulla-privacy","status":"publish","type":"page","link":"https:\/\/bici-bici.it\/pt\/politica-de-privacidade\/","title":{"rendered":"POL\u00cdTICA DE PRIVACIDADE"},"content":{"rendered":"<section class=\"section dark\" id=\"section_2037683616\">\n\t\t<div class=\"section-bg fill\" >\n\t\t\t<img loading=\"lazy\" decoding=\"async\" width=\"1024\" height=\"682\" src=\"https:\/\/bici-bici.it\/wp-content\/uploads\/2021\/09\/privacy.jpg\" class=\"bg attachment- size-\" alt=\"\">\t\t\t\t\t\t<div class=\"section-bg-overlay absolute fill\"><\/div>\n\t\t\t\n\n\t\t<\/div>\n\n\t\t\n\n\t\t<div class=\"section-content relative\">\n\t\t\t\n<div class=\"row\"  id=\"row-1357772162\">\n\n\t<div id=\"col-549191441\" class=\"col small-12 large-12\"  >\n\t\t\t\t<div class=\"col-inner text-center\"  >\n\t\t\t\n\t\t\t\n<h2 style=\"font-size: 200%;\">POL\u00cdTICA DE PRIVACIDADE<\/h2>\n\t\t<\/div>\n\t\t\t\t\n<style>\n#col-549191441 > .col-inner {\n  padding: 20px 0px 0px 0px;\n}\n<\/style>\n\t<\/div>\n\n\t\n<\/div>\n\t\t<\/div>\n\n\t\t\n<style>\n#section_2037683616 {\n  padding-top: 140px;\n  padding-bottom: 140px;\n  background-color: rgb(40, 40, 40);\n}\n#section_2037683616 .section-bg-overlay {\n  background-color: rgba(0, 0, 0, 0.3);\n}\n#section_2037683616 .section-bg img {\n  object-position: 44% 54%;\n}\n<\/style>\n\t<\/section>\n\t\n\n\t<section class=\"section\" id=\"section_1933276475\">\n\t\t<div class=\"section-bg fill\" >\n\t\t\t\t\t\t\t\t\t\n\t\t\t\n\n\t\t<\/div>\n\n\t\t\n\n\t\t<div class=\"section-content relative\">\n\t\t\t\n<div class=\"row\"  id=\"row-527973766\">\n\n\t<div id=\"col-608340789\" class=\"col small-12 large-12\"  >\n\t\t\t\t<div class=\"col-inner\"  >\n\t\t\t\n\t\t\t\n<p>POL\u00cdTICA DE PRIVACIDADE<\/p>\n<p>Esta p\u00e1gina descreve como o site \u00e9 gerenciado em rela\u00e7\u00e3o ao processamento dos dados pessoais dos usu\u00e1rios que o consultam.<\/p>\n<p>Essas informa\u00e7\u00f5es s\u00e3o fornecidas \u00e0queles que interagem com os servi\u00e7os web da bici-bici.it, que podem ser acessados eletronicamente a partir do endere\u00e7o: <a href=\"https:\/\/bici-bici.it\/pt\/\">www.bici-bici.it<\/a><br \/>\nA Pol\u00edtica de Privacidade e os Padr\u00f5es aos quais a bici-bici.it se refere para a prote\u00e7\u00e3o dos dados pessoais s\u00e3o baseados nos princ\u00edpios de responsabilidade, transpar\u00eancia, relev\u00e2ncia, finalidade de uso, verificabilidade e seguran\u00e7a.<\/p>\n<p><strong>Informa\u00e7\u00f5es de acordo com o artigo 13 do Regulamento (UE) n\u00ba 679\/2016 (\"GDPR\")<\/strong><\/p>\n<p>Quem somos e quais dados processamos (Art. 13(1)(a), Art. 15(b) do GDPR)<br \/>\nBici-bici.it, nos termos e em conformidade com o Decreto Legislativo n. 196 de 30 de junho de 2003, informa aos seus clientes que os dados pessoais fornecidos por eles no momento da assinatura do pedido de compra e\/ou do preenchimento da fatura est\u00e3o exclu\u00eddos do consentimento da pessoa interessada, pois s\u00e3o coletados e conservados exclusivamente com base nas obriga\u00e7\u00f5es fiscais\/tribut\u00e1rias previstas pela lei, pelos regulamentos e pela legisla\u00e7\u00e3o da UE e, em todo caso, com a \u00fanica finalidade de permitir o exato cumprimento das obriga\u00e7\u00f5es decorrentes do contrato de compra do qual a pessoa interessada \u00e9 parte e\/ou para a aquisi\u00e7\u00e3o das informa\u00e7\u00f5es contratuais necess\u00e1rias, sempre e exclusivamente ativadas a pedido desta \u00faltima (art. 7 Decreto Legislativo 196\/2003).<\/p>\n<p>Finalidade do processamento<\/p>\n<p>O processamento dos dados pessoais fornecidos por voc\u00ea, bem como daqueles inferidos a partir da navega\u00e7\u00e3o no site www.bici-bici.it (doravante denominado Site), tem como objetivo atingir as seguintes finalidades:<br \/>\nPara permitir o acesso e a navega\u00e7\u00e3o no Site, bem como para processar estat\u00edsticas an\u00f4nimas sobre o uso do Site, para verificar o funcionamento correto do Site e para apurar qualquer responsabilidade no caso de infra\u00e7\u00f5es cometidas durante a navega\u00e7\u00e3o;<br \/>\nFornecer o servi\u00e7o de registro no Site;<br \/>\nPrestar os servi\u00e7os oferecidos pela Empresa;<br \/>\nPara requisitos preliminares \u00e0 celebra\u00e7\u00e3o de contratos de venda, para execut\u00e1-los e para proteger posi\u00e7\u00f5es de cr\u00e9dito deles decorrentes;<br \/>\nmonitorar o desenvolvimento das rela\u00e7\u00f5es com os clientes e\/ou riscos relacionados;<br \/>\nPara requisitos de natureza operacional, gerencial, administrativa e cont\u00e1bil, incluindo a poss\u00edvel transmiss\u00e3o por correio eletr\u00f4nico de faturas comerciais e, em geral, para cumprir as obriga\u00e7\u00f5es estabelecidas por lei e\/ou regulamentos, em particular em quest\u00f5es fiscais;<\/p>\n<p>Marketing, informa\u00e7\u00f5es comerciais e atividades promocionais, incluindo o envio de boletins informativos e material publicit\u00e1rio, bem como a cria\u00e7\u00e3o de perfis comerciais com a finalidade de us\u00e1-los para as atividades mencionadas acima.<\/p>\n<p>Cookies<\/p>\n<p>A Empresa tamb\u00e9m gostaria de informar que, ao acessar o Site, poder\u00e3o ser enviados ao seu computador (ou smartphone ou tablet) \"cookies\" ou marcadores, que s\u00e3o tecnicamente pacotes de informa\u00e7\u00f5es enviados por um servidor web (neste caso, pelo dom\u00ednio bici-bici.it) ao navegador de Internet do visitante\/usu\u00e1rio e automaticamente armazenados por este \u00faltimo no dispositivo utilizado pelo visitante\/usu\u00e1rio (computador pessoal, tablet, smartphone ou outro).<\/p>\n<p>Portanto, para aproveitar ao m\u00e1ximo o site www.bici-bici.it, voc\u00ea deve configurar seu navegador para aceitar o recebimento de cookies. Observe que, por padr\u00e3o, quase todos os navegadores da Web s\u00e3o configurados para aceitar cookies automaticamente. Entretanto, os visitantes\/usu\u00e1rios podem alterar a configura\u00e7\u00e3o padr\u00e3o. Conforme mencionado acima, a desativa\u00e7\u00e3o ou exclus\u00e3o de cookies impedir\u00e1 o uso otimizado de determinadas \u00e1reas do site ou afetar\u00e1 o uso de servi\u00e7os sob autentica\u00e7\u00e3o. Se os usu\u00e1rios\/visitantes desejarem decidir, caso a caso, se aceitam ou n\u00e3o os cookies, eles tamb\u00e9m podem configurar o navegador para gerar um aviso sempre que um cookie for salvo.<\/p>\n<p>Os cookies usados no dom\u00ednio bici-bici.it s\u00e3o persistentes (ou seja, permanecem armazenados, at\u00e9 expirarem, no disco r\u00edgido do computador pessoal do usu\u00e1rio\/visitante).<\/p>\n<p>Os cookies persistentes s\u00e3o usados com o \u00fanico prop\u00f3sito de facilitar a navega\u00e7\u00e3o no site e seu uso correto, para facilitar o acesso a servi\u00e7os que exigem autentica\u00e7\u00e3o (evitando a necessidade de os usu\u00e1rios reinserirem credenciais de autentica\u00e7\u00e3o sempre que acessarem os servi\u00e7os), bem como para fins estat\u00edsticos, para saber quais \u00e1reas do site foram visitadas. Al\u00e9m disso, os cookies podem ser espec\u00edficos do site (usados, por exemplo, para descobrir o n\u00famero de p\u00e1ginas visitadas no site) ou de terceiros (ou seja, gerados por outros sites para fornecer conte\u00fado no site que voc\u00ea est\u00e1 visitando). Os navegadores mais populares oferecem a possibilidade de bloquear exclusivamente cookies de terceiros, aceitando apenas os cookies do pr\u00f3prio site. Al\u00e9m disso, algumas empresas que geram cookies em sites de terceiros oferecem a possibilidade de desativar e\/ou inibir de forma simples e imediata apenas seus pr\u00f3prios cookies, mesmo quando esses s\u00e3o an\u00f4nimos, ou seja, n\u00e3o envolvem o registro de dados de identifica\u00e7\u00e3o pessoal (como, por exemplo, o endere\u00e7o IP).<\/p>\n<p>M\u00e9todos de processamento - Medidas de seguran\u00e7a<\/p>\n<p>O processamento de seus dados pessoais pode consistir, al\u00e9m da coleta, no registro, armazenamento, modifica\u00e7\u00e3o, comunica\u00e7\u00e3o e exclus\u00e3o dos mesmos.<\/p>\n<p>O processamento tamb\u00e9m pode ser realizado com ou sem o uso de instrumentos eletr\u00f4nicos por funcion\u00e1rios especialmente designados.<\/p>\n<p>Os dados ser\u00e3o armazenados em papel e\/ou em formato eletr\u00f4nico\/\u00f3ptico e pelo tempo estritamente necess\u00e1rio para cumprir as finalidades estabelecidas no item 1, em conformidade com a legisla\u00e7\u00e3o vigente.<\/p>\n<p>Em rela\u00e7\u00e3o aos seus dados pessoais, a Empresa adotar\u00e1 todos os instrumentos adequados para garantir sua seguran\u00e7a e confidencialidade, de acordo com as disposi\u00e7\u00f5es do C\u00f3digo. Em particular, ser\u00e3o adotadas todas as medidas de seguran\u00e7a t\u00e9cnicas, de TI, organizacionais, log\u00edsticas e processuais, conforme estabelecido no C\u00f3digo, de modo que seja garantido o n\u00edvel m\u00ednimo de prote\u00e7\u00e3o de dados exigido pela legisla\u00e7\u00e3o vigente.<\/p>\n<p>Al\u00e9m disso, as metodologias aplicadas garantem que o acesso aos dados seja permitido somente \u00e0s pessoas encarregadas do processamento pela Empresa.<\/p>\n<p>Fornecimento de dados<\/p>\n<p>Com rela\u00e7\u00e3o ao fornecimento de dados pessoais, informamos que:<\/p>\n<p>Os sistemas de computador e procedimentos de software usados para operar o Site adquirem, no curso de sua opera\u00e7\u00e3o normal, determinados dados pessoais cuja transmiss\u00e3o est\u00e1 impl\u00edcita no uso de protocolos de comunica\u00e7\u00e3o da Internet; o simples acesso ao Site, portanto, implica a aquisi\u00e7\u00e3o pela Empresa de dados relacionados ao usu\u00e1rio;<\/p>\n<p>Certos dados pessoais relacionados ao usu\u00e1rio s\u00e3o obrigat\u00f3rios para fins de registro no Site, e a recusa em fornec\u00ea-los n\u00e3o permite que o usu\u00e1rio conclua o processo de registro;<\/p>\n<p>Seus dados pessoais tamb\u00e9m s\u00e3o obrigat\u00f3rios para processar o pedido e sua recusa em fornec\u00ea-los n\u00e3o permite o estabelecimento e\/ou a continua\u00e7\u00e3o do relacionamento contratual com a Empresa;<\/p>\n<p>Por fim, outros dados s\u00e3o opcionais e permitem que a empresa aprimore o servi\u00e7o oferecido aos clientes.<\/p>\n<p>Comunica\u00e7\u00e3o e divulga\u00e7\u00e3o de dados - Transfer\u00eancia de dados para o exterior<\/p>\n<p>Os dados pessoais coletados para a realiza\u00e7\u00e3o das finalidades estabelecidas no ponto 1 acima poder\u00e3o ser comunicados, na medida de sua compet\u00eancia espec\u00edfica, \u00e0s administra\u00e7\u00f5es p\u00fablicas, para o desempenho de suas fun\u00e7\u00f5es institucionais, \u00e0s institui\u00e7\u00f5es banc\u00e1rias, aos sujeitos especializados na gest\u00e3o de sistemas de informa\u00e7\u00e3o e\/ou pagamento, aos sujeitos que fornecem os bens e servi\u00e7os oferecidos pela Empresa a pessoas que realizam atividades de transporte ou expedi\u00e7\u00e3o, a pessoas que a Empresa utiliza para realizar atividades promocionais, de publicidade, de marketing e de comunica\u00e7\u00e3o, a empresas jur\u00eddicas e de consultoria, a pessoas encarregadas da contabilidade ou da auditoria das demonstra\u00e7\u00f5es financeiras da Empresa, a autoridades p\u00fablicas para o cumprimento de obriga\u00e7\u00f5es legais.<\/p>\n<p>Em qualquer caso, os dados pessoais n\u00e3o ser\u00e3o divulgados, exceto de forma an\u00f4nima.<\/p>\n<p>Na medida estritamente necess\u00e1ria para o desempenho da rela\u00e7\u00e3o contratual, seus dados pessoais podem ser divulgados a terceiros, como fornecedores de produtos e\/ou servi\u00e7os, localizados dentro e fora da Uni\u00e3o Europeia.<\/p>\n<p>Direitos do titular dos dados<\/p>\n<p>De acordo com o Artigo 7 e seguintes do C\u00f3digo, voc\u00ea tem o direito, entre outros, de:<\/p>\n<ul>\n<li>obter confirma\u00e7\u00e3o da exist\u00eancia ou n\u00e3o de dados pessoais relativos a voc\u00ea e sua comunica\u00e7\u00e3o de forma intelig\u00edvel;<\/li>\n<li>ser obtido pelo Controlador ou Processador de Dados, conforme identificado abaixo:<\/li>\n<li>informa\u00e7\u00f5es sobre a origem dos dados pessoais, as finalidades e os m\u00e9todos de processamento e a l\u00f3gica aplicada no caso de processamento por meios eletr\u00f4nicos;<\/li>\n<li>indica\u00e7\u00e3o dos detalhes de identifica\u00e7\u00e3o do controlador de dados e do(s) processador(es) de dados, bem como, quando aplic\u00e1vel, do representante designado por uma entidade estrangeira para processar os dados na It\u00e1lia;<\/li>\n<li>indica\u00e7\u00f5es das pessoas ou categorias de pessoas a quem os dados podem ser comunicados ou que podem tomar conhecimento dos dados em sua capacidade como representante designado no territ\u00f3rio do estado, como gerentes ou nomeados;<\/li>\n<\/ul>\n<p>obter:<\/p>\n<ul>\n<li>atualiza\u00e7\u00e3o, retifica\u00e7\u00e3o ou integra\u00e7\u00e3o de dados relativos ao usu\u00e1rio;<\/li>\n<li>o cancelamento, a transforma\u00e7\u00e3o em forma an\u00f4nima ou o bloqueio de dados processados em viola\u00e7\u00e3o da lei, incluindo dados cujo armazenamento n\u00e3o seja necess\u00e1rio em rela\u00e7\u00e3o \u00e0s finalidades para as quais os dados foram coletados ou posteriormente processados;<\/li>\n<li>certifica\u00e7\u00e3o de que as opera\u00e7\u00f5es mencionadas nos pontos (i) e (ii) acima foram levadas ao conhecimento, tamb\u00e9m com rela\u00e7\u00e3o ao seu conte\u00fado, daqueles a quem os dados foram comunicados ou divulgados, a menos que isso se mostre imposs\u00edvel ou envolva o uso de meios manifestamente desproporcionais ao direito protegido;<\/li>\n<\/ul>\n<p>objeto no todo ou em parte:<\/p>\n<ul>\n<li>por motivos leg\u00edtimos, ao processamento de dados a seu respeito, mesmo que sejam relevantes para a finalidade da coleta;<\/li>\n<li>o processamento de seus dados pessoais para fins de informa\u00e7\u00f5es comerciais ou envio de publicidade ou material de vendas diretas ou para a realiza\u00e7\u00e3o de pesquisa de mercado ou comunica\u00e7\u00e3o comercial.<\/li>\n<li>Os direitos mencionados acima podem ser exercidos diretamente ou por meio de seu representante nas formas previstas nos artigos 8 e 9 do C\u00f3digo.<\/li>\n<\/ul>\n<p>Para exercer os direitos acima, voc\u00ea deve fazer uma solicita\u00e7\u00e3o por escrito, por correio comum, ao Processador de dados, conforme identificado abaixo.<\/p>\n<p>Propriet\u00e1rio<\/p>\n<p>O controlador de dados \u00e9 a empresa abaixo assinada, com sede registrada em Bologna n. 10 - 25073 - Bovezzo (BS) - It\u00e1lia. E-mail: info@bici-bici-bici.it<\/p>\n<p>Consentimento para tratamento<\/p>\n<p>O processamento de dados pessoais para os fins mencionados no ponto 1(g) acima requer seu consentimento.<\/p>\n\t\t<\/div>\n\t\t\t\t\t<\/div>\n\n\t\n<\/div>\n\t\t<\/div>\n\n\t\t\n<style>\n#section_1933276475 {\n  padding-top: 30px;\n  padding-bottom: 30px;\n  background-color: rgb(244, 244, 244);\n}\n<\/style>\n\t<\/section>","protected":false},"excerpt":{"rendered":"","protected":false},"author":1,"featured_media":0,"parent":0,"menu_order":16,"comment_status":"closed","ping_status":"closed","template":"","meta":{"footnotes":""},"class_list":["post-9615","page","type-page","status-publish","hentry"],"_links":{"self":[{"href":"https:\/\/bici-bici.it\/pt\/wp-json\/wp\/v2\/pages\/9615","targetHints":{"allow":["GET"]}}],"collection":[{"href":"https:\/\/bici-bici.it\/pt\/wp-json\/wp\/v2\/pages"}],"about":[{"href":"https:\/\/bici-bici.it\/pt\/wp-json\/wp\/v2\/types\/page"}],"author":[{"embeddable":true,"href":"https:\/\/bici-bici.it\/pt\/wp-json\/wp\/v2\/users\/1"}],"replies":[{"embeddable":true,"href":"https:\/\/bici-bici.it\/pt\/wp-json\/wp\/v2\/comments?post=9615"}],"version-history":[{"count":0,"href":"https:\/\/bici-bici.it\/pt\/wp-json\/wp\/v2\/pages\/9615\/revisions"}],"wp:attachment":[{"href":"https:\/\/bici-bici.it\/pt\/wp-json\/wp\/v2\/media?parent=9615"}],"curies":[{"name":"wp","href":"https:\/\/api.w.org\/{rel}","templated":true}]}}