{"id":9575,"date":"2021-09-28T09:46:19","date_gmt":"2021-09-28T09:46:19","guid":{"rendered":"http:\/\/bici-bici.it\/?page_id=9575"},"modified":"2023-09-01T08:55:38","modified_gmt":"2023-09-01T08:55:38","slug":"spedizione-e-tempi-di-consegna","status":"publish","type":"page","link":"https:\/\/bici-bici.it\/pt\/prazos-de-remessa-e-entrega\/","title":{"rendered":"PRAZOS DE REMESSA E ENTREGA"},"content":{"rendered":"<div class=\"icon-box featured-box icon-box-top text-left\"  >\n\t\t\t\t<div class=\"icon-box-text last-reset\">\n\t\t\t\t\t\t\t\t\t\n<div class=\"container section-title-container\" ><h2 class=\"section-title section-title-normal\"><b><\/b><span class=\"section-title-main\" >PRAZOS DE REMESSA E ENTREGA<\/span><b><\/b><\/h2><\/div>\n\t\t<\/div>\n\t<\/div>\n\t\n\t\n<ul>\n<li>PRAZOS DE ENTREGA<\/li>\n<li>qual a transportadora que envia com bici-bici.it<\/li>\n<li>CUSTOS DE REMESSA<\/li>\n<\/ul>\n<div class=\"row\"  id=\"row-82395685\">\n\n\t<div id=\"col-2127332279\" class=\"col small-12 large-12\"  >\n\t\t\t\t<div class=\"col-inner\"  >\n\t\t\t\n\t\t\t\n<div class=\"is-divider divider clearfix\" style=\"max-width:1051px;\"><\/div>\n\t<div id=\"gap-606356593\" class=\"gap-element clearfix\" style=\"display:block; height:auto;\">\n\t\t\n<style>\n#gap-606356593 {\n  padding-top: 30px;\n}\n<\/style>\n\t<\/div>\n\t\n\t\t<\/div>\n\t\t\t\t\t<\/div>\n\n\t\n<\/div>\n<div class=\"row row-full-width\"  id=\"row-193712851\">\n\n\t<div id=\"col-947087865\" class=\"col medium-6 small-12 large-6\"  >\n\t\t\t\t<div class=\"col-inner\"  >\n\t\t\t\n\t\t\t\n<div class=\"container section-title-container\" ><h3 class=\"section-title section-title-normal\"><b><\/b><span class=\"section-title-main\" >TEMPO DE ENTREGA?<\/span><b><\/b><\/h3><\/div>\n<p>O prazo de entrega estimado para seu pedido ser\u00e1 exibido no momento do pagamento. Os prazos de entrega variam de acordo com os produtos encomendados; portanto, uma bicicleta volumosa ou um item pequeno levar\u00e3o tempos diferentes. O rastreamento permitir\u00e1 que voc\u00ea fique de olho em suas mercadorias e se mantenha atualizado sobre a movimenta\u00e7\u00e3o delas.<\/p>\n<div class=\"container section-title-container\" ><h3 class=\"section-title section-title-normal\"><b><\/b><span class=\"section-title-main\" >qual a transportadora que envia com bici-bici.it<\/span><b><\/b><\/h3><\/div>\n<p>Nossos parceiros de remessa na It\u00e1lia s\u00e3o a DHL e a GLS.<br \/>\nAssim que entregarmos seu pacote \u00e0 transportadora, voc\u00ea receber\u00e1 uma confirma\u00e7\u00e3o de envio por e-mail. Essa confirma\u00e7\u00e3o tamb\u00e9m cont\u00e9m o n\u00famero de rastreamento para verificar o status de sua remessa.<\/p>\n\t\t<\/div>\n\t\t\t\t\t<\/div>\n\n\t\n\n\t<div id=\"col-363874008\" class=\"col medium-6 small-12 large-6\"  >\n\t\t\t\t<div class=\"col-inner\"  >\n\t\t\t\n\t\t\t\n<div class=\"container section-title-container\" ><h3 class=\"section-title section-title-normal\"><b><\/b><span class=\"section-title-main\" >CUSTOS DE REMESSA<\/span><b><\/b><\/h3><\/div>\n<p>Voc\u00ea pode encontrar uma tabela com os custos de remessa aqui<\/p>\n<div class=\"accordion\">\n\t<div id=\"accordion-2504160260\" class=\"accordion-item\">\n\t\t<a id=\"accordion-2504160260-label\" class=\"accordion-title plain\" href=\"#accordion-item-tabella-costi\" aria-expanded=\"false\" aria-controls=\"accordion-2504160260-content\" >\n\t\t\t<button class=\"toggle\" aria-label=\"Toggle\"><i class=\"icon-angle-down\"><\/i><\/button>\n\t\t\t<span>Tabela de custos<\/span>\n\t\t<\/a>\n\t\t<div id=\"accordion-2504160260-content\" class=\"accordion-inner\" aria-labelledby=\"accordion-2504160260-label\" >\n\t\t\t\n\t<div id=\"text-3987707473\" class=\"text\">\n\t\t\n<table style=\"height: 151px;\" width=\"467\">\n<tbody>\n<tr>\n<td width=\"51%\">Frete padr\u00e3o<\/td>\n<td width=\"47%\">9,90 \u20ac<\/td>\n<\/tr>\n<tr>\n<td width=\"51%\">A partir de 100,00 euros de valor de compra*<\/td>\n<td width=\"47%\">5,90 \u20ac<\/td>\n<\/tr>\n<tr>\n<td width=\"51%\">Bicicletas*<\/td>\n<td width=\"47%\">49,90 \u20ac<\/td>\n<\/tr>\n<tr>\n<td width=\"51%\">Pacotes volumosos*<\/td>\n<td width=\"47%\">20,00 \u20ac<\/td>\n<\/tr>\n<\/tbody>\n<\/table>\n<p>*BICICLETAS PEQUENAS, BICICLETAS PARA CRIAN\u00c7AS DE 12-18 POLEGADAS - Entrega gratuita a partir de 99<\/p>\n<p>Enviamos o pacote com seguro pela GLS \/ DHL. Enviamos a voc\u00ea o rastreamento para acompanhar a encomenda.<\/p>\n<p>*As despesas com pacotes volumosos, bicicletas e E-Bikes s\u00e3o cobradas por pe\u00e7a. As bicicletas e E-Bikes s\u00e3o enviadas pelo agente de carga.<\/p>\n<p>Todos os pre\u00e7os em euros, incluindo IVA.<\/p>\n\t\t\n<style>\n#text-3987707473 {\n  text-align: left;\n}\n<\/style>\n\t<\/div>\n\t\n\t\t<\/div>\n\t<\/div>\n\t\n<\/div>\n<div class=\"is-divider divider clearfix\" style=\"max-width:0px;\"><\/div>\n<div class=\"container section-title-container\" ><h3 class=\"section-title section-title-normal\"><b><\/b><span class=\"section-title-main\" >POSSO COMBINAR O DIA E O HOR\u00c1RIO DA ENTREGA?<\/span><b><\/b><\/h3><\/div>\n<p>N\u00e3o, infelizmente isso n\u00e3o \u00e9 poss\u00edvel. Nosso servi\u00e7o de despacho n\u00e3o tem influ\u00eancia sobre o hor\u00e1rio exato da entrega.<\/p>\n\t\t<\/div>\n\t\t\t\t\t<\/div>\n\n\t\n<\/div>","protected":false},"excerpt":{"rendered":"<p>TEMPI DI CONSEGNA CON QUALE VETTORE SPEDISCE bici-bici.it LE SPESE DI SPEDIZIONE<\/p>","protected":false},"author":1,"featured_media":0,"parent":0,"menu_order":12,"comment_status":"closed","ping_status":"closed","template":"page-left-sidebar.php","meta":{"footnotes":""},"class_list":["post-9575","page","type-page","status-publish","hentry"],"_links":{"self":[{"href":"https:\/\/bici-bici.it\/pt\/wp-json\/wp\/v2\/pages\/9575","targetHints":{"allow":["GET"]}}],"collection":[{"href":"https:\/\/bici-bici.it\/pt\/wp-json\/wp\/v2\/pages"}],"about":[{"href":"https:\/\/bici-bici.it\/pt\/wp-json\/wp\/v2\/types\/page"}],"author":[{"embeddable":true,"href":"https:\/\/bici-bici.it\/pt\/wp-json\/wp\/v2\/users\/1"}],"replies":[{"embeddable":true,"href":"https:\/\/bici-bici.it\/pt\/wp-json\/wp\/v2\/comments?post=9575"}],"version-history":[{"count":0,"href":"https:\/\/bici-bici.it\/pt\/wp-json\/wp\/v2\/pages\/9575\/revisions"}],"wp:attachment":[{"href":"https:\/\/bici-bici.it\/pt\/wp-json\/wp\/v2\/media?parent=9575"}],"curies":[{"name":"wp","href":"https:\/\/api.w.org\/{rel}","templated":true}]}}