{"id":9501,"date":"2021-09-27T10:19:02","date_gmt":"2021-09-27T10:19:02","guid":{"rendered":"http:\/\/bici-bici.it\/?page_id=9501"},"modified":"2023-09-01T08:56:26","modified_gmt":"2023-09-01T08:56:26","slug":"metodi-di-pagamento","status":"publish","type":"page","link":"https:\/\/bici-bici.it\/pt\/metodos-de-pagamento\/","title":{"rendered":"M\u00c9TODOS DE PAGAMENTO"},"content":{"rendered":"<div id=\"c55608\" class=\"csc-default cyc-layout_block\">\n<h2>M\u00c9TODOS DE PAGAMENTO<\/h2>\n<\/div>\n<div id=\"c55609\" class=\"csc-default cyc-layout_block\"><\/div>\n<div id=\"c55622\" class=\"csc-default cyc-layout_block\">\n<div class=\"row\">\n<div class=\"col-md-6\"><\/div>\n<\/div>\n<\/div>\n<div class=\"row\"  id=\"row-76808762\">\n\n\t<div id=\"col-1717842202\" class=\"col medium-6 small-12 large-6\"  >\n\t\t\t\t<div class=\"col-inner\"  >\n\t\t\t\n\t\t\t\n<div class=\"container section-title-container\" ><h3 class=\"section-title section-title-normal\"><b><\/b><span class=\"section-title-main\" >QUAIS S\u00c3O OS M\u00c9TODOS DE PAGAMENTO DISPON\u00cdVEIS?<\/span><b><\/b><\/h3><\/div>\n<ul>\n<li>Paypal<\/li>\n<li>Cart\u00e3o de cr\u00e9dito<\/li>\n<\/ul>\n\t\t<\/div>\n\t\t\t\t\t<\/div>\n\n\t\n\n\t<div id=\"col-2004517926\" class=\"col medium-6 small-12 large-6\"  >\n\t\t\t\t<div class=\"col-inner\"  >\n\t\t\t\n\t\t\t\n<div class=\"container section-title-container\" ><h3 class=\"section-title section-title-normal\"><b><\/b><span class=\"section-title-main\" >OUTRAS PERGUNTAS<\/span><b><\/b><\/h3><\/div>\n<ul>\n<li>Quais s\u00e3o as medidas de seguran\u00e7a utilizadas pela bici-bici.it?<\/li>\n<li>Ainda posso alterar o m\u00e9todo de pagamento?<\/li>\n<\/ul>\n\t\t<\/div>\n\t\t\t\t\t<\/div>\n\n\t\n<\/div>\n\n\t<section class=\"section\" id=\"section_2112223170\">\n\t\t<div class=\"section-bg fill\" >\n\t\t\t\t\t\t\t\t\t<div class=\"section-bg-overlay absolute fill\"><\/div>\n\t\t\t\n\n\t\t<\/div>\n\n\t\t\n\n\t\t<div class=\"section-content relative\">\n\t\t\t\n<div class=\"row row-large align-middle\"  id=\"row-55302452\">\n\n\t<div id=\"col-1787852156\" class=\"col medium-3 small-12 large-3\"  >\n\t\t\t\t<div class=\"col-inner\"  >\n\t\t\t\n\t\t\t\n\t<div class=\"img has-hover x md-x lg-x y md-y lg-y\" id=\"image_704683563\">\n\t\t\t\t\t\t\t\t<div class=\"img-inner dark\" >\n\t\t\t<img loading=\"lazy\" decoding=\"async\" width=\"1020\" height=\"510\" src=\"https:\/\/bici-bici.it\/wp-content\/uploads\/2021\/09\/paypal.png\" class=\"attachment-large size-large\" alt=\"\" srcset=\"https:\/\/bici-bici.it\/wp-content\/uploads\/2021\/09\/paypal.png 1280w, https:\/\/bici-bici.it\/wp-content\/uploads\/2021\/09\/paypal-800x400.png 800w, https:\/\/bici-bici.it\/wp-content\/uploads\/2021\/09\/paypal-64x32.png 64w, https:\/\/bici-bici.it\/wp-content\/uploads\/2021\/09\/paypal-768x384.png 768w\" sizes=\"auto, (max-width: 1020px) 100vw, 1020px\">\t\t\t\t\t\t\n\t\t\t\t\t<\/div>\n\t\t\t\t\t\t\t\t\n<style>\n#image_704683563 {\n  width: 100%;\n}\n<\/style>\n\t<\/div>\n\t\n\t\t<\/div>\n\t\t\t\t\t<\/div>\n\n\t\n\n\t<div id=\"col-187353953\" class=\"col medium-9 small-12 large-9\"  >\n\t\t\t\t<div class=\"col-inner text-left\"  >\n\t\t\t\n\t\t\t\n\t<div id=\"text-3842056654\" class=\"text\">\n\t\t\n<h2>PAYPAL<\/h2>\n<p>Com o PayPal, voc\u00ea pode pagar na bici-bici.it de forma f\u00e1cil, r\u00e1pida e segura. Use sua conta pessoal e pague convenientemente por sua compra. N\u00f3s receberemos imediatamente a confirma\u00e7\u00e3o de pagamento do PayPal e processaremos seu pedido. Observe que o pagamento via PayPal \u00e9 gratuito para voc\u00ea - a bici-bici.it se encarrega dos custos.<\/p>\n<p>Ainda n\u00e3o tem uma conta do PayPal? Ent\u00e3o registre sua conta com apenas alguns cliques em<a class=\"external-link-new-window\" title=\"Paypal\" href=\"http:\/\/www.paypal.it\/\" target=\"_blank\" rel=\"noopener\"> www.paypal.it<\/a>O registro leva apenas alguns segundos, basta inserir seu e-mail, seu endere\u00e7o e seus dados banc\u00e1rios. A partir de agora, voc\u00ea pode fazer compras com seguran\u00e7a, sem fornecer seus dados banc\u00e1rios a terceiros.<br \/>\n\t\t\n<style>\n#text-3842056654 {\n  text-align: left;\n}\n<\/style>\n\t<\/div>\n\t\n\t\t<\/div>\n\t\t\t\t\t<\/div>\n\n\t\n<\/div>\n\t\t<\/div>\n\n\t\t\n<style>\n#section_2112223170 {\n  padding-top: 60px;\n  padding-bottom: 60px;\n  background-color: rgb(193, 193, 193);\n}\n#section_2112223170 .section-bg-overlay {\n  background-color: rgba(255, 255, 255, 0.85);\n}\n<\/style>\n\t<\/section>\n\t\n\n\t<section class=\"section\" id=\"section_1434676219\">\n\t\t<div class=\"section-bg fill\" >\n\t\t\t\t\t\t\t\t\t<div class=\"section-bg-overlay absolute fill\"><\/div>\n\t\t\t\n\n\t\t<\/div>\n\n\t\t\n\n\t\t<div class=\"section-content relative\">\n\t\t\t\n<div class=\"row row-large align-middle\"  id=\"row-5452797\">\n\n\t<div id=\"col-2093868873\" class=\"col medium-3 small-12 large-3\"  >\n\t\t\t\t<div class=\"col-inner\"  >\n\t\t\t\n\t\t\t\n\t<div class=\"img has-hover x md-x lg-x y md-y lg-y\" id=\"image_1629994435\">\n\t\t\t\t\t\t\t\t<div class=\"img-inner dark\" >\n\t\t\t<img loading=\"lazy\" decoding=\"async\" width=\"486\" height=\"224\" src=\"https:\/\/bici-bici.it\/wp-content\/uploads\/2021\/09\/pagamenti.png\" class=\"attachment-large size-large\" alt=\"\" srcset=\"https:\/\/bici-bici.it\/wp-content\/uploads\/2021\/09\/pagamenti.png 486w, https:\/\/bici-bici.it\/wp-content\/uploads\/2021\/09\/pagamenti-64x29.png 64w\" sizes=\"auto, (max-width: 486px) 100vw, 486px\">\t\t\t\t\t\t\n\t\t\t\t\t<\/div>\n\t\t\t\t\t\t\t\t\n<style>\n#image_1629994435 {\n  width: 100%;\n}\n<\/style>\n\t<\/div>\n\t\n\t\t<\/div>\n\t\t\t\t\t<\/div>\n\n\t\n\n\t<div id=\"col-1642285826\" class=\"col medium-9 small-12 large-9\"  >\n\t\t\t\t<div class=\"col-inner text-left\"  >\n\t\t\t\n\t\t\t\n\t<div id=\"text-124024568\" class=\"text\">\n\t\t\n<h2>CART\u00c3O DE CR\u00c9DITO<\/h2>\n<p>Conveniente e seguro: pague debitando seu cart\u00e3o de cr\u00e9dito (VISA ou MasterCard) ou por CartaSi ou PostePay. Digite o n\u00famero do seu cart\u00e3o, a validade e o c\u00f3digo de verifica\u00e7\u00e3o e a bici-bici.it transferir\u00e1 seus dados com seguran\u00e7a. Caso seu cart\u00e3o exija um c\u00f3digo 3D-Secure, uma solicita\u00e7\u00e3o ser\u00e1 enviada ao seu banco. Ap\u00f3s alguns segundos, seu pedido j\u00e1 poder\u00e1 ser processado. O valor ser\u00e1 debitado somente quando a mercadoria for enviada.<\/p>\n\t\t\n<style>\n#text-124024568 {\n  text-align: left;\n}\n<\/style>\n\t<\/div>\n\t\n\t\t<\/div>\n\t\t\t\t\t<\/div>\n\n\t\n<\/div>\n\t\t<\/div>\n\n\t\t\n<style>\n#section_1434676219 {\n  padding-top: 60px;\n  padding-bottom: 60px;\n  background-color: rgb(193, 193, 193);\n}\n#section_1434676219 .section-bg-overlay {\n  background-color: rgba(255, 255, 255, 0.85);\n}\n<\/style>\n\t<\/section>\n\t\n<div class=\"row\"  id=\"row-2066815560\">\n\n\t<div id=\"col-1765228803\" class=\"col medium-6 small-12 large-6\"  >\n\t\t\t\t<div class=\"col-inner\"  >\n\t\t\t\n\t\t\t\n<div class=\"container section-title-container\" ><h3 class=\"section-title section-title-normal\"><b><\/b><span class=\"section-title-main\" >QUAIS S\u00c3O AS MEDIDAS DE SEGURAN\u00c7A USADAS PELA bici-bici.IT?<\/span><b><\/b><\/h3><\/div>\n<p>As medidas de seguran\u00e7a para pagamento on-line s\u00e3o nossa primeira prioridade. Todos os nossos m\u00e9todos de pagamento s\u00e3o absolutamente seguros e t\u00eam se mostrado, ao longo dos anos, mais do que confi\u00e1veis para o com\u00e9rcio on-line.<\/p>\n\t\t<\/div>\n\t\t\t\t\t<\/div>\n\n\t\n\n\t<div id=\"col-963663607\" class=\"col medium-6 small-12 large-6\"  >\n\t\t\t\t<div class=\"col-inner\"  >\n\t\t\t\n\t\t\t\n<div class=\"container section-title-container\" ><h3 class=\"section-title section-title-normal\"><b><\/b><span class=\"section-title-main\" >AINDA POSSO ALTERAR O M\u00c9TODO DE PAGAMENTO?<\/span><b><\/b><\/h3><\/div>\n<p>Por motivos t\u00e9cnicos, n\u00e3o \u00e9 poss\u00edvel alterar o m\u00e9todo de pagamento em uma data posterior. Se desejar pagar via PayPal em vez de transfer\u00eancia banc\u00e1ria, cancele seu pedido atual e prossiga com sua compra em nosso site novamente.<\/p>\n\t\t<\/div>\n\t\t\t\t\t<\/div>\n\n\t\n<\/div>","protected":false},"excerpt":{"rendered":"<p>M\u00c9TODOS DE PAGAMENTO<\/p>","protected":false},"author":1,"featured_media":0,"parent":0,"menu_order":8,"comment_status":"closed","ping_status":"closed","template":"page-left-sidebar.php","meta":{"footnotes":""},"class_list":["post-9501","page","type-page","status-publish","hentry"],"_links":{"self":[{"href":"https:\/\/bici-bici.it\/pt\/wp-json\/wp\/v2\/pages\/9501","targetHints":{"allow":["GET"]}}],"collection":[{"href":"https:\/\/bici-bici.it\/pt\/wp-json\/wp\/v2\/pages"}],"about":[{"href":"https:\/\/bici-bici.it\/pt\/wp-json\/wp\/v2\/types\/page"}],"author":[{"embeddable":true,"href":"https:\/\/bici-bici.it\/pt\/wp-json\/wp\/v2\/users\/1"}],"replies":[{"embeddable":true,"href":"https:\/\/bici-bici.it\/pt\/wp-json\/wp\/v2\/comments?post=9501"}],"version-history":[{"count":0,"href":"https:\/\/bici-bici.it\/pt\/wp-json\/wp\/v2\/pages\/9501\/revisions"}],"wp:attachment":[{"href":"https:\/\/bici-bici.it\/pt\/wp-json\/wp\/v2\/media?parent=9501"}],"curies":[{"name":"wp","href":"https:\/\/api.w.org\/{rel}","templated":true}]}}