{"id":9482,"date":"2021-09-27T08:14:18","date_gmt":"2021-09-27T08:14:18","guid":{"rendered":"http:\/\/bici-bici.it\/?page_id=9482"},"modified":"2022-03-20T10:07:28","modified_gmt":"2022-03-20T10:07:28","slug":"processo-dordine","status":"publish","type":"page","link":"https:\/\/bici-bici.it\/pt\/ordem-de-processo\/","title":{"rendered":"PROCESSO DE PEDIDO"},"content":{"rendered":"<div class=\"icon-box featured-box icon-box-top text-left\"  >\n\t\t\t\t<div class=\"icon-box-text last-reset\">\n\t\t\t\t\t\t\t\t\t\n<div class=\"container section-title-container\" ><h1 class=\"section-title section-title-normal\"><b><\/b><span class=\"section-title-main\" >PROCESSO DE PEDIDO<\/span><b><\/b><\/h1><\/div>\n\t\t<\/div>\n\t<\/div>\n\t\n\t\n<ul>\n<li>COMO POSSO FAZER UM PEDIDO ON-LINE EM BICI-BICI.IT?<\/li>\n<li>COMO POSSO ADICIONAR UM PRODUTO DEPOIS DE CONCLUIR O PEDIDO?<\/li>\n<li>EXISTE UM LIMITE M\u00cdNIMO DE GASTOS?<\/li>\n<\/ul>\n<div class=\"row\"  id=\"row-478103893\">\n\n\t<div id=\"col-1381464482\" class=\"col small-12 large-12\"  >\n\t\t\t\t<div class=\"col-inner\"  >\n\t\t\t\n\t\t\t\n<div class=\"is-divider divider clearfix\" style=\"max-width:1051px;\"><\/div>\n\t<div id=\"gap-1473026112\" class=\"gap-element clearfix\" style=\"display:block; height:auto;\">\n\t\t\n<style>\n#gap-1473026112 {\n  padding-top: 30px;\n}\n<\/style>\n\t<\/div>\n\t\n\t\t<\/div>\n\t\t\t\t\t<\/div>\n\n\t\n<\/div>\n<div class=\"row row-full-width\"  id=\"row-1943641839\">\n\n\t<div id=\"col-1169154587\" class=\"col medium-6 small-12 large-6\"  >\n\t\t\t\t<div class=\"col-inner\"  >\n\t\t\t\n\t\t\t\n<div class=\"container section-title-container\" ><h3 class=\"section-title section-title-normal\"><b><\/b><span class=\"section-title-main\" >como posso fazer um pedido on-line no bici-bici.it?<\/span><b><\/b><\/h3><\/div>\n<p>1. Escolha os itens e adicione-os ao carrinho<\/p>\n<p>Escolha os artigos que deseja comprar em nosso site bici-bici.it e coloque-os em seu carrinho de compras virtual clicando no bot\u00e3o \"Adicionar ao carrinho\". Os itens selecionados podem ser removidos de sua cesta clicando no bot\u00e3o \"Excluir\" ou voc\u00ea pode alterar a quantidade do item escolhido por meio do menu suspenso. Quando estiver satisfeito com sua escolha, clique no bot\u00e3o \"Checkout\".<\/p>\n<p>2. 2. concluir o pedido<\/p>\n<p>Endere\u00e7o:<br \/>\nSe voc\u00ea j\u00e1 tiver uma conta de cliente conosco, digite seu e-mail e senha pessoais e fa\u00e7a login. Para alterar o endere\u00e7o de entrega, basta clicar no bot\u00e3o \"Enter new delivery address\" (Inserir novo endere\u00e7o de entrega). Confirme o endere\u00e7o de entrega clicando no bot\u00e3o \"Next step\" (Pr\u00f3xima etapa).<\/p>\n<p>Se voc\u00ea ainda n\u00e3o tiver uma conta de cliente conosco, insira os dados necess\u00e1rios e clique no bot\u00e3o \"Next\" (Avan\u00e7ar). Para saber para onde enviar as mercadorias, agora s\u00f3 precisamos de seu endere\u00e7o.<\/p>\n<p>M\u00e9todos de pagamento:<br \/>\nSelecione um m\u00e9todo de pagamento. Ap\u00f3s sua sele\u00e7\u00e3o, clique no bot\u00e3o \"Next\" (Avan\u00e7ar).<\/p>\n<p>Confirme e envie:<br \/>\nNa pr\u00f3xima p\u00e1gina, resumimos as informa\u00e7\u00f5es sobre seu pedido. Voc\u00ea pode alterar seus dados por meio do link correspondente. Ao clicar no bot\u00e3o \"Comprar agora\", voc\u00ea concorda com a compra obrigat\u00f3ria dos itens do seu carrinho de compras.<\/p>\n<p><b>3. confirme seu pedido<\/b><\/p>\n<p>Depois de enviar seu pedido, voc\u00ea receber\u00e1 automaticamente um e-mail de confirma\u00e7\u00e3o com um resumo das informa\u00e7\u00f5es sobre sua compra. Esse e-mail serve exclusivamente para inform\u00e1-lo de que recebemos seu pedido.<\/p>\n<p><b>4. Estipula\u00e7\u00e3o do contrato<\/b><\/p>\n<p>O momento em que o contrato entre voc\u00ea e n\u00f3s pode ser considerado conclu\u00eddo depende do m\u00e9todo de pagamento selecionado. Mais informa\u00e7\u00f5es sobre isso podem ser encontradas em nossa se\u00e7\u00e3o Informa\u00e7\u00f5es ao cliente.<\/p>\n<p><b>5. Entrega<\/b><\/p>\n<p>Os pedidos ser\u00e3o entregues em um prazo de 2 a 5 dias \u00fateis, de segunda a s\u00e1bado. Os produtos v\u00eam com todos os documentos importantes, como o folheto informativo e, \u00e9 claro, a fatura.<\/p>\n\t\t<\/div>\n\t\t\t\t\t<\/div>\n\n\t\n\n\t<div id=\"col-2084337742\" class=\"col medium-6 small-12 large-6\"  >\n\t\t\t\t<div class=\"col-inner\"  >\n\t\t\t\n\t\t\t\n<div class=\"container section-title-container\" ><h3 class=\"section-title section-title-normal\"><b><\/b><span class=\"section-title-main\" >COMO POSSO ADICIONAR UM PRODUTO DEPOIS DE CONCLUIR O PEDIDO?<\/span><b><\/b><\/h3><\/div>\n<p>Infelizmente, n\u00e3o \u00e9 poss\u00edvel adicionar um item depois de ter feito o pedido, pois a compra j\u00e1 est\u00e1 sendo processada.<\/p>\n<div class=\"container section-title-container\" ><h3 class=\"section-title section-title-normal\"><b><\/b><span class=\"section-title-main\" >EXISTE UM LIMITE M\u00cdNIMO DE GASTOS?<\/span><b><\/b><\/h3><\/div>\n<p>N\u00e3o, n\u00e3o h\u00e1 limite m\u00ednimo de gastos. Os custos de frete variam de acordo com o valor da cesta.<\/p>\n\t\t<\/div>\n\t\t\t\t\t<\/div>\n\n\t\n<\/div>","protected":false},"excerpt":{"rendered":"<p>COME POSSO ORDINARE ONLINE SU BICI-BICI.IT COME POSSO AGGIUNGERE UN PRODOTTO DOPO AVER TERMINATO L\u2019ORDINE? C\u2019\u00c8 UN LIMITE DI SPESA MINIMA?<\/p>","protected":false},"author":1,"featured_media":0,"parent":0,"menu_order":0,"comment_status":"closed","ping_status":"closed","template":"page-left-sidebar.php","meta":{"footnotes":""},"class_list":["post-9482","page","type-page","status-publish","hentry"],"_links":{"self":[{"href":"https:\/\/bici-bici.it\/pt\/wp-json\/wp\/v2\/pages\/9482","targetHints":{"allow":["GET"]}}],"collection":[{"href":"https:\/\/bici-bici.it\/pt\/wp-json\/wp\/v2\/pages"}],"about":[{"href":"https:\/\/bici-bici.it\/pt\/wp-json\/wp\/v2\/types\/page"}],"author":[{"embeddable":true,"href":"https:\/\/bici-bici.it\/pt\/wp-json\/wp\/v2\/users\/1"}],"replies":[{"embeddable":true,"href":"https:\/\/bici-bici.it\/pt\/wp-json\/wp\/v2\/comments?post=9482"}],"version-history":[{"count":0,"href":"https:\/\/bici-bici.it\/pt\/wp-json\/wp\/v2\/pages\/9482\/revisions"}],"wp:attachment":[{"href":"https:\/\/bici-bici.it\/pt\/wp-json\/wp\/v2\/media?parent=9482"}],"curies":[{"name":"wp","href":"https:\/\/api.w.org\/{rel}","templated":true}]}}