{"id":9120,"date":"2021-12-22T14:04:17","date_gmt":"2021-12-22T14:04:17","guid":{"rendered":"http:\/\/bici-bici.it\/?page_id=9120"},"modified":"2023-10-10T07:58:58","modified_gmt":"2023-10-10T07:58:58","slug":"guanti-mtb-mountain-bike","status":"publish","type":"page","link":"https:\/\/bici-bici.it\/pt\/luvas-para-mountain-bike-mtb\/","title":{"rendered":"Luvas para MTB - Mountain bike"},"content":{"rendered":"<p><span style=\"font-size: 115%;\">\t\n  \n    <div class=\"row large-columns-3 medium-columns- small-columns-2 row-small\" >\n  <\/div><\/span><\/p>\n<h1 style=\"text-align: center;\"><span style=\"font-size: 115%;\">Luvas para MTB<\/span><\/h1>\n<div><span style=\"font-size: 115%;\">As luvas de MTB s\u00e3o uma parte importante do kit de um ciclista. Seja no cross-country, nas corridas de enduro ou no mountain bike downhill, elas oferecem prote\u00e7\u00e3o contra o sol e os detritos das trilhas que, de outra forma, poderiam sujar suas m\u00e3os durante longas pedaladas em condi\u00e7\u00f5es de clima quente.<\/span><\/div>\n<div><\/div>\n<div><span style=\"color: #555555; font-size: 115%;\">As luvas para MTB protegem as palmas das m\u00e3os dos ciclistas de todos os tipos de materiais abrasivos, como galhos afiados e sujeira, ao mesmo tempo em que proporcionam ventila\u00e7\u00e3o para manter as m\u00e3os frescas nos dias de ver\u00e3o, quando as temperaturas podem chegar a 110 graus Fahrenheit! Essas luvas espec\u00edficas tamb\u00e9m t\u00eam acolchoamento integrado para maior conforto, o que \u00e9 especialmente \u00fatil se voc\u00ea sofrer les\u00f5es nas m\u00e3os ao longo do tempo devido ao uso repetido em altas velocidades em rotas de descida com muitos obst\u00e1culos ao longo do caminho.<\/span><\/div>\n<div><\/div>\n<div><span style=\"font-size: 115%;\"><div class=\"is-divider divider clearfix\" style=\"max-width:100%;\"><\/div><\/span><\/div>\n<h2><span style=\"font-size: 115%;\">Luvas masculinas de MTB<\/span><\/h2>\n<div><span style=\"font-size: 115%;\">Luvas <a class=\"wpil_keyword_link\" href=\"https:\/\/bici-bici.it\/pt\/product-category\/biciclette\/mtb\/\"   title=\"MTB\" data-wpil-keyword-link=\"linked\">MTB<\/a> Elas protegem as palmas das m\u00e3os dos ciclistas de todos os tipos de materiais abrasivos, como galhos afiados e sujeira, fornecendo ventila\u00e7\u00e3o para manter as m\u00e3os frescas nos dias de ver\u00e3o, quando as temperaturas podem chegar a 110 graus Fahrenheit l\u00e1 fora! As luvas para MTB tamb\u00e9m t\u00eam acolchoamento embutido para maior conforto, o que \u00e9 especialmente \u00fatil se ocorrerem les\u00f5es nas m\u00e3os ao longo do tempo devido ao uso repetido em altas velocidades em trilhas de downhill com muitos obst\u00e1culos ao longo do caminho.<\/span><\/div>\n<div><\/div>\n<div><span style=\"font-size: 115%;\"><div class=\"is-divider divider clearfix\" style=\"max-width:100%;\"><\/div><\/span><\/div>\n<h2><span style=\"font-size: 115%;\">Luvas de MTB para mulheres<\/span><\/h2>\n<div><span style=\"font-size: 115%;\">As roupas n\u00e3o s\u00e3o a \u00fanica coisa que as mulheres precisam considerar ao andar de bicicleta. Elas tamb\u00e9m devem garantir que suas m\u00e3os permane\u00e7am aquecidas e protegidas do atrito usando luvas como essas luvas de MTB para mulheres!<\/span><\/div>\n<div><\/div>\n<div><span style=\"font-size: 115%;\">As luvas femininas para MTB proporcionam uma boa ader\u00eancia ao guid\u00e3o, mesmo quando o tempo est\u00e1 \u00famido. Elas tamb\u00e9m s\u00e3o feitas de algod\u00e3o 100%, portanto n\u00e3o irritam a pele sens\u00edvel nem fazem suas m\u00e3os suarem!<\/span><\/div>\n<div><\/div>\n<div><span style=\"font-size: 115%;\">A primeira coisa a considerar ao procurar luvas para sua mountain bike \u00e9 o tipo de ader\u00eancia necess\u00e1ria. Os ciclistas mais agressivos podem querer uma luva com acolchoamento extra nas partes que entrar\u00e3o em contato com o guid\u00e3o e as alavancas de freio, enquanto outros podem preferir algo mais leve ou materiais menos dur\u00e1veis que sejam mais adequados para longas pedaladas.<\/span><\/div>\n<div><\/div>\n<div><span style=\"font-size: 115%;\">Com base nessas considera\u00e7\u00f5es, diferentes tipos de luvas femininas para ciclismo de montanha foram desenvolvidos ao longo do tempo. Por exemplo, alguns fabricantes produzem vers\u00f5es de couro que oferecem excelente prote\u00e7\u00e3o contra atrito sem restringir muito os movimentos: perfeito se voc\u00ea estiver planejando um passeio \u00e9pico!<\/span><\/div>","protected":false},"excerpt":{"rendered":"<p>Guanti MTB I guanti da MTB sono una parte importante del kit di un ciclista. Sia che tu stia praticando il cross-country, le gare di enduro o la mountain bike in discesa, forniscono protezione dal sole e dai detriti del sentiero generale che altrimenti potrebbero sporcarsi le mani durante le lunghe uscite in condizioni climatiche [&#8230;]\n","protected":false},"author":2,"featured_media":12321,"parent":0,"menu_order":18,"comment_status":"closed","ping_status":"closed","template":"","meta":{"footnotes":""},"class_list":["post-9120","page","type-page","status-publish","has-post-thumbnail","hentry"],"_links":{"self":[{"href":"https:\/\/bici-bici.it\/pt\/wp-json\/wp\/v2\/pages\/9120","targetHints":{"allow":["GET"]}}],"collection":[{"href":"https:\/\/bici-bici.it\/pt\/wp-json\/wp\/v2\/pages"}],"about":[{"href":"https:\/\/bici-bici.it\/pt\/wp-json\/wp\/v2\/types\/page"}],"author":[{"embeddable":true,"href":"https:\/\/bici-bici.it\/pt\/wp-json\/wp\/v2\/users\/2"}],"replies":[{"embeddable":true,"href":"https:\/\/bici-bici.it\/pt\/wp-json\/wp\/v2\/comments?post=9120"}],"version-history":[{"count":0,"href":"https:\/\/bici-bici.it\/pt\/wp-json\/wp\/v2\/pages\/9120\/revisions"}],"wp:featuredmedia":[{"embeddable":true,"href":"https:\/\/bici-bici.it\/pt\/wp-json\/wp\/v2\/media\/12321"}],"wp:attachment":[{"href":"https:\/\/bici-bici.it\/pt\/wp-json\/wp\/v2\/media?parent=9120"}],"curies":[{"name":"wp","href":"https:\/\/api.w.org\/{rel}","templated":true}]}}