{"id":8479,"date":"2021-03-22T06:32:56","date_gmt":"2021-03-22T06:32:56","guid":{"rendered":"http:\/\/bici-bici.it\/?page_id=8479"},"modified":"2021-12-24T11:15:55","modified_gmt":"2021-12-24T11:15:55","slug":"tacchetti-per-bici","status":"publish","type":"page","link":"https:\/\/bici-bici.it\/pt\/presilhas-de-bicicleta\/","title":{"rendered":"Grampos de bicicleta"},"content":{"rendered":"<div class=\"row large-columns-3 medium-columns- small-columns-2 row-small\" >\n  \n\t     <div class=\"product-small col has-hover product type-product post-12380 status-publish first instock product_cat-da-corsa product_cat-ammortizzatore product_cat-bici-bambini product_cat-biciclette product_cat-elettriche product_cat-biciclette-gravel product_cat-mtb product_cat-cassette-e-pacco-pignoni product_cat-city-bike product_cat-cyclocross-frame-carbon product_cat-deragliatore product_cat-fat-bike product_cat-forcelle-mtb product_cat-gravel-frameset-carbon product_cat-guarniture-e-pedivelle product_cat-men-pants product_cat-mtb-frame-carbon product_cat-pants product_cat-ricambi-bici product_cat-road-frameset-carbon product_cat-ruote-complete-e-raggi product_cat-ski-snowboard product_cat-selle product_cat-tacchette product_cat-telai product_cat-triathlon-frameset-carbon has-post-thumbnail sale taxable shipping-taxable purchasable product-type-simple\">\n\t<div class=\"col-inner\">\n\t\n<div class=\"badge-container absolute left top z-1\">\n<div class=\"callout badge badge-circle\"><div class=\"badge-inner secondary on-sale\"><span class=\"onsale\" data-no-translation=\"\" data-trp-gettext=\"\">Oferta!<\/span><\/div><\/div>\n<\/div>\n\t<div class=\"product-small box\">\n\t\t<div class=\"box-image\">\n\t\t\t<div class=\"image-fade_in_back\">\n\t\t\t\t<a href=\"https:\/\/bici-bici.it\/pt\/product\/niner-rlt-e9-rdo-4-star-28-11-fach-2021-2022-herren-gravel-e-fahrrad-carbon-59\/\" aria-label=\"Niner RLT E9 RDO 4-STAR 28&quot; 11 Fach 2021\/2022 Herren Gravel E-Fahrrad\/Carbon 59\">\n\t\t\t\t\t<img loading=\"lazy\" decoding=\"async\" width=\"500\" height=\"500\" src=\"https:\/\/bici-bici.it\/wp-content\/uploads\/2023\/06\/Niner-RLT-E9-RDO-4-STAR-28.jpg\" class=\"attachment-woocommerce_thumbnail size-woocommerce_thumbnail\" alt=\"Niner RLT E9 RDO 4-STAR 28&quot;\" srcset=\"https:\/\/bici-bici.it\/wp-content\/uploads\/2023\/06\/Niner-RLT-E9-RDO-4-STAR-28.jpg 500w, https:\/\/bici-bici.it\/wp-content\/uploads\/2023\/06\/Niner-RLT-E9-RDO-4-STAR-28-100x100.jpg 100w, https:\/\/bici-bici.it\/wp-content\/uploads\/2023\/06\/Niner-RLT-E9-RDO-4-STAR-28-64x64.jpg 64w, https:\/\/bici-bici.it\/wp-content\/uploads\/2023\/06\/Niner-RLT-E9-RDO-4-STAR-28-400x400.jpg 400w, https:\/\/bici-bici.it\/wp-content\/uploads\/2023\/06\/Niner-RLT-E9-RDO-4-STAR-28-280x280.jpg 280w, https:\/\/bici-bici.it\/wp-content\/uploads\/2023\/06\/Niner-RLT-E9-RDO-4-STAR-28-12x12.jpg 12w\" sizes=\"auto, (max-width: 500px) 100vw, 500px\" \/>\t\t\t\t<\/a>\n\t\t\t<\/div>\n\t\t\t<div class=\"image-tools is-small top right show-on-hover\">\n\t\t\t\t\t\t\t<\/div>\n\t\t\t<div class=\"image-tools is-small hide-for-small bottom left show-on-hover\">\n\t\t\t\t\t\t\t<\/div>\n\t\t\t<div class=\"image-tools grid-tools text-center hide-for-small bottom hover-slide-in show-on-hover\">\n\t\t\t\t  <a class=\"quick-view\" data-prod=\"12380\" href=\"#quick-view\">Visualiza\u00e7\u00e3o R\u00e1pida<\/a>\t\t\t<\/div>\n\t\t\t\t\t<\/div>\n\n\t\t<div class=\"box-text box-text-products\">\n\t\t\t<div class=\"title-wrapper\">\t\t<p class=\"category uppercase is-smaller no-text-overflow product-cat op-7\">\n\t\t\tBicicletas de corrida\t\t<\/p>\n\t<p class=\"name product-title woocommerce-loop-product__title\"><a href=\"https:\/\/bici-bici.it\/pt\/product\/niner-rlt-e9-rdo-4-star-28-11-fach-2021-2022-herren-gravel-e-fahrrad-carbon-59\/\" class=\"woocommerce-LoopProduct-link woocommerce-loop-product__link\">Niner RLT E9 RDO 4-STAR 28\u2033 11 Fach 2021\/2022 Herren Gravel E-Fahrrad\/Carbon 59<\/a><\/p><\/div><div class=\"price-wrapper\">\n\t<span class=\"price\"><del aria-hidden=\"true\"><span class=\"woocommerce-Price-amount amount\"><bdi>5.800,00&nbsp;<span class=\"woocommerce-Price-currencySymbol\">\u20ac<\/span><\/bdi><\/span><\/del> <span class=\"screen-reader-text\" data-no-translation=\"\" data-trp-gettext=\"\">O pre\u00e7o original era: 5.800,00&nbsp;&euro;.<\/span><ins aria-hidden=\"true\"><span class=\"woocommerce-Price-amount amount\"><bdi>4.785,00&nbsp;<span class=\"woocommerce-Price-currencySymbol\">\u20ac<\/span><\/bdi><\/span><\/ins><span class=\"screen-reader-text\" data-no-translation=\"\" data-trp-gettext=\"\">O pre\u00e7o atual \u00e9: 4.785,00&nbsp;&euro;.<\/span><\/span>\n<\/div>\t\t<\/div>\n\t<\/div>\n\t\t<\/div>\n<\/div><\/div>\n<h2 style=\"text-align: center;\">Pinos de bicicleta (pre\u00e7o de atacado)<\/h2>\n<div><\/div>\n<div>Est\u00e1 procurando comprar presilhas para bicicletas? Vendemos presilhas de alta qualidade com o melhor pre\u00e7o.<\/div>\n<div><\/div>\n<h3>O que s\u00e3o treinadores?<\/h3>\n<div><\/div>\n<div>As presilhas de cal\u00e7ados s\u00e3o acess\u00f3rios para cal\u00e7ados que reduzem a tra\u00e7\u00e3o e proporcionam mais atrito para evitar escorreg\u00f5es. Geralmente encontradas em forma de l\u00e2mina, as presilhas de bicicleta podem ser feitas de metal, borracha e pl\u00e1stico.<\/div>\n<h3><\/h3>\n<h2>Como s\u00e3o usadas as presilhas de bicicleta?<\/h2>\n<div><\/div>\n<div>Voc\u00ea pode prender as presilhas sob seus t\u00eanis de ciclismo e elas o ajudar\u00e3o a segurar melhor o pedal. Isso reduz as chances de seu p\u00e9 escorregar do pedal e voc\u00ea pode remar o mais r\u00e1pido que quiser com menos problemas.<\/div>\n<div><\/div>\n<h2>Pinos de dois ou tr\u00eas parafusos?<\/h2>\n<div><\/div>\n<div>As presilhas de bicicleta de dois parafusos s\u00e3o presas ao seu t\u00eanis com dois parafusos. Da mesma forma, as presilhas de tr\u00eas parafusos se prendem ao t\u00eanis com tr\u00eas parafusos. A decis\u00e3o certa e errada na compra de presilhas depende do tipo de cal\u00e7ado. Portanto, analise o n\u00facleo do seu cal\u00e7ado antes de comprar um par de presilhas para ciclismo.<\/div>\n<div><\/div>\n<h2>Todas as chuteiras s\u00e3o compat\u00edveis com cal\u00e7ados esportivos?<\/h2>\n<div><\/div>\n<div>Os t\u00eanis esportivos s\u00e3o compat\u00edveis com chuteiras de tr\u00eas ou dois parafusos. Em alguns casos, ambos os tipos de presilhas podem ser conectados a um determinado par de t\u00eanis. Portanto, verifique o terreno abaixo para descobrir a compatibilidade.<\/div>\n<div><\/div>\n<h3>Como a presilha pode ajudar?<\/h3>\n<div><\/div>\n<div>Voc\u00ea obt\u00e9m melhor controle sobre a bicicleta ao usar as presilhas. Com mais controle, voc\u00ea ter\u00e1 mais confian\u00e7a em suas habilidades no ciclismo e isso se refletir\u00e1 em sua atitude.<\/div>\n<div><\/div>\n<div>Al\u00e9m disso, com uma presilha de bicicleta corretamente fixada, voc\u00ea pode manter seus p\u00e9s sobre os pedais na melhor posi\u00e7\u00e3o, melhorando sua efici\u00eancia e o impulso que voc\u00ea proporciona ao pedalar.<\/div>\n<h3>Como fa\u00e7o para ajustar a proa e a popa ao fixar o grampo?<\/h3>\n<div><\/div>\n<div>Voc\u00ea pode analisar a largura do joelho ao pedalar no ponto mais alto da pedalada. Se voc\u00ea pedalar com os joelhos largos na parte superior, ter\u00e1 de colocar as presilhas da bicicleta para dentro e mover o p\u00e9 para fora e vice-versa.<\/div>\n<h3>Voc\u00ea deve manter a presilha flutuante ou apertada?<\/h3>\n<div>Na maioria das vezes, as presilhas de bicicleta t\u00eam um parafuso de ajuste para definir o encaixe da sapatilha com o pedal. Assim, voc\u00ea pode escolher entre a situa\u00e7\u00e3o flutuante e a estreita para obter o melhor ajuste.<\/div>\n<h3>Por que voc\u00ea deve comprar da Bici Bici?<\/h3>\n<div><\/div>\n<div>A Bici oferece o melhor pre\u00e7o com a garantia da mais alta qualidade do produto. Portanto, encomende seu sapato agora.<\/div>","protected":false},"excerpt":{"rendered":"<p>Tacchetti per bici (prezzo all&#8217;ingrosso) Stai cercando di acquistare tacchette per bici? Vendiamo tacchetti di alta qualit\u00e0 al miglior prezzo. Cosa sono le scarpe da ginnastica? I tacchetti per scarpe sono gli attacchi per le scarpe per ridurre la trazione e fornire pi\u00f9 attrito per evitare scivolamenti. Solitamente, presenti nella forma a lama, le tacchette [&#8230;]\n","protected":false},"author":2,"featured_media":0,"parent":0,"menu_order":10,"comment_status":"closed","ping_status":"closed","template":"","meta":{"footnotes":""},"class_list":["post-8479","page","type-page","status-publish","hentry"],"_links":{"self":[{"href":"https:\/\/bici-bici.it\/pt\/wp-json\/wp\/v2\/pages\/8479","targetHints":{"allow":["GET"]}}],"collection":[{"href":"https:\/\/bici-bici.it\/pt\/wp-json\/wp\/v2\/pages"}],"about":[{"href":"https:\/\/bici-bici.it\/pt\/wp-json\/wp\/v2\/types\/page"}],"author":[{"embeddable":true,"href":"https:\/\/bici-bici.it\/pt\/wp-json\/wp\/v2\/users\/2"}],"replies":[{"embeddable":true,"href":"https:\/\/bici-bici.it\/pt\/wp-json\/wp\/v2\/comments?post=8479"}],"version-history":[{"count":0,"href":"https:\/\/bici-bici.it\/pt\/wp-json\/wp\/v2\/pages\/8479\/revisions"}],"wp:attachment":[{"href":"https:\/\/bici-bici.it\/pt\/wp-json\/wp\/v2\/media?parent=8479"}],"curies":[{"name":"wp","href":"https:\/\/api.w.org\/{rel}","templated":true}]}}