{"id":8471,"date":"2021-03-20T12:13:57","date_gmt":"2021-03-20T12:13:57","guid":{"rendered":"http:\/\/bici-bici.it\/?page_id=8471"},"modified":"2023-06-30T05:26:59","modified_gmt":"2023-06-30T05:26:59","slug":"ammortizzatore-posteriore-per-mountain-bike","status":"publish","type":"page","link":"https:\/\/bici-bici.it\/pt\/amortecedor-traseiro-para-mountain-bike\/","title":{"rendered":"Amortecedor traseiro para mountain bikes"},"content":{"rendered":"<p><span style=\"font-size: 115%;\">\t\n  \n    <div class=\"row large-columns-3 medium-columns- small-columns-2 row-small\" >\n  \n\t     <div class=\"product-small col has-hover product type-product post-12402 status-publish first instock product_cat-ammortizzatore product_cat-forcelle-mtb has-post-thumbnail taxable shipping-taxable purchasable product-type-simple\">\n\t<div class=\"col-inner\">\n\t\n<div class=\"badge-container absolute left top z-1\">\n\n<\/div>\n\t<div class=\"product-small box\">\n\t\t<div class=\"box-image\">\n\t\t\t<div class=\"image-fade_in_back\">\n\t\t\t\t<a href=\"https:\/\/bici-bici.it\/pt\/product\/rockshox-csu-pike-dual-position-1-1-8-1-5-federgabel-krone-27-5\/\" aria-label=\"RockShox CSU Pike Dual Position 1 1\/8-1,5&quot; Federgabel Krone 27,5&quot;\">\n\t\t\t\t\t<img loading=\"lazy\" decoding=\"async\" width=\"400\" height=\"400\" src=\"https:\/\/bici-bici.it\/wp-content\/uploads\/2023\/06\/1-130.jpg\" class=\"attachment-woocommerce_thumbnail size-woocommerce_thumbnail\" alt=\"RockShox CSU Pike Dual Position 1 1\/8-1,5&quot; Federgabel Krone 27,5&quot;\" srcset=\"https:\/\/bici-bici.it\/wp-content\/uploads\/2023\/06\/1-130.jpg 400w, https:\/\/bici-bici.it\/wp-content\/uploads\/2023\/06\/1-130-100x100.jpg 100w, https:\/\/bici-bici.it\/wp-content\/uploads\/2023\/06\/1-130-64x64.jpg 64w, https:\/\/bici-bici.it\/wp-content\/uploads\/2023\/06\/1-130-280x280.jpg 280w, https:\/\/bici-bici.it\/wp-content\/uploads\/2023\/06\/1-130-12x12.jpg 12w\" sizes=\"auto, (max-width: 400px) 100vw, 400px\" \/>\t\t\t\t<\/a>\n\t\t\t<\/div>\n\t\t\t<div class=\"image-tools is-small top right show-on-hover\">\n\t\t\t\t\t\t\t<\/div>\n\t\t\t<div class=\"image-tools is-small hide-for-small bottom left show-on-hover\">\n\t\t\t\t\t\t\t<\/div>\n\t\t\t<div class=\"image-tools grid-tools text-center hide-for-small bottom hover-slide-in show-on-hover\">\n\t\t\t\t  <a class=\"quick-view\" data-prod=\"12402\" href=\"#quick-view\">Visualiza\u00e7\u00e3o R\u00e1pida<\/a>\t\t\t<\/div>\n\t\t\t\t\t<\/div>\n\n\t\t<div class=\"box-text box-text-products\">\n\t\t\t<div class=\"title-wrapper\">\t\t<p class=\"category uppercase is-smaller no-text-overflow product-cat op-7\">\n\t\t\tAmortecedor de MTB\t\t<\/p>\n\t<p class=\"name product-title woocommerce-loop-product__title\"><a href=\"https:\/\/bici-bici.it\/pt\/product\/rockshox-csu-pike-dual-position-1-1-8-1-5-federgabel-krone-27-5\/\" class=\"woocommerce-LoopProduct-link woocommerce-loop-product__link\">RockShox CSU Pike Posi\u00e7\u00e3o Dupla 1 1\/8-1.5\u2033 Federgabel Krone 27.5\u2033<\/a><\/p><\/div><div class=\"price-wrapper\">\n\t<span class=\"price\"><span class=\"woocommerce-Price-amount amount\"><bdi>233,44&nbsp;<span class=\"woocommerce-Price-currencySymbol\">\u20ac<\/span><\/bdi><\/span><\/span>\n<\/div>\t\t<\/div>\n\t<\/div>\n\t\t<\/div>\n<\/div><div class=\"product-small col has-hover product type-product post-12380 status-publish instock product_cat-da-corsa product_cat-ammortizzatore product_cat-bici-bambini product_cat-biciclette product_cat-elettriche product_cat-biciclette-gravel product_cat-mtb product_cat-cassette-e-pacco-pignoni product_cat-city-bike product_cat-cyclocross-frame-carbon product_cat-deragliatore product_cat-fat-bike product_cat-forcelle-mtb product_cat-gravel-frameset-carbon product_cat-guarniture-e-pedivelle product_cat-men-pants product_cat-mtb-frame-carbon product_cat-pants product_cat-ricambi-bici product_cat-road-frameset-carbon product_cat-ruote-complete-e-raggi product_cat-ski-snowboard product_cat-selle product_cat-tacchette product_cat-telai product_cat-triathlon-frameset-carbon has-post-thumbnail sale taxable shipping-taxable purchasable product-type-simple\">\n\t<div class=\"col-inner\">\n\t\n<div class=\"badge-container absolute left top z-1\">\n<div class=\"callout badge badge-circle\"><div class=\"badge-inner secondary on-sale\"><span class=\"onsale\" data-no-translation=\"\" data-trp-gettext=\"\">Oferta!<\/span><\/div><\/div>\n<\/div>\n\t<div class=\"product-small box\">\n\t\t<div class=\"box-image\">\n\t\t\t<div class=\"image-fade_in_back\">\n\t\t\t\t<a href=\"https:\/\/bici-bici.it\/pt\/product\/niner-rlt-e9-rdo-4-star-28-11-fach-2021-2022-herren-gravel-e-fahrrad-carbon-59\/\" aria-label=\"Niner RLT E9 RDO 4-STAR 28&quot; 11 Fach 2021\/2022 Herren Gravel E-Fahrrad\/Carbon 59\">\n\t\t\t\t\t<img loading=\"lazy\" decoding=\"async\" width=\"500\" height=\"500\" src=\"https:\/\/bici-bici.it\/wp-content\/uploads\/2023\/06\/Niner-RLT-E9-RDO-4-STAR-28.jpg\" class=\"attachment-woocommerce_thumbnail size-woocommerce_thumbnail\" alt=\"Niner RLT E9 RDO 4-STAR 28&quot;\" srcset=\"https:\/\/bici-bici.it\/wp-content\/uploads\/2023\/06\/Niner-RLT-E9-RDO-4-STAR-28.jpg 500w, https:\/\/bici-bici.it\/wp-content\/uploads\/2023\/06\/Niner-RLT-E9-RDO-4-STAR-28-100x100.jpg 100w, https:\/\/bici-bici.it\/wp-content\/uploads\/2023\/06\/Niner-RLT-E9-RDO-4-STAR-28-64x64.jpg 64w, https:\/\/bici-bici.it\/wp-content\/uploads\/2023\/06\/Niner-RLT-E9-RDO-4-STAR-28-400x400.jpg 400w, https:\/\/bici-bici.it\/wp-content\/uploads\/2023\/06\/Niner-RLT-E9-RDO-4-STAR-28-280x280.jpg 280w, https:\/\/bici-bici.it\/wp-content\/uploads\/2023\/06\/Niner-RLT-E9-RDO-4-STAR-28-12x12.jpg 12w\" sizes=\"auto, (max-width: 500px) 100vw, 500px\" \/>\t\t\t\t<\/a>\n\t\t\t<\/div>\n\t\t\t<div class=\"image-tools is-small top right show-on-hover\">\n\t\t\t\t\t\t\t<\/div>\n\t\t\t<div class=\"image-tools is-small hide-for-small bottom left show-on-hover\">\n\t\t\t\t\t\t\t<\/div>\n\t\t\t<div class=\"image-tools grid-tools text-center hide-for-small bottom hover-slide-in show-on-hover\">\n\t\t\t\t  <a class=\"quick-view\" data-prod=\"12380\" href=\"#quick-view\">Visualiza\u00e7\u00e3o R\u00e1pida<\/a>\t\t\t<\/div>\n\t\t\t\t\t<\/div>\n\n\t\t<div class=\"box-text box-text-products\">\n\t\t\t<div class=\"title-wrapper\">\t\t<p class=\"category uppercase is-smaller no-text-overflow product-cat op-7\">\n\t\t\tBicicletas de corrida\t\t<\/p>\n\t<p class=\"name product-title woocommerce-loop-product__title\"><a href=\"https:\/\/bici-bici.it\/pt\/product\/niner-rlt-e9-rdo-4-star-28-11-fach-2021-2022-herren-gravel-e-fahrrad-carbon-59\/\" class=\"woocommerce-LoopProduct-link woocommerce-loop-product__link\">Niner RLT E9 RDO 4-STAR 28\u2033 11 Fach 2021\/2022 Herren Gravel E-Fahrrad\/Carbon 59<\/a><\/p><\/div><div class=\"price-wrapper\">\n\t<span class=\"price\"><del aria-hidden=\"true\"><span class=\"woocommerce-Price-amount amount\"><bdi>5.800,00&nbsp;<span class=\"woocommerce-Price-currencySymbol\">\u20ac<\/span><\/bdi><\/span><\/del> <span class=\"screen-reader-text\" data-no-translation=\"\" data-trp-gettext=\"\">O pre\u00e7o original era: 5.800,00&nbsp;&euro;.<\/span><ins aria-hidden=\"true\"><span class=\"woocommerce-Price-amount amount\"><bdi>4.785,00&nbsp;<span class=\"woocommerce-Price-currencySymbol\">\u20ac<\/span><\/bdi><\/span><\/ins><span class=\"screen-reader-text\" data-no-translation=\"\" data-trp-gettext=\"\">O pre\u00e7o atual \u00e9: 4.785,00&nbsp;&euro;.<\/span><\/span>\n<\/div>\t\t<\/div>\n\t<\/div>\n\t\t<\/div>\n<\/div><\/div><\/span><\/p>\n<h2 style=\"text-align: center;\"><span style=\"font-size: 115%;\">Amortecedor traseiro para mountain bikes (pre\u00e7os de outlet)<\/span><\/h2>\n<div><\/div>\n<div style=\"text-align: center;\"><span style=\"font-size: 115%;\"><strong>Est\u00e1 pensando em comprar um amortecedor traseiro para mountain bikes? Voc\u00ea pode comprar amortecedores de qualidade para bicicletas conosco a pre\u00e7os com desconto.<\/strong><\/span><\/div>\n<h3><span style=\"font-size: 115%;\">O que \u00e9 um amortecedor traseiro?<\/span><\/h3>\n<div><span style=\"font-size: 115%;\">A composi\u00e7\u00e3o do amortecedor traseiro \u00e9 \u00fanica, consistindo em tubos telesc\u00f3picos que deslizam um para o outro. A mola atua como um amortecedor, e todo o mecanismo se torna parte da bicicleta com a ajuda do olhal em cada lado. Em cada olhal, um pequeno rolamento passa pela suspens\u00e3o ativa para proporcionar a absor\u00e7\u00e3o de choque desejada.<\/span><\/div>\n<h3><span style=\"font-size: 115%;\">Como funciona o amortecedor traseiro?<\/span><\/h3>\n<div><span style=\"font-size: 115%;\">Os amortecedores traseiros criam um mecanismo por meio do qual o movimento da mola \u00e9 amortecido e o choque \u00e9 absorvido. A compress\u00e3o e o ressalto da mola s\u00e3o distribu\u00eddos ao longo do tempo, resultando em um impacto menos repentino.<\/span><\/div>\n<h3><span style=\"font-size: 115%;\">Como encontrar o amortecedor traseiro correto?<\/span><\/h3>\n<div><span style=\"font-size: 115%;\">Se quiser atualizar o amortecedor traseiro existente ou instalar um em sua bicicleta, voc\u00ea deve procurar duas coisas: tamanho e tipo de mola.<\/span><\/div>\n<div><\/div>\n<div><span style=\"font-size: 115%;\">O comprimento olho a olho do amortecedor de bicicleta \u00e9 o que eu quis dizer com tamanho. Voc\u00ea pode medir o tamanho dos amortecedores de bicicleta existentes e encomendar novamente amortecedores do mesmo tamanho.<\/span><\/div>\n<div><\/div>\n<div><span style=\"font-size: 115%;\">H\u00e1 dois tipos de molas: Air Sprung e Coil Spin. Voc\u00ea pode escolher a que achar mais confort\u00e1vel para voc\u00ea.<\/span><\/div>\n<h3><span style=\"font-size: 115%;\">Voc\u00ea precisa de mais alguma coisa al\u00e9m dos amortecedores traseiros?<\/span><\/h3>\n<div><span style=\"font-size: 115%;\">Sim, se voc\u00ea estiver atualizando sua bicicleta e comprando novos amortecedores, tamb\u00e9m precisar\u00e1 obter parafusos. Esses parafusos s\u00e3o essenciais para prender os amortecedores traseiros ao quadro. Embora seu mec\u00e2nico possa orient\u00e1-lo sobre o tamanho perfeito, se quiser consertar sua bicicleta por conta pr\u00f3pria, voc\u00ea precisar\u00e1 ver <a href=\"https:\/\/kroki.ro\" target=\"_blank\" rel=\"noopener\">quebra-cabe\u00e7a mec\u00e2nico<\/a> se os parafusos de 5 mm ou 7 mm funcionam.<\/span><\/div>\n<h3><span style=\"font-size: 115%;\">Os amortecedores traseiros s\u00f3 se encaixam depois de terem sido consertados?<\/span><\/h3>\n<div><span style=\"font-size: 115%;\">Voc\u00ea pode considerar os amortecedores traseiros totalmente funcionais, mas para adapt\u00e1-los ao seu estilo e peso corporal, voc\u00ea precisar\u00e1 de algumas voltas. Com as configura\u00e7\u00f5es de afundamento ajustadas, o enrolamento e o desenrolamento s\u00e3o ajustados para ajud\u00e1-lo a ter uma condu\u00e7\u00e3o suave.<\/span><\/div>\n<h3><span style=\"font-size: 115%;\">Existem amortecedores de bicicleta atualizados?<\/span><\/h3>\n<div><span style=\"font-size: 115%;\">Se voc\u00ea est\u00e1 apaixonado por sua motocicleta e quer ter a mais recente tecnologia para equip\u00e1-la, ent\u00e3o os amortecedores de plataforma est\u00e3o aqui. Esses amortecedores permanecem silenciosos se a press\u00e3o permanecer abaixo de um limite. Isso significa que a for\u00e7a da pedalada n\u00e3o os ativar\u00e1, facilitando a continua\u00e7\u00e3o da remada sem problemas. No entanto, eles funcionar\u00e3o bem quando voc\u00ea atingir um terreno acidentado.<\/span><\/div>\n<h3><span style=\"font-size: 115%;\">Por que voc\u00ea deve comprar da Bici Bici?<\/span><\/h3>\n<div><span style=\"font-size: 115%;\">Voc\u00ea pode esperar de n\u00f3s produtos de alta qualidade com o melhor pre\u00e7o poss\u00edvel, pois tentamos oferecer pre\u00e7os de atacado aos nossos clientes.<\/span><\/div>","protected":false},"excerpt":{"rendered":"<p>Ammortizzatore posteriore per mountain bike (prezzi Outlet) Stai cercando di acquistare un ammortizzatore posteriore per mountain bike? Puoi acquistare ammortizzatori per bici di qualit\u00e0 da noi a prezzi scontati. Cos&#8217;\u00e8 un ammortizzatore posteriore? La composizione dell&#8217;ammortizzatore posteriore \u00e8 unica, costituita da tubi telescopici che scorrono l&#8217;uno nell&#8217;altro. La molla funge da ammortizzatore, e l&#8217;intero meccanismo [&#8230;]\n","protected":false},"author":2,"featured_media":12291,"parent":0,"menu_order":7,"comment_status":"closed","ping_status":"closed","template":"","meta":{"footnotes":""},"class_list":["post-8471","page","type-page","status-publish","has-post-thumbnail","hentry"],"_links":{"self":[{"href":"https:\/\/bici-bici.it\/pt\/wp-json\/wp\/v2\/pages\/8471","targetHints":{"allow":["GET"]}}],"collection":[{"href":"https:\/\/bici-bici.it\/pt\/wp-json\/wp\/v2\/pages"}],"about":[{"href":"https:\/\/bici-bici.it\/pt\/wp-json\/wp\/v2\/types\/page"}],"author":[{"embeddable":true,"href":"https:\/\/bici-bici.it\/pt\/wp-json\/wp\/v2\/users\/2"}],"replies":[{"embeddable":true,"href":"https:\/\/bici-bici.it\/pt\/wp-json\/wp\/v2\/comments?post=8471"}],"version-history":[{"count":0,"href":"https:\/\/bici-bici.it\/pt\/wp-json\/wp\/v2\/pages\/8471\/revisions"}],"wp:featuredmedia":[{"embeddable":true,"href":"https:\/\/bici-bici.it\/pt\/wp-json\/wp\/v2\/media\/12291"}],"wp:attachment":[{"href":"https:\/\/bici-bici.it\/pt\/wp-json\/wp\/v2\/media?parent=8471"}],"curies":[{"name":"wp","href":"https:\/\/api.w.org\/{rel}","templated":true}]}}