{"id":8447,"date":"2021-02-26T13:46:20","date_gmt":"2021-02-26T13:46:20","guid":{"rendered":"http:\/\/bici-bici.it\/?page_id=8447"},"modified":"2021-12-24T10:29:00","modified_gmt":"2021-12-24T10:29:00","slug":"pedivelle-bici-da-strada","status":"publish","type":"page","link":"https:\/\/bici-bici.it\/pt\/manivelas-para-bicicletas-de-estrada\/","title":{"rendered":"Manivelas para bicicletas de estrada"},"content":{"rendered":"<div class=\"row large-columns-3 medium-columns- small-columns-2 row-small\" >\n  \n\t     <div class=\"product-small col has-hover product type-product post-12380 status-publish first instock product_cat-da-corsa product_cat-ammortizzatore product_cat-bici-bambini product_cat-biciclette product_cat-elettriche product_cat-biciclette-gravel product_cat-mtb product_cat-cassette-e-pacco-pignoni product_cat-city-bike product_cat-cyclocross-frame-carbon product_cat-deragliatore product_cat-fat-bike product_cat-forcelle-mtb product_cat-gravel-frameset-carbon product_cat-guarniture-e-pedivelle product_cat-men-pants product_cat-mtb-frame-carbon product_cat-pants product_cat-ricambi-bici product_cat-road-frameset-carbon product_cat-ruote-complete-e-raggi product_cat-ski-snowboard product_cat-selle product_cat-tacchette product_cat-telai product_cat-triathlon-frameset-carbon has-post-thumbnail sale taxable shipping-taxable purchasable product-type-simple\">\n\t<div class=\"col-inner\">\n\t\n<div class=\"badge-container absolute left top z-1\">\n<div class=\"callout badge badge-circle\"><div class=\"badge-inner secondary on-sale\"><span class=\"onsale\" data-no-translation=\"\" data-trp-gettext=\"\">Oferta!<\/span><\/div><\/div>\n<\/div>\n\t<div class=\"product-small box\">\n\t\t<div class=\"box-image\">\n\t\t\t<div class=\"image-fade_in_back\">\n\t\t\t\t<a href=\"https:\/\/bici-bici.it\/pt\/product\/niner-rlt-e9-rdo-4-star-28-11-fach-2021-2022-herren-gravel-e-fahrrad-carbon-59\/\" aria-label=\"Niner RLT E9 RDO 4-STAR 28&quot; 11 Fach 2021\/2022 Herren Gravel E-Fahrrad\/Carbon 59\">\n\t\t\t\t\t<img loading=\"lazy\" decoding=\"async\" width=\"500\" height=\"500\" src=\"https:\/\/bici-bici.it\/wp-content\/uploads\/2023\/06\/Niner-RLT-E9-RDO-4-STAR-28.jpg\" class=\"attachment-woocommerce_thumbnail size-woocommerce_thumbnail\" alt=\"Niner RLT E9 RDO 4-STAR 28&quot;\" srcset=\"https:\/\/bici-bici.it\/wp-content\/uploads\/2023\/06\/Niner-RLT-E9-RDO-4-STAR-28.jpg 500w, https:\/\/bici-bici.it\/wp-content\/uploads\/2023\/06\/Niner-RLT-E9-RDO-4-STAR-28-100x100.jpg 100w, https:\/\/bici-bici.it\/wp-content\/uploads\/2023\/06\/Niner-RLT-E9-RDO-4-STAR-28-64x64.jpg 64w, https:\/\/bici-bici.it\/wp-content\/uploads\/2023\/06\/Niner-RLT-E9-RDO-4-STAR-28-400x400.jpg 400w, https:\/\/bici-bici.it\/wp-content\/uploads\/2023\/06\/Niner-RLT-E9-RDO-4-STAR-28-280x280.jpg 280w, https:\/\/bici-bici.it\/wp-content\/uploads\/2023\/06\/Niner-RLT-E9-RDO-4-STAR-28-12x12.jpg 12w\" sizes=\"auto, (max-width: 500px) 100vw, 500px\" \/>\t\t\t\t<\/a>\n\t\t\t<\/div>\n\t\t\t<div class=\"image-tools is-small top right show-on-hover\">\n\t\t\t\t\t\t\t<\/div>\n\t\t\t<div class=\"image-tools is-small hide-for-small bottom left show-on-hover\">\n\t\t\t\t\t\t\t<\/div>\n\t\t\t<div class=\"image-tools grid-tools text-center hide-for-small bottom hover-slide-in show-on-hover\">\n\t\t\t\t  <a class=\"quick-view\" data-prod=\"12380\" href=\"#quick-view\">Visualiza\u00e7\u00e3o R\u00e1pida<\/a>\t\t\t<\/div>\n\t\t\t\t\t<\/div>\n\n\t\t<div class=\"box-text box-text-products\">\n\t\t\t<div class=\"title-wrapper\">\t\t<p class=\"category uppercase is-smaller no-text-overflow product-cat op-7\">\n\t\t\tBicicletas de corrida\t\t<\/p>\n\t<p class=\"name product-title woocommerce-loop-product__title\"><a href=\"https:\/\/bici-bici.it\/pt\/product\/niner-rlt-e9-rdo-4-star-28-11-fach-2021-2022-herren-gravel-e-fahrrad-carbon-59\/\" class=\"woocommerce-LoopProduct-link woocommerce-loop-product__link\">Niner RLT E9 RDO 4-STAR 28\u2033 11 Fach 2021\/2022 Herren Gravel E-Fahrrad\/Carbon 59<\/a><\/p><\/div><div class=\"price-wrapper\">\n\t<span class=\"price\"><del aria-hidden=\"true\"><span class=\"woocommerce-Price-amount amount\"><bdi>5.800,00&nbsp;<span class=\"woocommerce-Price-currencySymbol\">\u20ac<\/span><\/bdi><\/span><\/del> <span class=\"screen-reader-text\" data-no-translation=\"\" data-trp-gettext=\"\">O pre\u00e7o original era: 5.800,00&nbsp;&euro;.<\/span><ins aria-hidden=\"true\"><span class=\"woocommerce-Price-amount amount\"><bdi>4.785,00&nbsp;<span class=\"woocommerce-Price-currencySymbol\">\u20ac<\/span><\/bdi><\/span><\/ins><span class=\"screen-reader-text\" data-no-translation=\"\" data-trp-gettext=\"\">O pre\u00e7o atual \u00e9: 4.785,00&nbsp;&euro;.<\/span><\/span>\n<\/div>\t\t<\/div>\n\t<\/div>\n\t\t<\/div>\n<\/div><\/div>\n<h2 style=\"text-align: center;\">Manivelas para bicicletas de estrada (pre\u00e7os de outlet)<\/h2>\n<div>\u00a0<\/div>\n<div style=\"text-align: center;\"><span style=\"font-size: 105%;\"><strong>Procurando manivelas para bicicletas de estrada? Voc\u00ea est\u00e1 no lugar certo, pois vendemos manivelas de alta qualidade para bicicletas de estrada com o melhor pre\u00e7o.<\/strong><\/span><\/div>\n<div>\u00a0<\/div>\n<div><span style=\"font-size: 105%;\">Antes de come\u00e7ar a usar sua bicicleta, \u00e9 muito importante conhecer todos os aspectos t\u00e9cnicos e mec\u00e2nicos de pilotar uma bicicleta. N\u00e3o se trata apenas de empurrar a alavanca em uma dire\u00e7\u00e3o e pedalar a bicicleta; trata-se de entender como tudo funciona.<\/span><\/div>\n<div>\u00a0<\/div>\n<div><span style=\"font-size: 105%;\">A manivela e suas pe\u00e7as s\u00e3o o cora\u00e7\u00e3o do sistema de transmiss\u00e3o da bicicleta. Sua bicicleta n\u00e3o pode funcionar sem ela; ela tamb\u00e9m deve ser forte, leve e dur\u00e1vel. Leia mais sobre as manivelas de bicicleta e saiba tudo o que \u00e9 igualmente importante.<\/span><\/div>\n<h3><span style=\"font-size: 105%;\">1: O que \u00e9 uma manivela de bicicleta?<\/span><\/h3>\n<div><span style=\"font-size: 105%;\">Uma manivela de bicicleta \u00e9 um componente que a coroa usa para ser aparafusada; as manivelas s\u00e3o as alavancas presas ao pedal. Sem o conjunto de manivelas, n\u00e3o \u00e9 poss\u00edvel andar de bicicleta.<\/span><\/div>\n<div>\u00a0<\/div>\n<div><span style=\"font-size: 105%;\">Os pedivelas s\u00e3o montados em ambos os lados da bicicleta, conectados por um eixo. Al\u00e9m disso, h\u00e1 diferentes tipos de manivelas: a\u00e7o, alum\u00ednio, fibra de carbono, etc.<\/span><\/div>\n<h2><span style=\"font-size: 105%;\">2: Como funciona a manivela da bicicleta?<\/span><\/h2>\n<div><span style=\"font-size: 105%;\">Nas bicicletas BMX, as manivelas de a\u00e7o funcionam melhor. A coroa dianteira \u00e9 chamada de manivela e \u00e9 montada com as manivelas ou comumente conhecida como \"conjunto de manivelas\";<\/span><\/div>\n<div>\u00a0<\/div>\n<div><span style=\"font-size: 105%;\">A manivela gira em uma roda dentada e, \u00e0 medida que a corrente se afasta da linha central da bicicleta, a pedalada se torna mais dif\u00edcil \u00e0 medida que voc\u00ea vai mais r\u00e1pido. \u00c9 relativamente f\u00e1cil entender o mecanismo, uma vez que voc\u00ea conhe\u00e7a os principais componentes.<\/span><\/div>\n<h3><span style=\"font-size: 105%;\">3: Qual \u00e9 a manivela de BMX ideal para mim?<\/span><\/h3>\n<div><span style=\"font-size: 105%;\">H\u00e1 linhas espec\u00edficas de manivelas para bicicletas BMX e, dependendo da natureza da BMX, voc\u00ea pode escolher a manivela.<\/span><\/div>\n<div>\u00a0<\/div>\n<div><span style=\"font-size: 105%;\">Manivelas de corrida: s\u00e3o feitas de alum\u00ednio e carbono e economizam muito peso na bicicleta. Al\u00e9m disso, com a manivela de corrida na bicicleta BMX, \u00e9 necess\u00e1rio um suporte inferior estilo euro.<\/span><\/div>\n<div><span style=\"font-size: 105%;\">Tr\u00eas pe\u00e7as: o conjunto de manivelas mais popular comumente encontrado em bicicletas BMX freestyle. No entanto, eles t\u00eam duas manivelas separadas presas a um eixo estriado.<\/span><\/div>\n<div><span style=\"font-size: 105%;\">Uma pe\u00e7a: esse pedivela \u00e9 encontrado em bicicletas de n\u00edvel b\u00e1sico ou para iniciantes. Al\u00e9m disso, o suporte inferior no estilo americano deve ser instalado para essa manivela.<\/span><\/div>\n<div>\u00a0<\/div>\n<h3><span style=\"font-size: 105%;\">4: Quais s\u00e3o os fatores importantes ao trocar o pedivela da bicicleta?<\/span><\/h3>\n<div><span style=\"font-size: 105%;\">Ao atualizar ou substituir a manivela da sua bicicleta BMX, certifique-se de obter as dimens\u00f5es corretas. \u00c9 importante saber o di\u00e2metro exato do eixo e o comprimento da manivela.<\/span><\/div>\n<div>\u00a0<\/div>\n<div><span style=\"font-size: 105%;\">Di\u00e2metro do eixo: Primeiro, voc\u00ea deve verificar se o suporte inferior \u00e9 compat\u00edvel com o eixo. Os dois eixos comuns s\u00e3o de 19 e 22 mm. Al\u00e9m disso, h\u00e1 diferentes modelos de estrias: 48, 16 e 8 estrias s\u00e3o os mais comuns. Obtenha uma medida precisa do eixo e da estria para garantir que a roda dentada se encaixe em seu novo pedal.<\/span><\/div>\n<div><span style=\"font-size: 105%;\">Comprimento da manivela: mede o comprimento do eixo do suporte inferior at\u00e9 o centro do eixo do pedal. Entretanto, a maioria dos pedivelas tem 170 ou 175 mm ou menos de 140 mm e at\u00e9 190 mm de comprimento. Escolha o pedivela adequado ao tamanho de sua perna; ele lhe proporcionar\u00e1 conforto e controle ideais.<\/span><\/div>\n<h3><span style=\"font-size: 105%;\">5: Por que comprar de n\u00f3s?<\/span><\/h3>\n<div><span style=\"font-size: 105%;\">Agora que voc\u00ea sabe tudo sobre manivelas de bicicleta, especialmente as de BMX, pode explorar facilmente algumas op\u00e7\u00f5es.<\/span><\/div>\n<div>\u00a0<\/div>\n<div><span style=\"font-size: 105%;\">No entanto, nossa linha de manivelas, aranhas, rolamentos, parafusos e espa\u00e7adores de reposi\u00e7\u00e3o melhora a vida \u00fatil de sua bicicleta. Al\u00e9m disso, nossos pedivelas mant\u00eam seu passeio t\u00e3o suave quanto deveria ser.<\/span><\/div>","protected":false},"excerpt":{"rendered":"<p>Pedivelle Bici da Strada (Prezzi Outlet) \u00a0 Cerchi le pedivelle per bici da strada? Sei nel posto giusto perch\u00e9 vendiamo pedivelle per bici da strada di alta qualit\u00e0 al miglior prezzo. \u00a0 Prima di andare all-in con la tua bicicletta, \u00e8 molto importante conoscere tutti i tecnicismi e i meccanismi di guida di una bicicletta. [&#8230;]\n","protected":false},"author":2,"featured_media":0,"parent":0,"menu_order":34,"comment_status":"closed","ping_status":"closed","template":"","meta":{"footnotes":""},"class_list":["post-8447","page","type-page","status-publish","hentry"],"_links":{"self":[{"href":"https:\/\/bici-bici.it\/pt\/wp-json\/wp\/v2\/pages\/8447","targetHints":{"allow":["GET"]}}],"collection":[{"href":"https:\/\/bici-bici.it\/pt\/wp-json\/wp\/v2\/pages"}],"about":[{"href":"https:\/\/bici-bici.it\/pt\/wp-json\/wp\/v2\/types\/page"}],"author":[{"embeddable":true,"href":"https:\/\/bici-bici.it\/pt\/wp-json\/wp\/v2\/users\/2"}],"replies":[{"embeddable":true,"href":"https:\/\/bici-bici.it\/pt\/wp-json\/wp\/v2\/comments?post=8447"}],"version-history":[{"count":0,"href":"https:\/\/bici-bici.it\/pt\/wp-json\/wp\/v2\/pages\/8447\/revisions"}],"wp:attachment":[{"href":"https:\/\/bici-bici.it\/pt\/wp-json\/wp\/v2\/media?parent=8447"}],"curies":[{"name":"wp","href":"https:\/\/api.w.org\/{rel}","templated":true}]}}