{"id":8440,"date":"2021-02-26T06:21:36","date_gmt":"2021-02-26T06:21:36","guid":{"rendered":"http:\/\/bici-bici.it\/?page_id=8440"},"modified":"2023-10-10T07:58:57","modified_gmt":"2023-10-10T07:58:57","slug":"telai-per-mountain-bike","status":"publish","type":"page","link":"https:\/\/bici-bici.it\/pt\/quadros-de-mountain-bike\/","title":{"rendered":"Quadro de mountain bike"},"content":{"rendered":"<div class=\"row large-columns-3 medium-columns- small-columns-2 row-small\" >\n  \n\t     <div class=\"product-small col has-hover product type-product post-12380 status-publish first instock product_cat-da-corsa product_cat-ammortizzatore product_cat-bici-bambini product_cat-biciclette product_cat-elettriche product_cat-biciclette-gravel product_cat-mtb product_cat-cassette-e-pacco-pignoni product_cat-city-bike product_cat-cyclocross-frame-carbon product_cat-deragliatore product_cat-fat-bike product_cat-forcelle-mtb product_cat-gravel-frameset-carbon product_cat-guarniture-e-pedivelle product_cat-men-pants product_cat-mtb-frame-carbon product_cat-pants product_cat-ricambi-bici product_cat-road-frameset-carbon product_cat-ruote-complete-e-raggi product_cat-ski-snowboard product_cat-selle product_cat-tacchette product_cat-telai product_cat-triathlon-frameset-carbon has-post-thumbnail sale taxable shipping-taxable purchasable product-type-simple\">\n\t<div class=\"col-inner\">\n\t\n<div class=\"badge-container absolute left top z-1\">\n<div class=\"callout badge badge-circle\"><div class=\"badge-inner secondary on-sale\"><span class=\"onsale\" data-no-translation=\"\" data-trp-gettext=\"\">Oferta!<\/span><\/div><\/div>\n<\/div>\n\t<div class=\"product-small box\">\n\t\t<div class=\"box-image\">\n\t\t\t<div class=\"image-fade_in_back\">\n\t\t\t\t<a href=\"https:\/\/bici-bici.it\/pt\/product\/niner-rlt-e9-rdo-4-star-28-11-fach-2021-2022-herren-gravel-e-fahrrad-carbon-59\/\" aria-label=\"Niner RLT E9 RDO 4-STAR 28&quot; 11 Fach 2021\/2022 Herren Gravel E-Fahrrad\/Carbon 59\">\n\t\t\t\t\t<img loading=\"lazy\" decoding=\"async\" width=\"500\" height=\"500\" src=\"https:\/\/bici-bici.it\/wp-content\/uploads\/2023\/06\/Niner-RLT-E9-RDO-4-STAR-28.jpg\" class=\"attachment-woocommerce_thumbnail size-woocommerce_thumbnail\" alt=\"Niner RLT E9 RDO 4-STAR 28&quot;\" srcset=\"https:\/\/bici-bici.it\/wp-content\/uploads\/2023\/06\/Niner-RLT-E9-RDO-4-STAR-28.jpg 500w, https:\/\/bici-bici.it\/wp-content\/uploads\/2023\/06\/Niner-RLT-E9-RDO-4-STAR-28-100x100.jpg 100w, https:\/\/bici-bici.it\/wp-content\/uploads\/2023\/06\/Niner-RLT-E9-RDO-4-STAR-28-64x64.jpg 64w, https:\/\/bici-bici.it\/wp-content\/uploads\/2023\/06\/Niner-RLT-E9-RDO-4-STAR-28-400x400.jpg 400w, https:\/\/bici-bici.it\/wp-content\/uploads\/2023\/06\/Niner-RLT-E9-RDO-4-STAR-28-280x280.jpg 280w, https:\/\/bici-bici.it\/wp-content\/uploads\/2023\/06\/Niner-RLT-E9-RDO-4-STAR-28-12x12.jpg 12w\" sizes=\"auto, (max-width: 500px) 100vw, 500px\" \/>\t\t\t\t<\/a>\n\t\t\t<\/div>\n\t\t\t<div class=\"image-tools is-small top right show-on-hover\">\n\t\t\t\t\t\t\t<\/div>\n\t\t\t<div class=\"image-tools is-small hide-for-small bottom left show-on-hover\">\n\t\t\t\t\t\t\t<\/div>\n\t\t\t<div class=\"image-tools grid-tools text-center hide-for-small bottom hover-slide-in show-on-hover\">\n\t\t\t\t  <a class=\"quick-view\" data-prod=\"12380\" href=\"#quick-view\">Visualiza\u00e7\u00e3o R\u00e1pida<\/a>\t\t\t<\/div>\n\t\t\t\t\t<\/div>\n\n\t\t<div class=\"box-text box-text-products\">\n\t\t\t<div class=\"title-wrapper\">\t\t<p class=\"category uppercase is-smaller no-text-overflow product-cat op-7\">\n\t\t\tBicicletas de corrida\t\t<\/p>\n\t<p class=\"name product-title woocommerce-loop-product__title\"><a href=\"https:\/\/bici-bici.it\/pt\/product\/niner-rlt-e9-rdo-4-star-28-11-fach-2021-2022-herren-gravel-e-fahrrad-carbon-59\/\" class=\"woocommerce-LoopProduct-link woocommerce-loop-product__link\">Niner RLT E9 RDO 4-STAR 28\u2033 11 Fach 2021\/2022 Herren Gravel E-Fahrrad\/Carbon 59<\/a><\/p><\/div><div class=\"price-wrapper\">\n\t<span class=\"price\"><del aria-hidden=\"true\"><span class=\"woocommerce-Price-amount amount\"><bdi>5.800,00&nbsp;<span class=\"woocommerce-Price-currencySymbol\">\u20ac<\/span><\/bdi><\/span><\/del> <span class=\"screen-reader-text\" data-no-translation=\"\" data-trp-gettext=\"\">O pre\u00e7o original era: 5.800,00&nbsp;&euro;.<\/span><ins aria-hidden=\"true\"><span class=\"woocommerce-Price-amount amount\"><bdi>4.785,00&nbsp;<span class=\"woocommerce-Price-currencySymbol\">\u20ac<\/span><\/bdi><\/span><\/ins><span class=\"screen-reader-text\" data-no-translation=\"\" data-trp-gettext=\"\">O pre\u00e7o atual \u00e9: 4.785,00&nbsp;&euro;.<\/span><\/span>\n<\/div>\t\t<\/div>\n\t<\/div>\n\t\t<\/div>\n<\/div><\/div>\n<h2 style=\"text-align: center;\">Quadro de mountain bike (pre\u00e7o total de varejo)<\/h2>\n<div><\/div>\n<div><strong>Est\u00e1 pensando em comprar um quadro de mountain bike?<\/strong> voc\u00ea est\u00e1 no lugar certo, pois vendemos quadros de bicicletas de alta qualidade a pre\u00e7os de liquida\u00e7\u00e3o.<\/div>\n<div><\/div>\n<div>Envolver-se em uma nova atividade n\u00e3o \u00e9 f\u00e1cil; voc\u00ea n\u00e3o pode simplesmente mergulhar em um novo conjunto de hobbies. Voc\u00ea precisa conhecer diferentes horizontes, designs de suspens\u00e3o, pe\u00e7as e acess\u00f3rios de alta tecnologia.<\/div>\n<div><\/div>\n<div>N\u00e3o se preocupe, temos tudo o que voc\u00ea precisa. Rasgamos tudo em peda\u00e7os; <a href=\"https:\/\/bici-bici.it\/pt\/2022\/09\/01\/il-casco-da-bici-giusto\/\">como escolher sua bicicleta<\/a>O que voc\u00ea precisa saber sobre a bicicleta, confiar no design, escolher o quadro da bicicleta, etc. Em palavras mais simples, um balc\u00e3o \u00fanico para tudo o que voc\u00ea precisa saber e comprar para sua bicicleta.<\/div>\n<div><\/div>\n<h3>1: O que \u00e9 um quadro de mountain bike?<\/h3>\n<div><\/div>\n<div>A escolha de um quadro de bicicleta pode ser uma decis\u00e3o dif\u00edcil. \u00c9 algo com o qual voc\u00ea n\u00e3o pode errar; \u00e9 praticamente como comprar uma bicicleta nova. Porque o quadro decide como a bicicleta vai se comportar e pode dominar sua experi\u00eancia de pilotagem.<\/div>\n<div><\/div>\n<div>O quadro da bicicleta \u00e9 o principal componente da sua bicicleta e voc\u00ea deve certificar-se de compr\u00e1-lo com base em medidas precisas.<\/div>\n<div><\/div>\n<h3>2: Qual \u00e9 o tamanho do quadro da bicicleta que devo comprar?<\/h3>\n<div><\/div>\n<div>Voc\u00ea pode ter come\u00e7ado com o guia de tamanhos baseado no comprimento do tubo do cabe\u00e7ote e na designa\u00e7\u00e3o do quadro da bicicleta, dependendo da sua altura. Isso certamente pode ser um bom come\u00e7o, mas voc\u00ea precisa experimentar a bicicleta que mais lhe agrade.<\/div>\n<div><\/div>\n<div>Deve haver total transpar\u00eancia entre seus p\u00e9s e o ch\u00e3o para permitir a desmontagem r\u00e1pida. Quadros de bicicleta muito grandes podem levar a posi\u00e7\u00f5es inc\u00f4modas e esticadas; um quadro pequeno tamb\u00e9m far\u00e1 com que voc\u00ea se sinta apertado e exausto ao pedalar.<\/div>\n<div><\/div>\n<h3>3: Qual deve ser o tamanho da roda para o quadro preciso?<\/h3>\n<div><\/div>\n<div>Quando voc\u00ea atualiza o tamanho do quadro de seu <a class=\"wpil_keyword_link\" href=\"https:\/\/bici-bici.it\/pt\/product-category\/biciclette\/mtb\/\"   title=\"MTB\" data-wpil-keyword-link=\"linked\">MTB<\/a>voc\u00ea deve se certificar de que suas rodas aceitem a estrutura; ou vice-versa.<\/div>\n<div><\/div>\n<div>Os tamanhos de roda padr\u00e3o s\u00e3o: 26, 27,5 e 29 polegadas, respectivamente. No entanto, se tentar inserir as dimens\u00f5es erradas, voc\u00ea arruinar\u00e1 o processo de manuseio.<\/div>\n<div><\/div>\n<h3>4: Quadro de alum\u00ednio ou carbono?<\/h3>\n<div><\/div>\n<div>Voc\u00ea pode ter o mesmo quadro de bicicleta em ambas as vers\u00f5es: carbono e alum\u00ednio. Entretanto, a vers\u00e3o em fibra de carbono \u00e9 um pouco mais cara do que os outros materiais. No entanto, a quest\u00e3o n\u00e3o \u00e9 o custo, mas a qualidade e a durabilidade.<\/div>\n<div><\/div>\n<div>Os quadros de carbono s\u00e3o mais leves que os de alum\u00ednio; voc\u00ea n\u00e3o precisa equilibrar o seu peso e o peso da bicicleta. A compara\u00e7\u00e3o entre os dois \u00e9 bastante enganosa, pois ambos t\u00eam seus encantos.<\/div>\n<div><\/div>\n<div>O ciclista profissional sempre confia nos quadros de alum\u00ednio; como eles lidam com o peso. Como os quadros de alum\u00ednio s\u00e3o extremamente bons em estradas e trilhas, eles n\u00e3o permitem que o ciclista sinta a aspereza da estrada.<\/div>\n<h3>5: Por que comprar de n\u00f3s?<\/h3>\n<div><\/div>\n<div>Voc\u00ea deve ter adquirido um bom entendimento e conhecimento de montanha e de <a href=\"https:\/\/bici-bici.it\/pt\/2022\/09\/01\/telai-per-bici-materiali-e-diversi-modelli\/\">tipos de quadros de bicicletas<\/a>. Voc\u00ea precisa conhecer seus gostos antes de comprar um quadro de MTB.<\/div>\n<div><\/div>\n<div>Temos uma variedade de quadros de bicicleta dispon\u00edveis, tanto em carbono quanto em alum\u00ednio. Tamb\u00e9m nos certificamos de que voc\u00ea obtenha o tipo certo de material para sua bicicleta.<\/div>","protected":false},"excerpt":{"rendered":"<p>Telaio per mountain bike (prezzo di vendita intero) Stai cercando di acquistare un telaio per mountain bike? sei nel posto giusto perch\u00e9 vendiamo telai per bici di alta qualit\u00e0 a prezzi di vendita interi. Impegnarsi in una nuova attivit\u00e0 non \u00e8 facile; non puoi semplicemente tuffarti in una nuova serie di hobby. Devi conoscere diversi [&#8230;]\n","protected":false},"author":2,"featured_media":0,"parent":0,"menu_order":29,"comment_status":"closed","ping_status":"closed","template":"","meta":{"footnotes":""},"class_list":["post-8440","page","type-page","status-publish","hentry"],"_links":{"self":[{"href":"https:\/\/bici-bici.it\/pt\/wp-json\/wp\/v2\/pages\/8440","targetHints":{"allow":["GET"]}}],"collection":[{"href":"https:\/\/bici-bici.it\/pt\/wp-json\/wp\/v2\/pages"}],"about":[{"href":"https:\/\/bici-bici.it\/pt\/wp-json\/wp\/v2\/types\/page"}],"author":[{"embeddable":true,"href":"https:\/\/bici-bici.it\/pt\/wp-json\/wp\/v2\/users\/2"}],"replies":[{"embeddable":true,"href":"https:\/\/bici-bici.it\/pt\/wp-json\/wp\/v2\/comments?post=8440"}],"version-history":[{"count":0,"href":"https:\/\/bici-bici.it\/pt\/wp-json\/wp\/v2\/pages\/8440\/revisions"}],"wp:attachment":[{"href":"https:\/\/bici-bici.it\/pt\/wp-json\/wp\/v2\/media?parent=8440"}],"curies":[{"name":"wp","href":"https:\/\/api.w.org\/{rel}","templated":true}]}}