{"id":8431,"date":"2021-02-26T05:51:25","date_gmt":"2021-02-26T05:51:25","guid":{"rendered":"http:\/\/bici-bici.it\/?page_id=8431"},"modified":"2023-06-30T05:04:03","modified_gmt":"2023-06-30T05:04:03","slug":"forcelle-per-biciclette","status":"publish","type":"page","link":"https:\/\/bici-bici.it\/pt\/garfos-de-bicicleta-2\/","title":{"rendered":"Garfos de bicicleta"},"content":{"rendered":"<p><span style=\"font-size: 110%;\">\t\n  \n    <div class=\"row large-columns-3 medium-columns- small-columns-2 row-small\" >\n  \n\t     <div class=\"product-small col has-hover product type-product post-12402 status-publish first instock product_cat-ammortizzatore product_cat-forcelle-mtb has-post-thumbnail taxable shipping-taxable purchasable product-type-simple\">\n\t<div class=\"col-inner\">\n\t\n<div class=\"badge-container absolute left top z-1\">\n\n<\/div>\n\t<div class=\"product-small box\">\n\t\t<div class=\"box-image\">\n\t\t\t<div class=\"image-fade_in_back\">\n\t\t\t\t<a href=\"https:\/\/bici-bici.it\/pt\/product\/rockshox-csu-pike-dual-position-1-1-8-1-5-federgabel-krone-27-5\/\" aria-label=\"RockShox CSU Pike Dual Position 1 1\/8-1,5&quot; Federgabel Krone 27,5&quot;\">\n\t\t\t\t\t<img loading=\"lazy\" decoding=\"async\" width=\"400\" height=\"400\" src=\"https:\/\/bici-bici.it\/wp-content\/uploads\/2023\/06\/1-130.jpg\" class=\"attachment-woocommerce_thumbnail size-woocommerce_thumbnail\" alt=\"RockShox CSU Pike Dual Position 1 1\/8-1,5&quot; Federgabel Krone 27,5&quot;\" srcset=\"https:\/\/bici-bici.it\/wp-content\/uploads\/2023\/06\/1-130.jpg 400w, https:\/\/bici-bici.it\/wp-content\/uploads\/2023\/06\/1-130-100x100.jpg 100w, https:\/\/bici-bici.it\/wp-content\/uploads\/2023\/06\/1-130-64x64.jpg 64w, https:\/\/bici-bici.it\/wp-content\/uploads\/2023\/06\/1-130-280x280.jpg 280w, https:\/\/bici-bici.it\/wp-content\/uploads\/2023\/06\/1-130-12x12.jpg 12w\" sizes=\"auto, (max-width: 400px) 100vw, 400px\" \/>\t\t\t\t<\/a>\n\t\t\t<\/div>\n\t\t\t<div class=\"image-tools is-small top right show-on-hover\">\n\t\t\t\t\t\t\t<\/div>\n\t\t\t<div class=\"image-tools is-small hide-for-small bottom left show-on-hover\">\n\t\t\t\t\t\t\t<\/div>\n\t\t\t<div class=\"image-tools grid-tools text-center hide-for-small bottom hover-slide-in show-on-hover\">\n\t\t\t\t  <a class=\"quick-view\" data-prod=\"12402\" href=\"#quick-view\">Visualiza\u00e7\u00e3o R\u00e1pida<\/a>\t\t\t<\/div>\n\t\t\t\t\t<\/div>\n\n\t\t<div class=\"box-text box-text-products\">\n\t\t\t<div class=\"title-wrapper\">\t\t<p class=\"category uppercase is-smaller no-text-overflow product-cat op-7\">\n\t\t\tAmortecedor de MTB\t\t<\/p>\n\t<p class=\"name product-title woocommerce-loop-product__title\"><a href=\"https:\/\/bici-bici.it\/pt\/product\/rockshox-csu-pike-dual-position-1-1-8-1-5-federgabel-krone-27-5\/\" class=\"woocommerce-LoopProduct-link woocommerce-loop-product__link\">RockShox CSU Pike Posi\u00e7\u00e3o Dupla 1 1\/8-1.5\u2033 Federgabel Krone 27.5\u2033<\/a><\/p><\/div><div class=\"price-wrapper\">\n\t<span class=\"price\"><span class=\"woocommerce-Price-amount amount\"><bdi>233,44&nbsp;<span class=\"woocommerce-Price-currencySymbol\">\u20ac<\/span><\/bdi><\/span><\/span>\n<\/div>\t\t<\/div>\n\t<\/div>\n\t\t<\/div>\n<\/div><div class=\"product-small col has-hover product type-product post-12400 status-publish instock product_cat-accessori-per-biciclette product_cat-forcelle-mtb has-post-thumbnail taxable shipping-taxable purchasable product-type-simple\">\n\t<div class=\"col-inner\">\n\t\n<div class=\"badge-container absolute left top z-1\">\n\n<\/div>\n\t<div class=\"product-small box\">\n\t\t<div class=\"box-image\">\n\t\t\t<div class=\"image-fade_in_back\">\n\t\t\t\t<a href=\"https:\/\/bici-bici.it\/pt\/product\/federgabel-29-schwarz-rockshox-35-silver-r-120-coil-1-1-8-1-5-boost-fork\/\" aria-label=\"Federgabel 29&quot; Schwarz RockShox 35 Silver R 120 Coil 1 1\/8 - 1.5&quot; Boost Fork\">\n\t\t\t\t\t<img loading=\"lazy\" decoding=\"async\" width=\"189\" height=\"400\" src=\"https:\/\/bici-bici.it\/wp-content\/uploads\/2023\/06\/1-129.jpg\" class=\"attachment-woocommerce_thumbnail size-woocommerce_thumbnail\" alt=\"Federgabel 29&quot; Schwarz RockShox 35 Silver R 120 Coil 1 1\/8 - 1.5&quot; Boost Fork\" srcset=\"https:\/\/bici-bici.it\/wp-content\/uploads\/2023\/06\/1-129.jpg 189w, https:\/\/bici-bici.it\/wp-content\/uploads\/2023\/06\/1-129-64x135.jpg 64w, https:\/\/bici-bici.it\/wp-content\/uploads\/2023\/06\/1-129-6x12.jpg 6w\" sizes=\"auto, (max-width: 189px) 100vw, 189px\" \/>\t\t\t\t<\/a>\n\t\t\t<\/div>\n\t\t\t<div class=\"image-tools is-small top right show-on-hover\">\n\t\t\t\t\t\t\t<\/div>\n\t\t\t<div class=\"image-tools is-small hide-for-small bottom left show-on-hover\">\n\t\t\t\t\t\t\t<\/div>\n\t\t\t<div class=\"image-tools grid-tools text-center hide-for-small bottom hover-slide-in show-on-hover\">\n\t\t\t\t  <a class=\"quick-view\" data-prod=\"12400\" href=\"#quick-view\">Visualiza\u00e7\u00e3o R\u00e1pida<\/a>\t\t\t<\/div>\n\t\t\t\t\t<\/div>\n\n\t\t<div class=\"box-text box-text-products\">\n\t\t\t<div class=\"title-wrapper\">\t\t<p class=\"category uppercase is-smaller no-text-overflow product-cat op-7\">\n\t\t\tAcess\u00f3rios\t\t<\/p>\n\t<p class=\"name product-title woocommerce-loop-product__title\"><a href=\"https:\/\/bici-bici.it\/pt\/product\/federgabel-29-schwarz-rockshox-35-silver-r-120-coil-1-1-8-1-5-boost-fork\/\" class=\"woocommerce-LoopProduct-link woocommerce-loop-product__link\">Federgabel 29\u2033 Schwarz RockShox 35 Silver R 120 Coil 1 1\/8 - 1.5\u2033 Boost Fork<\/a><\/p><\/div><div class=\"price-wrapper\">\n\t<span class=\"price\"><span class=\"woocommerce-Price-amount amount\"><bdi>221,22&nbsp;<span class=\"woocommerce-Price-currencySymbol\">\u20ac<\/span><\/bdi><\/span><\/span>\n<\/div>\t\t<\/div>\n\t<\/div>\n\t\t<\/div>\n<\/div><div class=\"product-small col has-hover product type-product post-12380 status-publish last instock product_cat-da-corsa product_cat-ammortizzatore product_cat-bici-bambini product_cat-biciclette product_cat-elettriche product_cat-biciclette-gravel product_cat-mtb product_cat-cassette-e-pacco-pignoni product_cat-city-bike product_cat-cyclocross-frame-carbon product_cat-deragliatore product_cat-fat-bike product_cat-forcelle-mtb product_cat-gravel-frameset-carbon product_cat-guarniture-e-pedivelle product_cat-men-pants product_cat-mtb-frame-carbon product_cat-pants product_cat-ricambi-bici product_cat-road-frameset-carbon product_cat-ruote-complete-e-raggi product_cat-ski-snowboard product_cat-selle product_cat-tacchette product_cat-telai product_cat-triathlon-frameset-carbon has-post-thumbnail sale taxable shipping-taxable purchasable product-type-simple\">\n\t<div class=\"col-inner\">\n\t\n<div class=\"badge-container absolute left top z-1\">\n<div class=\"callout badge badge-circle\"><div class=\"badge-inner secondary on-sale\"><span class=\"onsale\" data-no-translation=\"\" data-trp-gettext=\"\">Oferta!<\/span><\/div><\/div>\n<\/div>\n\t<div class=\"product-small box\">\n\t\t<div class=\"box-image\">\n\t\t\t<div class=\"image-fade_in_back\">\n\t\t\t\t<a href=\"https:\/\/bici-bici.it\/pt\/product\/niner-rlt-e9-rdo-4-star-28-11-fach-2021-2022-herren-gravel-e-fahrrad-carbon-59\/\" aria-label=\"Niner RLT E9 RDO 4-STAR 28&quot; 11 Fach 2021\/2022 Herren Gravel E-Fahrrad\/Carbon 59\">\n\t\t\t\t\t<img loading=\"lazy\" decoding=\"async\" width=\"500\" height=\"500\" src=\"https:\/\/bici-bici.it\/wp-content\/uploads\/2023\/06\/Niner-RLT-E9-RDO-4-STAR-28.jpg\" class=\"attachment-woocommerce_thumbnail size-woocommerce_thumbnail\" alt=\"Niner RLT E9 RDO 4-STAR 28&quot;\" srcset=\"https:\/\/bici-bici.it\/wp-content\/uploads\/2023\/06\/Niner-RLT-E9-RDO-4-STAR-28.jpg 500w, https:\/\/bici-bici.it\/wp-content\/uploads\/2023\/06\/Niner-RLT-E9-RDO-4-STAR-28-100x100.jpg 100w, https:\/\/bici-bici.it\/wp-content\/uploads\/2023\/06\/Niner-RLT-E9-RDO-4-STAR-28-64x64.jpg 64w, https:\/\/bici-bici.it\/wp-content\/uploads\/2023\/06\/Niner-RLT-E9-RDO-4-STAR-28-400x400.jpg 400w, https:\/\/bici-bici.it\/wp-content\/uploads\/2023\/06\/Niner-RLT-E9-RDO-4-STAR-28-280x280.jpg 280w, https:\/\/bici-bici.it\/wp-content\/uploads\/2023\/06\/Niner-RLT-E9-RDO-4-STAR-28-12x12.jpg 12w\" sizes=\"auto, (max-width: 500px) 100vw, 500px\" \/>\t\t\t\t<\/a>\n\t\t\t<\/div>\n\t\t\t<div class=\"image-tools is-small top right show-on-hover\">\n\t\t\t\t\t\t\t<\/div>\n\t\t\t<div class=\"image-tools is-small hide-for-small bottom left show-on-hover\">\n\t\t\t\t\t\t\t<\/div>\n\t\t\t<div class=\"image-tools grid-tools text-center hide-for-small bottom hover-slide-in show-on-hover\">\n\t\t\t\t  <a class=\"quick-view\" data-prod=\"12380\" href=\"#quick-view\">Visualiza\u00e7\u00e3o R\u00e1pida<\/a>\t\t\t<\/div>\n\t\t\t\t\t<\/div>\n\n\t\t<div class=\"box-text box-text-products\">\n\t\t\t<div class=\"title-wrapper\">\t\t<p class=\"category uppercase is-smaller no-text-overflow product-cat op-7\">\n\t\t\tBicicletas de corrida\t\t<\/p>\n\t<p class=\"name product-title woocommerce-loop-product__title\"><a href=\"https:\/\/bici-bici.it\/pt\/product\/niner-rlt-e9-rdo-4-star-28-11-fach-2021-2022-herren-gravel-e-fahrrad-carbon-59\/\" class=\"woocommerce-LoopProduct-link woocommerce-loop-product__link\">Niner RLT E9 RDO 4-STAR 28\u2033 11 Fach 2021\/2022 Herren Gravel E-Fahrrad\/Carbon 59<\/a><\/p><\/div><div class=\"price-wrapper\">\n\t<span class=\"price\"><del aria-hidden=\"true\"><span class=\"woocommerce-Price-amount amount\"><bdi>5.800,00&nbsp;<span class=\"woocommerce-Price-currencySymbol\">\u20ac<\/span><\/bdi><\/span><\/del> <span class=\"screen-reader-text\" data-no-translation=\"\" data-trp-gettext=\"\">O pre\u00e7o original era: 5.800,00&nbsp;&euro;.<\/span><ins aria-hidden=\"true\"><span class=\"woocommerce-Price-amount amount\"><bdi>4.785,00&nbsp;<span class=\"woocommerce-Price-currencySymbol\">\u20ac<\/span><\/bdi><\/span><\/ins><span class=\"screen-reader-text\" data-no-translation=\"\" data-trp-gettext=\"\">O pre\u00e7o atual \u00e9: 4.785,00&nbsp;&euro;.<\/span><\/span>\n<\/div>\t\t<\/div>\n\t<\/div>\n\t\t<\/div>\n<\/div><\/div><\/span><\/p>\n<h2 style=\"text-align: center;\"><span style=\"font-size: 110%;\">Compre garfos para bicicletas de estrada (pre\u00e7os de varejo completos)<\/span><\/h2>\n<div><\/div>\n<div style=\"text-align: center;\"><span style=\"font-size: 110%;\"><strong>Est\u00e1 procurando garfos para bicicletas de estrada? Voc\u00ea veio ao lugar certo, pois vendemos garfos de bicicleta de alta qualidade a pre\u00e7os de atacado.<\/strong><\/span><\/div>\n<div><\/div>\n<div><span style=\"font-size: 110%;\">Os garfos de bicicleta s\u00e3o um complemento incr\u00edvel para as aventuras em duas rodas. Al\u00e9m disso, as MTBs s\u00e3o um dos estilos de bicicleta mais populares tanto para iniciantes quanto para profissionais. Antes de pedalar, voc\u00ea tamb\u00e9m precisa conhecer todos os mecanismos e componentes de uma bicicleta.<\/span><\/div>\n<div><\/div>\n<div><span style=\"font-size: 110%;\">Al\u00e9m disso, voc\u00ea precisa conhecer as pe\u00e7as principais e n\u00e3o as utilize se n\u00e3o as conhecer, inclusive os garfos da bicicleta. Suponhamos que voc\u00ea queira melhorar a qualidade de condu\u00e7\u00e3o de sua mountain bike; tente atualizar os garfos da bicicleta com suspens\u00e3o. Vamos nos aprofundar nos detalhes dos garfos da mountain bike.<\/span><\/div>\n<h3><span style=\"font-size: 110%;\">1: O que \u00e9 um garfo de bicicleta de estrada?<\/span><\/h3>\n<div><span style=\"font-size: 110%;\">O garfo da bicicleta de estrada \u00e9 a pe\u00e7a mais importante e vital do equipamento, pois suaviza a superf\u00edcie da trilha e absorve todos os impactos. Al\u00e9m disso, o garfo melhora a tra\u00e7\u00e3o, a velocidade, o controle e os impactos. No entanto, n\u00e3o \u00e9 f\u00e1cil controlar totalmente a tra\u00e7\u00e3o sem um garfo e uma suspens\u00e3o adequados.<\/span><\/div>\n<h3><span style=\"font-size: 110%;\">2: Como funciona o garfo da bicicleta de estrada?<\/span><\/h3>\n<div><span style=\"font-size: 110%;\">O garfo da motocicleta oferece contrapostos confort\u00e1veis constru\u00eddos em torno de estanques de 40 mm; com um curso enorme de 203 mm, o garfo \u00e9 naturalmente r\u00edgido e responsivo \u00e0 situa\u00e7\u00e3o.<\/span><\/div>\n<div><\/div>\n<div><span style=\"font-size: 110%;\">Ele tamb\u00e9m economiza peso ao redor da coroa e downforce. O tubo interno de grande volume tem um curso linear e tokens de volume que proporcionam uma compress\u00e3o precisa.<\/span><\/div>\n<div><\/div>\n<h3><span style=\"font-size: 110%;\">3: Qual \u00e9 o garfo certo para mim?<\/span><\/h3>\n<div><span style=\"font-size: 110%;\">Antes de comprar um garfo de suspens\u00e3o para bicicleta, voc\u00ea precisa conhecer a natureza da sua bicicleta.<\/span><\/div>\n<div><\/div>\n<div><span style=\"font-size: 110%;\">As mountain bikes de cross-country geralmente t\u00eam de 80 a 120 mm de suspens\u00e3o. As bicicletas de reboque t\u00eam uma faixa de 120 a 140 mm e as bicicletas all-mountain t\u00eam entre 150 e 170 mm.<\/span><\/div>\n<h3><span style=\"font-size: 110%;\">4: \u00c9 dif\u00edcil controlar o garfo da bicicleta?<\/span><\/h3>\n<div><span style=\"font-size: 110%;\">O controle do amortecimento \u00e9 fundamental: quanto mais voc\u00ea viajar, mais dif\u00edcil ser\u00e1 controlar os garfos da bicicleta. No entanto, n\u00e3o \u00e9 dif\u00edcil controlar o desempenho com o amortecimento de rebote ajust\u00e1vel; o garfo acaba retornando suavemente.<\/span><\/div>\n<div><\/div>\n<div><span style=\"font-size: 110%;\">Os garfos avan\u00e7ados t\u00eam amortecimento de compress\u00e3o e ajudam a mola a desacelerar e absorver o impacto.<\/span><\/div>\n<h3><span style=\"font-size: 110%;\">5: Por que comprar de n\u00f3s?<\/span><\/h3>\n<div><span style=\"font-size: 110%;\">Conhecemos o melhor tipo de suspens\u00e3o de garfo de bicicleta; tamb\u00e9m podemos lhe fornecer todas as informa\u00e7\u00f5es \u00fateis sobre o garfo dianteiro e traseiro e a suspens\u00e3o. Mesmo que voc\u00ea n\u00e3o conhe\u00e7a a natureza e o mecanismo da sua bicicleta, podemos orient\u00e1-lo com todas as informa\u00e7\u00f5es t\u00e9cnicas.<\/span><\/div>","protected":false},"excerpt":{"rendered":"<p>Acquista forcelle per biciclette da strada (prezzi di vendita interi) Cerchi Forcelle per Bici da Strada? Sei nel posto giusto perch\u00e9 vendiamo forcelle per bici di alta qualit\u00e0 a prezzi all&#8217;ingrosso. Le forcelle per bici sono un&#8217;aggiunta incredibile alle avventure su due ruote. Inoltre, le MTB sono uno degli stili di bici pi\u00f9 popolari sia [&#8230;]\n","protected":false},"author":2,"featured_media":0,"parent":0,"menu_order":27,"comment_status":"closed","ping_status":"closed","template":"","meta":{"footnotes":""},"class_list":["post-8431","page","type-page","status-publish","hentry"],"_links":{"self":[{"href":"https:\/\/bici-bici.it\/pt\/wp-json\/wp\/v2\/pages\/8431","targetHints":{"allow":["GET"]}}],"collection":[{"href":"https:\/\/bici-bici.it\/pt\/wp-json\/wp\/v2\/pages"}],"about":[{"href":"https:\/\/bici-bici.it\/pt\/wp-json\/wp\/v2\/types\/page"}],"author":[{"embeddable":true,"href":"https:\/\/bici-bici.it\/pt\/wp-json\/wp\/v2\/users\/2"}],"replies":[{"embeddable":true,"href":"https:\/\/bici-bici.it\/pt\/wp-json\/wp\/v2\/comments?post=8431"}],"version-history":[{"count":0,"href":"https:\/\/bici-bici.it\/pt\/wp-json\/wp\/v2\/pages\/8431\/revisions"}],"wp:attachment":[{"href":"https:\/\/bici-bici.it\/pt\/wp-json\/wp\/v2\/media?parent=8431"}],"curies":[{"name":"wp","href":"https:\/\/api.w.org\/{rel}","templated":true}]}}