{"id":1493,"date":"2016-10-14T02:02:22","date_gmt":"2016-10-14T02:02:22","guid":{"rendered":"https:\/\/demo.wpthemego.com\/themes\/sw_autusin\/demo3\/?page_id=1493"},"modified":"2023-09-01T08:52:13","modified_gmt":"2023-09-01T08:52:13","slug":"su-di-noi","status":"publish","type":"page","link":"https:\/\/bici-bici.it\/pt\/sobre-nos\/","title":{"rendered":"Sobre n\u00f3s"},"content":{"rendered":"<h1>Sobre n\u00f3s<\/h1>\n\n  <div class=\"banner has-hover has-parallax\" id=\"banner-1000868602\">\n          <div class=\"banner-inner fill\">\n        <div class=\"banner-bg fill\" data-parallax=\"-10\" data-parallax-container=\".banner\" data-parallax-background>\n            <img loading=\"lazy\" decoding=\"async\" width=\"999\" height=\"640\" src=\"https:\/\/bici-bici.it\/wp-content\/uploads\/2021\/04\/bike.jpeg\" class=\"bg attachment-original size-original\" alt=\"bicicleta sobre\" \/>                        <div class=\"overlay\"><\/div>            \n                    <\/div>\n\t\t\n        <div class=\"banner-layers container\">\n            <div class=\"fill banner-link\"><\/div>            \n\n   <div id=\"text-box-1981282602\" class=\"text-box banner-layer x50 md-x50 lg-x50 y50 md-y50 lg-y50 res-text\">\n                                <div class=\"text-box-content text dark\">\n              \n              <div class=\"text-inner text-center\">\n                  \n\n<h3 class=\"uppercase\">SOBRE N\u00d3S<\/h3>\n<p>BICI-BICI.IT<\/p>\n<a href=\"https:\/\/bici-bici.it\/pt\/product-category\/biciclette\/\" target=\"_blank\" class=\"button white is-outline\" rel=\"noopener\"  >\n\t\t<span>DESCOBRIR<\/span>\n\t<\/a>\n\n\n\n              <\/div>\n           <\/div>\n                            \n<style>\n#text-box-1981282602 {\n  width: 60%;\n}\n#text-box-1981282602 .text-box-content {\n  font-size: 100%;\n}\n<\/style>\n    <\/div>\n \n\n        <\/div>\n      <\/div>\n\n            \n<style>\n#banner-1000868602 {\n  padding-top: 300px;\n}\n#banner-1000868602 .overlay {\n  background-color: rgba(0,0,0,.5);\n}\n#banner-1000868602 .banner-bg img {\n  object-position: 0% 55%;\n}\n<\/style>\n  <\/div>\n\n\n\n\t<section class=\"section\" id=\"section_246644057\">\n\t\t<div class=\"section-bg fill\" >\n\t\t\t\t\t\t\t\t\t<div class=\"section-bg-overlay absolute fill\"><\/div>\n\t\t\t\n\n\t\t<\/div>\n\n\t\t\n\n\t\t<div class=\"section-content relative\">\n\t\t\t\n\n<div class=\"row row-collapse row-full-width align-middle\"  id=\"row-2044994608\">\n\n\n\t<div id=\"col-1210783250\" class=\"col medium-6 small-12 large-6\"  >\n\t\t\t\t<div class=\"col-inner text-center\"  >\n\t\t\t\n\t\t\t\n\n\t<div id=\"text-557337286\" class=\"text\">\n\t\t\n\n<h2>bici-bici.it<\/h2>\n<p style=\"text-align: justify;\">Na bici-bici.co.uk, a loja on-line de ciclismo, temos tudo o que voc\u00ea precisa para o seu esporte favorito. Em nossa loja, voc\u00ea pode encontrar as melhores marcas do setor a pre\u00e7os acess\u00edveis. N\u00e3o importa se voc\u00ea est\u00e1 apenas come\u00e7ando no ciclismo ou se est\u00e1 competindo em n\u00edvel profissional, temos todos os tipos de produtos para diferentes tipos de ciclismo e para diferentes n\u00edveis. Voc\u00ea encontrar\u00e1 as roupas perfeitas para suas viagens de ciclismo, jaquetas, camisetas e shorts t\u00e9cnicos, mas tamb\u00e9m capacetes, \u00f3culos, luvas e v\u00e1rios acess\u00f3rios. Tamb\u00e9m temos uma ampla variedade de produtos para a boa manuten\u00e7\u00e3o da sua bicicleta e pequenos reparos. Temos uma grande sele\u00e7\u00e3o de cal\u00e7ados t\u00e9cnicos para ciclismo e muitas bicicletas a pre\u00e7os inacredit\u00e1veis. N\u00f3s o vestimos da cabe\u00e7a aos p\u00e9s para andar de bicicleta com conforto e seguran\u00e7a. Em nosso site, voc\u00ea pode encontrar constantemente promo\u00e7\u00f5es, novos produtos e as melhores ofertas do mercado.<\/p>\n\t\t\n<style>\n#text-557337286 {\n  text-align: left;\n}\n<\/style>\n\t<\/div>\n\t\n\n\t\t<\/div>\n\t\t\t\t\n<style>\n#col-1210783250 > .col-inner {\n  padding: 10% 10% 10% 0%;\n  max-width: 520px;\n}\n<\/style>\n\t<\/div>\n\n\t\n\n\t<div id=\"col-609001319\" class=\"col medium-6 small-12 large-6\"  >\n\t\t\t\t<div class=\"col-inner\"  >\n\t\t\t\n\t\t\t\n\n\t<div class=\"img has-hover x md-x lg-x y md-y lg-y\" id=\"image_124358336\">\n\t\t\t\t\t\t\t\t<div class=\"img-inner image-cover dark\" style=\"padding-top:427px;\">\n\t\t\t<img loading=\"lazy\" decoding=\"async\" width=\"612\" height=\"408\" src=\"https:\/\/bici-bici.it\/wp-content\/uploads\/2021\/09\/gettyimages-516178656-612x612-1.jpg\" class=\"attachment-large size-large\" alt=\"Bicicletas de corrida de fim de s\u00e9rie\" srcset=\"https:\/\/bici-bici.it\/wp-content\/uploads\/2021\/09\/gettyimages-516178656-612x612-1.jpg 612w, https:\/\/bici-bici.it\/wp-content\/uploads\/2021\/09\/gettyimages-516178656-612x612-1-64x43.jpg 64w, https:\/\/bici-bici.it\/wp-content\/uploads\/2021\/09\/gettyimages-516178656-612x612-1-600x400.jpg 600w\" sizes=\"auto, (max-width: 612px) 100vw, 612px\" \/>\t\t\t\t\t\t\n\t\t\t\t\t<\/div>\n\t\t\t\t\t\t\t\t\n<style>\n#image_124358336 {\n  width: 100%;\n}\n<\/style>\n\t<\/div>\n\t\n\n\n\t\t<\/div>\n\t\t\t\t\t<\/div>\n\n\t\n\n<\/div>\n\n\t\t<\/div>\n\n\t\t\n<style>\n#section_246644057 {\n  padding-top: 0px;\n  padding-bottom: 0px;\n  background-color: rgb(247, 247, 247);\n}\n#section_246644057 .section-bg-overlay {\n  background-color: rgba(255, 255, 255, 0.85);\n}\n<\/style>\n\t<\/section>","protected":false},"excerpt":{"rendered":"<p>Sobre n\u00f3s<\/p>","protected":false},"author":1,"featured_media":0,"parent":0,"menu_order":24,"comment_status":"closed","ping_status":"closed","template":"","meta":{"footnotes":""},"class_list":["post-1493","page","type-page","status-publish","hentry"],"_links":{"self":[{"href":"https:\/\/bici-bici.it\/pt\/wp-json\/wp\/v2\/pages\/1493","targetHints":{"allow":["GET"]}}],"collection":[{"href":"https:\/\/bici-bici.it\/pt\/wp-json\/wp\/v2\/pages"}],"about":[{"href":"https:\/\/bici-bici.it\/pt\/wp-json\/wp\/v2\/types\/page"}],"author":[{"embeddable":true,"href":"https:\/\/bici-bici.it\/pt\/wp-json\/wp\/v2\/users\/1"}],"replies":[{"embeddable":true,"href":"https:\/\/bici-bici.it\/pt\/wp-json\/wp\/v2\/comments?post=1493"}],"version-history":[{"count":0,"href":"https:\/\/bici-bici.it\/pt\/wp-json\/wp\/v2\/pages\/1493\/revisions"}],"wp:attachment":[{"href":"https:\/\/bici-bici.it\/pt\/wp-json\/wp\/v2\/media?parent=1493"}],"curies":[{"name":"wp","href":"https:\/\/api.w.org\/{rel}","templated":true}]}}