{"id":12691,"date":"2023-09-01T07:27:14","date_gmt":"2023-09-01T07:27:14","guid":{"rendered":"https:\/\/bici-bici.it\/?page_id=12691"},"modified":"2023-09-01T08:50:39","modified_gmt":"2023-09-01T08:50:39","slug":"sitemap","status":"publish","type":"page","link":"https:\/\/bici-bici.it\/pt\/mapa-do-site\/","title":{"rendered":"Mapa do site"},"content":{"rendered":"<section class=\"section\" id=\"section_50777906\">\n\t\t<div class=\"section-bg fill\" >\n\t\t\t\t\t\t\t\t\t\n\t\t\t\n\n\t\t<\/div>\n\n\t\t\n\n\t\t<div class=\"section-content relative\">\n\t\t\t\n<div class=\"row align-center\"  id=\"row-672822750\">\n\n\t<div id=\"col-4370370\" class=\"col medium-10 small-12 large-10\"  >\n\t\t\t\t<div class=\"col-inner text-center\"  >\n\t\t\t\n\t\t\t\n<h2 class=\"uppercase\">Bici Bici Mapa do site<\/h2>\n<div class=\"rank-math-html-sitemap\"><div class=\"rank-math-html-sitemap__section rank-math-html-sitemap__section--post-type rank-math-html-sitemap__section--post\"><h2 class=\"rank-math-html-sitemap__title\">Posts<\/h2><ul class=\"rank-math-html-sitemap__list\"><li class=\"rank-math-html-sitemap__item\"><a href=\"https:\/\/bici-bici.it\/pt\/blog\/quante-ore-allenarsi-per-migliorare-la-resistenza-in-bici\/\" class=\"rank-math-html-sitemap__link\">Quante ore allenarsi per migliorare la resistenza in bici?<\/a> <span class=\"rank-math-html-sitemap__date\">(abril 18, 2026)<\/span><\/li><li class=\"rank-math-html-sitemap__item\"><a href=\"https:\/\/bici-bici.it\/pt\/blog\/qual-e-il-miglior-allenamento-per-ciclismo-endurance\/\" class=\"rank-math-html-sitemap__link\">Qual \u00e8 il miglior allenamento per ciclismo endurance?<\/a> <span class=\"rank-math-html-sitemap__date\">(abril 18, 2026)<\/span><\/li><li class=\"rank-math-html-sitemap__item\"><a href=\"https:\/\/bici-bici.it\/pt\/blog\/quanto-tempo-serve-per-migliorare-la-resistenza\/\" class=\"rank-math-html-sitemap__link\">Quanto tempo serve per migliorare la resistenza?<\/a> <span class=\"rank-math-html-sitemap__date\">(abril 16, 2026)<\/span><\/li><li class=\"rank-math-html-sitemap__item\"><a href=\"https:\/\/bici-bici.it\/pt\/blog\/come-cambiare-camera-daria-bici-gravel\/\" class=\"rank-math-html-sitemap__link\">come cambiare camera d&#039;aria bici gravel<\/a> <span class=\"rank-math-html-sitemap__date\">(abril 16, 2026)<\/span><\/li><li class=\"rank-math-html-sitemap__item\"><a href=\"https:\/\/bici-bici.it\/pt\/blog\/in-salita-meglio-mtb-26-o-29\/\" class=\"rank-math-html-sitemap__link\">In salita meglio MTB 26 o 29?<\/a> <span class=\"rank-math-html-sitemap__date\">(janeiro 4, 2026)<\/span><\/li><li class=\"rank-math-html-sitemap__item\"><a href=\"https:\/\/bici-bici.it\/pt\/blog\/ofertas-de-mountain-bike\/\" class=\"rank-math-html-sitemap__link\">Ofertas de Mountain Bike<\/a> <span class=\"rank-math-html-sitemap__date\">(novembro 20, 2023)<\/span><\/li><li class=\"rank-math-html-sitemap__item\"><a href=\"https:\/\/bici-bici.it\/pt\/blog\/bicicleta-com-amortecedores-dianteiros-e-traseiros\/\" class=\"rank-math-html-sitemap__link\">Bicicleta com amortecedores dianteiros e traseiros<\/a> <span class=\"rank-math-html-sitemap__date\">(setembro 2, 2023)<\/span><\/li><li class=\"rank-math-html-sitemap__item\"><a href=\"https:\/\/bici-bici.it\/pt\/blog\/mtb-27-5-in-offerta-fine-serie\/\" class=\"rank-math-html-sitemap__link\">MTB 27.5 em oferta de fim de s\u00e9rie<\/a> <span class=\"rank-math-html-sitemap__date\">(agosto 28, 2023)<\/span><\/li><li class=\"rank-math-html-sitemap__item\"><a href=\"https:\/\/bici-bici.it\/pt\/blog\/pontos-de-ciclismo-mais-populares-no-lago-de-garda\/\" class=\"rank-math-html-sitemap__link\">Locais mais populares para ciclismo no Lago de Garda<\/a> <span class=\"rank-math-html-sitemap__date\">(agosto 14, 2023)<\/span><\/li><li class=\"rank-math-html-sitemap__item\"><a href=\"https:\/\/bici-bici.it\/pt\/blog\/loja-de-bicicletas-mtb\/\" class=\"rank-math-html-sitemap__link\">Loja de bicicletas MTB<\/a> <span class=\"rank-math-html-sitemap__date\">(agosto 11, 2023)<\/span><\/li><li class=\"rank-math-html-sitemap__item\"><a href=\"https:\/\/bici-bici.it\/pt\/blog\/selim-para-bicicleta\/\" class=\"rank-math-html-sitemap__link\">Como posso encontrar um selim de bicicleta confort\u00e1vel?<\/a> <span class=\"rank-math-html-sitemap__date\">(julho 9, 2023)<\/span><\/li><li class=\"rank-math-html-sitemap__item\"><a href=\"https:\/\/bici-bici.it\/pt\/blog\/o-que-procurar-no-material-de-um-quadro-de-bicicleta\/\" class=\"rank-math-html-sitemap__link\">O que procurar em um material de quadro de bicicleta\u00a0<\/a> <span class=\"rank-math-html-sitemap__date\">(julho 8, 2023)<\/span><\/li><li class=\"rank-math-html-sitemap__item\"><a href=\"https:\/\/bici-bici.it\/pt\/blog\/resolucao-e-orientacao-sobre-falhas-e-problemas-de-bicicletas-eletricas\/\" class=\"rank-math-html-sitemap__link\">Falhas e problemas com bicicletas el\u00e9tricas: resolu\u00e7\u00e3o e conselhos<\/a> <span class=\"rank-math-html-sitemap__date\">(maio 30, 2023)<\/span><\/li><li class=\"rank-math-html-sitemap__item\"><a href=\"https:\/\/bici-bici.it\/pt\/blog\/manutencao-de-bicicletas-eletricas\/\" class=\"rank-math-html-sitemap__link\">Manuten\u00e7\u00e3o de bicicletas el\u00e9tricas: 6 dicas b\u00e1sicas para um passeio tranquilo<\/a> <span class=\"rank-math-html-sitemap__date\">(maio 30, 2023)<\/span><\/li><li class=\"rank-math-html-sitemap__item\"><a href=\"https:\/\/bici-bici.it\/pt\/blog\/como-trancar-sua-bicicleta-com-seguranca-dicas-de-quais-cadeados-escolher-2\/\" class=\"rank-math-html-sitemap__link\">Como trancar sua bicicleta com seguran\u00e7a<\/a> <span class=\"rank-math-html-sitemap__date\">(mar\u00e7o 1, 2023)<\/span><\/li><li class=\"rank-math-html-sitemap__item\"><a href=\"https:\/\/bici-bici.it\/pt\/blog\/5-atualizacoes-essenciais-para-melhorar-sua-experiencia-de-ciclismo\/\" class=\"rank-math-html-sitemap__link\">5 atualiza\u00e7\u00f5es essenciais para melhorar sua experi\u00eancia de ciclismo<\/a> <span class=\"rank-math-html-sitemap__date\">(fevereiro 9, 2023)<\/span><\/li><li class=\"rank-math-html-sitemap__item\"><a href=\"https:\/\/bici-bici.it\/pt\/blog\/5-habilidades-que-todo-ciclista-deve-dominar\/\" class=\"rank-math-html-sitemap__link\">5 habilidades que todo ciclista deve dominar<\/a> <span class=\"rank-math-html-sitemap__date\">(dezembro 19, 2022)<\/span><\/li><li class=\"rank-math-html-sitemap__item\"><a href=\"https:\/\/bici-bici.it\/pt\/blog\/dor-no-joelho-ao-andar-de-bicicleta\/\" class=\"rank-math-html-sitemap__link\">Dor no joelho ao andar de bicicleta<\/a> <span class=\"rank-math-html-sitemap__date\">(dezembro 18, 2022)<\/span><\/li><li class=\"rank-math-html-sitemap__item\"><a href=\"https:\/\/bici-bici.it\/pt\/blog\/principais-etapas-dos-cuidados-com-a-bicicleta\/\" class=\"rank-math-html-sitemap__link\">Cuidados com a bicicleta - PRINCIPAIS ETAPAS<\/a> <span class=\"rank-math-html-sitemap__date\">(dezembro 17, 2022)<\/span><\/li><li class=\"rank-math-html-sitemap__item\"><a href=\"https:\/\/bici-bici.it\/pt\/blog\/escolha-uma-bicicleta-infantil-adequada-a-sua-altura-2\/\" class=\"rank-math-html-sitemap__link\">Escolha uma bicicleta infantil adequada \u00e0 altura da crian\u00e7a<\/a> <span class=\"rank-math-html-sitemap__date\">(dezembro 17, 2022)<\/span><\/li><li class=\"rank-math-html-sitemap__item\"><a href=\"https:\/\/bici-bici.it\/pt\/blog\/bolsa-para-bicicleta\/\" class=\"rank-math-html-sitemap__link\">Bolsa para bicicleta - variedades e diferen\u00e7as<\/a> <span class=\"rank-math-html-sitemap__date\">(dezembro 5, 2022)<\/span><\/li><li class=\"rank-math-html-sitemap__item\"><a href=\"https:\/\/bici-bici.it\/pt\/blog\/13-instrumentos-para-ciclistas\/\" class=\"rank-math-html-sitemap__link\">13 Ferramentas no arsenal de um verdadeiro ciclista<\/a> <span class=\"rank-math-html-sitemap__date\">(dezembro 1, 2022)<\/span><\/li><li class=\"rank-math-html-sitemap__item\"><a href=\"https:\/\/bici-bici.it\/pt\/blog\/bicicleta-roubada-leia-o-que-fazer-a-seguir-2\/\" class=\"rank-math-html-sitemap__link\">Bicicleta roubada?<\/a> <span class=\"rank-math-html-sitemap__date\">(novembro 7, 2022)<\/span><\/li><li class=\"rank-math-html-sitemap__item\"><a href=\"https:\/\/bici-bici.it\/pt\/blog\/escolhendo-uma-bicicleta-9-dicas-para-iniciantes-2\/\" class=\"rank-math-html-sitemap__link\">Escolhendo uma bicicleta: 9 dicas para iniciantes<\/a> <span class=\"rank-math-html-sitemap__date\">(outubro 12, 2022)<\/span><\/li><li class=\"rank-math-html-sitemap__item\"><a href=\"https:\/\/bici-bici.it\/pt\/blog\/almofada-para-ciclismo\/\" class=\"rank-math-html-sitemap__link\">Almofada de ciclismo<\/a> <span class=\"rank-math-html-sitemap__date\">(setembro 15, 2022)<\/span><\/li><li class=\"rank-math-html-sitemap__item\"><a href=\"https:\/\/bici-bici.it\/pt\/blog\/os-melhores-dispositivos-antifurto-para-bicicletas-2\/\" class=\"rank-math-html-sitemap__link\">Como evitar o roubo de sua bicicleta?<\/a> <span class=\"rank-math-html-sitemap__date\">(setembro 13, 2022)<\/span><\/li><li class=\"rank-math-html-sitemap__item\"><a href=\"https:\/\/bici-bici.it\/pt\/blog\/como-escolher-e-por-que-os-oculos-para-ciclismo-sao-importantes\/\" class=\"rank-math-html-sitemap__link\">Como escolher \u00f3culos para ciclismo<\/a> <span class=\"rank-math-html-sitemap__date\">(setembro 5, 2022)<\/span><\/li><li class=\"rank-math-html-sitemap__item\"><a href=\"https:\/\/bici-bici.it\/pt\/blog\/materiais-e-modelos-diferentes-de-quadros-de-bicicletas\/\" class=\"rank-math-html-sitemap__link\">Quadros de bicicletas, materiais e modelos diferentes - 4 tipos<\/a> <span class=\"rank-math-html-sitemap__date\">(setembro 1, 2022)<\/span><\/li><li class=\"rank-math-html-sitemap__item\"><a href=\"https:\/\/bici-bici.it\/pt\/blog\/o-capacete-certo-para-bicicletas\/\" class=\"rank-math-html-sitemap__link\">Como escolher o capacete de bicicleta correto<\/a> <span class=\"rank-math-html-sitemap__date\">(setembro 1, 2022)<\/span><\/li><li class=\"rank-math-html-sitemap__item\"><a href=\"https:\/\/bici-bici.it\/pt\/blog\/quadro-de-bicicleta-de-carbono-e-quebrado-2\/\" class=\"rank-math-html-sitemap__link\">Como saber se o quadro da bicicleta de carbono est\u00e1 quebrado?<\/a> <span class=\"rank-math-html-sitemap__date\">(outubro 1, 2021)<\/span><\/li><li class=\"rank-math-html-sitemap__item\"><a href=\"https:\/\/bici-bici.it\/pt\/blog\/como-soldar-um-quadro-de-bicicleta-2\/\" class=\"rank-math-html-sitemap__link\">Como soldar um quadro de bicicleta?<\/a> <span class=\"rank-math-html-sitemap__date\">(outubro 1, 2021)<\/span><\/li><\/ul><\/div><div class=\"rank-math-html-sitemap__section rank-math-html-sitemap__section--post-type rank-math-html-sitemap__section--page\"><h2 class=\"rank-math-html-sitemap__title\" data-no-translation=\"\" data-trp-gettext=\"\">P\u00e1ginas<\/h2><ul class=\"rank-math-html-sitemap__list\"><li class=\"rank-math-html-sitemap__item\"><a href=\"https:\/\/bici-bici.it\/pt\/mapa-do-site\/\" class=\"rank-math-html-sitemap__link\">Mapa do site<\/a> <span class=\"rank-math-html-sitemap__date\">(setembro 1, 2023)<\/span><\/li><li class=\"rank-math-html-sitemap__item\"><a href=\"https:\/\/bici-bici.it\/pt\/wto-33\/\" class=\"rank-math-html-sitemap__link\">CAMPAGNOLO BORA WTO 33<\/a> <span class=\"rank-math-html-sitemap__date\">(agosto 31, 2023)<\/span><\/li><li class=\"rank-math-html-sitemap__item\"><a href=\"https:\/\/bici-bici.it\/pt\/empresa-campagnolo\/\" class=\"rank-math-html-sitemap__link\">Campagnolo<\/a> <span class=\"rank-math-html-sitemap__date\">(agosto 31, 2023)<\/span><ul class=\"rank-math-html-sitemap__list\"><li class=\"rank-math-html-sitemap__item\"><a href=\"https:\/\/bici-bici.it\/pt\/empresa-campagnolo\/bora\/\" class=\"rank-math-html-sitemap__link\">Campagnolo Bora<\/a> <span class=\"rank-math-html-sitemap__date\">(agosto 31, 2023)<\/span><ul class=\"rank-math-html-sitemap__list\"><li class=\"rank-math-html-sitemap__item\"><a href=\"https:\/\/bici-bici.it\/pt\/empresa-campagnolo\/bora\/wto-ultra-33\/\" class=\"rank-math-html-sitemap__link\">Campagnolo Bora WTO Ultra 33<\/a> <span class=\"rank-math-html-sitemap__date\">(setembro 1, 2023)<\/span><\/li><li class=\"rank-math-html-sitemap__item\"><a href=\"https:\/\/bici-bici.it\/pt\/empresa-campagnolo\/bora\/wto-33-vs-45\/\" class=\"rank-math-html-sitemap__link\">CAMPAGNOLO Bora OMC 33 vs. 45<\/a> <span class=\"rank-math-html-sitemap__date\">(agosto 31, 2023)<\/span><\/li><li class=\"rank-math-html-sitemap__item\"><a href=\"https:\/\/bici-bici.it\/pt\/empresa-campagnolo\/bora\/wto-45\/\" class=\"rank-math-html-sitemap__link\">CAMPAGNOLO BORA WTO 45<\/a> <span class=\"rank-math-html-sitemap__date\">(agosto 31, 2023)<\/span><\/li><\/ul><\/li><\/ul><\/li><li class=\"rank-math-html-sitemap__item\"><a href=\"https:\/\/bici-bici.it\/pt\/bicicletas-eletricas\/\" class=\"rank-math-html-sitemap__link\">Bicicletas el\u00e9tricas<\/a> <span class=\"rank-math-html-sitemap__date\">(agosto 30, 2023)<\/span><ul class=\"rank-math-html-sitemap__list\"><li class=\"rank-math-html-sitemap__item\"><a href=\"https:\/\/bici-bici.it\/pt\/bicicletas-eletricas\/ebike-com-acelerador\/\" class=\"rank-math-html-sitemap__link\">Bicicleta eletr\u00f4nica com acelerador<\/a> <span class=\"rank-math-html-sitemap__date\">(setembro 22, 2023)<\/span><\/li><li class=\"rank-math-html-sitemap__item\"><a href=\"https:\/\/bici-bici.it\/pt\/bicicletas-eletricas\/economico\/\" class=\"rank-math-html-sitemap__link\">Bicicletas el\u00e9tricas baratas<\/a> <span class=\"rank-math-html-sitemap__date\">(julho 7, 2023)<\/span><\/li><li class=\"rank-math-html-sitemap__item\"><a href=\"https:\/\/bici-bici.it\/pt\/bicicletas-eletricas\/usado\/\" class=\"rank-math-html-sitemap__link\">Bicicletas el\u00e9tricas usadas<\/a> <span class=\"rank-math-html-sitemap__date\">(dezembro 27, 2022)<\/span><\/li><\/ul><\/li><li class=\"rank-math-html-sitemap__item\"><a href=\"https:\/\/bici-bici.it\/pt\/suspensao-total-para-mtb\/\" class=\"rank-math-html-sitemap__link\">Suspens\u00e3o total para MTB<\/a> <span class=\"rank-math-html-sitemap__date\">(agosto 30, 2023)<\/span><ul class=\"rank-math-html-sitemap__list\"><li class=\"rank-math-html-sitemap__item\"><a href=\"https:\/\/bici-bici.it\/pt\/suspensao-total-para-mtb\/carbono\/\" class=\"rank-math-html-sitemap__link\">MTB de carbono com suspens\u00e3o total<\/a> <span class=\"rank-math-html-sitemap__date\">(agosto 30, 2023)<\/span><ul class=\"rank-math-html-sitemap__list\"><li class=\"rank-math-html-sitemap__item\"><a href=\"https:\/\/bici-bici.it\/pt\/suspensao-total-para-mtb\/carbono\/29-fim-da-serie\/\" class=\"rank-math-html-sitemap__link\">Bicicleta de montanha de carbono de 29\" para o fim da s\u00e9rie!<\/a> <span class=\"rank-math-html-sitemap__date\">(junho 27, 2023)<\/span><\/li><li class=\"rank-math-html-sitemap__item\"><a href=\"https:\/\/bici-bici.it\/pt\/suspensao-total-para-mtb\/carbono\/quanto-custa-um-mtb-em-carbono\/\" class=\"rank-math-html-sitemap__link\">Quanto custa uma MTB de carbono?<\/a> <span class=\"rank-math-html-sitemap__date\">(junho 26, 2023)<\/span><\/li><\/ul><\/li><li class=\"rank-math-html-sitemap__item\"><a href=\"https:\/\/bici-bici.it\/pt\/suspensao-total-para-mtb\/27-5\/\" class=\"rank-math-html-sitemap__link\">Suspens\u00e3o total de MTB 27,5<\/a> <span class=\"rank-math-html-sitemap__date\">(agosto 30, 2023)<\/span><\/li><li class=\"rank-math-html-sitemap__item\"><a href=\"https:\/\/bici-bici.it\/pt\/suspensao-total-para-mtb\/29-bicicletas\/\" class=\"rank-math-html-sitemap__link\">MTB Full Suspension 29<\/a> <span class=\"rank-math-html-sitemap__date\">(agosto 30, 2023)<\/span><\/li><\/ul><\/li><li class=\"rank-math-html-sitemap__item\"><a href=\"https:\/\/bici-bici.it\/pt\/mtb-mono-o-biamping\/\" class=\"rank-math-html-sitemap__link\">MTB Mono ou Bi-eixo<\/a> <span class=\"rank-math-html-sitemap__date\">(agosto 30, 2023)<\/span><\/li><li class=\"rank-math-html-sitemap__item\"><a href=\"https:\/\/bici-bici.it\/pt\/como-escolher-o-splitboard\/\" class=\"rank-math-html-sitemap__link\">Como escolher um splitboard?<\/a> <span class=\"rank-math-html-sitemap__date\">(julho 23, 2023)<\/span><\/li><li class=\"rank-math-html-sitemap__item\"><a href=\"https:\/\/bici-bici.it\/pt\/mochila-mtb\/\" class=\"rank-math-html-sitemap__link\">Mochila para MTB<\/a> <span class=\"rank-math-html-sitemap__date\">(julho 5, 2023)<\/span><\/li><li class=\"rank-math-html-sitemap__item\"><a href=\"https:\/\/bici-bici.it\/pt\/bicicleta-colnago-c68\/\" class=\"rank-math-html-sitemap__link\">Bicicleta Colnago C68<\/a> <span class=\"rank-math-html-sitemap__date\">(julho 2, 2023)<\/span><\/li><li class=\"rank-math-html-sitemap__item\"><a href=\"https:\/\/bici-bici.it\/pt\/mountain-bike-masculina\/\" class=\"rank-math-html-sitemap__link\">Homens de mountain bike<\/a> <span class=\"rank-math-html-sitemap__date\">(junho 29, 2023)<\/span><\/li><li class=\"rank-math-html-sitemap__item\"><a href=\"https:\/\/bici-bici.it\/pt\/bicicleta-eletrica-barata-da-china-2\/\" class=\"rank-math-html-sitemap__link\">Bicicleta el\u00e9trica chinesa barata<\/a> <span class=\"rank-math-html-sitemap__date\">(junho 25, 2023)<\/span><\/li><li class=\"rank-math-html-sitemap__item\"><a href=\"https:\/\/bici-bici.it\/pt\/como-pintar-um-quadro-de-bicicleta\/\" class=\"rank-math-html-sitemap__link\">Como pintar um quadro de bicicleta<\/a> <span class=\"rank-math-html-sitemap__date\">(agosto 28, 2022)<\/span><\/li><li class=\"rank-math-html-sitemap__item\"><a href=\"https:\/\/bici-bici.it\/pt\/pacote-de-rodas-dentadas\/\" class=\"rank-math-html-sitemap__link\">Cassetes e pacotes de rodas dentadas para bicicletas<\/a> <span class=\"rank-math-html-sitemap__date\">(dezembro 24, 2021)<\/span><\/li><li class=\"rank-math-html-sitemap__item\"><a href=\"https:\/\/bici-bici.it\/pt\/luvas-para-mountain-bike-mtb\/\" class=\"rank-math-html-sitemap__link\">Luvas para MTB - Mountain bike<\/a> <span class=\"rank-math-html-sitemap__date\">(dezembro 22, 2021)<\/span><\/li><li class=\"rank-math-html-sitemap__item\"><a href=\"https:\/\/bici-bici.it\/pt\/rodas-de-bicicleta\/\" class=\"rank-math-html-sitemap__link\">Rodas de bicicleta<\/a> <span class=\"rank-math-html-sitemap__date\">(outubro 1, 2021)<\/span><\/li><li class=\"rank-math-html-sitemap__item\"><a href=\"https:\/\/bici-bici.it\/pt\/politica-de-privacidade\/\" class=\"rank-math-html-sitemap__link\">POL\u00cdTICA DE PRIVACIDADE<\/a> <span class=\"rank-math-html-sitemap__date\">(setembro 29, 2021)<\/span><\/li><li class=\"rank-math-html-sitemap__item\"><a href=\"https:\/\/bici-bici.it\/pt\/prazos-de-remessa-e-entrega\/\" class=\"rank-math-html-sitemap__link\">PRAZOS DE REMESSA E ENTREGA<\/a> <span class=\"rank-math-html-sitemap__date\">(setembro 28, 2021)<\/span><\/li><li class=\"rank-math-html-sitemap__item\"><a href=\"https:\/\/bici-bici.it\/pt\/metodos-de-pagamento\/\" class=\"rank-math-html-sitemap__link\">M\u00c9TODOS DE PAGAMENTO<\/a> <span class=\"rank-math-html-sitemap__date\">(setembro 27, 2021)<\/span><\/li><li class=\"rank-math-html-sitemap__item\"><a href=\"https:\/\/bici-bici.it\/pt\/ordem-de-processo\/\" class=\"rank-math-html-sitemap__link\">PROCESSO DE PEDIDO<\/a> <span class=\"rank-math-html-sitemap__date\">(setembro 27, 2021)<\/span><\/li><li class=\"rank-math-html-sitemap__item\"><a href=\"https:\/\/bici-bici.it\/pt\/politica-de-reembolso-e-devolucao\/\" class=\"rank-math-html-sitemap__link\">Pol\u00edtica de reembolso e devolu\u00e7\u00e3o<\/a> <span class=\"rank-math-html-sitemap__date\">(setembro 17, 2021)<\/span><\/li><li class=\"rank-math-html-sitemap__item\"><a href=\"https:\/\/bici-bici.it\/pt\/presilhas-de-bicicleta\/\" class=\"rank-math-html-sitemap__link\">Grampos de bicicleta<\/a> <span class=\"rank-math-html-sitemap__date\">(mar\u00e7o 22, 2021)<\/span><\/li><li class=\"rank-math-html-sitemap__item\"><a href=\"https:\/\/bici-bici.it\/pt\/amortecedor-traseiro-para-mountain-bike\/\" class=\"rank-math-html-sitemap__link\">Amortecedor traseiro para mountain bikes<\/a> <span class=\"rank-math-html-sitemap__date\">(mar\u00e7o 20, 2021)<\/span><\/li><li class=\"rank-math-html-sitemap__item\"><a href=\"https:\/\/bici-bici.it\/pt\/manivelas-para-bicicletas-de-estrada\/\" class=\"rank-math-html-sitemap__link\">Manivelas para bicicletas de estrada<\/a> <span class=\"rank-math-html-sitemap__date\">(fevereiro 26, 2021)<\/span><\/li><li class=\"rank-math-html-sitemap__item\"><a href=\"https:\/\/bici-bici.it\/pt\/pastilhas-de-freio-de-bicicleta\/\" class=\"rank-math-html-sitemap__link\">Pastilhas de freio de bicicleta<\/a> <span class=\"rank-math-html-sitemap__date\">(fevereiro 26, 2021)<\/span><\/li><li class=\"rank-math-html-sitemap__item\"><a href=\"https:\/\/bici-bici.it\/pt\/quadros-de-mountain-bike\/\" class=\"rank-math-html-sitemap__link\">Quadro de mountain bike<\/a> <span class=\"rank-math-html-sitemap__date\">(fevereiro 26, 2021)<\/span><\/li><li class=\"rank-math-html-sitemap__item\"><a href=\"https:\/\/bici-bici.it\/pt\/garfos-de-bicicleta-2\/\" class=\"rank-math-html-sitemap__link\">Garfos de bicicleta<\/a> <span class=\"rank-math-html-sitemap__date\">(fevereiro 26, 2021)<\/span><\/li><li class=\"rank-math-html-sitemap__item\"><a href=\"https:\/\/bici-bici.it\/pt\/sobre-nos\/\" class=\"rank-math-html-sitemap__link\">Sobre n\u00f3s<\/a> <span class=\"rank-math-html-sitemap__date\">(outubro 14, 2016)<\/span><\/li><li class=\"rank-math-html-sitemap__item\"><a href=\"https:\/\/bici-bici.it\/pt\/carrinho\/\" class=\"rank-math-html-sitemap__link\">Carrinho<\/a> <span class=\"rank-math-html-sitemap__date\">(setembro 27, 2016)<\/span><\/li><li class=\"rank-math-html-sitemap__item\"><a href=\"https:\/\/bici-bici.it\/pt\/blog\/\" class=\"rank-math-html-sitemap__link\">Blog<\/a> <span class=\"rank-math-html-sitemap__date\">(agosto 11, 2013)<\/span><\/li><li class=\"rank-math-html-sitemap__item\"><a href=\"https:\/\/bici-bici.it\/pt\/\" class=\"rank-math-html-sitemap__link\">Pontos de venda de bicicletas na Europa<\/a> <span class=\"rank-math-html-sitemap__date\">(agosto 6, 2013)<\/span><\/li><\/ul><\/div><div class=\"rank-math-html-sitemap__section rank-math-html-sitemap__section--post-type rank-math-html-sitemap__section--product\"><h2 class=\"rank-math-html-sitemap__title\">Produtos<\/h2><ul class=\"rank-math-html-sitemap__list\"><\/ul><\/div><div class=\"rank-math-html-sitemap__section rank-math-html-sitemap__section--taxonomy rank-math-html-sitemap__section--category\"><h2 class=\"rank-math-html-sitemap__title\" data-no-translation=\"\" data-trp-gettext=\"\">Categorias<\/h2><ul class=\"rank-math-html-sitemap__list\"><li class=\"rank-math-html-sitemap__item\"><a href=\"https:\/\/bici-bici.it\/pt\/blog\/\" class=\"rank-math-html-sitemap__link\">Blog<\/a><\/li><\/ul><\/div><\/div>\n\t\t<\/div>\n\t\t\t\t\t<\/div>\n\n\t\n<\/div>\n\t\t<\/div>\n\n\t\t\n<style>\n#section_50777906 {\n  padding-top: 60px;\n  padding-bottom: 60px;\n  min-height: 300px;\n  background-color: rgb(245, 245, 245);\n}\n<\/style>\n\t<\/section>","protected":false},"excerpt":{"rendered":"","protected":false},"author":1,"featured_media":0,"parent":0,"menu_order":0,"comment_status":"closed","ping_status":"closed","template":"","meta":{"footnotes":""},"class_list":["post-12691","page","type-page","status-publish","hentry"],"_links":{"self":[{"href":"https:\/\/bici-bici.it\/pt\/wp-json\/wp\/v2\/pages\/12691","targetHints":{"allow":["GET"]}}],"collection":[{"href":"https:\/\/bici-bici.it\/pt\/wp-json\/wp\/v2\/pages"}],"about":[{"href":"https:\/\/bici-bici.it\/pt\/wp-json\/wp\/v2\/types\/page"}],"author":[{"embeddable":true,"href":"https:\/\/bici-bici.it\/pt\/wp-json\/wp\/v2\/users\/1"}],"replies":[{"embeddable":true,"href":"https:\/\/bici-bici.it\/pt\/wp-json\/wp\/v2\/comments?post=12691"}],"version-history":[{"count":0,"href":"https:\/\/bici-bici.it\/pt\/wp-json\/wp\/v2\/pages\/12691\/revisions"}],"wp:attachment":[{"href":"https:\/\/bici-bici.it\/pt\/wp-json\/wp\/v2\/media?parent=12691"}],"curies":[{"name":"wp","href":"https:\/\/api.w.org\/{rel}","templated":true}]}}