{"id":12649,"date":"2023-08-31T20:20:58","date_gmt":"2023-08-31T20:20:58","guid":{"rendered":"https:\/\/bici-bici.it\/?page_id=12649"},"modified":"2023-09-02T21:07:19","modified_gmt":"2023-09-02T21:07:19","slug":"wto-45","status":"publish","type":"page","link":"https:\/\/bici-bici.it\/pt\/empresa-campagnolo\/bora\/wto-45\/","title":{"rendered":"CAMPAGNOLO BORA WTO 45"},"content":{"rendered":"<section class=\"section\" id=\"section_263576474\">\n\t\t<div class=\"section-bg fill\" >\n\t\t\t\t\t\t\t\t\t\n\t\t\t\n\n\t\t<\/div>\n\n\t\t\n\n\t\t<div class=\"section-content relative\">\n\t\t\t\n<div class=\"row align-center\"  id=\"row-895650603\">\n\n\t<div id=\"col-1531485080\" class=\"col medium-10 small-12 large-10\"  >\n\t\t\t\t<div class=\"col-inner text-center\"  >\n\t\t\t\n\t\t\t\n<div class=\"container section-title-container\" ><h1 class=\"section-title section-title-normal\"><b><\/b><span class=\"section-title-main\" >Campagnolo Bora OMC 45<\/span><b><\/b><\/h1><\/div>\n\t<div class=\"img has-hover x md-x lg-x y md-y lg-y\" id=\"image_86639441\">\n\t\t\t\t\t\t\t\t<div class=\"img-inner image-cover dark\" style=\"padding-top:56.25%;\">\n\t\t\t<img loading=\"lazy\" decoding=\"async\" width=\"1020\" height=\"680\" src=\"https:\/\/bici-bici.it\/wp-content\/uploads\/2023\/08\/Campagnolo-Bora-WTO-45-disk-wheelset.jpg\" class=\"attachment-large size-large\" alt=\"Conjunto de rodas a disco Campagnolo Bora WTO 45\" srcset=\"https:\/\/bici-bici.it\/wp-content\/uploads\/2023\/08\/Campagnolo-Bora-WTO-45-disk-wheelset.jpg 1200w, https:\/\/bici-bici.it\/wp-content\/uploads\/2023\/08\/Campagnolo-Bora-WTO-45-disk-wheelset-800x533.jpg 800w, https:\/\/bici-bici.it\/wp-content\/uploads\/2023\/08\/Campagnolo-Bora-WTO-45-disk-wheelset-64x43.jpg 64w, https:\/\/bici-bici.it\/wp-content\/uploads\/2023\/08\/Campagnolo-Bora-WTO-45-disk-wheelset-600x400.jpg 600w, https:\/\/bici-bici.it\/wp-content\/uploads\/2023\/08\/Campagnolo-Bora-WTO-45-disk-wheelset-768x512.jpg 768w, https:\/\/bici-bici.it\/wp-content\/uploads\/2023\/08\/Campagnolo-Bora-WTO-45-disk-wheelset-18x12.jpg 18w\" sizes=\"auto, (max-width: 1020px) 100vw, 1020px\" \/>\t\t\t\t\t\t\n\t\t\t\t\t<\/div>\n\t\t\t\t\t\t\t\t\n<style>\n#image_86639441 {\n  width: 100%;\n}\n<\/style>\n\t<\/div>\n\t\n<h2 class=\"uppercase\" style=\"text-align: left;\"><\/h2>\n<h2 style=\"text-align: left;\"><span style=\"font-size: 110%;\"><em><strong>Campagnolo Bora WTO 45: a evolu\u00e7\u00e3o das rodas de alto desempenho<\/strong><\/em><\/span><\/h2>\n<p class=\"whitespace-pre-wrap\" style=\"text-align: left;\"><span style=\"font-size: 110%;\">Com seus exclusivos aros de 45 mm de largura, as rodas Campagnolo Bora WTO 45 representam a evolu\u00e7\u00e3o mais avan\u00e7ada no mundo das rodas lenticulares de alto desempenho para uso em estrada. Vamos descobrir em detalhes todas as tecnologias inovadoras que fazem da Bora WTO 45 a nova fronteira da velocidade no ciclismo de estrada.<\/span><\/p>\n<blockquote>\n<p style=\"text-align: left;\"><span style=\"font-size: 110%;\">Rodas Campagnolo Bora Serie em estoque:<\/span><\/p>\n<\/blockquote>\n<p style=\"text-align: left;\"><a href=\"https:\/\/www.campagnolo.com\/it-it\/bora-wto-45\/WWRBORAWTO45.html\" target=\"_blank\" rel=\"noopener\"><span style=\"font-size: 110%;\">Campagnolo Bora OMC 45<\/span><\/a><br \/>\n<a href=\"https:\/\/bici-bici.it\/pt\/azienda-campagnolo\/bora\/wto-33\/\" target=\"_blank\" rel=\"noopener\"><span style=\"font-size: 110%;\">Campagnolo Bora OMC 33<\/span><\/a><br \/>\n<span style=\"font-size: 110%;\">Campagnolo Bora ULTRA<\/span><br \/>\n<span style=\"font-size: 110%;\">Campagnolo Bora ONE 50<\/span><\/p>\n<h2 style=\"text-align: left;\"><span style=\"font-size: 110%;\">Perfil lenticular de 45 mm em C-LUX<\/span><\/h2>\n<p class=\"whitespace-pre-wrap\" style=\"text-align: left;\"><span style=\"font-size: 110%;\">O foco do <a href=\"https:\/\/bici-bici.it\/pt\/empresa-campagnolo\/bora\/\" target=\"_blank\" rel=\"noopener\">Campagnolo Bora<\/a> WTO 45 s\u00e3o os revolucion\u00e1rios aros lenticulares de 45 mm de largura, fabricados exclusivamente com fibra de carbono de alto m\u00f3dulo (HM) e resina l\u00edquida C-LUX.<\/span><\/p>\n<p class=\"whitespace-pre-wrap\" style=\"text-align: left;\"><span style=\"font-size: 110%;\">Essa resina termopl\u00e1stica de alto desempenho, desenvolvida e patenteada nos laborat\u00f3rios da Campagnolo, possibilitou a obten\u00e7\u00e3o de um perfil lenticular de 45 mm extremamente r\u00edgido e reativo, com um aumento na resist\u00eancia ao impacto e ao estresse de at\u00e9 50% em compara\u00e7\u00e3o com os carbonetos tradicionais.<\/span><\/p>\n<p class=\"whitespace-pre-wrap\" style=\"text-align: left;\"><span style=\"font-size: 110%;\">A Bora WTO 45 estabelece novos padr\u00f5es em termos de rela\u00e7\u00e3o rigidez\/peso e capacidade de fazer a motocicleta \"voar\", mantendo um baixo peso.<\/span><\/p>\n<blockquote>\n<p style=\"text-align: left;\"><a href=\"https:\/\/bici-bici.it\/pt\/empresa-campagnolo\/bora\/wto-33-vs-45\/\" target=\"_blank\" rel=\"noopener\">Compare CAMPAGNOLO Bora WTO 33 vs 45<\/a><\/p>\n<\/blockquote>\n<h2 style=\"text-align: left;\"><span style=\"font-size: 110%;\">Projeto otimizado do t\u00fanel de vento<\/span><\/h2>\n<p class=\"whitespace-pre-wrap\" style=\"text-align: left;\"><span style=\"font-size: 110%;\">Como todas as rodas Campagnolo topo de linha, o perfil dos aros Bora WTO 45 foi inteiramente projetado e testado no centro de pesquisa e desenvolvimento da Campagnolo, com seu pr\u00f3prio t\u00fanel de vento.<\/span><\/p>\n<p class=\"whitespace-pre-wrap\" style=\"text-align: left;\"><span style=\"font-size: 110%;\">Os engenheiros trabalharam exaustivamente para otimizar o formato lenticular de 45 mm, encontrando o equil\u00edbrio perfeito entre a penetra\u00e7\u00e3o aerodin\u00e2mica, a capacidade de lidar com ventos cruzados e o desempenho na chuva.<\/span><\/p>\n<p class=\"whitespace-pre-wrap\" style=\"text-align: left;\"><span style=\"font-size: 110%;\">O resultado \u00e9 uma roda extremamente est\u00e1vel em alta velocidade, que \"corta\" o ar de maneira excelente, garantindo a m\u00e1xima vantagem aerodin\u00e2mica em pistas planas e descidas t\u00e9cnicas.<\/span><\/p>\n<h2 style=\"text-align: left;\"><span style=\"font-size: 110%;\">Rigidez e conforto na estrada<\/span><\/h2>\n<p class=\"whitespace-pre-wrap\" style=\"text-align: left;\"><span style=\"font-size: 110%;\">A generosa se\u00e7\u00e3o de 45 mm dos aros Bora WTO 45 tem in\u00fameras vantagens quando usados na estrada. Em primeiro lugar, ela aumenta significativamente a rigidez lateral da roda, resultando em excepcional precis\u00e3o de dire\u00e7\u00e3o e capacidade de resposta.<\/span><\/p>\n<p class=\"whitespace-pre-wrap\" style=\"text-align: left;\"><span style=\"font-size: 110%;\">Ele tamb\u00e9m permite o uso de press\u00f5es de infla\u00e7\u00e3o muito baixas, aumentando o conforto em superf\u00edcies irregulares e melhorando a ader\u00eancia \u00e0 estrada. Por fim, o perfil lenticular amortece as vibra\u00e7\u00f5es causadas pela aspereza do asfalto.<\/span><\/p>\n<p class=\"whitespace-pre-wrap\" style=\"text-align: left;\"><span style=\"font-size: 110%;\">O resultado \u00e9 um novo n\u00edvel de desempenho na estrada, com controle, conforto e velocidade no mais alto n\u00edvel.<\/span><\/p>\n<h2 style=\"text-align: left;\"><span style=\"font-size: 110%;\">Baixo peso<\/span><\/h2>\n<p class=\"whitespace-pre-wrap\" style=\"text-align: left;\"><span style=\"font-size: 110%;\">Apesar do perfil alto de 45 mm e dos materiais de alta qualidade utilizados, o peso da Bora WTO 45 permanece bastante baixo. O conjunto completo de rodas pesa apenas 1.395 gramas, o que \u00e9 um valor realmente excelente quando comparado a produtos concorrentes com caracter\u00edsticas semelhantes.<\/span><\/p>\n<p class=\"whitespace-pre-wrap\" style=\"text-align: left;\"><span style=\"font-size: 110%;\">A Campagnolo conseguiu a fa\u00e7anha de criar uma roda lenticular grande e, ao mesmo tempo, manter um peso razo\u00e1vel que n\u00e3o afeta negativamente o desempenho.<\/span><\/p>\n<h2 style=\"text-align: left;\"><span style=\"font-size: 110%;\">Tecnologia MoMag para centraliza\u00e7\u00e3o<\/span><\/h2>\n<p class=\"whitespace-pre-wrap\" style=\"text-align: left;\"><span style=\"font-size: 110%;\">O exclusivo sistema MoMag desenvolvido pela Campagnolo utiliza componentes magn\u00e9ticos integrados nos cubos para manter os raios perfeitamente centralizados.<\/span><\/p>\n<p class=\"whitespace-pre-wrap\" style=\"text-align: left;\"><span style=\"font-size: 110%;\">Os raios s\u00e3o literalmente atra\u00eddos para o centro da roda sem a necessidade de ajustes. Essa tecnologia patenteada garante centraliza\u00e7\u00e3o e tens\u00e3o consistentes ao longo do tempo, o que \u00e9 essencial para obter o m\u00e1ximo de uma roda de alto desempenho.<\/span><\/p>\n<h2 style=\"text-align: left;\"><span style=\"font-size: 110%;\">Rolamentos USB de cer\u00e2mica<\/span><\/h2>\n<p class=\"whitespace-pre-wrap\" style=\"text-align: left;\"><span style=\"font-size: 110%;\">Outro elemento de alta tecnologia do Bora WTO 45 s\u00e3o os rolamentos USB de cer\u00e2mica fabricados pela Campagnolo. Fabricados com esferas e pistas de cer\u00e2mica de alt\u00edssimo desempenho, esses rolamentos reduzem o atrito ao m\u00ednimo e garantem sil\u00eancio e suavidade incompar\u00e1veis.<\/span><\/p>\n<p class=\"whitespace-pre-wrap\" style=\"text-align: left;\"><span style=\"font-size: 110%;\">Em compara\u00e7\u00e3o com os modelos tradicionais de a\u00e7o, os rolamentos de cer\u00e2mica proporcionam um aumento significativo na capacidade de resposta e na agilidade da roda, al\u00e9m de maior durabilidade.<\/span><\/p>\n<h2 style=\"text-align: left;\"><span style=\"font-size: 110%;\">Perfeitamente equilibrado com o G3 Symmetric<\/span><\/h2>\n<p class=\"whitespace-pre-wrap\" style=\"text-align: left;\"><span style=\"font-size: 110%;\">A tecnologia G3 Symmetric exige que o perfil dos aros dianteiro e traseiro sejam perfeitamente id\u00eanticos e sim\u00e9tricos. Isso resulta em um equil\u00edbrio ideal da roda e da bicicleta como um todo.<\/span><\/p>\n<p class=\"whitespace-pre-wrap\" style=\"text-align: left;\"><span style=\"font-size: 110%;\">Al\u00e9m disso, o design sim\u00e9trico G3 uniformiza a distribui\u00e7\u00e3o da tens\u00e3o nos raios das duas rodas, minimizando as cargas e maximizando a longevidade e a durabilidade do Bora WTO 45, mesmo ap\u00f3s milhares de quil\u00f4metros de uso intenso.<\/span><\/p>\n<h2 style=\"text-align: left;\"><span style=\"font-size: 110%;\">Fabricado em Campagnolo: 100% Qualidade italiana<\/span><\/h2>\n<p class=\"whitespace-pre-wrap\" style=\"text-align: left;\"><span style=\"font-size: 110%;\">Como todas as rodas e componentes Campagnolo, as rodas Bora WTO 45 s\u00e3o projetadas, concebidas e fabricadas a 100% nas instala\u00e7\u00f5es da Campagnolo na prov\u00edncia de Vicenza, It\u00e1lia.<\/span><\/p>\n<p class=\"whitespace-pre-wrap\" style=\"text-align: left;\"><span style=\"font-size: 110%;\">\u00c9 um dos poucos fabricantes de rodas de alta qualidade do mundo que mant\u00e9m controle total sobre toda a cadeia de produ\u00e7\u00e3o, garantindo qualidade consistente de acordo com os melhores padr\u00f5es italianos do setor.<\/span><\/p>\n<h2 style=\"text-align: left;\"><span style=\"font-size: 110%;\">Quando escolher o Bora WTO 45<\/span><\/h2>\n<p class=\"whitespace-pre-wrap\" style=\"text-align: left;\"><span style=\"font-size: 110%;\">Com a combina\u00e7\u00e3o perfeita de velocidade, controle e conforto, as Bora WTO 45s s\u00e3o adequadas para uso esportivo e profissional. S\u00e3o a escolha ideal para:<\/span><\/p>\n<ul class=\"list-disc pl-8 space-y-2\" style=\"text-align: left;\">\n<li class=\"whitespace-normal\"><span style=\"font-size: 110%;\">Ciclistas profissionais ou amadores que competem nas corridas de granfondo mais exigentes<\/span><\/li>\n<li class=\"whitespace-normal\"><span style=\"font-size: 110%;\">Entusiastas do triatlo e do contrarrel\u00f3gio<\/span><\/li>\n<li class=\"whitespace-normal\"><span style=\"font-size: 110%;\">Rotas particularmente ventosas onde a estabilidade \u00e9 necess\u00e1ria<\/span><\/li>\n<li class=\"whitespace-normal\"><span style=\"font-size: 110%;\">Aqueles que buscam controle m\u00e1ximo em alta velocidade<\/span><\/li>\n<li class=\"whitespace-normal\"><span style=\"font-size: 110%;\">Uso di\u00e1rio para aqueles que desejam desempenho superior em longas dist\u00e2ncias<\/span><\/li>\n<\/ul>\n<h2 style=\"text-align: left;\"><span style=\"font-size: 110%;\">Cuidados e manuten\u00e7\u00e3o<\/span><\/h2>\n<p class=\"whitespace-pre-wrap\" style=\"text-align: left;\"><span style=\"font-size: 110%;\">Para preservar o desempenho excepcional da Bora WTO 45 ao longo do tempo, a Campagnolo recomenda a limpeza adequada e a manuten\u00e7\u00e3o peri\u00f3dica.<\/span><\/p>\n<p class=\"whitespace-pre-wrap\" style=\"text-align: left;\"><span style=\"font-size: 110%;\">Em especial, limpe os aros frequentemente com \u00e1gua e sab\u00e3o neutro, substitua as pastilhas de freio quando estiverem gastas, verifique a centraliza\u00e7\u00e3o uma vez por ano e relubrifique os rolamentos a cada 6 meses.<\/span><\/p>\n<p class=\"whitespace-pre-wrap\" style=\"text-align: left;\"><span style=\"font-size: 110%;\">Pequenos retoques para garantir que os Bora WTO 45s continuem a oferecer seu potencial por muitos quil\u00f4metros sem falhas.<\/span><\/p>\n<h2 style=\"text-align: left;\"><span style=\"font-size: 110%;\">Quando substituir os Bora WTO 45s<\/span><\/h2>\n<p class=\"whitespace-pre-wrap\" style=\"text-align: left;\"><span style=\"font-size: 110%;\">Quando usados corretamente, os Bora WTO 45s podem facilmente durar at\u00e9 50.000 km ou mais antes de precisarem ser substitu\u00eddos.<\/span><\/p>\n<p class=\"whitespace-pre-wrap\" style=\"text-align: left;\"><span style=\"font-size: 110%;\">Os sintomas cl\u00e1ssicos que indicam o fim da vida \u00fatil das rodas s\u00e3o aros visivelmente desgastados ou danificados, oscila\u00e7\u00e3o, desalinhamento e ru\u00eddo excessivo. Nesse momento, \u00e9 hora de substituir as rodas por um novo conjunto de Bora WTO 45s.<\/span><\/p>\n<h2 style=\"text-align: left;\"><span style=\"font-size: 110%;\">Conclus\u00f5es<\/span><\/h2>\n<p class=\"whitespace-pre-wrap\" style=\"text-align: left;\"><span style=\"font-size: 110%;\">As rodas Campagnolo Bora WTO 45 representam a express\u00e3o mais avan\u00e7ada do conceito de roda de alto desempenho. A combina\u00e7\u00e3o de um perfil lenticular avan\u00e7ado de 45 mm, a exclusiva tecnologia de carbono C-LUX e sistemas inovadores, como o MoMag, permite um desempenho de velocidade e controle sem precedentes.<\/span><\/p>\n<p class=\"whitespace-pre-wrap\" style=\"text-align: left;\"><span style=\"font-size: 110%;\">Os conjuntos de rodas Bora WTO 45 estabelecem novos padr\u00f5es e s\u00e3o voltados para os ciclistas mais exigentes que buscam constantemente o melhor. Gra\u00e7as \u00e0 Campagnolo, at\u00e9 mesmo as rodas, e n\u00e3o apenas os conjuntos de grupos, atingem n\u00edveis absolutos de excel\u00eancia Made in Italy. As rodas Bora WTO 45 s\u00e3o o futuro das rodas.<\/span><\/p>\n<h3 style=\"text-align: left;\"><span style=\"font-size: 110%;\"><strong>Perguntas frequentes sobre as rodas Campagnolo Bora WTO 45<\/strong><\/span><\/h3>\n<p style=\"text-align: left;\"><span style=\"font-size: 110%;\"><strong>1. O que \u00e9 o modelo Campagnolo Bora WTO 45?<\/strong> O modelo Campagnolo Bora WTO 45 \u00e9 uma vers\u00e3o espec\u00edfica das rodas de ciclismo Bora, produzidas pela empresa italiana Campagnolo. O n\u00famero \"45\" refere-se \u00e0 altura do perfil do aro, indicando um design aerodin\u00e2mico vers\u00e1til.<\/span><\/p>\n<p style=\"text-align: left;\"><span style=\"font-size: 110%;\"><strong>2. Quais s\u00e3o as principais caracter\u00edsticas do Campagnolo Bora WTO 45?<\/strong> As rodas Campagnolo Bora WTO 45 foram projetadas para oferecer um equil\u00edbrio entre aerodin\u00e2mica e versatilidade. Com um perfil de 45 mm, essas rodas oferecem desempenho adequado tanto para desafios em montanhas quanto para etapas r\u00e1pidas em terreno plano.<\/span><\/p>\n<p style=\"text-align: left;\"><span style=\"font-size: 110%;\"><strong>3. Quais s\u00e3o as vantagens das rodas Campagnolo Bora WTO 45 em rela\u00e7\u00e3o a outras rodas?<\/strong> As rodas Campagnolo Bora WTO 45 oferecem uma combina\u00e7\u00e3o de aerodin\u00e2mica e estabilidade aprimoradas gra\u00e7as ao seu perfil de altura intermedi\u00e1ria. Essas rodas s\u00e3o ideais para ciclistas que procuram uma op\u00e7\u00e3o vers\u00e1til para enfrentar diferentes condi\u00e7\u00f5es de pilotagem.<\/span><\/p>\n<p style=\"text-align: left;\"><span style=\"font-size: 110%;\"><strong>4. Existem vers\u00f5es do Campagnolo Bora WTO 45 para freios a disco e freios convencionais?<\/strong> Sim, as Campagnolo Bora WTO 45 est\u00e3o dispon\u00edveis em vers\u00f5es compat\u00edveis com freios a disco e freios com pastilhas tradicionais. Certifique-se de escolher o modelo certo de acordo com seu sistema de freios.<\/span><\/p>\n<p style=\"text-align: left;\"><span style=\"font-size: 110%;\"><strong>5. Os Campagnolo Bora WTO 45 s\u00e3o adequados para corridas?<\/strong> Com certeza, as rodas Campagnolo Bora WTO 45 foram projetadas tendo em mente um desempenho de alto n\u00edvel e podem ser usadas em competi\u00e7\u00f5es de estrada. No entanto, verifique os regulamentos espec\u00edficos das corridas das quais voc\u00ea pretende participar.<\/span><\/p>\n<p style=\"text-align: left;\"><span style=\"font-size: 110%;\"><strong>6. Que detalhes aerodin\u00e2micos foram considerados na Campagnolo Bora WTO 45?<\/strong> As rodas Campagnolo Bora WTO 45 s\u00e3o otimizadas para reduzir a resist\u00eancia ao ar gra\u00e7as a um perfil aerodin\u00e2mico. O design do aro e o perfil do cubo ajudam a melhorar a efici\u00eancia aerodin\u00e2mica e a velocidade.<\/span><\/p>\n<p style=\"text-align: left;\"><span style=\"font-size: 110%;\"><strong>7. Qual \u00e9 a melhor forma de manter e cuidar do meu Campagnolo Bora WTO 45?<\/strong> Para manter sua Campagnolo Bora WTO 45s em \u00f3timas condi\u00e7\u00f5es, fa\u00e7a uma limpeza regular, verifique a tens\u00e3o dos raios e inspecione o perfil do freio. Siga as diretrizes de manuten\u00e7\u00e3o fornecidas pela Campagnolo para garantir um desempenho consistente.<\/span><\/p>\n<p style=\"text-align: left;\"><span style=\"font-size: 110%;\"><strong>8. Onde posso comprar o Campagnolo Bora WTO 45 e encontrar pe\u00e7as de reposi\u00e7\u00e3o?<\/strong> Voc\u00ea pode comprar a Campagnolo Bora WTO 45 em revendedores autorizados ou lojas especializadas. Pe\u00e7as de reposi\u00e7\u00e3o podem estar dispon\u00edveis atrav\u00e9s da rede de distribui\u00e7\u00e3o oficial da Campagnolo.<\/span><\/p>\n<p style=\"text-align: left;\"><span style=\"font-size: 110%;\"><strong>9. H\u00e1 op\u00e7\u00f5es de personaliza\u00e7\u00e3o dispon\u00edveis para o Campagnolo Bora WTO 45?<\/strong> Algumas personaliza\u00e7\u00f5es podem estar dispon\u00edveis, como adesivos ou op\u00e7\u00f5es de cores. Verifique as op\u00e7\u00f5es de personaliza\u00e7\u00e3o no site oficial da Campagnolo ou em revendedores autorizados.<\/span><\/p>\n<p style=\"text-align: left;\"><span style=\"font-size: 110%;\"><strong>10. Que outras rodas Campagnolo s\u00e3o semelhantes \u00e0 Bora WTO 45?<\/strong> A Campagnolo oferece uma variedade de rodas, incluindo modelos Bora de v\u00e1rias alturas de perfil. Alguns modelos similares podem incluir Bora Ultra, Bora One e outros. Explore a linha completa no site oficial da Campagnolo.<\/span><\/p>\n\t\t<\/div>\n\t\t\t\t\t<\/div>\n\n\t\n<\/div>\n\t\t<\/div>\n\n\t\t\n<style>\n#section_263576474 {\n  padding-top: 60px;\n  padding-bottom: 60px;\n  min-height: 300px;\n  background-color: rgb(245, 245, 245);\n}\n<\/style>\n\t<\/section>","protected":false},"excerpt":{"rendered":"","protected":false},"author":1,"featured_media":12673,"parent":12635,"menu_order":1,"comment_status":"closed","ping_status":"closed","template":"","meta":{"footnotes":""},"class_list":["post-12649","page","type-page","status-publish","has-post-thumbnail","hentry"],"_links":{"self":[{"href":"https:\/\/bici-bici.it\/pt\/wp-json\/wp\/v2\/pages\/12649","targetHints":{"allow":["GET"]}}],"collection":[{"href":"https:\/\/bici-bici.it\/pt\/wp-json\/wp\/v2\/pages"}],"about":[{"href":"https:\/\/bici-bici.it\/pt\/wp-json\/wp\/v2\/types\/page"}],"author":[{"embeddable":true,"href":"https:\/\/bici-bici.it\/pt\/wp-json\/wp\/v2\/users\/1"}],"replies":[{"embeddable":true,"href":"https:\/\/bici-bici.it\/pt\/wp-json\/wp\/v2\/comments?post=12649"}],"version-history":[{"count":0,"href":"https:\/\/bici-bici.it\/pt\/wp-json\/wp\/v2\/pages\/12649\/revisions"}],"up":[{"embeddable":true,"href":"https:\/\/bici-bici.it\/pt\/wp-json\/wp\/v2\/pages\/12635"}],"wp:featuredmedia":[{"embeddable":true,"href":"https:\/\/bici-bici.it\/pt\/wp-json\/wp\/v2\/media\/12673"}],"wp:attachment":[{"href":"https:\/\/bici-bici.it\/pt\/wp-json\/wp\/v2\/media?parent=12649"}],"curies":[{"name":"wp","href":"https:\/\/api.w.org\/{rel}","templated":true}]}}