{"id":12633,"date":"2023-08-31T14:04:42","date_gmt":"2023-08-31T14:04:42","guid":{"rendered":"https:\/\/bici-bici.it\/?page_id=12633"},"modified":"2023-11-24T07:54:57","modified_gmt":"2023-11-24T07:54:57","slug":"azienda-campagnolo","status":"publish","type":"page","link":"https:\/\/bici-bici.it\/pt\/empresa-campagnolo\/","title":{"rendered":"Campagnolo"},"content":{"rendered":"<section class=\"section\" id=\"section_1727907422\">\n\t\t<div class=\"section-bg fill\" >\n\t\t\t\t\t\t\t\t\t\n\t\t\t\n\n\t\t<\/div>\n\n\t\t\n\n\t\t<div class=\"section-content relative\">\n\t\t\t\n<div class=\"row align-center\"  id=\"row-147413058\">\n\n\t<div id=\"col-1222174781\" class=\"col medium-10 small-12 large-10\"  >\n\t\t\t\t<div class=\"col-inner text-center\"  >\n\t\t\t\n\t\t\t\n<div class=\"container section-title-container\" ><h1 class=\"section-title section-title-center\"><b><\/b><span class=\"section-title-main\" >CAMPAGNOLO<\/span><b><\/b><\/h1><\/div>\n\t<div class=\"img has-hover x md-x lg-x y md-y lg-y\" id=\"image_770712453\">\n\t\t\t\t\t\t\t\t<div class=\"img-inner dark\" >\n\t\t\t<img loading=\"lazy\" decoding=\"async\" width=\"900\" height=\"500\" src=\"https:\/\/bici-bici.it\/wp-content\/uploads\/2023\/08\/campagnolo-s-r-l-logo-vector-transformed.png\" class=\"attachment-large size-large\" alt=\"registro campagnolo png\" srcset=\"https:\/\/bici-bici.it\/wp-content\/uploads\/2023\/08\/campagnolo-s-r-l-logo-vector-transformed.png 900w, https:\/\/bici-bici.it\/wp-content\/uploads\/2023\/08\/campagnolo-s-r-l-logo-vector-transformed-800x444.png 800w, https:\/\/bici-bici.it\/wp-content\/uploads\/2023\/08\/campagnolo-s-r-l-logo-vector-transformed-64x36.png 64w, https:\/\/bici-bici.it\/wp-content\/uploads\/2023\/08\/campagnolo-s-r-l-logo-vector-transformed-720x400.png 720w, https:\/\/bici-bici.it\/wp-content\/uploads\/2023\/08\/campagnolo-s-r-l-logo-vector-transformed-768x427.png 768w, https:\/\/bici-bici.it\/wp-content\/uploads\/2023\/08\/campagnolo-s-r-l-logo-vector-transformed-18x10.png 18w\" sizes=\"auto, (max-width: 900px) 100vw, 900px\" \/>\t\t\t\t\t\t\n\t\t\t\t\t<\/div>\n\t\t\t\t\t\t\t\t\n<style>\n#image_770712453 {\n  width: 69%;\n}\n<\/style>\n\t<\/div>\n\t\n<h2 style=\"text-align: left;\"><span style=\"font-size: 110%;\"><em><strong>Campagnolo: excel\u00eancia italiana na produ\u00e7\u00e3o de rodas de bicicleta<\/strong><\/em><\/span><\/h2>\n<p class=\"whitespace-pre-wrap\" style=\"text-align: left;\"><span style=\"font-size: 110%;\">A Campagnolo \u00e9 uma empresa italiana que \u00e9 um s\u00edmbolo mundial de inova\u00e7\u00e3o, tecnologia e paix\u00e3o pelo ciclismo. Fundada em 1933 em Vicenza pelo inventor Tullio Campagnolo, ela se tornou uma refer\u00eancia absoluta no design e na produ\u00e7\u00e3o de componentes de bicicletas de alta qualidade. Vamos descobrir a hist\u00f3ria, os produtos e os segredos do sucesso da Campagnolo, com foco espec\u00edfico nas rodas excepcionais que levam o nome dessa marca.<\/span><\/p>\n<h2 style=\"text-align: left;\"><span style=\"font-size: 110%;\">As origens e a intui\u00e7\u00e3o de Tullio Campagnolo<\/span><\/h2>\n<p class=\"whitespace-pre-wrap\" style=\"text-align: left;\"><span style=\"font-size: 110%;\">A hist\u00f3ria da Campagnolo come\u00e7ou em 1926, quando Tullio Campagnolo, ent\u00e3o com 20 anos, um ciclista entusiasta, desenvolveu um sistema para trocar rapidamente as marchas de uma bicicleta sem precisar remover a roda traseira. Essa foi a primeira ideia do rapido, precursor da caixa de c\u00e2mbio moderna.<\/span><\/p>\n<p class=\"whitespace-pre-wrap\" style=\"text-align: left;\"><span style=\"font-size: 110%;\">Em 1933, Tullio fundou a oficina que leva seu nome em Vicenza, onde iniciou a produ\u00e7\u00e3o da primeira caixa de c\u00e2mbio patenteada montada no guid\u00e3o. Um produto revolucion\u00e1rio, inspirado na experi\u00eancia direta de Tullio como piloto. Assim nasceu a Campagnolo, destinada a marcar a hist\u00f3ria dos componentes de ciclismo.<\/span><\/p>\n<h2 style=\"text-align: left;\"><span style=\"font-size: 110%;\">Desde as primeiras caixas de engrenagens mec\u00e2nicas at\u00e9 as unidades integradas<\/span><\/h2>\n<p class=\"whitespace-pre-wrap\" style=\"text-align: left;\"><span style=\"font-size: 110%;\">Nos anos seguintes, Campagnolo continuou a inovar, criando novos componentes, como o desviador traseiro, o cubo de libera\u00e7\u00e3o r\u00e1pida e os punhos de alum\u00ednio. Em 1950, ele criou o c\u00e2mbio de quadro Gran Sport, o precursor dos conjuntos de grupos modernos.<\/span><\/p>\n<p class=\"whitespace-pre-wrap\" style=\"text-align: left;\"><span style=\"font-size: 110%;\">Nas d\u00e9cadas de 1960 e 1970, surgiram os conjuntos de grupos integrados com desviador, alavancas de c\u00e2mbio, manivelas e rodas de raios de alum\u00ednio. Uma das inova\u00e7\u00f5es mais significativas foi o sistema Super Record de 1975, um precursor do sistema de transmiss\u00e3o por corrente projetado pela Colnago e considerado um marco na hist\u00f3ria da bicicleta de corrida.<\/span><\/p>\n<h2 style=\"text-align: left;\"><span style=\"font-size: 110%;\">A era dos materiais compostos e do \"made in Italy\".<\/span><\/h2>\n<p class=\"whitespace-pre-wrap\" style=\"text-align: left;\"><span style=\"font-size: 110%;\">A partir da d\u00e9cada de 1980, a Campagnolo aproveitou ao m\u00e1ximo os novos materiais compostos, como o carbono e o tit\u00e2nio, para tornar os componentes mais leves e melhorar a rigidez e a capacidade de resposta.<\/span><\/p>\n<p class=\"whitespace-pre-wrap\" style=\"text-align: left;\"><span style=\"font-size: 110%;\">Em 1983, ele lan\u00e7ou o conjunto de grupos de carbono Record, que era mais leve e mais r\u00edgido do que o a\u00e7o. Na d\u00e9cada de 1990, surgiram os grupos de tit\u00e2nio, enquanto hoje prevalece a fibra de carbono. A Campagnolo interpretou o conceito de \"made in Italy\" produzindo cada componente internamente em f\u00e1bricas italianas, com know-how artesanal exclusivo.<\/span><\/p>\n<h2 style=\"text-align: left;\"><span style=\"font-size: 110%;\">Expans\u00e3o internacional e os grupos mais avan\u00e7ados<\/span><\/h2>\n<p class=\"whitespace-pre-wrap\" style=\"text-align: left;\"><span style=\"font-size: 110%;\">A partir da d\u00e9cada de 1990, a Campagnolo iniciou um processo de expans\u00e3o comercial e de produ\u00e7\u00e3o em todo o mundo. Foram abertas unidades de produ\u00e7\u00e3o na Tun\u00edsia, Rom\u00eania e \u00c1sia, bem como na It\u00e1lia, para atender \u00e0 crescente demanda global.<\/span><\/p>\n<p class=\"whitespace-pre-wrap\" style=\"text-align: left;\"><span style=\"font-size: 110%;\">O compromisso constante com a pesquisa e o desenvolvimento levou ao lan\u00e7amento de conjuntos de grupos cada vez mais evolu\u00eddos, como o famoso Record dos anos 2000, at\u00e9 as mais recentes fronteiras tecnol\u00f3gicas do Super Record EPS e do Campagnolo 12 Speed, conjuntos de grupos eletr\u00f4nicos com 12 marchas que representam o topo da inova\u00e7\u00e3o dispon\u00edvel atualmente.<\/span><\/p>\n<h2 style=\"text-align: left;\"><span style=\"font-size: 110%;\">Produ\u00e7\u00e3o de rodas: uma excel\u00eancia da Campagnolo<\/span><\/h2>\n<p class=\"whitespace-pre-wrap\" style=\"text-align: left;\"><span style=\"font-size: 110%;\">Desde a d\u00e9cada de 1990, a Campagnolo expandiu sua produ\u00e7\u00e3o para rodas de bicicleta de alto desempenho, tornando-se uma refer\u00eancia nesse setor.<\/span><\/p>\n<p class=\"whitespace-pre-wrap\" style=\"text-align: left;\"><span style=\"font-size: 110%;\">Em 1994, ele lan\u00e7ou a lend\u00e1ria roda Bora, que ainda \u00e9 produzida at\u00e9 hoje, enquanto a d\u00e9cada de 2000 viu a chegada de outros modelos ic\u00f4nicos, como a Shamal, a Eurus e a Bullet, que equipam as bicicletas dos principais profissionais.<\/span><\/p>\n<p class=\"whitespace-pre-wrap\" style=\"text-align: left;\"><span style=\"font-size: 110%;\">Os segredos do sucesso s\u00e3o o uso de materiais de ponta, como fibra de carbono e nylon, combinados com tecnologias propriet\u00e1rias inovadoras que revolucionaram o mundo das rodas de bicicletas de corrida.<\/span><\/p>\n<h2 style=\"text-align: left;\"><span style=\"font-size: 110%;\">Cultura corporativa: paix\u00e3o e busca da excel\u00eancia<\/span><\/h2>\n<p class=\"whitespace-pre-wrap\" style=\"text-align: left;\"><span style=\"font-size: 110%;\">Por tr\u00e1s do sucesso da Campagnolo est\u00e3o alguns elementos-chave que caracterizam a cultura dessa realidade industrial italiana:<\/span><\/p>\n<ul class=\"list-disc pl-8 space-y-2\" style=\"text-align: left;\">\n<li class=\"whitespace-normal\"><span style=\"font-size: 110%;\">A paix\u00e3o pelo ciclismo como a raz\u00e3o de ser, que orienta cada escolha. A Campagnolo foi criada \"por ciclistas para ciclistas\".<\/span><\/li>\n<li class=\"whitespace-normal\"><span style=\"font-size: 110%;\">A busca cont\u00ednua pela excel\u00eancia tecnol\u00f3gica, com grande investimento em P&amp;D. Cada produto deve estabelecer novos padr\u00f5es de qualidade e desempenho.<\/span><\/li>\n<li class=\"whitespace-normal\"><span style=\"font-size: 110%;\">O esp\u00edrito pioneiro e a aten\u00e7\u00e3o \u00e0s necessidades dos ciclistas s\u00e3o traduzidos em inova\u00e7\u00f5es \u00fateis e eficazes.<\/span><\/li>\n<li class=\"whitespace-normal\"><span style=\"font-size: 110%;\">O trabalho artesanal meticuloso e a aten\u00e7\u00e3o obsessiva aos detalhes t\u00edpicos do made in Italy.<\/span><\/li>\n<li class=\"whitespace-normal\"><span style=\"font-size: 110%;\">Um v\u00ednculo profundo com o territ\u00f3rio e a comunidade na qual a Campagnolo est\u00e1 enraizada h\u00e1 quase 100 anos.<\/span><\/li>\n<\/ul>\n<h2 style=\"text-align: left;\"><span style=\"font-size: 110%;\">O futuro: tecnologia e sustentabilidade<\/span><\/h2>\n<p class=\"whitespace-pre-wrap\" style=\"text-align: left;\"><span style=\"font-size: 110%;\">A Campagnolo olha para o futuro, concentrando-se em inova\u00e7\u00e3o digital, eletr\u00f4nica e materiais compostos de \u00faltima gera\u00e7\u00e3o. O objetivo \u00e9 criar os produtos mais avan\u00e7ados para os entusiastas do ciclismo.<\/span><\/p>\n<p class=\"whitespace-pre-wrap\" style=\"text-align: left;\"><span style=\"font-size: 110%;\">Mas o futuro tamb\u00e9m est\u00e1 na sustentabilidade: a Campagnolo lan\u00e7ou projetos para tornar o ciclo de produ\u00e7\u00e3o neutro em carbono e usar materiais reciclados sem comprometer a qualidade e o desempenho. Um desafio que combina tecnologia de ponta e respeito ao meio ambiente.<\/span><\/p>\n<p class=\"whitespace-pre-wrap\" style=\"text-align: left;\"><span style=\"font-size: 110%;\">Em quase 100 anos de hist\u00f3ria, a Campagnolo escreveu p\u00e1ginas lend\u00e1rias da hist\u00f3ria do ciclismo, mantendo intactas a paix\u00e3o de suas origens e o esp\u00edrito inovador de Tullio Campagnolo. Hoje, ela ainda orienta a evolu\u00e7\u00e3o do ciclismo em dire\u00e7\u00e3o aos desafios do futuro.<\/span><\/p>\n<h3 style=\"text-align: left;\"><span style=\"font-size: 110%;\">Amanh\u00e3 Frequente:<\/span><\/h3>\n<p class=\"whitespace-pre-wrap\" style=\"text-align: left;\"><span style=\"font-size: 110%;\">D: <strong>Quem fundou a Campagnolo e quando?<\/strong><\/span><\/p>\n<p class=\"whitespace-pre-wrap\" style=\"text-align: left;\"><span style=\"font-size: 110%;\">R: A Campagnolo foi fundada em 1933 em Vicenza pelo inventor e ciclista Tullio Campagnolo.<\/span><\/p>\n<p class=\"whitespace-pre-wrap\" style=\"text-align: left;\"><span style=\"font-size: 110%;\">D: <strong>Qual foi a intui\u00e7\u00e3o original de Tullio Campagnolo?<\/strong><\/span><\/p>\n<p class=\"whitespace-pre-wrap\" style=\"text-align: left;\"><span style=\"font-size: 110%;\">R: Em 1927, Campagnolo desenvolveu um sistema para trocar rapidamente as marchas na bicicleta sem precisar remover a roda traseira, a primeira ideia da caixa de c\u00e2mbio moderna.<\/span><\/p>\n<p class=\"whitespace-pre-wrap\" style=\"text-align: left;\"><span style=\"font-size: 110%;\">D: <strong>Quais foram as principais inova\u00e7\u00f5es da Campagnolo no ciclismo?<\/strong><\/span><\/p>\n<p class=\"whitespace-pre-wrap\" style=\"text-align: left;\"><span style=\"font-size: 110%;\">R: A Campagnolo revolucionou o ciclismo com inven\u00e7\u00f5es como o desviador de guid\u00e3o, o desviador traseiro, conjuntos de grupos integrados e, mais recentemente, sistemas eletr\u00f4nicos.<\/span><\/p>\n<p class=\"whitespace-pre-wrap\" style=\"text-align: left;\"><span style=\"font-size: 110%;\">D: <strong>Quando a Campagnolo come\u00e7ou a produzir rodas de bicicleta?<\/strong><\/span><\/p>\n<p class=\"whitespace-pre-wrap\" style=\"text-align: left;\"><span style=\"font-size: 110%;\">R: A produ\u00e7\u00e3o de rodas de desempenho come\u00e7ou na d\u00e9cada de 1990 com modelos ic\u00f4nicos como o Bora em 1994.<\/span><\/p>\n<p class=\"whitespace-pre-wrap\" style=\"text-align: left;\"><span style=\"font-size: 110%;\">D: <strong>Quais materiais a Campagnolo utiliza para fabricar suas rodas?<\/strong><\/span><\/p>\n<p class=\"whitespace-pre-wrap\" style=\"text-align: left;\"><span style=\"font-size: 110%;\">R: A Campagnolo utiliza materiais de \u00faltima gera\u00e7\u00e3o, como fibra de carbono, fibra de n\u00e1ilon e resinas especiais. As rodas combinam habilidade e tecnologia.<\/span><\/p>\n<p class=\"whitespace-pre-wrap\" style=\"text-align: left;\"><span style=\"font-size: 110%;\">D: <strong>Quais s\u00e3o os modelos mais populares de rodas Campagnolo?<\/strong><\/span><\/p>\n<p class=\"whitespace-pre-wrap\" style=\"text-align: left;\"><span style=\"font-size: 110%;\">R: Os modelos ic\u00f4nicos s\u00e3o o Bora, o Shamal, o Eurus e o Bullet, equipados pelos melhores profissionais.<\/span><\/p>\n<p class=\"whitespace-pre-wrap\" style=\"text-align: left;\"><span style=\"font-size: 110%;\">D: <strong>Onde s\u00e3o produzidas as rodas Campagnolo?<\/strong><\/span><\/p>\n<p class=\"whitespace-pre-wrap\" style=\"text-align: left;\"><span style=\"font-size: 110%;\">R: A produ\u00e7\u00e3o \u00e9 realizada nas f\u00e1bricas da Campagnolo na It\u00e1lia e em outros locais do mundo, de acordo com os padr\u00f5es de qualidade da empresa matriz.<\/span><\/p>\n<p class=\"whitespace-pre-wrap\" style=\"text-align: left;\"><span style=\"font-size: 110%;\">D: <strong>Quais s\u00e3o os valores e a filosofia por tr\u00e1s do sucesso da Campagnolo?<\/strong><\/span><\/p>\n<p class=\"whitespace-pre-wrap\" style=\"text-align: left;\"><span style=\"font-size: 110%;\">R: Paix\u00e3o pelo ciclismo, busca pela excel\u00eancia, inova\u00e7\u00e3o, habilidade artesanal e conex\u00e3o com o territ\u00f3rio.<\/span><\/p>\n<p class=\"whitespace-pre-wrap\" style=\"text-align: left;\"><span style=\"font-size: 110%;\">D: <strong>Como ser\u00e1 o futuro da Campagnolo?<\/strong><\/span><\/p>\n<p class=\"whitespace-pre-wrap\" style=\"text-align: left;\"><span style=\"font-size: 110%;\">R: A Campagnolo se concentra em inova\u00e7\u00e3o, eletr\u00f4nica, materiais avan\u00e7ados e sustentabilidade para criar os produtos do futuro.<\/span><\/p>\n\t\t<\/div>\n\t\t\t\t\t<\/div>\n\n\t\n<\/div>\n\t\t<\/div>\n\n\t\t\n<style>\n#section_1727907422 {\n  padding-top: 60px;\n  padding-bottom: 60px;\n  min-height: 300px;\n  background-color: rgb(245, 245, 245);\n}\n<\/style>\n\t<\/section>","protected":false},"excerpt":{"rendered":"","protected":false},"author":1,"featured_media":0,"parent":0,"menu_order":0,"comment_status":"closed","ping_status":"closed","template":"","meta":{"footnotes":""},"class_list":["post-12633","page","type-page","status-publish","hentry"],"_links":{"self":[{"href":"https:\/\/bici-bici.it\/pt\/wp-json\/wp\/v2\/pages\/12633","targetHints":{"allow":["GET"]}}],"collection":[{"href":"https:\/\/bici-bici.it\/pt\/wp-json\/wp\/v2\/pages"}],"about":[{"href":"https:\/\/bici-bici.it\/pt\/wp-json\/wp\/v2\/types\/page"}],"author":[{"embeddable":true,"href":"https:\/\/bici-bici.it\/pt\/wp-json\/wp\/v2\/users\/1"}],"replies":[{"embeddable":true,"href":"https:\/\/bici-bici.it\/pt\/wp-json\/wp\/v2\/comments?post=12633"}],"version-history":[{"count":0,"href":"https:\/\/bici-bici.it\/pt\/wp-json\/wp\/v2\/pages\/12633\/revisions"}],"wp:attachment":[{"href":"https:\/\/bici-bici.it\/pt\/wp-json\/wp\/v2\/media?parent=12633"}],"curies":[{"name":"wp","href":"https:\/\/api.w.org\/{rel}","templated":true}]}}