{"id":12462,"date":"2023-07-02T12:08:31","date_gmt":"2023-07-02T12:08:31","guid":{"rendered":"https:\/\/bici-bici.it\/?page_id=12462"},"modified":"2023-09-23T10:27:42","modified_gmt":"2023-09-23T10:27:42","slug":"bici-colnago-c68","status":"publish","type":"page","link":"https:\/\/bici-bici.it\/pt\/bicicleta-colnago-c68\/","title":{"rendered":"Bicicleta Colnago C68"},"content":{"rendered":"<section class=\"section\" id=\"section_387291360\">\n\t\t<div class=\"section-bg fill\" >\n\t\t\t\t\t\t\t\t\t\n\t\t\t\n\n\t\t<\/div>\n\n\t\t\n\n\t\t<div class=\"section-content relative\">\n\t\t\t\n<div class=\"row align-center\"  id=\"row-1393226832\">\n\n\t<div id=\"col-807826717\" class=\"col medium-10 small-12 large-10\"  >\n\t\t\t\t<div class=\"col-inner text-center\"  >\n\t\t\t\n\t\t\t\n<h2><span style=\"font-size: 115%;\">BICICLETA COLNAGO C68<\/span><\/h2>\n<p style=\"text-align: left;\"><span style=\"font-size: 115%;\">D\u00ea uma olhada na BICI Colnago C68: A melhor companheira para 2023<\/span><\/p>\n<p><img loading=\"lazy\" decoding=\"async\" class=\"alignnone size-full wp-image-12467\" src=\"https:\/\/bici-bici.it\/wp-content\/uploads\/2023\/07\/colnago-c68-22.jpg\" alt=\"Colnago c68\" width=\"970\" height=\"647\" srcset=\"https:\/\/bici-bici.it\/wp-content\/uploads\/2023\/07\/colnago-c68-22.jpg 970w, https:\/\/bici-bici.it\/wp-content\/uploads\/2023\/07\/colnago-c68-22-800x534.jpg 800w, https:\/\/bici-bici.it\/wp-content\/uploads\/2023\/07\/colnago-c68-22-64x43.jpg 64w, https:\/\/bici-bici.it\/wp-content\/uploads\/2023\/07\/colnago-c68-22-600x400.jpg 600w, https:\/\/bici-bici.it\/wp-content\/uploads\/2023\/07\/colnago-c68-22-768x512.jpg 768w, https:\/\/bici-bici.it\/wp-content\/uploads\/2023\/07\/colnago-c68-22-18x12.jpg 18w\" sizes=\"auto, (max-width: 970px) 100vw, 970px\" \/><\/p>\n<div><\/div>\n<div>O novo carro-chefe do ciclismo feito na It\u00e1lia<\/div>\n<div><\/div>\n<div>Caros amantes de bicicletas, hoje quero apresent\u00e1-los a uma joia local que est\u00e1 fazendo os entusiastas das duas rodas sonharem: a Colnago C68. Essa bicicleta de corrida \u00e9 a mais recente da Colnago e est\u00e1 pronta para se tornar uma nova refer\u00eancia em desempenho e inova\u00e7\u00e3o tecnol\u00f3gica.<\/div>\n<div><\/div>\n<div>Vamos come\u00e7ar com a edi\u00e7\u00e3o 2022, que j\u00e1 surpreendeu os especialistas. No cora\u00e7\u00e3o da C68 est\u00e1 o quadro de fibra de carbono, projetado e constru\u00eddo inteiramente na It\u00e1lia pelos engenheiros da Colnago. Gra\u00e7as ao uso de novos materiais compostos, o quadro \u00e9 incrivelmente r\u00edgido e responsivo, para uma transmiss\u00e3o de pot\u00eancia inigual\u00e1vel para os pedais. A aerodin\u00e2mica tamb\u00e9m foi cuidadosamente considerada, com tubos perfilados que permitem que a C68 \"corte\" o ar de forma eficiente.<\/div>\n<div><\/div>\n<div>Outras vantagens da C68 mais recente s\u00e3o o trem de for\u00e7a Shimano Dura-Ace, para mudan\u00e7as milim\u00e9tricas perfeitas, e o sistema de freio a disco hidr\u00e1ulico, que proporciona pot\u00eancia e modulabilidade na frenagem. Por fim, as rodas Hutchinson de carbono, que ajudam a manter o peso total baixo.<\/div>\n<div><\/div>\n<div>E para 2023? Bem, ser\u00e1 dif\u00edcil melhorar essa obra-prima feita na It\u00e1lia, mas os engenheiros da Colnago nos acostumaram com o progresso constante. H\u00e1 rumores de materiais ainda mais exclusivos para o quadro e geometria revisada para aumentar a agilidade na estrada. Veremos!<\/div>\n<div><\/div>\n<div>Vamos agora falar sobre o pre\u00e7o. Voc\u00ea j\u00e1 deve ter percebido que, para levar essa joia italiana para casa, ser\u00e1 necess\u00e1rio um investimento significativo. Afinal de contas, estamos falando de uma motocicleta com componentes e materiais de primeira linha. Mas \u00e9 preciso comparar o custo com os benef\u00edcios em termos de desempenho, confiabilidade e prazer de pilotagem. Para aqueles que procuram o melhor, a C68 certamente vale a pena o investimento.<\/div>\n<div><\/div>\n<div>Em resumo, com seu C68 <a href=\"https:\/\/www.colnago.com\/\" target=\"_blank\" rel=\"noopener\">Colnago<\/a> volta a impressionar e lan\u00e7a o desafio ao <a href=\"https:\/\/bici-bici.it\/pt\/empresa-campagnolo\/\" target=\"_blank\" rel=\"noopener\">figur\u00f5es da bicicleta de corrida mundial<\/a>. Um concentrado de estilo, paix\u00e3o e inova\u00e7\u00e3o que encantar\u00e1 muitos entusiastas. Mal posso esperar para experiment\u00e1-lo!<\/div>\n<div><\/div>\n<div>At\u00e9 a pr\u00f3xima vez, queridos amigos, boas pedaladas.<\/div>\n\t\t<\/div>\n\t\t\t\t\t<\/div>\n\n\t\n<\/div>\n\t\t<\/div>\n\n\t\t\n<style>\n#section_387291360 {\n  padding-top: 60px;\n  padding-bottom: 60px;\n  min-height: 300px;\n  background-color: rgb(245, 245, 245);\n}\n<\/style>\n\t<\/section>","protected":false},"excerpt":{"rendered":"","protected":false},"author":1,"featured_media":0,"parent":0,"menu_order":20,"comment_status":"closed","ping_status":"closed","template":"","meta":{"footnotes":""},"class_list":["post-12462","page","type-page","status-publish","hentry"],"_links":{"self":[{"href":"https:\/\/bici-bici.it\/pt\/wp-json\/wp\/v2\/pages\/12462","targetHints":{"allow":["GET"]}}],"collection":[{"href":"https:\/\/bici-bici.it\/pt\/wp-json\/wp\/v2\/pages"}],"about":[{"href":"https:\/\/bici-bici.it\/pt\/wp-json\/wp\/v2\/types\/page"}],"author":[{"embeddable":true,"href":"https:\/\/bici-bici.it\/pt\/wp-json\/wp\/v2\/users\/1"}],"replies":[{"embeddable":true,"href":"https:\/\/bici-bici.it\/pt\/wp-json\/wp\/v2\/comments?post=12462"}],"version-history":[{"count":0,"href":"https:\/\/bici-bici.it\/pt\/wp-json\/wp\/v2\/pages\/12462\/revisions"}],"wp:attachment":[{"href":"https:\/\/bici-bici.it\/pt\/wp-json\/wp\/v2\/media?parent=12462"}],"curies":[{"name":"wp","href":"https:\/\/api.w.org\/{rel}","templated":true}]}}