{"id":11744,"date":"2022-08-28T08:45:40","date_gmt":"2022-08-28T08:45:40","guid":{"rendered":"https:\/\/bici-bici.it\/?page_id=11744"},"modified":"2023-06-30T06:03:36","modified_gmt":"2023-06-30T06:03:36","slug":"come-verniciare-telaio-bici","status":"publish","type":"page","link":"https:\/\/bici-bici.it\/pt\/como-pintar-um-quadro-de-bicicleta\/","title":{"rendered":"Como pintar um quadro de bicicleta"},"content":{"rendered":"<h1 style=\"text-align: center;\"><span style=\"font-size: 115%;\">As regras Como pintar um quadro de bicicleta<\/span><\/h1>\n<div><img loading=\"lazy\" decoding=\"async\" class=\"size-full wp-image-12309 aligncenter\" src=\"https:\/\/bici-bici.it\/wp-content\/uploads\/2023\/06\/Come-Verniciare-Telaio-Bici.jpg\" alt=\"Como pintar um quadro de bicicleta\" width=\"700\" height=\"418\" srcset=\"https:\/\/bici-bici.it\/wp-content\/uploads\/2023\/06\/Come-Verniciare-Telaio-Bici.jpg 700w, https:\/\/bici-bici.it\/wp-content\/uploads\/2023\/06\/Come-Verniciare-Telaio-Bici-64x38.jpg 64w, https:\/\/bici-bici.it\/wp-content\/uploads\/2023\/06\/Come-Verniciare-Telaio-Bici-670x400.jpg 670w, https:\/\/bici-bici.it\/wp-content\/uploads\/2023\/06\/Come-Verniciare-Telaio-Bici-18x12.jpg 18w\" sizes=\"auto, (max-width: 700px) 100vw, 700px\" \/><\/div>\n<div><\/div>\n<div><span style=\"font-size: 115%;\">Uma das perguntas mais frequentes \u00e9: como pintar um quadro de bicicleta? Aqui est\u00e1 o guia completo para ajud\u00e1-lo a terminar o trabalho de pintura e fazer com que sua bicicleta pare\u00e7a nova novamente.<\/span><\/div>\n<div><\/div>\n<h2><span style=\"font-size: 115%;\">Desmontagem do quadro da bicicleta:<\/span><\/h2>\n<div><\/div>\n<div><span style=\"font-size: 115%;\">N\u00e3o importa o quanto voc\u00ea se sinta tentado a come\u00e7ar a pintar o quadro de sua mountain bike sem desmont\u00e1-la, nunca fa\u00e7a isso. Voc\u00ea arruinar\u00e1 toda a apar\u00eancia da bicicleta e se arrepender\u00e1 mais tarde. A primeira coisa que voc\u00ea deve fazer ao pintar o quadro \u00e9 desmontar a bicicleta at\u00e9 que voc\u00ea tenha o quadro da bicicleta.<\/span><\/div>\n<div><\/div>\n<div><span style=\"font-size: 115%;\">Tudo o que estiver conectado ao quadro deve ser removido. Isso inclui o assento, a corrente da roda, o desviador e tudo o mais. Para remov\u00ea-los, voc\u00ea precisar\u00e1 de:<\/span><\/div>\n<div><\/div>\n<div><span style=\"font-size: 115%;\">Ferramenta de corrente<\/span><\/div>\n<div><span style=\"font-size: 115%;\">Allen Welnch (4 mm, 5 mm e 6 mm)<\/span><\/div>\n<div><span style=\"font-size: 115%;\">Chave de soquete<\/span><\/div>\n<div><span style=\"font-size: 115%;\">Chave Crescente<\/span><\/div>\n<div><\/div>\n<div><span style=\"font-size: 115%;\">Para a pintura, voc\u00ea precisar\u00e1 de uma camada transparente. Eu costumava usar:<\/span><\/div>\n<div><\/div>\n<div><span style=\"font-size: 115%;\">Azul Krylon Dual<\/span><\/div>\n<div><span style=\"font-size: 115%;\">Krylon Clear Coat<\/span><\/div>\n<div><\/div>\n<div><span style=\"font-size: 115%;\">Com essas ferramentas, voc\u00ea pode chegar l\u00e1. O bom das bicicletas \u00e9 que todas as pe\u00e7as que voc\u00ea precisa remover s\u00e3o f\u00e1ceis de encontrar. Voc\u00ea tem um furo que pode ser usado para usar uma chave Allen? Ent\u00e3o, use uma chave Allen! Para isso, ser\u00e1 necess\u00e1rio verificar os freios a disco, o avan\u00e7o do guid\u00e3o e os suportes para garrafas. Use a chave de soquete para se livrar dos bra\u00e7os, a chave crescente para remover o garfo dianteiro e a chave de corrente para consertar a corrente da bicicleta.<\/span><\/div>\n<div><\/div>\n<div><span style=\"font-size: 115%;\">Se estiver apenas come\u00e7ando a aprender sobre isso, certifique-se de ter cuidado com todas as pe\u00e7as que remover, pois ser\u00e1 necess\u00e1rio devolv\u00ea-las mais tarde. Certifique-se de guardar todas as pe\u00e7as. \u00c9 f\u00e1cil deixar cair pequenas pe\u00e7as no caminho.<\/span><\/div>\n<div><\/div>\n<h2><span style=\"font-size: 115%;\">Limpe o quadro do MTB:<\/span><\/h2>\n<div><\/div>\n<div><span style=\"font-size: 115%;\">Antes de come\u00e7ar a pintar o quadro da bicicleta, voc\u00ea deve limp\u00e1-lo completamente para remover qualquer graxa ou sujeira. Essa limpeza pode ser t\u00e3o simples quanto usar um pano \u00famido no quadro. Mas, em alguns casos, voc\u00ea tamb\u00e9m pode precisar de agentes espec\u00edficos para remover a gordura. A condi\u00e7\u00e3o em que voc\u00ea mant\u00e9m a bicicleta \u00e9 o principal fator determinante aqui.<\/span><\/div>\n<div><\/div>\n<div><span style=\"font-size: 115%;\">Leia tamb\u00e9m: Como construir um quadro de bicicleta?<\/span><\/div>\n<h3><span style=\"font-size: 115%;\">Use lixa:<\/span><\/h3>\n<div><span style=\"font-size: 115%;\">Voc\u00ea ter\u00e1 que sacudir a tinta antiga para que a nova tinta possa se encaixar. Esfregue a estrutura com uma lixa e o trabalho estar\u00e1 conclu\u00eddo. N\u00e3o esfregue com muita for\u00e7a para remover toda a tinta; alguns minutos de lavagem far\u00e3o o trabalho.<\/span><\/div>\n<div><\/div>\n<div><span style=\"font-size: 115%;\">O gr\u00e3o que escolhi foi o 150, mas eu poderia ter usado um gr\u00e3o ainda mais fino. A ideia \u00e9 dar \u00e0 tinta uma superf\u00edcie lisa para aderir, mas n\u00e3o remover toda a tinta anterior.<\/span><\/div>\n<div><\/div>\n<div><span style=\"font-size: 115%;\">Cubra tudo o que voc\u00ea n\u00e3o quer pintar:<\/span><\/div>\n<div><\/div>\n<div><span style=\"font-size: 115%;\">Talvez haja logotipos ou adesivos da bicicleta que voc\u00ea n\u00e3o queira estragar com a nova pintura. Voc\u00ea pode cobri-los com qualquer coisa para que a tinta n\u00e3o os toque. Fita adesiva ou sacolas de compras podem ser os adere\u00e7os certos para esconder todos esses componentes da bicicleta.<\/span><\/div>\n<h3><span style=\"font-size: 115%;\">Pintura:<\/span><\/h3>\n<div><span style=\"font-size: 115%;\">Agora \u00e9 hora de pintar. Voc\u00ea pode pendurar a moldura inteira com algo para obter uma imagem n\u00edtida. Se n\u00e3o houver um bom lugar para pendurar a moldura, voc\u00ea pode coloc\u00e1-la no ch\u00e3o (n\u00e3o se esque\u00e7a de cobri-la com papel ou pl\u00e1stico).<\/span><\/div>\n<div><\/div>\n<div><span style=\"font-size: 115%;\">Aplique pelo menos tr\u00eas camadas de tinta. Quando terminar cada camada, aguarde 5 minutos e deixe a primeira camada secar.<\/span><\/div>\n<div><\/div>\n<div><span style=\"font-size: 115%;\">Leia tamb\u00e9m: Como soldar um quadro de bicicleta?<\/span><\/div>\n<p><span style=\"font-size: 115%;\"><div class=\"video video-fit mb\" style=\"padding-top:56.25%;\"><p><iframe loading=\"lazy\" title=\"Pinte uma bicicleta com spray em casa com um DIY de alta qualidade\" width=\"1020\" height=\"574\" src=\"https:\/\/www.youtube.com\/embed\/rsD3E0b6mko?feature=oembed\" frameborder=\"0\" allow=\"accelerometer; autoplay; clipboard-write; encrypted-media; gyroscope; picture-in-picture\" allowfullscreen><\/iframe><\/p>\n<\/div><\/span><\/p>\n<h3><\/h3>\n<h3><span style=\"font-size: 115%;\">Lata de spray vs. pistola de pintura<\/span><\/h3>\n<div><span style=\"font-size: 115%;\">Pintar \u00e9 simples, no entanto, uma dica importante \u00e9 dedicar tempo para avaliar o m\u00e9todo mais eficiente para realizar essa tarefa. As latas de spray s\u00e3o o m\u00e9todo mais econ\u00f4mico de fazer com que as molduras pare\u00e7am novas, mas nem tudo que reluz \u00e9 ouro. De fato, a uniformidade do spray produzido e a qualidade do revestimento s\u00e3o fatores que podem afetar negativamente o resultado final da pintura e podem aumentar significativamente a possibilidade de cometer erros. Al\u00e9m disso, seu custo tamb\u00e9m n\u00e3o \u00e9 t\u00e3o barato! Um investimento um pouco mais caro lhe fornecer\u00e1 um pequeno compressor de ar e uma pistola de ar comprimido. Essa op\u00e7\u00e3o poder\u00e1 definir a quantidade de ar que sai da pistola e se dispersa por toda a camada.<\/span><\/div>\n<div><\/div>\n<h2><span style=\"font-size: 115%;\">Dicas de pintura<\/span><\/h2>\n<div><span style=\"font-size: 115%;\">Seja qual for a maneira que voc\u00ea preferir, depois de selecionar a ferramenta de pintura, comece a percorrer a superf\u00edcie at\u00e9 que toda ela esteja coberta com uma leve camada de tinta. Ainda n\u00e3o est\u00e1 vendo a primeira sombra? N\u00e3o se preocupe, a melhor t\u00e9cnica \u00e9 aplicar algumas camadas finas em vez de uma camada grossa. Reserve 20 minutos entre cada aplica\u00e7\u00e3o, pois voc\u00ea s\u00f3 obter\u00e1 qualidade se respeitar o tempo de secagem. N\u00e3o h\u00e1 uma quantidade fixa de camadas finas, \u00e9 uma quest\u00e3o de continuar at\u00e9 que a moldura anterior esteja completamente revestida. Seja paciente e voc\u00ea ser\u00e1 recompensado. O mais importante ao pintar \u00e9 mover a fonte de spray ao m\u00e1ximo sem se aproximar o suficiente da moldura ao mesmo tempo para evitar gotejamentos.<\/span><\/div>\n<div><\/div>\n<div><span style=\"font-size: 115%;\">Quando o quadro estiver totalmente revestido e seco, finalize o trabalho usando um revestimento transparente Qual \u00e9 o melhor m\u00e9todo para proteger a bicicleta contra corros\u00e3o e mant\u00ea-la brilhante? Repita o processo, dando um tempo entre cada aplica\u00e7\u00e3o e repita o processo tr\u00eas vezes.<\/span><\/div>\n<div><\/div>\n<div><span style=\"font-size: 115%;\">Agora sua bicicleta estar\u00e1 pronta para descansar por 24 horas e secar perfeitamente.<\/span><\/div>\n<div><\/div>\n<h2><span style=\"font-size: 115%;\">Remontagem da motocicleta<\/span><\/h2>\n<div>\n<p><span style=\"font-size: 115%;\">Comece removendo as fitas de pintura que voc\u00ea colocou anteriormente e, se tiver conclu\u00eddo o procedimento de registro, n\u00e3o dever\u00e1 ser poss\u00edvel ver nenhum caix\u00e3o. Todos os componentes que voc\u00ea removeu antes de coloc\u00e1-lo na parte traseira. Garfo dianteiro e assento, guid\u00e3o, freios, desviadores traseiro e dianteiro endurecidos \u00e0 esquerda e \u00e0 direita, bem como o suporte inferior e as rodas.<\/span><\/p>\n<div><\/div>\n<div><span style=\"font-size: 115%;\">D\u00ea uma volta em sua nova e estilosa bicicleta!<\/span><\/div>\n<div><\/div>\n<h2><span style=\"font-size: 115%;\">O quadro da bicicleta est\u00e1 pronto:<\/span><\/h2>\n<div><span style=\"font-size: 115%;\">Deixe a pe\u00e7a paga secar completamente antes de reinserir as outras pe\u00e7as em suas posi\u00e7\u00f5es. Isso n\u00e3o tomar\u00e1 muito de seu tempo. Sua bicicleta antiga com pintura nova est\u00e1 pronta para o Rick.<\/span><\/div>\n<\/div>","protected":false},"excerpt":{"rendered":"<p>Le Regole Come Verniciare Telaio Bici Una delle domande pi\u00f9 frequenti \u00e8: come dipingere un telaio per biciclette? Ecco la guida completa per aiutarti a finire il lavoro di verniciatura e far sembrare di nuovo la tua bici. Smontaggio Telaio Bici: Non importa quanto tu sia tentato di iniziare a dipingere la cornice della mountain [&#8230;]\n","protected":false},"author":1,"featured_media":12309,"parent":0,"menu_order":25,"comment_status":"closed","ping_status":"closed","template":"","meta":{"footnotes":""},"class_list":["post-11744","page","type-page","status-publish","has-post-thumbnail","hentry"],"_links":{"self":[{"href":"https:\/\/bici-bici.it\/pt\/wp-json\/wp\/v2\/pages\/11744","targetHints":{"allow":["GET"]}}],"collection":[{"href":"https:\/\/bici-bici.it\/pt\/wp-json\/wp\/v2\/pages"}],"about":[{"href":"https:\/\/bici-bici.it\/pt\/wp-json\/wp\/v2\/types\/page"}],"author":[{"embeddable":true,"href":"https:\/\/bici-bici.it\/pt\/wp-json\/wp\/v2\/users\/1"}],"replies":[{"embeddable":true,"href":"https:\/\/bici-bici.it\/pt\/wp-json\/wp\/v2\/comments?post=11744"}],"version-history":[{"count":0,"href":"https:\/\/bici-bici.it\/pt\/wp-json\/wp\/v2\/pages\/11744\/revisions"}],"wp:featuredmedia":[{"embeddable":true,"href":"https:\/\/bici-bici.it\/pt\/wp-json\/wp\/v2\/media\/12309"}],"wp:attachment":[{"href":"https:\/\/bici-bici.it\/pt\/wp-json\/wp\/v2\/media?parent=11744"}],"curies":[{"name":"wp","href":"https:\/\/api.w.org\/{rel}","templated":true}]}}