{"id":11245,"date":"2021-12-24T22:22:05","date_gmt":"2021-12-24T22:22:05","guid":{"rendered":"https:\/\/bici-bici.it\/?page_id=11245"},"modified":"2023-06-30T05:40:29","modified_gmt":"2023-06-30T05:40:29","slug":"cassette-pacco-pignoni","status":"publish","type":"page","link":"https:\/\/bici-bici.it\/pt\/pacote-de-rodas-dentadas\/","title":{"rendered":"Cassetes e pacotes de rodas dentadas para bicicletas"},"content":{"rendered":"<p><span style=\"font-size: 115%;\"><div class=\"container section-title-container\" ><h2 class=\"section-title section-title-normal\"><b><\/b><span class=\"section-title-main\" >Cassetes e conjuntos de rodas dentadas para bicicletas<\/span><b><\/b><\/h2><\/div><\/span><\/p>\n<p><span style=\"font-size: 115%;\">Com mais de 50 op\u00e7\u00f5es dispon\u00edveis para escolha no site bici-bici.com, navegar pelos diferentes pacotes de rodas dentadas e cassetes de bicicleta pode parecer um processo assustador. Entretanto, com alguns conhecimentos b\u00e1sicos, voc\u00ea poder\u00e1 fazer uma compra informada (e precisa).<\/span><\/p>\n<p><span style=\"font-size: 115%;\">\t\n  \n    <div class=\"row large-columns-4 medium-columns-3 small-columns-2 row-small slider row-slider slider-nav-reveal slider-nav-push\"  data-flickity-options='{&quot;imagesLoaded&quot;: true, &quot;groupCells&quot;: &quot;100%&quot;, &quot;dragThreshold&quot; : 5, &quot;cellAlign&quot;: &quot;left&quot;,&quot;wrapAround&quot;: true,&quot;prevNextButtons&quot;: true,&quot;percentPosition&quot;: true,&quot;pageDots&quot;: false, &quot;rightToLeft&quot;: false, &quot;autoPlay&quot; : false}' >\n\n  \n\t     <div class=\"product-small col has-hover product type-product post-12380 status-publish first instock product_cat-da-corsa product_cat-ammortizzatore product_cat-bici-bambini product_cat-biciclette product_cat-elettriche product_cat-biciclette-gravel product_cat-mtb product_cat-cassette-e-pacco-pignoni product_cat-city-bike product_cat-cyclocross-frame-carbon product_cat-deragliatore product_cat-fat-bike product_cat-forcelle-mtb product_cat-gravel-frameset-carbon product_cat-guarniture-e-pedivelle product_cat-men-pants product_cat-mtb-frame-carbon product_cat-pants product_cat-ricambi-bici product_cat-road-frameset-carbon product_cat-ruote-complete-e-raggi product_cat-ski-snowboard product_cat-selle product_cat-tacchette product_cat-telai product_cat-triathlon-frameset-carbon has-post-thumbnail sale taxable shipping-taxable purchasable product-type-simple\">\n\t<div class=\"col-inner\">\n\t\n<div class=\"badge-container absolute left top z-1\">\n<div class=\"callout badge badge-circle\"><div class=\"badge-inner secondary on-sale\"><span class=\"onsale\" data-no-translation=\"\" data-trp-gettext=\"\">Oferta!<\/span><\/div><\/div>\n<\/div>\n\t<div class=\"product-small box\">\n\t\t<div class=\"box-image\">\n\t\t\t<div class=\"image-fade_in_back\">\n\t\t\t\t<a href=\"https:\/\/bici-bici.it\/pt\/product\/niner-rlt-e9-rdo-4-star-28-11-fach-2021-2022-herren-gravel-e-fahrrad-carbon-59\/\" aria-label=\"Niner RLT E9 RDO 4-STAR 28&quot; 11 Fach 2021\/2022 Herren Gravel E-Fahrrad\/Carbon 59\">\n\t\t\t\t\t<img loading=\"lazy\" decoding=\"async\" width=\"500\" height=\"500\" src=\"https:\/\/bici-bici.it\/wp-content\/uploads\/2023\/06\/Niner-RLT-E9-RDO-4-STAR-28.jpg\" class=\"attachment-woocommerce_thumbnail size-woocommerce_thumbnail\" alt=\"Niner RLT E9 RDO 4-STAR 28&quot;\" srcset=\"https:\/\/bici-bici.it\/wp-content\/uploads\/2023\/06\/Niner-RLT-E9-RDO-4-STAR-28.jpg 500w, https:\/\/bici-bici.it\/wp-content\/uploads\/2023\/06\/Niner-RLT-E9-RDO-4-STAR-28-100x100.jpg 100w, https:\/\/bici-bici.it\/wp-content\/uploads\/2023\/06\/Niner-RLT-E9-RDO-4-STAR-28-64x64.jpg 64w, https:\/\/bici-bici.it\/wp-content\/uploads\/2023\/06\/Niner-RLT-E9-RDO-4-STAR-28-400x400.jpg 400w, https:\/\/bici-bici.it\/wp-content\/uploads\/2023\/06\/Niner-RLT-E9-RDO-4-STAR-28-280x280.jpg 280w, https:\/\/bici-bici.it\/wp-content\/uploads\/2023\/06\/Niner-RLT-E9-RDO-4-STAR-28-12x12.jpg 12w\" sizes=\"auto, (max-width: 500px) 100vw, 500px\" \/>\t\t\t\t<\/a>\n\t\t\t<\/div>\n\t\t\t<div class=\"image-tools is-small top right show-on-hover\">\n\t\t\t\t\t\t\t<\/div>\n\t\t\t<div class=\"image-tools is-small hide-for-small bottom left show-on-hover\">\n\t\t\t\t\t\t\t<\/div>\n\t\t\t<div class=\"image-tools grid-tools text-center hide-for-small bottom hover-slide-in show-on-hover\">\n\t\t\t\t  <a class=\"quick-view\" data-prod=\"12380\" href=\"#quick-view\">Visualiza\u00e7\u00e3o R\u00e1pida<\/a>\t\t\t<\/div>\n\t\t\t\t\t<\/div>\n\n\t\t<div class=\"box-text box-text-products\">\n\t\t\t<div class=\"title-wrapper\">\t\t<p class=\"category uppercase is-smaller no-text-overflow product-cat op-7\">\n\t\t\tBicicletas de corrida\t\t<\/p>\n\t<p class=\"name product-title woocommerce-loop-product__title\"><a href=\"https:\/\/bici-bici.it\/pt\/product\/niner-rlt-e9-rdo-4-star-28-11-fach-2021-2022-herren-gravel-e-fahrrad-carbon-59\/\" class=\"woocommerce-LoopProduct-link woocommerce-loop-product__link\">Niner RLT E9 RDO 4-STAR 28\u2033 11 Fach 2021\/2022 Herren Gravel E-Fahrrad\/Carbon 59<\/a><\/p><\/div><div class=\"price-wrapper\">\n\t<span class=\"price\"><del aria-hidden=\"true\"><span class=\"woocommerce-Price-amount amount\"><bdi>5.800,00&nbsp;<span class=\"woocommerce-Price-currencySymbol\">\u20ac<\/span><\/bdi><\/span><\/del> <span class=\"screen-reader-text\" data-no-translation=\"\" data-trp-gettext=\"\">O pre\u00e7o original era: 5.800,00&nbsp;&euro;.<\/span><ins aria-hidden=\"true\"><span class=\"woocommerce-Price-amount amount\"><bdi>4.785,00&nbsp;<span class=\"woocommerce-Price-currencySymbol\">\u20ac<\/span><\/bdi><\/span><\/ins><span class=\"screen-reader-text\" data-no-translation=\"\" data-trp-gettext=\"\">O pre\u00e7o atual \u00e9: 4.785,00&nbsp;&euro;.<\/span><\/span>\n<\/div>\t\t<\/div>\n\t<\/div>\n\t\t<\/div>\n<\/div><\/div><\/span><\/p>\n<h2><span style=\"font-size: 115%;\">Diferen\u00e7a entre cassetes e rodas dentadas<\/span><\/h2>\n<p><span style=\"font-size: 115%;\">\u00c9 importante estar ciente das diferen\u00e7as entre as rodas dentadas e os cassetes de bicicleta. A <a href=\"https:\/\/bici-bici.it\/pt\/product-category\/ricambi-bici\/cassette-e-pacco-pignoni\/\">caixa de engrenagens do pinh\u00e3o<\/a> A roda dentada (tamb\u00e9m conhecida como sprocket) \u00e9 uma roda de metal usinada, com dentes conectados a uma corrente, que ajuda a impulsionar a bicicleta. Um cassete (tamb\u00e9m conhecido como conjunto de engrenagens) \u00e9 essencialmente um conjunto de rodas dentadas agrupadas que trabalham juntas para oferecer uma gama de op\u00e7\u00f5es de mudan\u00e7a que permitem que voc\u00ea pedale com facilidade em sua bicicleta sem a necessidade de pressionar os pedais ou ficar completamente fora de sincronia com as condi\u00e7\u00f5es.<\/span><\/p>\n<p><span style=\"font-size: 115%;\">\t<div class=\"img has-hover x md-x lg-x y md-y lg-y\" id=\"image_757623489\">\n\t\t\t\t\t\t\t\t<div class=\"img-inner dark\" >\n\t\t\t<img loading=\"lazy\" decoding=\"async\" width=\"660\" height=\"660\" src=\"https:\/\/bici-bici.it\/wp-content\/uploads\/2021\/12\/Shimano-105-CS-5700-10-Speed-Cassette.jpg\" class=\"attachment-large size-large\" alt=\"Cassete Shimano 105 CS 5700 de 10 velocidades\" srcset=\"https:\/\/bici-bici.it\/wp-content\/uploads\/2021\/12\/Shimano-105-CS-5700-10-Speed-Cassette.jpg 660w, https:\/\/bici-bici.it\/wp-content\/uploads\/2021\/12\/Shimano-105-CS-5700-10-Speed-Cassette-100x100.jpg 100w, https:\/\/bici-bici.it\/wp-content\/uploads\/2021\/12\/Shimano-105-CS-5700-10-Speed-Cassette-64x64.jpg 64w, https:\/\/bici-bici.it\/wp-content\/uploads\/2021\/12\/Shimano-105-CS-5700-10-Speed-Cassette-800x800.jpg 800w, https:\/\/bici-bici.it\/wp-content\/uploads\/2021\/12\/Shimano-105-CS-5700-10-Speed-Cassette-280x280.jpg 280w\" sizes=\"auto, (max-width: 660px) 100vw, 660px\" \/>\t\t\t\t\t\t\n\t\t\t\t\t<\/div>\n\t\t\t\t\t\t\t\t\n<style>\n#image_757623489 {\n  width: 100%;\n}\n<\/style>\n\t<\/div>\n\t<\/span><\/p>\n<p><span style=\"font-size: 115%;\">Eles geralmente t\u00eam uma s\u00e9rie de ranhuras para permitir uma conex\u00e3o segura entre o cubo e o cassete, que \u00e9 o componente da bicicleta que converte a for\u00e7a dos pedais em impulso para a frente da roda traseira. O cassete normalmente \u00e9 preso ao cubo por um anel de travamento alongado. Quem estiver procurando um conjunto de rodas dentadas provavelmente tentar\u00e1 montar <a href=\"https:\/\/bici-bici.it\/pt\/2022\/08\/02\/sella-per-bicicletta\/\">uma bicicleta<\/a> de velocidade \u00fanica, mas a maioria dos ciclistas est\u00e1 procurando cassetes por causa de seus recursos de v\u00e1rias velocidades. <\/span><\/p>\n<p><span style=\"font-size: 115%;\">Lembre-se de que os conjuntos de rodas dentadas menores (com dentes menores) dificultam a pedalada, mas tamb\u00e9m produzem velocidades mais altas, enquanto os conjuntos de rodas dentadas maiores (com mais dentes) podem ser pedalados com mais facilidade, o que os torna adequados para subidas em velocidades mais baixas. Os cassetes s\u00e3o geralmente representados pelo n\u00famero superior e inferior de dentes dentro do conjunto. Exemplos comuns para bicicletas de estrada incluem 11-25, 11, 28 e 11-30 dispon\u00edveis com <strong>Shimano<\/strong> Ultegr. Shimano Ultegr, uma s\u00e9rie. As bicicletas de montanha s\u00e3o 10-50 O cassete <strong>SRAM<\/strong> O Eagle \u00e9 o mais popular. H\u00e1 alguns cassetes que podem ser usados em todas as bicicletas e em seus sistemas de transmiss\u00e3o. As distin\u00e7\u00f5es incluem bicicletas de montanha (pense em Shimano XT, Shimano XTR, SRAM Eagle) versus bicicletas de estrada (SRAM Red, SRAM Rival e Shimano Dura Ace e Shimano 105) e o n\u00famero de velocidades (ou conjunto de rodas dentadas) no presente, que geralmente \u00e9 de 11,11 para bicicletas de estrada e 12 para bicicletas de montanha.<\/span><\/p>\n<p><span style=\"font-size: 115%;\">  <style>\n    #cats-508190266 .grid-col-1{height: 600px}\n    #cats-508190266 .grid-col-1-2{height: 300px}\n    #cats-508190266 .grid-col-1-3{height:200px}\n    #cats-508190266 .grid-col-2-3{height: 400px}\n    #cats-508190266 .grid-col-1-4{height: 150px}\n    #cats-508190266 .grid-col-3-4{height: 450px}\n\n\n        \/* Tablet *\/\n    @media (max-width: 850px){\n      #cats-508190266 .grid-col-1{height: 400px}\n      #cats-508190266 .grid-col-1-2{height: 200px}\n      #cats-508190266 .grid-col-1-3{height:133.33333333333px}\n      #cats-508190266 .grid-col-2-3{height: 266.66666666667px}\n      #cats-508190266 .grid-col-1-4{height: 100px}\n      #cats-508190266 .grid-col-3-4{height: 300px}\n    }\n    \n        \/* Mobile *\/\n    @media (max-width: 550px){\n      #cats-508190266 .grid-col-1{height: 400px}\n      #cats-508190266 .grid-col-1-2{height: 200px}\n      #cats-508190266 .grid-col-1-3{height:133.33333333333px}\n      #cats-508190266 .grid-col-2-3{height: 266.66666666667px}\n      #cats-508190266 .grid-col-1-4{height: 100px}\n      #cats-508190266 .grid-col-3-4{height: 300px}\n    }\n    \n\n  <\/style>\n  \n  \n    <div id=\"cats-508190266\" class=\"row row-small row-grid\" data-packery-options='{\"itemSelector\": \".col\", \"gutter\": 0, \"presentageWidth\" : true}'>\n\n  <div class=\"product-category col grid-col grid-col-1 large-6 medium-12\" data-animate=\"fadeInLeft\">\n            <div class=\"col-inner\">\n              <a aria-label=\"Visite a categoria de produtos Abbigliamento\" href=\"https:\/\/bici-bici.it\/pt\/product-category\/roupas\/\" data-no-translation-aria-label=\"\">                <div class=\"box box-category has-hover box-overlay dark box-text-middle\">\n                <div class=\"box-image\" >\n                  <div class=\"\" >\n                  <img loading=\"lazy\" decoding=\"async\" src=\"https:\/\/bici-bici.it\/wp-content\/uploads\/2022\/08\/clothes-600x600-1.jpg\" alt=\"Vestu\u00e1rio\" width=\"300\" height=\"300\" \/>                  <div class=\"overlay\" style=\"background-color: rgba(38, 38, 38, 0.16)\"><\/div>                                    <\/div>\n                <\/div>\n                <div class=\"box-text text-center is-large\" >\n                  <div class=\"box-text-inner\">\n                      <h5 class=\"uppercase header-title\">\n                              Vestu\u00e1rio                      <\/h5>\n                                            <p class=\"is-xsmall uppercase count show-on-hover hover-reveal reveal-small\">\n\t                      1 Produto                      <\/p>\n                                            \n                  <\/div>\n                <\/div>\n                <\/div>\n            <\/a>            <\/div>\n            <\/div><div class=\"product-category col grid-col grid-col-1-2 large-6 medium-6\" data-animate=\"fadeInLeft\">\n            <div class=\"col-inner\">\n              <a aria-label=\"Visite a categoria de produtos Accessori\" href=\"https:\/\/bici-bici.it\/pt\/product-category\/acessorios-para-bicicletas\/\" data-no-translation-aria-label=\"\">                <div class=\"box box-category has-hover box-overlay dark box-text-middle\">\n                <div class=\"box-image\" >\n                  <div class=\"\" >\n                  <img loading=\"lazy\" decoding=\"async\" src=\"https:\/\/bici-bici.it\/wp-content\/uploads\/2022\/08\/accessories-600x600-1-400x400.png\" alt=\"Acess\u00f3rios\" width=\"300\" height=\"300\" \/>                  <div class=\"overlay\" style=\"background-color: rgba(38, 38, 38, 0.16)\"><\/div>                                    <\/div>\n                <\/div>\n                <div class=\"box-text text-center is-large\" >\n                  <div class=\"box-text-inner\">\n                      <h5 class=\"uppercase header-title\">\n                              Acess\u00f3rios                      <\/h5>\n                                            <p class=\"is-xsmall uppercase count show-on-hover hover-reveal reveal-small\">\n\t                      1 Produto                      <\/p>\n                                            \n                  <\/div>\n                <\/div>\n                <\/div>\n            <\/a>            <\/div>\n            <\/div><div class=\"product-category col grid-col grid-col-1-2 large-3 medium-6\" data-animate=\"fadeInLeft\">\n            <div class=\"col-inner\">\n              <a aria-label=\"Visite a categoria de produtos Biciclette\" href=\"https:\/\/bici-bici.it\/pt\/product-category\/bicicletas\/\" data-no-translation-aria-label=\"\">                <div class=\"box box-category has-hover box-overlay dark box-text-middle\">\n                <div class=\"box-image\" >\n                  <div class=\"\" >\n                  <img loading=\"lazy\" decoding=\"async\" src=\"https:\/\/bici-bici.it\/wp-content\/uploads\/2022\/08\/bicicle.jpg\" alt=\"Bicicletas\" width=\"300\" height=\"300\" \/>                  <div class=\"overlay\" style=\"background-color: rgba(38, 38, 38, 0.16)\"><\/div>                                    <\/div>\n                <\/div>\n                <div class=\"box-text text-center is-large\" >\n                  <div class=\"box-text-inner\">\n                      <h5 class=\"uppercase header-title\">\n                              Bicicletas                      <\/h5>\n                                            <p class=\"is-xsmall uppercase count show-on-hover hover-reveal reveal-small\">\n\t                      57 Produtos                      <\/p>\n                                            \n                  <\/div>\n                <\/div>\n                <\/div>\n            <\/a>            <\/div>\n            <\/div><div class=\"product-category col grid-col grid-col-1-2 large-3 medium-6\" data-animate=\"fadeInLeft\">\n            <div class=\"col-inner\">\n              <a aria-label=\"Visite a categoria de produtos Cyclocross Frame \/ Carbon\" href=\"https:\/\/bici-bici.it\/pt\/product-category\/quadro-de-ciclocross-em-carbono-2\/\" data-no-translation-aria-label=\"\">                <div class=\"box box-category has-hover box-overlay dark box-text-middle\">\n                <div class=\"box-image\" >\n                  <div class=\"\" >\n                  <img loading=\"lazy\" decoding=\"async\" src=\"https:\/\/bici-bici.it\/wp-content\/uploads\/woocommerce-placeholder-800x960.png\" alt=\"Quadro de Cyclocross \/ Carbono\" width=\"300\" height=\"300\" \/>                  <div class=\"overlay\" style=\"background-color: rgba(38, 38, 38, 0.16)\"><\/div>                                    <\/div>\n                <\/div>\n                <div class=\"box-text text-center is-large\" >\n                  <div class=\"box-text-inner\">\n                      <h5 class=\"uppercase header-title\">\n                              Quadro de Cyclocross \/ Carbono                      <\/h5>\n                                            <p class=\"is-xsmall uppercase count show-on-hover hover-reveal reveal-small\">\n\t                      1 Produto                      <\/p>\n                                            \n                  <\/div>\n                <\/div>\n                <\/div>\n            <\/a>            <\/div>\n            <\/div><\/div><\/span><\/p>","protected":false},"excerpt":{"rendered":"<p>Con pi\u00f9 di 50 opzioni disponibili tra cui scegliere su bici-bici.com e navigare tra i diversi Pacco Pignoni e cassette della bici pu\u00f2 sembrare un processo scoraggiante. Tuttavia, con alcune conoscenze di base, sarai in grado di effettuare un acquisto informato (e accurato). Differenza tra Cassette e Pacco Pignoni \u00c8 importante essere consapevoli delle differenze [&#8230;]\n","protected":false},"author":1,"featured_media":12296,"parent":0,"menu_order":26,"comment_status":"closed","ping_status":"closed","template":"","meta":{"footnotes":""},"class_list":["post-11245","page","type-page","status-publish","has-post-thumbnail","hentry"],"_links":{"self":[{"href":"https:\/\/bici-bici.it\/pt\/wp-json\/wp\/v2\/pages\/11245","targetHints":{"allow":["GET"]}}],"collection":[{"href":"https:\/\/bici-bici.it\/pt\/wp-json\/wp\/v2\/pages"}],"about":[{"href":"https:\/\/bici-bici.it\/pt\/wp-json\/wp\/v2\/types\/page"}],"author":[{"embeddable":true,"href":"https:\/\/bici-bici.it\/pt\/wp-json\/wp\/v2\/users\/1"}],"replies":[{"embeddable":true,"href":"https:\/\/bici-bici.it\/pt\/wp-json\/wp\/v2\/comments?post=11245"}],"version-history":[{"count":0,"href":"https:\/\/bici-bici.it\/pt\/wp-json\/wp\/v2\/pages\/11245\/revisions"}],"wp:featuredmedia":[{"embeddable":true,"href":"https:\/\/bici-bici.it\/pt\/wp-json\/wp\/v2\/media\/12296"}],"wp:attachment":[{"href":"https:\/\/bici-bici.it\/pt\/wp-json\/wp\/v2\/media?parent=11245"}],"curies":[{"name":"wp","href":"https:\/\/api.w.org\/{rel}","templated":true}]}}