{"id":12444,"date":"2023-06-30T10:52:14","date_gmt":"2023-06-30T10:52:14","guid":{"rendered":"https:\/\/bici-bici.it\/?post_type=product&#038;p=12444"},"modified":"2023-06-30T10:54:48","modified_gmt":"2023-06-30T10:54:48","slug":"rockshox-reverb-b1-34-9-125-390-mm-links-dropper-sattelstutze-34-9-x-390-mm","status":"publish","type":"product","link":"https:\/\/bici-bici.it\/fr\/product\/rockshox-reverb-b1-34-9-125-390-mm-links-dropper-sattelstutze-34-9-x-390-mm\/","title":{"rendered":"RockShox Reverb B1 34.9\/125\/390 mm Links Dropper Sattelst\u00fctze 34.9 x 390 mm"},"content":{"rendered":"<p>                    <meta name=\"viewport\" content=\"width=device-width,initial-scale=1\"><\/p>\n<style type=\"text\/css\">\n    @font-face {\n      font-family: 'OpenSans-Regular';\n      font-style: normal;\n      font-weight: 400;\n      font-display: swap;\n      src: local('Open Sans Regular'), local('OpenSans-Regular'), url(https:\/\/fonts.gstatic.com\/s\/opensans\/v17\/mem8YaGs126MiZpBA-UFVZ0b.woff2) format('woff2');\n      unicode-range: U+0000-00FF, U+0131, U+0152-0153, U+02BB-02BC, U+02C6, U+02DA, U+02DC, U+2000-206F, U+2074, U+20AC, U+2122, U+2191, U+2193, U+2212, U+2215, U+FEFF, U+FFFD;\n    }\n    @font-face {\n      font-family: 'Roboto-Regular';\n      font-style: normal;\n      font-weight: 400;\n      font-display: swap;\n      src: local('Roboto'), local('Roboto-Regular'), url(https:\/\/fonts.gstatic.com\/s\/roboto\/v20\/KFOmCnqEu92Fr1Mu4mxK.woff2) format('woff2');\n      unicode-range: U+0000-00FF, U+0131, U+0152-0153, U+02BB-02BC, U+02C6, U+02DA, U+02DC, U+2000-206F, U+2074, U+20AC, U+2122, U+2191, U+2193, U+2212, U+2215, U+FEFF, U+FFFD;\n    }\n    body {\n        margin: 0px;\n        padding: 0px;\n    }\n    .clear{\n        clear: both;\n    }\n    .main {\n        max-width: 100%;\n        width: 100%;\n        margin: auto;\n    }\n    .center {\n        width: 1170px;\n        padding-left: 15px;\n        padding-right: 15px;\n        margin: auto;\n    }\n    \/*---------------------------Common - end---------------------------------------*\/<\/p>\n<p>    \/*---------------------------heared---------------------------------------*\/\n    .header-top {\n        height: 68px;\n        font-family: OpenSans-Regular;\n        font-size: 42px;\n        line-height: 68px;\n        text-align: center;\n        color: #ff0000;\n        background-color: #fff;\n    }\n    .header-wrapper {\n        background-image: url(https:\/\/public.mteam-ssc.com\/ag_eu\/images\/ebay\/header_background.jpg);\n        background-repeat: no-repeat;\n        background-size: 100% 100%;\n        padding-top: 68px;\n    }\n    .header-logo {\n        background-image: url(https:\/\/public.mteam-ssc.com\/ag_eu\/images\/ebay\/logo.png);\n        width: 476px;\n        height: 119px;\n        background-repeat: no-repeat;\n        float: left;\n        margin-top: 50px;\n    }\n    .contact-info-wrapper {\n        float: right;\n        width: 435px;\n        margin-top: 160px;\n        margin-right: 100px;\n    }\n    .contact-thubm-main {\n        width: 158px;\n        height: 158px;\n        float: left;\n        background-image: url(https:\/\/public.mteam-ssc.com\/ag_eu\/images\/ebay\/contact_thubm_main.png);\n    }\n    .contact-thubm-child {\n        width: 80px;\n        height: 80px;\n        float: left;\n    }\n    #message {\n        background-image: url(https:\/\/public.mteam-ssc.com\/ag_eu\/images\/ebay\/contact_thubm_message.png);\n        background-size: 100% 100%;\n        margin-top: -25px;\n        margin-left: -15px;\n    }\n    #mail {\n        background-image: url(https:\/\/public.mteam-ssc.com\/ag_eu\/images\/ebay\/contact_thubm_mail.png);\n        background-size: 100% 100%;\n        margin-top: -50px;\n        margin-left: -3px;\n    }\n    #phone {\n        background-image: url(https:\/\/public.mteam-ssc.com\/ag_eu\/images\/ebay\/contact_thubm_phone.png);\n        background-size: 100% 100%;\n        margin-top: -75px;\n        margin-left: -3px;\n    }\n    \/*---------------------------heared-end---------------------------------------*\/<\/p>\n<p>    \/*---------------------------content----------------------------------------*\/\n    .content .center {\n        padding-top: 70px;\n    }\n    .compatibility-image {\n        width: 570px;\n        height: 244px;\n        background-image: url(https:\/\/public.mteam-ssc.com\/ag_eu\/images\/ebay\/compatibility-image.png);\n        background-size: 100% 100%;\n        float: left;\n        margin-right: 100px;\n    }\n    .compatibility-text {\n        font-family: OpenSans-Regular;\n        font-size: 24px;\n    }\n    .item-info-wrapper {\n        margin-top: 60px;\n        position: relative;\n    }\n    .images-thumb-nav {\n        margin-top: 60px;\n    }\n    .item-image {\n        width: 570px;\n        margin-right: 50px;\n        position: absolute;\n        height: 100%;\n        text-align: center;\n    }\n    .item-image__img {\n        height: auto;\n        position: absolute;\n        width: auto;\n        max-width: 100%;\n        max-height: 100%;\n        left: 0;\n        right: 0;\n        margin: auto;\n    }\n    .main-image img {\n        max-width: 100%;\n        max-height: 100%;\n    }\n    .image-thumb {\n        width: 88px;\n        height: 88px;\n        border: 1px solid black;\n        line-height: 88px;\n        text-align: center;\n        float: left;\n        margin-left: 70px;\n    }\n    .image-thumb:first-child {\n        margin: 0px;\n    }\n    .image-thumb img {\n        max-height: 100%;\n        max-width: 100%;\n        vertical-align: middle;\n    }\n    .item-text {\n        font-family: OpenSans-Regular;\n        font-size: 24px;\n        float: right;\n        display: inline-block;\n        width: 500px;\n        margin-left: 50px;\n    }\n    .item-text-list {\n        padding-left: 25px;\n        font-size: 24px;\n    }\n    .item-text-list li {\n        margin-top: 5px;\n    }\n    .other-images img {\n        max-width: 100%;\n        margin: 0px auto;\n        margin-top: 40px;\n        display: block;\n    }\n    \/*---------------------------content-end----------------------------------------*\/<\/p>\n<p>    \/*---------------------------related-items----------------------------------------*\/\n    .related-products {\n        background-color: #FFF;\n        margin-bottom: 20px;\n        margin-top: 40px;\n    }\n    #related-title {\n        width: 240px;\n        float: left;\n        height: 60px;\n        line-height: 60px;\n        background-color: #008275;\n        color: #fff;\n        text-align: center;\n        font-family: 'OpenSans-Regular';\n        font-size: 16px;\n        font-weight: bold;\n    }\n    .related-products__item-container {\n        float: left;\n        width: 100%;\n        padding: 12px;\n        border: 1px solid #9c9c9c;\n        box-sizing: border-box;\n    }\n    .related-item {\n        float: left;\n        width: 100%; \/* on media *\/\n        padding:  6px;\n        box-sizing: border-box;\n    }\n    .related-item__link {\n        border: 1px solid #ddd;\n        border-radius: 4px;\n        padding: 6px;\n        text-align: center;\n        font-size: 14px;\n        color: #000;\n        display: block;\n        text-decoration: none;\n        font-size: 15px;\n        font-family: 'OpenSans-Regular';\n    }\n    @media only screen and (min-width: 640px) {\n        .related-item {\n            width: 50%;\n        }\n    }\n    @media only screen and (min-width: 840px) {\n        .related-item {\n            width: 25%;\n        }\n    }\n    .related-item__link:hover {\n        box-shadow: 0 4px 5px 0 rgba(0, 0, 0, 0.14), 0 1px 10px 0 rgba(0, 0, 0, 0.12), 0 2px 4px -1px rgba(0, 0, 0, 0.3);\n    }\n    .related-item__link:hover .related-item-body__title {\n        text-decoration: underline;\n    }\n    .related-item__link h5 {\n        margin-top: 10px;\n        height:4.1em;\n    }\n    .related-item-body__price {\n        color: #008275;\n        display: block;\n        text-align: center;\n        font-weight: bold;\n    }\n    .related-item__img:before{\n        content: '';\n        padding-top:100%;\n        display:block;\n        width:100%;\n    }\n    .related-item__img {\n        position:relative;\n        width:100%;\n    }\n    .related-item__img img{\n        position:absolute;\n        width:100%;\n        height:100%;\n        object-fit: cover;\n        top:0;\n        left:0;\n        right: 0;\n        bottom:0;\n        border: 1px solid #e2e2e2;\n    }\n    \/*---------------------------related-items-end----------------------------------------*\/<\/p>\n<p>    \/*---------------------------table-list----------------------------------------*\/\n    .description-wrapper {\n        height: 900px;\n        background-image: url(https:\/\/public.mteam-ssc.com\/ag_eu\/images\/ebay\/description_background.jpg);\n        background-size: 100% 100%;\n    }\n    .description {\n        padding-top: 350px;\n        width: 1170px;\n        padding-left: 15px;\n        padding-right: 15px;\n        margin: auto;\n    }\n    .css_tab1 {\n        width: 100%;\n        float: left;\n        position: relative;\n        margin-top: 20px;\n        padding: 0px;\n        display: block;\n    }\n    .css-tab1 {\n        display: none;\n    }\n    .css_tab1 li {\n        display: inline-block;\n        float: left;\n        width: 100%;\n    }\n    .css_tab1 li label {\n        padding: 10px 20px 10px 20px;\n        width: 220px;\n        background: #008275;\n        text-align: center;\n        text-transform: uppercase;\n        font-size: 16px;\n        color: #fff;\n        position: absolute;\n        left: 0px;\n        top: 10px;\n        float: left;\n        cursor: pointer;\n        font-family: OpenSans-Regular;\n        font-weight: bold;\n        font-size: 13px;\n    }\n    .css_tab1 li:nth-child(1) label {\n        left: 0px;\n    }\n    .css_tab1 li:nth-child(2) label {\n        left: 295px;\n    }\n    .css_tab1 li:nth-child(3) label {\n        left: 602px;\n    }\n    .css_tab1 li:nth-child(4) label {\n        left: 909px;\n    }\n    .tab-label {\n        display: block;\n    }\n     .css-tab1:checked + .tab-label {\n        padding: 20px 20px 20px 20px;\n        top: -10px;\n    }\n    .tab-label:hover {\n        text-decoration: underline;\n    }\n    #tab1:checked ~ #tab-content1,\n    #tab2:checked ~ #tab-content2,\n    #tab3:checked ~ #tab-content3,\n    #tab4:checked ~ #tab-content4 {\n        display: block;\n    }\n    .tab-content {\n        margin-top: 48px;\n        padding: 30px 60px 90px 60px;\n        box-sizing: border-box;\n        width: 100%;\n        background: #FFF;\n        border-top: 1px solid #ddd;\n        display: none;\n        text-align: left;\n        float: left;\n        font-size: 23px;\n        font-family: OpenSans-Regular;\n        background-color: rgb(255,255,255, 0.8);\n    }\n    .tab-content #type_list li {\n        font-style: inherit;\n        font-size: inherit;\n        color: inherit;\n        margin-bottom: 5px;\n    }\n    .tab-content p,\n    .tab-content ul li {\n        font-size: 14px;\n        color: #6e6e6e;\n        line-height: 24px;\n    }\n    .tab-content ul li {\n        display: list-item;\n        list-style-type: disc;\n        list-style-position: inside;\n    }\n    .tab-icon {\n        width: 155px;\n        height: 100px;\n        float: right;\n        background-repeat: no-repeat;\n    }\n    #truck {\n        background-image: url(https:\/\/public.mteam-ssc.com\/ag_eu\/images\/ebay\/truck_icon.png);\n    }\n    #hand_box {\n        background-image: url(https:\/\/public.mteam-ssc.com\/ag_eu\/images\/ebay\/hand_box.png);\n    }\n    #box {\n        background-image: url(https:\/\/public.mteam-ssc.com\/ag_eu\/images\/ebay\/box.png);\n    }\n    #like {\n        background-image: url(https:\/\/public.mteam-ssc.com\/ag_eu\/images\/ebay\/like.png);\n    }<\/p>\n<p>    \/*---------------------------table-list-end----------------------------------------*\/<\/p>\n<p>    \/*---------------------------footer----------------------------------------*\/\n    .footer {\n        height: 80px;\n        background-color: #008275;\n        margin-top: 30px;\n    }\n    .footer .center {\n        line-height: 80px;\n        font-family: OpenSans-Regular;\n        font-size: 20px;\n        color: #fff;\n    }\n    @media only screen and (max-width: 640px) {\n        .footer .center {\n            line-height: 80px;\n            font-family: OpenSans-Regular;\n            font-size: 12px;\n            color: #fff;\n        }\n    }\n    \/*---------------------------footer-end----------------------------------------*\/<\/p>\n<p>    \/*---------------------------mobile-devices----------------------------------------*\/\n    @media only screen and (max-width: 992px) {\n        body {\n            box-sizing: border-box;\n        }\n        .main {\n            max-width: 100%;\n            width: 100%;\n            box-sizing: border-box;\n        }\n        .header-top {\n            font-size: 38px;\n        }\n        .center {\n            max-width: 100%;\n            width: 100%;\n            box-sizing: border-box;\n        }\n        .header-logo {\n            width: 35%;\n            height: 119px;\n            background-repeat: no-repeat;\n            background-size: 100%;\n            float: left;\n            margin-top: 20px;\n        }\n    }\n    @media only screen and (max-width: 992px) {\n        .description-wrapper {\n            background-size: 100%;\n            background-repeat: no-repeat;\n            height: auto;\n        }\n        .description {\n            max-width: 90%;\n            width: 90%;\n            box-sizing: border-box;\n            padding-top: 220px;\n        }\n        .css_tab1 li label {\n            padding: 10px;\n            width: 100% !important;\n            position: static;\n            text-align: left;\n            color: #fff;\n            border: none;\n            box-sizing: border-box;\n        }\n        .header-wrapper {\n            padding-top: 0px;\n        }\n        .css_tab1 li {\n            margin-bottom: 1px;\n        }\n        .tab-content {\n            margin-top: 0px;\n            padding: 20px 30px 20px 30px;\n            font-size: 20px;\n        }\n        .css_tab1 li label:hover {\n            border: none;\n        }\n        .css-tab1:checked + .tab-label {\n            padding: 10px;\n            color: #fff;\n            box-sizing: border-box;\n        }\n    }\n    @media only screen and (max-width: 992px) {\n        .description {\n            padding-top: 180px;\n        }\n        .header-top {\n            font-size: 30px;\n        }\n        .contact-info-wrapper {\n            margin: 0px;\n            max-width: 40%;\n            width: 40%;\n        }\n        #kundenservice {\n                margin-top: 80px!important;\n                font-size: 22px!important;\n        }\n        .compatibility-image {\n            float: none;\n            margin: auto;\n            max-width: 100%;\n            width: 100%;\n            background-size: 100%;\n            background-repeat: no-repeat;\n        }\n        .contact-thubm-main {\n            width: 79px;\n            height: 79px;\n            float: left;\n            background-image: url(https:\/\/public.mteam-ssc.com\/ag_eu\/images\/ebay\/contact_thubm_main.png);\n            background-size: 100% 100%;\n        }\n        .contact-thubm-child {\n            width: 40px;\n            height: 40px;\n            float: left;\n            margin: 0px!important;\n        }\n        .item-image {\n            float:left;\n            position:relative;\n            height:300px;\n            width:100%;\n            margin-bottom: 20px;\n        }\n        .item-text {\n            margin: 0;\n            float:left;\n            width:100%;\n            display:block;\n        }\n    }\n    @media only screen and (max-width: 768px) {\n        .description {\n            padding-top: 100px;\n        }\n        .header-top {\n            font-size: 14px;\n            height: auto;\n            line-height: 20px;\n        }\n        .tab-icon {\n            float: none;\n            margin: auto;\n        }\n        #kundenservice {\n            margin-top: 80px!important;\n            font-size: 18px!important;\n        }\n        #work_time {\n            font-size: 17px!important;\n        }\n    }\n    @media only screen and (max-width: 600px) {\n        .contact-info-wrapper {\n            margin: 0px;\n            max-width: 50%;\n            width: 50%;\n        }\n        #kundenservice {\n            margin-top: 80px!important;\n            font-size: 15px!important;\n        }\n        .contact-thubm-main {\n            width: 40px;\n            height: 40px;\n        }\n        .contact-thubm-child {\n            width: 30px;\n            height: 30px;\n        }\n        .tab-content {\n            margin-top: 0px;\n            padding: 10px 0px 10px 0px;\n            font-size: 20px;\n        }\n        .tab-content #type_list {\n            padding: 0px;\n        }\n    }\n    \/*---------------------------mobile-devices-end----------------------------------------*\/<\/p>\n<p>    .related-item__img img,\n    .item-image__img {\n        border: 1px solid #ddd;\n    }\n<\/style>\n<div class=\"main\">\n<div class=\"header\">\n<div class=\"header-wrapper\">\n<div class=\"center\">\n<div class=\"header-logo\"><\/div>\n<div class=\"contact-info-wrapper\">\n<div class=\"contact-thubm-main\"><\/div>\n<div class=\"contact-thubm-child\" id=\"message\"><\/div>\n<div class=\"contact-thubm-child\" id=\"mail\"><\/div>\n<div class=\"contact-thubm-child\" id=\"phone\"><\/div>\n<div id=\"kundenservice\" style=\"margin-top: 60px; font-family: Roboto-Regular; font-size: 28px;font-weight: bold;\">&nbsp;&nbsp;KUNDENSERVICE<\/div>\n<div id=\"work_time\" style=\"font-family: OpenSans-Regular; font-size: 28px;\">&nbsp;&nbsp;Montag - Freitag<\/br> &nbsp;&nbsp;8-12h I 13-16h<\/div>\n<\/p><\/div>\n<div class=\"clear\"><\/div>\n<\/p><\/div>\n<\/p><\/div>\n<\/p><\/div>\n<div class=\"content\">\n<div class=\"center\">\n<div class=\"compatibility-wrapper\">\n<div class=\"item-info-wrapper\">\n<div class=\"item-image\">\n<p>                            <img decoding=\"async\" class=\"item-image__img\" src=\"                                    https:\/\/public.mteam-ssc.com\/ag_eu\/images\/resized_no_watermark\/1\/31\/111746.jpg\" alt=\"\"><\/p><\/div>\n<div class=\"item-text\">\n<div class=\"item-title\">\n                            <b>RockShox Reverb B1 34.9\/125\/390 mm Links Dropper Sattelst\u00fctze 34.9 x 390 mm<\/b>\n                        <\/div>\n<ul type=\"disc\" class=\"item-text-list\">\n<li><b>Set of \/ Satz von :<\/b> 1<\/li>\n<li><b>Mod\u00e8le \/ Modell :<\/b> Reverb B1 34.9\/125\/390 mm Links Dropper<\/li>\n<li><b>Size \/ Gr\u00f6\u00dfe :<\/b> 34,9 x 390 mm<\/li>\n<li><b>Caract\u00e9ristiques \/ Genschaften :<\/b><br \/>Mat\u00e9riau : Arbre : alliage 7050 forg\u00e9 en 3D, T\u00eate : alliage forg\u00e9 7050<\/li>\n<\/ul><\/div>\n<div class=\"clear\"><\/div>\n<\/p><\/div>\n<div class=\"other-images\">\n                        <img decoding=\"async\" src=\"                                    https:\/\/public.mteam-ssc.com\/ag_eu\/images\/resized_no_watermark\/1\/31\/111746.jpg\" alt=\"\"><\/p>\n<div class=\"clear\"><\/div>\n<\/p><\/div>\n<\/p><\/div>\n<div class=\"clear\"><\/div>\n<\/p><\/div>\n<div class=\"clear\"><\/div>\n<div class=\"description-wrapper\">\n<div class=\"description\">\n<ul class=\"css_tab1\">\n<li>\n                    <input id=\"tab1\" class=\"css-tab1\" name=\"tab\" checked=\"\" type=\"radio\"> <label for=\"tab1\" class=\"tab-label\">\u00c0 propos de nous<\/label><\/p>\n<div id=\"tab-content1\" class=\"tab-content\">\n<div class=\"tab-icon\" id=\"hand_box\"><\/div>\n<p>                        Agava Trading est votre fournisseur d'accessoires originaux pour v\u00e9hicules automobiles dans toute l'Europe. Nous vendons les meilleures marques de la branche et fournissons ainsi des produits magnifiques \u00e0 des prix incroyables.<br \/>\n                        Vous trouverez chez nous les produits suivants :<\/p>\n<ul id=\"type_list\">\n<li>Fahrr\u00e4der<\/li>\n<li>Ersatz- und Bestandteile<\/li>\n<li>Produits<\/li>\n<li>Zubeh\u00f6r<\/li>\n<li>Bekleidung<\/li>\n<\/ul><\/div>\n<\/li>\n<li>\n                    <input id=\"tab2\" class=\"css-tab1\" name=\"tab\" type=\"radio\"> <label for=\"tab2\" class=\"tab-label\">Schnelle Lieferung<\/label><\/p>\n<div id=\"tab-content2\" class=\"tab-content\">\n<div class=\"tab-icon\" id=\"truck\"><\/div>\n<p>                        La livraison s'effectue normalement dans un d\u00e9lai de 2 \u00e0 5 jours ouvrables.\n                    <\/p><\/div>\n<\/li>\n<li>\n                    <input id=\"tab3\" class=\"css-tab1\" name=\"tab\" type=\"radio\"> <label for=\"tab3\" class=\"tab-label\">R\u00fcckkehr &amp; R\u00fcckerstattung<\/label><\/p>\n<div id=\"tab-content3\" class=\"tab-content\">\n<div class=\"tab-icon\" id=\"box\"><\/div>\n<p>                        La satisfaction de nos clients est notre principale priorit\u00e9. Une demande de remboursement de 30 jours est possible apr\u00e8s la livraison. Les frais de r\u00e9clamation sont toutefois \u00e0 la charge du client. Veuillez nous envoyer un courrier avant d'envoyer l'article en question. L'argent sera vers\u00e9 \u00e0 l'acheteur une fois que la garantie de remboursement aura \u00e9t\u00e9 remplac\u00e9e et remplac\u00e9e. Nous nous r\u00e9servons le droit de ne pas rembourser un montant inf\u00e9rieur \u00e0 celui de l'achat, si l'article a \u00e9t\u00e9 achet\u00e9 dans un \u00e9tat irr\u00e9prochable ou dans un \u00e9tat de mauvaise qualit\u00e9.\n                    <\/p><\/div>\n<\/li>\n<li>\n                    <input id=\"tab4\" class=\"css-tab1\" name=\"tab\" type=\"radio\"> <label for=\"tab4\" class=\"tab-label\">Attestation<\/label><\/p>\n<div id=\"tab-content4\" class=\"tab-content\">\n<div class=\"tab-icon\" id=\"like\"><\/div>\n<p>                        Votre retour d'information est tr\u00e8s important pour nous. Si vous n'obtenez pas d'\u00e9valuation de 5 \u00e9toiles ni de retour d'information positif, contactez-nous sans h\u00e9siter, avant de nous faire part de votre retour d'information. Nous sommes heureux de collaborer avec nos clients. Nous aimons la communication. Appelez-nous ou envoyez-nous un e-mail, nous ferons tout ce qu'il faut pour nos clients. En raison d'exp\u00e9riences n\u00e9gatives, tous nos articles sont marqu\u00e9s d'une barre de contr\u00f4le ou d'un marquage UV avant la mise en vente.\n                    <\/p><\/div>\n<\/li>\n<\/ul>\n<div class=\"clear\"><\/div>\n<\/p><\/div>\n<\/p><\/div>\n<\/p><\/div>\n<\/div>\n<div class=\"footer\">\n<div class=\"center\">\n        Copyright \u00a9 Agava Trading GMBH | Tous droits r\u00e9serv\u00e9s\n    <\/div>\n<\/div>","protected":false},"excerpt":{"rendered":"<p>&nbsp;&nbsp;KUNDENSERVICE &nbsp;&nbsp;Montag &#8211; Freitag &nbsp;&nbsp;8-12h I 13-16h RockShox Reverb B1 34.9\/125\/390 mm Links Dropper Sattelst\u00fctze 34.9 x 390 mm Set of \/ Satz von: 1 Model \/ Modell: Reverb B1 34.9\/125\/390 mm Links Dropper Size \/ Gr\u00f6\u00dfe: 34.9 x 390 mm Features \/ Genschaften:Material: Shaft: 3D forged 7050 alloy , Head: 7050 forged alloy \u00dcber [&#8230;]\n","protected":false},"featured_media":12443,"comment_status":"open","ping_status":"closed","template":"","meta":[],"product_brand":[],"product_cat":[243],"product_tag":[],"class_list":{"0":"post-12444","1":"product","2":"type-product","3":"status-publish","4":"has-post-thumbnail","6":"product_cat-mtb","8":"first","9":"instock","10":"taxable","11":"shipping-taxable","12":"purchasable","13":"product-type-simple"},"_links":{"self":[{"href":"https:\/\/bici-bici.it\/fr\/wp-json\/wp\/v2\/product\/12444","targetHints":{"allow":["GET"]}}],"collection":[{"href":"https:\/\/bici-bici.it\/fr\/wp-json\/wp\/v2\/product"}],"about":[{"href":"https:\/\/bici-bici.it\/fr\/wp-json\/wp\/v2\/types\/product"}],"replies":[{"embeddable":true,"href":"https:\/\/bici-bici.it\/fr\/wp-json\/wp\/v2\/comments?post=12444"}],"wp:featuredmedia":[{"embeddable":true,"href":"https:\/\/bici-bici.it\/fr\/wp-json\/wp\/v2\/media\/12443"}],"wp:attachment":[{"href":"https:\/\/bici-bici.it\/fr\/wp-json\/wp\/v2\/media?parent=12444"}],"wp:term":[{"taxonomy":"product_brand","embeddable":true,"href":"https:\/\/bici-bici.it\/fr\/wp-json\/wp\/v2\/product_brand?post=12444"},{"taxonomy":"product_cat","embeddable":true,"href":"https:\/\/bici-bici.it\/fr\/wp-json\/wp\/v2\/product_cat?post=12444"},{"taxonomy":"product_tag","embeddable":true,"href":"https:\/\/bici-bici.it\/fr\/wp-json\/wp\/v2\/product_tag?post=12444"}],"curies":[{"name":"wp","href":"https:\/\/api.w.org\/{rel}","templated":true}]}}