{"id":12424,"date":"2023-06-30T10:51:50","date_gmt":"2023-06-30T10:51:50","guid":{"rendered":"https:\/\/bici-bici.it\/?post_type=product&#038;p=12424"},"modified":"2023-09-01T11:23:12","modified_gmt":"2023-09-01T11:23:12","slug":"sram-apex-1-hrd-fm-dropper-actuator-links-vordere-scheibenbremse-950-mm-schwarz","status":"publish","type":"product","link":"https:\/\/bici-bici.it\/fr\/product\/sram-apex-1-hrd-fm-dropper-actuator-links-vordere-scheibenbremse-950-mm-schwarz\/","title":{"rendered":"Sram Apex 1 HRD FM Dropper Actuator Links\/Vordere Scheibenbremse 950 mm Schwarz"},"content":{"rendered":"<p>&nbsp;<\/p>\n<p><span style=\"font-family: Roboto-Regular; font-size: 28px; font-weight: bold; color: #333333;\">\u00a0<\/span><img decoding=\"async\" class=\"item-image__img\" src=\" https:\/\/public.mteam-ssc.com\/ag_eu\/images\/resized_no_watermark\/1\/31\/116871.jpg\" alt=\"\"><\/p>\n<div class=\"main\">\n<div class=\"content\">\n<div class=\"center\">\n<div class=\"compatibility-wrapper\">\n<div class=\"item-info-wrapper\">\n<div class=\"item-text\">\n<div class=\"item-title\"><b>Sram Apex 1 HRD FM Dropper Actuator Links\/Vordere Scheibenbremse 950 mm Schwarz<\/b><\/div>\n<ul class=\"item-text-list\" type=\"disc\">\n<li><b>Set of \/ Satz von :<\/b> 1<\/li>\n<li><b>Mod\u00e8le \/ Modell :<\/b> Apex 1 HRD FM Dropper Actuator Links\/Vordere<\/li>\n<li><b>Size \/ Gr\u00f6\u00dfe :<\/b> 950 mm<\/li>\n<li><b>Caract\u00e9ristiques \/ Genschaften :<\/b><br \/>\nAvec t\u00e9l\u00e9commande pour tige de selle t\u00e9lescopique m\u00e9canique<br \/>\nUniquement pour les transmissions \u00e0 1 vitesse<br \/>\nRotor de frein recommand\u00e9 Centreline 1 pi\u00e8ce<br \/>\nDisque de frein de 160 mm recommand\u00e9 pour la plupart des applications<br \/>\nD\u00e9calage de 20 mm<br \/>\nEtrier :<br \/>\n- Montage de l'\u00e9trier : montage plat<br \/>\n- Pistons : 2<br \/>\n- Coussinets : bio<br \/>\n- Design : 2 pi\u00e8ces<br \/>\n- Mat\u00e9riau de l'\u00e9trier : aluminium<br \/>\n- Raccordement du tuyau : banjo<br \/>\nLevier :<br \/>\n- Options de r\u00e9glage : r\u00e9glage de la port\u00e9e (avec outils)<br \/>\n- Montage : pince (ferm\u00e9e)<br \/>\n- Conception : gauche (sp\u00e9cifique au c\u00f4t\u00e9)<br \/>\n- Mat\u00e9riau du levier de frein : aluminium<br \/>\n- Mat\u00e9riau du bo\u00eetier du levier de frein : mat\u00e9riau composite<\/li>\n<\/ul>\n<\/div>\n<div class=\"clear\"><\/div>\n<\/div>\n<div class=\"other-images\">\n<p><img decoding=\"async\" src=\" https:\/\/public.mteam-ssc.com\/ag_eu\/images\/resized_no_watermark\/1\/31\/116871.jpg\" alt=\"\"><\/p>\n<div class=\"clear\"><\/div>\n<\/div>\n<\/div>\n<div class=\"clear\"><\/div>\n<\/div>\n<\/div>\n<\/div>\n<div class=\"footer\">\n<div class=\"center\"><\/div>\n<\/div>","protected":false},"excerpt":{"rendered":"<p>&nbsp; \u00a0 Sram Apex 1 HRD FM Dropper Actuator Links\/Vordere Scheibenbremse 950 mm Schwarz Set of \/ Satz von: 1 Model \/ Modell: Apex 1 HRD FM Dropper Actuator Links\/Vordere Size \/ Gr\u00f6\u00dfe: 950 mm Features \/ Genschaften: With remote control for mechanical telescopic seatpost Only for 1-speed drivetrains Recommended brake rotor Centerline 1-piece 160 [&#8230;]\n","protected":false},"featured_media":12423,"comment_status":"open","ping_status":"closed","template":"","meta":[],"product_brand":[],"product_cat":[243],"product_tag":[],"class_list":{"0":"post-12424","1":"product","2":"type-product","3":"status-publish","4":"has-post-thumbnail","6":"product_cat-mtb","8":"first","9":"instock","10":"taxable","11":"shipping-taxable","12":"purchasable","13":"product-type-simple"},"_links":{"self":[{"href":"https:\/\/bici-bici.it\/fr\/wp-json\/wp\/v2\/product\/12424","targetHints":{"allow":["GET"]}}],"collection":[{"href":"https:\/\/bici-bici.it\/fr\/wp-json\/wp\/v2\/product"}],"about":[{"href":"https:\/\/bici-bici.it\/fr\/wp-json\/wp\/v2\/types\/product"}],"replies":[{"embeddable":true,"href":"https:\/\/bici-bici.it\/fr\/wp-json\/wp\/v2\/comments?post=12424"}],"wp:featuredmedia":[{"embeddable":true,"href":"https:\/\/bici-bici.it\/fr\/wp-json\/wp\/v2\/media\/12423"}],"wp:attachment":[{"href":"https:\/\/bici-bici.it\/fr\/wp-json\/wp\/v2\/media?parent=12424"}],"wp:term":[{"taxonomy":"product_brand","embeddable":true,"href":"https:\/\/bici-bici.it\/fr\/wp-json\/wp\/v2\/product_brand?post=12424"},{"taxonomy":"product_cat","embeddable":true,"href":"https:\/\/bici-bici.it\/fr\/wp-json\/wp\/v2\/product_cat?post=12424"},{"taxonomy":"product_tag","embeddable":true,"href":"https:\/\/bici-bici.it\/fr\/wp-json\/wp\/v2\/product_tag?post=12424"}],"curies":[{"name":"wp","href":"https:\/\/api.w.org\/{rel}","templated":true}]}}