{"id":12049,"date":"2023-06-27T16:22:10","date_gmt":"2023-06-27T16:22:10","guid":{"rendered":"https:\/\/bici-bici.it\/?post_type=product&#038;p=12049"},"modified":"2023-06-28T03:33:33","modified_gmt":"2023-06-28T03:33:33","slug":"bmc-twostroke-al-one-29-mtb-12-speed-2022-men","status":"publish","type":"product","link":"https:\/\/bici-bici.it\/fr\/product\/bmc-twostroke-al-one-29-mtb-12-speed-2022-hommes\/","title":{"rendered":"BMC Twostroke AL ONE 29\u2033 MTB 12 Speed 2022 Hommes"},"content":{"rendered":"<h1>BMC Twostroke AL ONE 29\u2033 MTB 12 Speed 2022 Hommes<\/h1>\n<p>D\u00e9railleur arri\u00e8re : Sram NX Eagle 12 Speed<br \/>\nFourche : RockShox Recon RL<br \/>\nFreins : Sram Level T, Rotors Centerline 160\/160 mm<br \/>\nAnn\u00e9e : 2022<br \/>\nType de v\u00e9lo : V\u00e9lo de montagne<br \/>\nLot de : 1<\/p>","protected":false},"excerpt":{"rendered":"<p>BMC Twostroke AL ONE 29\u2033 MTB 12 Speed 2022 Men D\u00e9railleur arri\u00e8re : Sram NX Eagle 12 Speed Fourche : RockShox Recon RL Freins : Sram Level T, Centerline Rotors 160\/160 mm Ann\u00e9e : 2022 Type de v\u00e9lo : V\u00e9lo de montagne Lot de : 1<\/p>","protected":false},"featured_media":12051,"comment_status":"closed","ping_status":"closed","template":"","meta":[],"product_brand":[],"product_cat":[243],"product_tag":[],"class_list":{"0":"post-12049","1":"product","2":"type-product","3":"status-publish","4":"has-post-thumbnail","6":"product_cat-mtb","8":"first","9":"instock","10":"sale","11":"taxable","12":"shipping-taxable","13":"purchasable","14":"product-type-simple"},"_links":{"self":[{"href":"https:\/\/bici-bici.it\/fr\/wp-json\/wp\/v2\/product\/12049","targetHints":{"allow":["GET"]}}],"collection":[{"href":"https:\/\/bici-bici.it\/fr\/wp-json\/wp\/v2\/product"}],"about":[{"href":"https:\/\/bici-bici.it\/fr\/wp-json\/wp\/v2\/types\/product"}],"replies":[{"embeddable":true,"href":"https:\/\/bici-bici.it\/fr\/wp-json\/wp\/v2\/comments?post=12049"}],"wp:featuredmedia":[{"embeddable":true,"href":"https:\/\/bici-bici.it\/fr\/wp-json\/wp\/v2\/media\/12051"}],"wp:attachment":[{"href":"https:\/\/bici-bici.it\/fr\/wp-json\/wp\/v2\/media?parent=12049"}],"wp:term":[{"taxonomy":"product_brand","embeddable":true,"href":"https:\/\/bici-bici.it\/fr\/wp-json\/wp\/v2\/product_brand?post=12049"},{"taxonomy":"product_cat","embeddable":true,"href":"https:\/\/bici-bici.it\/fr\/wp-json\/wp\/v2\/product_cat?post=12049"},{"taxonomy":"product_tag","embeddable":true,"href":"https:\/\/bici-bici.it\/fr\/wp-json\/wp\/v2\/product_tag?post=12049"}],"curies":[{"name":"wp","href":"https:\/\/api.w.org\/{rel}","templated":true}]}}