{"id":9575,"date":"2021-09-28T09:46:19","date_gmt":"2021-09-28T09:46:19","guid":{"rendered":"http:\/\/bici-bici.it\/?page_id=9575"},"modified":"2023-09-01T08:55:38","modified_gmt":"2023-09-01T08:55:38","slug":"spedizione-e-tempi-di-consegna","status":"publish","type":"page","link":"https:\/\/bici-bici.it\/fr\/expedition-et-delais-de-livraison\/","title":{"rendered":"EXP\u00c9DITION ET D\u00c9LAIS DE LIVRAISON"},"content":{"rendered":"<div class=\"icon-box featured-box icon-box-top text-left\"  >\n\t\t\t\t<div class=\"icon-box-text last-reset\">\n\t\t\t\t\t\t\t\t\t\n<div class=\"container section-title-container\" ><h2 class=\"section-title section-title-normal\"><b><\/b><span class=\"section-title-main\" >EXP\u00c9DITION ET D\u00c9LAIS DE LIVRAISON<\/span><b><\/b><\/h2><\/div>\n\t\t<\/div>\n\t<\/div>\n\t\n\t\n<ul>\n<li>D\u00c9LAIS DE LIVRAISON<\/li>\n<li>Quel transporteur exp\u00e9die avec bici-bici.it<\/li>\n<li>FRAIS D'EXP\u00c9DITION<\/li>\n<\/ul>\n<div class=\"row\"  id=\"row-2135656762\">\n\n\t<div id=\"col-1446393151\" class=\"col small-12 large-12\"  >\n\t\t\t\t<div class=\"col-inner\"  >\n\t\t\t\n\t\t\t\n<div class=\"is-divider divider clearfix\" style=\"max-width:1051px;\"><\/div>\n\t<div id=\"gap-623816526\" class=\"gap-element clearfix\" style=\"display:block; height:auto;\">\n\t\t\n<style>\n#gap-623816526 {\n  padding-top: 30px;\n}\n<\/style>\n\t<\/div>\n\t\n\t\t<\/div>\n\t\t\t\t\t<\/div>\n\n\t\n<\/div>\n<div class=\"row row-full-width\"  id=\"row-1099960373\">\n\n\t<div id=\"col-59518506\" class=\"col medium-6 small-12 large-6\"  >\n\t\t\t\t<div class=\"col-inner\"  >\n\t\t\t\n\t\t\t\n<div class=\"container section-title-container\" ><h3 class=\"section-title section-title-normal\"><b><\/b><span class=\"section-title-main\" >D\u00c9LAI DE LIVRAISON ?<\/span><b><\/b><\/h3><\/div>\n<p>Le d\u00e9lai de livraison estim\u00e9 pour votre commande sera affich\u00e9 au moment du paiement. Les d\u00e9lais de livraison varient en fonction des produits command\u00e9s, un v\u00e9lo encombrant ou un petit article prendront donc des temps diff\u00e9rents. Le suivi vous permet de garder un \u0153il sur votre marchandise et de vous tenir au courant de son \u00e9volution.<\/p>\n<div class=\"container section-title-container\" ><h3 class=\"section-title section-title-normal\"><b><\/b><span class=\"section-title-main\" >Quel transporteur exp\u00e9die avec bici-bici.it<\/span><b><\/b><\/h3><\/div>\n<p>Nos partenaires d'exp\u00e9dition en Italie sont DHL et GLS.<br \/>\nD\u00e8s que nous remettons votre colis au transporteur, vous recevez une confirmation d'exp\u00e9dition par courrier \u00e9lectronique. Cette confirmation contient \u00e9galement le num\u00e9ro de suivi qui vous permet de v\u00e9rifier l'\u00e9tat de votre envoi.<\/p>\n\t\t<\/div>\n\t\t\t\t\t<\/div>\n\n\t\n\n\t<div id=\"col-1891267011\" class=\"col medium-6 small-12 large-6\"  >\n\t\t\t\t<div class=\"col-inner\"  >\n\t\t\t\n\t\t\t\n<div class=\"container section-title-container\" ><h3 class=\"section-title section-title-normal\"><b><\/b><span class=\"section-title-main\" >FRAIS D'EXP\u00c9DITION<\/span><b><\/b><\/h3><\/div>\n<p>Vous trouverez un tableau des frais d'exp\u00e9dition ici<\/p>\n<div class=\"accordion\">\n\t<div id=\"accordion-1037353318\" class=\"accordion-item\">\n\t\t<a id=\"accordion-1037353318-label\" class=\"accordion-title plain\" href=\"#accordion-item-tabella-costi\" aria-expanded=\"false\" aria-controls=\"accordion-1037353318-content\" >\n\t\t\t<button class=\"toggle\" aria-label=\"Basculer\"><i class=\"icon-angle-down\"><\/i><\/button>\n\t\t\t<span>Tableau des co\u00fbts<\/span>\n\t\t<\/a>\n\t\t<div id=\"accordion-1037353318-content\" class=\"accordion-inner\" aria-labelledby=\"accordion-1037353318-label\" >\n\t\t\t\n\t<div id=\"text-3697067697\" class=\"text\">\n\t\t\n<table style=\"height: 151px;\" width=\"467\">\n<tbody>\n<tr>\n<td width=\"51%\">Exp\u00e9dition standard<\/td>\n<td width=\"47%\">9,90 \u20ac<\/td>\n<\/tr>\n<tr>\n<td width=\"51%\">\u00c0 partir de 100,00 euros de valeur d'achat*<\/td>\n<td width=\"47%\">5,90 \u20ac<\/td>\n<\/tr>\n<tr>\n<td width=\"51%\">V\u00e9los*<\/td>\n<td width=\"47%\">49,90 \u20ac<\/td>\n<\/tr>\n<tr>\n<td width=\"51%\">Colis encombrants*<\/td>\n<td width=\"47%\">20,00 \u20ac<\/td>\n<\/tr>\n<\/tbody>\n<\/table>\n<p>*BICYCLETTES, V\u00c9LOS POUR ENFANTS 12-18 POUCES - Livraison gratuite \u00e0 partir de 99 \u20ac.<\/p>\n<p>Nous exp\u00e9dions un colis assur\u00e9 avec GLS \/ DHL. Nous vous envoyons le tracking pour suivre le colis.<\/p>\n<p>*Les frais pour les colis encombrants, les v\u00e9los et les v\u00e9los \u00e9lectriques sont factur\u00e9s par pi\u00e8ce. Les v\u00e9los et les v\u00e9los \u00e9lectriques sont exp\u00e9di\u00e9s par un transporteur.<\/p>\n<p>Tous les prix sont exprim\u00e9s en euros, TVA incluse.<\/p>\n\t\t\n<style>\n#text-3697067697 {\n  text-align: left;\n}\n<\/style>\n\t<\/div>\n\t\n\t\t<\/div>\n\t<\/div>\n\t\n<\/div>\n<div class=\"is-divider divider clearfix\" style=\"max-width:0px;\"><\/div>\n<div class=\"container section-title-container\" ><h3 class=\"section-title section-title-normal\"><b><\/b><span class=\"section-title-main\" >PUIS-JE CONVENIR DU JOUR ET DE L'HEURE DE LA LIVRAISON ?<\/span><b><\/b><\/h3><\/div>\n<p>Non, ce n'est malheureusement pas possible. Notre service d'exp\u00e9dition n'a aucune influence sur le moment exact de la livraison.<\/p>\n\t\t<\/div>\n\t\t\t\t\t<\/div>\n\n\t\n<\/div>","protected":false},"excerpt":{"rendered":"<p>TEMPI DI CONSEGNA CON QUALE VETTORE SPEDISCE bici-bici.it LE SPESE DI SPEDIZIONE<\/p>","protected":false},"author":1,"featured_media":0,"parent":0,"menu_order":12,"comment_status":"closed","ping_status":"closed","template":"page-left-sidebar.php","meta":{"footnotes":""},"class_list":["post-9575","page","type-page","status-publish","hentry"],"_links":{"self":[{"href":"https:\/\/bici-bici.it\/fr\/wp-json\/wp\/v2\/pages\/9575","targetHints":{"allow":["GET"]}}],"collection":[{"href":"https:\/\/bici-bici.it\/fr\/wp-json\/wp\/v2\/pages"}],"about":[{"href":"https:\/\/bici-bici.it\/fr\/wp-json\/wp\/v2\/types\/page"}],"author":[{"embeddable":true,"href":"https:\/\/bici-bici.it\/fr\/wp-json\/wp\/v2\/users\/1"}],"replies":[{"embeddable":true,"href":"https:\/\/bici-bici.it\/fr\/wp-json\/wp\/v2\/comments?post=9575"}],"version-history":[{"count":0,"href":"https:\/\/bici-bici.it\/fr\/wp-json\/wp\/v2\/pages\/9575\/revisions"}],"wp:attachment":[{"href":"https:\/\/bici-bici.it\/fr\/wp-json\/wp\/v2\/media?parent=9575"}],"curies":[{"name":"wp","href":"https:\/\/api.w.org\/{rel}","templated":true}]}}