{"id":9501,"date":"2021-09-27T10:19:02","date_gmt":"2021-09-27T10:19:02","guid":{"rendered":"http:\/\/bici-bici.it\/?page_id=9501"},"modified":"2023-09-01T08:56:26","modified_gmt":"2023-09-01T08:56:26","slug":"metodi-di-pagamento","status":"publish","type":"page","link":"https:\/\/bici-bici.it\/fr\/modes-de-paiement\/","title":{"rendered":"MODES DE PAIEMENT"},"content":{"rendered":"<div id=\"c55608\" class=\"csc-default cyc-layout_block\">\n<h2>MODES DE PAIEMENT<\/h2>\n<\/div>\n<div id=\"c55609\" class=\"csc-default cyc-layout_block\"><\/div>\n<div id=\"c55622\" class=\"csc-default cyc-layout_block\">\n<div class=\"row\">\n<div class=\"col-md-6\"><\/div>\n<\/div>\n<\/div>\n<div class=\"row\"  id=\"row-321526938\">\n\n\t<div id=\"col-279747274\" class=\"col medium-6 small-12 large-6\"  >\n\t\t\t\t<div class=\"col-inner\"  >\n\t\t\t\n\t\t\t\n<div class=\"container section-title-container\" ><h3 class=\"section-title section-title-normal\"><b><\/b><span class=\"section-title-main\" >QUELS SONT LES MODES DE PAIEMENT DISPONIBLES ?<\/span><b><\/b><\/h3><\/div>\n<ul>\n<li>Paypal<\/li>\n<li>Carte de cr\u00e9dit<\/li>\n<\/ul>\n\t\t<\/div>\n\t\t\t\t\t<\/div>\n\n\t\n\n\t<div id=\"col-1758623870\" class=\"col medium-6 small-12 large-6\"  >\n\t\t\t\t<div class=\"col-inner\"  >\n\t\t\t\n\t\t\t\n<div class=\"container section-title-container\" ><h3 class=\"section-title section-title-normal\"><b><\/b><span class=\"section-title-main\" >AUTRES QUESTIONS<\/span><b><\/b><\/h3><\/div>\n<ul>\n<li>Quelles sont les mesures de s\u00e9curit\u00e9 utilis\u00e9es par bici-bici.it ?<\/li>\n<li>Puis-je encore modifier le mode de paiement ?<\/li>\n<\/ul>\n\t\t<\/div>\n\t\t\t\t\t<\/div>\n\n\t\n<\/div>\n\n\t<section class=\"section\" id=\"section_17398400\">\n\t\t<div class=\"section-bg fill\" >\n\t\t\t\t\t\t\t\t\t<div class=\"section-bg-overlay absolute fill\"><\/div>\n\t\t\t\n\n\t\t<\/div>\n\n\t\t\n\n\t\t<div class=\"section-content relative\">\n\t\t\t\n<div class=\"row row-large align-middle\"  id=\"row-859902652\">\n\n\t<div id=\"col-445491257\" class=\"col medium-3 small-12 large-3\"  >\n\t\t\t\t<div class=\"col-inner\"  >\n\t\t\t\n\t\t\t\n\t<div class=\"img has-hover x md-x lg-x y md-y lg-y\" id=\"image_839654842\">\n\t\t\t\t\t\t\t\t<div class=\"img-inner dark\" >\n\t\t\t<img loading=\"lazy\" decoding=\"async\" width=\"1020\" height=\"510\" src=\"https:\/\/bici-bici.it\/wp-content\/uploads\/2021\/09\/paypal.png\" class=\"attachment-large size-large\" alt=\"\" srcset=\"https:\/\/bici-bici.it\/wp-content\/uploads\/2021\/09\/paypal.png 1280w, https:\/\/bici-bici.it\/wp-content\/uploads\/2021\/09\/paypal-800x400.png 800w, https:\/\/bici-bici.it\/wp-content\/uploads\/2021\/09\/paypal-64x32.png 64w, https:\/\/bici-bici.it\/wp-content\/uploads\/2021\/09\/paypal-768x384.png 768w\" sizes=\"auto, (max-width: 1020px) 100vw, 1020px\">\t\t\t\t\t\t\n\t\t\t\t\t<\/div>\n\t\t\t\t\t\t\t\t\n<style>\n#image_839654842 {\n  width: 100%;\n}\n<\/style>\n\t<\/div>\n\t\n\t\t<\/div>\n\t\t\t\t\t<\/div>\n\n\t\n\n\t<div id=\"col-1341416805\" class=\"col medium-9 small-12 large-9\"  >\n\t\t\t\t<div class=\"col-inner text-left\"  >\n\t\t\t\n\t\t\t\n\t<div id=\"text-4085792206\" class=\"text\">\n\t\t\n<h2>PAYPAL<\/h2>\n<p>Avec PayPal, vous pouvez payer sur bici-bici.it facilement, rapidement et en toute s\u00e9curit\u00e9. Utilisez votre compte personnel et r\u00e9glez vos achats en toute simplicit\u00e9. Nous recevrons imm\u00e9diatement la confirmation de paiement de PayPal et traiterons votre commande. Veuillez noter que le paiement via PayPal est gratuit pour vous - bici-bici.it prend en charge les co\u00fbts.<\/p>\n<p>Vous n'avez pas encore de compte PayPal ? Enregistrez votre compte en quelques clics \u00e0 l'adresse suivante<a class=\"external-link-new-window\" title=\"Paypal\" href=\"http:\/\/www.paypal.it\/\" target=\"_blank\" rel=\"noopener\"> www.paypal.it<\/a>L'inscription ne prend que quelques secondes, vous n'avez qu'\u00e0 entrer votre e-mail, votre adresse et vos coordonn\u00e9es bancaires. D\u00e9sormais, vous pouvez faire vos achats en toute s\u00e9curit\u00e9, sans communiquer vos coordonn\u00e9es bancaires \u00e0 des tiers.<br \/>\n\t\t\n<style>\n#text-4085792206 {\n  text-align: left;\n}\n<\/style>\n\t<\/div>\n\t\n\t\t<\/div>\n\t\t\t\t\t<\/div>\n\n\t\n<\/div>\n\t\t<\/div>\n\n\t\t\n<style>\n#section_17398400 {\n  padding-top: 60px;\n  padding-bottom: 60px;\n  background-color: rgb(193, 193, 193);\n}\n#section_17398400 .section-bg-overlay {\n  background-color: rgba(255, 255, 255, 0.85);\n}\n<\/style>\n\t<\/section>\n\t\n\n\t<section class=\"section\" id=\"section_374837152\">\n\t\t<div class=\"section-bg fill\" >\n\t\t\t\t\t\t\t\t\t<div class=\"section-bg-overlay absolute fill\"><\/div>\n\t\t\t\n\n\t\t<\/div>\n\n\t\t\n\n\t\t<div class=\"section-content relative\">\n\t\t\t\n<div class=\"row row-large align-middle\"  id=\"row-988586482\">\n\n\t<div id=\"col-1866736758\" class=\"col medium-3 small-12 large-3\"  >\n\t\t\t\t<div class=\"col-inner\"  >\n\t\t\t\n\t\t\t\n\t<div class=\"img has-hover x md-x lg-x y md-y lg-y\" id=\"image_1621336939\">\n\t\t\t\t\t\t\t\t<div class=\"img-inner dark\" >\n\t\t\t<img loading=\"lazy\" decoding=\"async\" width=\"486\" height=\"224\" src=\"https:\/\/bici-bici.it\/wp-content\/uploads\/2021\/09\/pagamenti.png\" class=\"attachment-large size-large\" alt=\"\" srcset=\"https:\/\/bici-bici.it\/wp-content\/uploads\/2021\/09\/pagamenti.png 486w, https:\/\/bici-bici.it\/wp-content\/uploads\/2021\/09\/pagamenti-64x29.png 64w\" sizes=\"auto, (max-width: 486px) 100vw, 486px\">\t\t\t\t\t\t\n\t\t\t\t\t<\/div>\n\t\t\t\t\t\t\t\t\n<style>\n#image_1621336939 {\n  width: 100%;\n}\n<\/style>\n\t<\/div>\n\t\n\t\t<\/div>\n\t\t\t\t\t<\/div>\n\n\t\n\n\t<div id=\"col-1591959420\" class=\"col medium-9 small-12 large-9\"  >\n\t\t\t\t<div class=\"col-inner text-left\"  >\n\t\t\t\n\t\t\t\n\t<div id=\"text-2668432360\" class=\"text\">\n\t\t\n<h2>CARTE DE CR\u00c9DIT<\/h2>\n<p>Pratique et s\u00fbr : payez en d\u00e9bitant votre carte de cr\u00e9dit (VISA ou MasterCard) ou par CartaSi ou PostePay. Saisissez le num\u00e9ro de votre carte, la validit\u00e9 et le code de v\u00e9rification et bici-bici.it transf\u00e9rera vos donn\u00e9es en toute s\u00e9curit\u00e9. Si votre carte n\u00e9cessite un code 3D-Secure, une demande sera envoy\u00e9e \u00e0 votre banque. Apr\u00e8s quelques secondes, votre commande peut d\u00e9j\u00e0 \u00eatre trait\u00e9e. Le montant ne sera d\u00e9bit\u00e9 qu'une fois la marchandise exp\u00e9di\u00e9e.<\/p>\n\t\t\n<style>\n#text-2668432360 {\n  text-align: left;\n}\n<\/style>\n\t<\/div>\n\t\n\t\t<\/div>\n\t\t\t\t\t<\/div>\n\n\t\n<\/div>\n\t\t<\/div>\n\n\t\t\n<style>\n#section_374837152 {\n  padding-top: 60px;\n  padding-bottom: 60px;\n  background-color: rgb(193, 193, 193);\n}\n#section_374837152 .section-bg-overlay {\n  background-color: rgba(255, 255, 255, 0.85);\n}\n<\/style>\n\t<\/section>\n\t\n<div class=\"row\"  id=\"row-1538769052\">\n\n\t<div id=\"col-1782424277\" class=\"col medium-6 small-12 large-6\"  >\n\t\t\t\t<div class=\"col-inner\"  >\n\t\t\t\n\t\t\t\n<div class=\"container section-title-container\" ><h3 class=\"section-title section-title-normal\"><b><\/b><span class=\"section-title-main\" >Quelles sont les mesures de s\u00e9curit\u00e9 utilis\u00e9es par bici-bici.IT ?<\/span><b><\/b><\/h3><\/div>\n<p>Les mesures de s\u00e9curit\u00e9 pour les paiements en ligne sont notre premi\u00e8re priorit\u00e9. Toutes nos m\u00e9thodes de paiement sont absolument s\u00fbres et ont prouv\u00e9 au fil des ans qu'elles \u00e9taient plus que fiables pour le commerce en ligne.<\/p>\n\t\t<\/div>\n\t\t\t\t\t<\/div>\n\n\t\n\n\t<div id=\"col-70125062\" class=\"col medium-6 small-12 large-6\"  >\n\t\t\t\t<div class=\"col-inner\"  >\n\t\t\t\n\t\t\t\n<div class=\"container section-title-container\" ><h3 class=\"section-title section-title-normal\"><b><\/b><span class=\"section-title-main\" >PUIS-JE ENCORE MODIFIER LE MODE DE PAIEMENT ?<\/span><b><\/b><\/h3><\/div>\n<p>Pour des raisons techniques, il n'est pas possible de modifier ult\u00e9rieurement le mode de paiement. Si vous souhaitez payer par PayPal plut\u00f4t que par virement bancaire, veuillez annuler votre commande en cours et proc\u00e9der \u00e0 nouveau \u00e0 votre achat sur notre site.<\/p>\n\t\t<\/div>\n\t\t\t\t\t<\/div>\n\n\t\n<\/div>","protected":false},"excerpt":{"rendered":"<p>MODES DE PAIEMENT<\/p>","protected":false},"author":1,"featured_media":0,"parent":0,"menu_order":8,"comment_status":"closed","ping_status":"closed","template":"page-left-sidebar.php","meta":{"footnotes":""},"class_list":["post-9501","page","type-page","status-publish","hentry"],"_links":{"self":[{"href":"https:\/\/bici-bici.it\/fr\/wp-json\/wp\/v2\/pages\/9501","targetHints":{"allow":["GET"]}}],"collection":[{"href":"https:\/\/bici-bici.it\/fr\/wp-json\/wp\/v2\/pages"}],"about":[{"href":"https:\/\/bici-bici.it\/fr\/wp-json\/wp\/v2\/types\/page"}],"author":[{"embeddable":true,"href":"https:\/\/bici-bici.it\/fr\/wp-json\/wp\/v2\/users\/1"}],"replies":[{"embeddable":true,"href":"https:\/\/bici-bici.it\/fr\/wp-json\/wp\/v2\/comments?post=9501"}],"version-history":[{"count":0,"href":"https:\/\/bici-bici.it\/fr\/wp-json\/wp\/v2\/pages\/9501\/revisions"}],"wp:attachment":[{"href":"https:\/\/bici-bici.it\/fr\/wp-json\/wp\/v2\/media?parent=9501"}],"curies":[{"name":"wp","href":"https:\/\/api.w.org\/{rel}","templated":true}]}}