{"id":9482,"date":"2021-09-27T08:14:18","date_gmt":"2021-09-27T08:14:18","guid":{"rendered":"http:\/\/bici-bici.it\/?page_id=9482"},"modified":"2022-03-20T10:07:28","modified_gmt":"2022-03-20T10:07:28","slug":"processo-dordine","status":"publish","type":"page","link":"https:\/\/bici-bici.it\/fr\/procedure-de-commande\/","title":{"rendered":"PROCESSUS DE COMMANDE"},"content":{"rendered":"<div class=\"icon-box featured-box icon-box-top text-left\"  >\n\t\t\t\t<div class=\"icon-box-text last-reset\">\n\t\t\t\t\t\t\t\t\t\n<div class=\"container section-title-container\" ><h1 class=\"section-title section-title-normal\"><b><\/b><span class=\"section-title-main\" >PROCESSUS DE COMMANDE<\/span><b><\/b><\/h1><\/div>\n\t\t<\/div>\n\t<\/div>\n\t\n\t\n<ul>\n<li>COMMENT COMMANDER EN LIGNE SUR BICI-BICI.IT<\/li>\n<li>COMMENT AJOUTER UN PRODUIT APR\u00c8S AVOIR TERMIN\u00c9 LA COMMANDE ?<\/li>\n<li>Y A-T-IL UNE LIMITE MINIMALE DE D\u00c9PENSES ?<\/li>\n<\/ul>\n<div class=\"row\"  id=\"row-1134694032\">\n\n\t<div id=\"col-599275896\" class=\"col small-12 large-12\"  >\n\t\t\t\t<div class=\"col-inner\"  >\n\t\t\t\n\t\t\t\n<div class=\"is-divider divider clearfix\" style=\"max-width:1051px;\"><\/div>\n\t<div id=\"gap-896977756\" class=\"gap-element clearfix\" style=\"display:block; height:auto;\">\n\t\t\n<style>\n#gap-896977756 {\n  padding-top: 30px;\n}\n<\/style>\n\t<\/div>\n\t\n\t\t<\/div>\n\t\t\t\t\t<\/div>\n\n\t\n<\/div>\n<div class=\"row row-full-width\"  id=\"row-521383038\">\n\n\t<div id=\"col-467768948\" class=\"col medium-6 small-12 large-6\"  >\n\t\t\t\t<div class=\"col-inner\"  >\n\t\t\t\n\t\t\t\n<div class=\"container section-title-container\" ><h3 class=\"section-title section-title-normal\"><b><\/b><span class=\"section-title-main\" >COMMENT COMMANDER EN LIGNE SUR bici-bici.it<\/span><b><\/b><\/h3><\/div>\n<p>1. Choisissez les articles et ajoutez-les \u00e0 votre panier<\/p>\n<p>Choisissez les articles que vous souhaitez acheter sur notre site bici-bici.it et mettez-les dans votre panier virtuel en cliquant sur le bouton \"Ajouter au panier\". Les articles s\u00e9lectionn\u00e9s peuvent \u00eatre retir\u00e9s de votre panier en cliquant sur le bouton \"Supprimer\" ou vous pouvez modifier la quantit\u00e9 de l'article choisi via le menu d\u00e9roulant. Lorsque vous \u00eates satisfait de votre choix, cliquez sur le bouton \"Commander\".<\/p>\n<p>2. 2. Compl\u00e9ter la commande<\/p>\n<p>Adresse :<br \/>\nSi vous disposez d\u00e9j\u00e0 d'un compte client, veuillez saisir votre adresse \u00e9lectronique personnelle et votre mot de passe et vous connecter. Pour modifier l'adresse de livraison, il suffit de cliquer sur le bouton \"Entrer une nouvelle adresse de livraison\". Confirmez l'adresse de livraison en cliquant sur le bouton \"\u00c9tape suivante\".<\/p>\n<p>Si vous n'avez pas encore de compte client chez nous, veuillez saisir les donn\u00e9es n\u00e9cessaires et cliquer sur le bouton \"Suivant\". Pour savoir o\u00f9 envoyer les marchandises, nous n'avons plus besoin que de votre adresse.<\/p>\n<p>Modalit\u00e9s de paiement :<br \/>\nS\u00e9lectionnez un mode de paiement. Apr\u00e8s votre s\u00e9lection, cliquez sur le bouton \"Suivant\".<\/p>\n<p>Confirmer et envoyer :<br \/>\nSur la page suivante, nous avons r\u00e9sum\u00e9 les informations relatives \u00e0 votre commande. Vous pouvez modifier vos donn\u00e9es en cliquant sur le lien correspondant. En cliquant sur le bouton \"Acheter maintenant\", vous acceptez l'achat ferme des articles figurant dans votre panier.<\/p>\n<p><b>3. confirmer votre commande<\/b><\/p>\n<p>Apr\u00e8s avoir pass\u00e9 votre commande, vous recevrez automatiquement un e-mail de confirmation r\u00e9sumant les informations relatives \u00e0 votre achat. Cet e-mail sert exclusivement \u00e0 vous informer que nous avons re\u00e7u votre commande.<\/p>\n<p><b>4. Stipulation du contrat<\/b><\/p>\n<p>La date \u00e0 laquelle le contrat entre vous et nous peut \u00eatre consid\u00e9r\u00e9 comme conclu d\u00e9pend du mode de paiement choisi. Vous trouverez de plus amples informations \u00e0 ce sujet dans la section Informations destin\u00e9es aux clients.<\/p>\n<p><b>5. Livraison<\/b><\/p>\n<p>Les commandes sont livr\u00e9es dans un d\u00e9lai de 2 \u00e0 5 jours ouvrables, du lundi au samedi. Les produits sont accompagn\u00e9s de tous les documents importants tels que la brochure d'information et, bien s\u00fbr, la facture.<\/p>\n\t\t<\/div>\n\t\t\t\t\t<\/div>\n\n\t\n\n\t<div id=\"col-2097512096\" class=\"col medium-6 small-12 large-6\"  >\n\t\t\t\t<div class=\"col-inner\"  >\n\t\t\t\n\t\t\t\n<div class=\"container section-title-container\" ><h3 class=\"section-title section-title-normal\"><b><\/b><span class=\"section-title-main\" >COMMENT AJOUTER UN PRODUIT APR\u00c8S AVOIR TERMIN\u00c9 LA COMMANDE ?<\/span><b><\/b><\/h3><\/div>\n<p>Malheureusement, il n'est pas possible d'ajouter un article apr\u00e8s avoir pass\u00e9 votre commande, car votre achat est d\u00e9j\u00e0 en cours de traitement.<\/p>\n<div class=\"container section-title-container\" ><h3 class=\"section-title section-title-normal\"><b><\/b><span class=\"section-title-main\" >Y A-T-IL UNE LIMITE MINIMALE DE D\u00c9PENSES ?<\/span><b><\/b><\/h3><\/div>\n<p>Non, il n'y a pas de limite minimale de d\u00e9penses. Les frais de port varient en fonction de la valeur du panier.<\/p>\n\t\t<\/div>\n\t\t\t\t\t<\/div>\n\n\t\n<\/div>","protected":false},"excerpt":{"rendered":"<p>COME POSSO ORDINARE ONLINE SU BICI-BICI.IT COME POSSO AGGIUNGERE UN PRODOTTO DOPO AVER TERMINATO L\u2019ORDINE? C\u2019\u00c8 UN LIMITE DI SPESA MINIMA?<\/p>","protected":false},"author":1,"featured_media":0,"parent":0,"menu_order":0,"comment_status":"closed","ping_status":"closed","template":"page-left-sidebar.php","meta":{"footnotes":""},"class_list":["post-9482","page","type-page","status-publish","hentry"],"_links":{"self":[{"href":"https:\/\/bici-bici.it\/fr\/wp-json\/wp\/v2\/pages\/9482","targetHints":{"allow":["GET"]}}],"collection":[{"href":"https:\/\/bici-bici.it\/fr\/wp-json\/wp\/v2\/pages"}],"about":[{"href":"https:\/\/bici-bici.it\/fr\/wp-json\/wp\/v2\/types\/page"}],"author":[{"embeddable":true,"href":"https:\/\/bici-bici.it\/fr\/wp-json\/wp\/v2\/users\/1"}],"replies":[{"embeddable":true,"href":"https:\/\/bici-bici.it\/fr\/wp-json\/wp\/v2\/comments?post=9482"}],"version-history":[{"count":0,"href":"https:\/\/bici-bici.it\/fr\/wp-json\/wp\/v2\/pages\/9482\/revisions"}],"wp:attachment":[{"href":"https:\/\/bici-bici.it\/fr\/wp-json\/wp\/v2\/media?parent=9482"}],"curies":[{"name":"wp","href":"https:\/\/api.w.org\/{rel}","templated":true}]}}