{"id":9120,"date":"2021-12-22T14:04:17","date_gmt":"2021-12-22T14:04:17","guid":{"rendered":"http:\/\/bici-bici.it\/?page_id=9120"},"modified":"2023-10-10T07:58:58","modified_gmt":"2023-10-10T07:58:58","slug":"guanti-mtb-mountain-bike","status":"publish","type":"page","link":"https:\/\/bici-bici.it\/fr\/gants-de-velo-de-montagne-mtb\/","title":{"rendered":"Gants MTB - VTT"},"content":{"rendered":"<p><span style=\"font-size: 115%;\">\t\n  \n    <div class=\"row large-columns-3 medium-columns- small-columns-2 row-small\" >\n  <\/div><\/span><\/p>\n<h1 style=\"text-align: center;\"><span style=\"font-size: 115%;\">Gants MTB<\/span><\/h1>\n<div><span style=\"font-size: 115%;\">Les gants de VTT sont un \u00e9l\u00e9ment important de la panoplie du cycliste. Que vous pratiquiez le cross-country, l'enduro ou le VTT de descente, ils vous prot\u00e8gent du soleil et des d\u00e9bris qui pourraient salir vos mains lors de longues sorties par temps chaud.<\/span><\/div>\n<div><\/div>\n<div><span style=\"color: #555555; font-size: 115%;\">Les gants MTB prot\u00e8gent les paumes des cyclistes de toutes sortes de mat\u00e9riaux abrasifs tels que les branches pointues et la salet\u00e9, tout en assurant une ventilation pour garder les mains au frais pendant les journ\u00e9es d'\u00e9t\u00e9 o\u00f9 les temp\u00e9ratures peuvent atteindre jusqu'\u00e0 110 degr\u00e9s Fahrenheit \u00e0 l'ext\u00e9rieur ! Ces gants sp\u00e9cifiques sont \u00e9galement dot\u00e9s d'un rembourrage int\u00e9gr\u00e9 pour plus de confort, ce qui est particuli\u00e8rement utile si vous souffrez de blessures aux mains au fil du temps en raison d'une utilisation r\u00e9p\u00e9t\u00e9e \u00e0 des vitesses aussi \u00e9lev\u00e9es sur des itin\u00e9raires de descente avec de nombreux obstacles le long du chemin.<\/span><\/div>\n<div><\/div>\n<div><span style=\"font-size: 115%;\"><div class=\"is-divider divider clearfix\" style=\"max-width:100%;\"><\/div><\/span><\/div>\n<h2><span style=\"font-size: 115%;\">Gants MTB hommes<\/span><\/h2>\n<div><span style=\"font-size: 115%;\">Gants <a class=\"wpil_keyword_link\" href=\"https:\/\/bici-bici.it\/fr\/product-category\/biciclette\/mtb\/\"   title=\"VTT\" data-wpil-keyword-link=\"linked\">VTT<\/a> Ils prot\u00e8gent les paumes des cyclistes de toutes sortes de mat\u00e9riaux abrasifs tels que les branches pointues et la salet\u00e9, tout en offrant une ventilation pour garder les mains au frais pendant les journ\u00e9es d'\u00e9t\u00e9 o\u00f9 les temp\u00e9ratures peuvent atteindre jusqu'\u00e0 110 degr\u00e9s Fahrenheit \u00e0 l'ext\u00e9rieur ! Les gants MTB sont \u00e9galement dot\u00e9s d'un rembourrage int\u00e9gr\u00e9 pour plus de confort, ce qui est particuli\u00e8rement utile en cas de blessures aux mains dues \u00e0 une utilisation r\u00e9p\u00e9t\u00e9e \u00e0 des vitesses aussi \u00e9lev\u00e9es sur des pistes de descente parsem\u00e9es d'obstacles.<\/span><\/div>\n<div><\/div>\n<div><span style=\"font-size: 115%;\"><div class=\"is-divider divider clearfix\" style=\"max-width:100%;\"><\/div><\/span><\/div>\n<h2><span style=\"font-size: 115%;\">Gants MTB femme<\/span><\/h2>\n<div><span style=\"font-size: 115%;\">Les v\u00eatements ne sont pas la seule chose dont les femmes doivent tenir compte lorsqu'elles font du v\u00e9lo. Elles doivent \u00e9galement veiller \u00e0 ce que leurs mains restent au chaud et soient prot\u00e9g\u00e9es des frottements en portant des gants comme ces gants de VTT pour femmes !<\/span><\/div>\n<div><\/div>\n<div><span style=\"font-size: 115%;\">Les gants MTB pour femmes offrent une bonne prise sur le guidon, m\u00eame par temps humide. Ils sont \u00e9galement fabriqu\u00e9s en coton 100%, de sorte qu'ils n'irritent pas les peaux sensibles et ne font pas transpirer les mains !<\/span><\/div>\n<div><\/div>\n<div><span style=\"font-size: 115%;\">La premi\u00e8re chose \u00e0 prendre en compte lors de l'achat de gants pour votre v\u00e9lo de montagne est le type d'adh\u00e9rence n\u00e9cessaire. Les cyclistes les plus agressifs voudront peut-\u00eatre un gant avec un rembourrage suppl\u00e9mentaire sur les parties en contact avec le guidon et les leviers de frein, tandis que d'autres pr\u00e9f\u00e9reront un gant plus l\u00e9ger ou des mat\u00e9riaux moins r\u00e9sistants qui conviendront mieux aux longues randonn\u00e9es.<\/span><\/div>\n<div><\/div>\n<div><span style=\"font-size: 115%;\">Sur la base de ces consid\u00e9rations, diff\u00e9rents types de gants mtb pour femmes ont \u00e9t\u00e9 d\u00e9velopp\u00e9s au fil du temps. Par exemple, certains fabricants produisent des versions en cuir qui offrent une excellente protection contre les frottements sans trop restreindre les mouvements : parfait si vous pr\u00e9voyez une randonn\u00e9e \u00e9pique !<\/span><\/div>","protected":false},"excerpt":{"rendered":"<p>Guanti MTB I guanti da MTB sono una parte importante del kit di un ciclista. Sia che tu stia praticando il cross-country, le gare di enduro o la mountain bike in discesa, forniscono protezione dal sole e dai detriti del sentiero generale che altrimenti potrebbero sporcarsi le mani durante le lunghe uscite in condizioni climatiche [&#8230;]\n","protected":false},"author":2,"featured_media":12321,"parent":0,"menu_order":18,"comment_status":"closed","ping_status":"closed","template":"","meta":{"footnotes":""},"class_list":["post-9120","page","type-page","status-publish","has-post-thumbnail","hentry"],"_links":{"self":[{"href":"https:\/\/bici-bici.it\/fr\/wp-json\/wp\/v2\/pages\/9120","targetHints":{"allow":["GET"]}}],"collection":[{"href":"https:\/\/bici-bici.it\/fr\/wp-json\/wp\/v2\/pages"}],"about":[{"href":"https:\/\/bici-bici.it\/fr\/wp-json\/wp\/v2\/types\/page"}],"author":[{"embeddable":true,"href":"https:\/\/bici-bici.it\/fr\/wp-json\/wp\/v2\/users\/2"}],"replies":[{"embeddable":true,"href":"https:\/\/bici-bici.it\/fr\/wp-json\/wp\/v2\/comments?post=9120"}],"version-history":[{"count":0,"href":"https:\/\/bici-bici.it\/fr\/wp-json\/wp\/v2\/pages\/9120\/revisions"}],"wp:featuredmedia":[{"embeddable":true,"href":"https:\/\/bici-bici.it\/fr\/wp-json\/wp\/v2\/media\/12321"}],"wp:attachment":[{"href":"https:\/\/bici-bici.it\/fr\/wp-json\/wp\/v2\/media?parent=9120"}],"curies":[{"name":"wp","href":"https:\/\/api.w.org\/{rel}","templated":true}]}}