{"id":8479,"date":"2021-03-22T06:32:56","date_gmt":"2021-03-22T06:32:56","guid":{"rendered":"http:\/\/bici-bici.it\/?page_id=8479"},"modified":"2021-12-24T11:15:55","modified_gmt":"2021-12-24T11:15:55","slug":"tacchetti-per-bici","status":"publish","type":"page","link":"https:\/\/bici-bici.it\/fr\/cales-de-velo\/","title":{"rendered":"Crampons pour v\u00e9lo"},"content":{"rendered":"<div class=\"row large-columns-3 medium-columns- small-columns-2 row-small\" >\n  \n\t     <div class=\"product-small col has-hover product type-product post-12380 status-publish first instock product_cat-da-corsa product_cat-ammortizzatore product_cat-bici-bambini product_cat-biciclette product_cat-elettriche product_cat-biciclette-gravel product_cat-mtb product_cat-cassette-e-pacco-pignoni product_cat-city-bike product_cat-cyclocross-frame-carbon product_cat-deragliatore product_cat-fat-bike product_cat-forcelle-mtb product_cat-gravel-frameset-carbon product_cat-guarniture-e-pedivelle product_cat-men-pants product_cat-mtb-frame-carbon product_cat-pants product_cat-ricambi-bici product_cat-road-frameset-carbon product_cat-ruote-complete-e-raggi product_cat-ski-snowboard product_cat-selle product_cat-tacchette product_cat-telai product_cat-triathlon-frameset-carbon has-post-thumbnail sale taxable shipping-taxable purchasable product-type-simple\">\n\t<div class=\"col-inner\">\n\t\n<div class=\"badge-container absolute left top z-1\">\n<div class=\"callout badge badge-circle\"><div class=\"badge-inner secondary on-sale\"><span class=\"onsale\" data-no-translation=\"\" data-trp-gettext=\"\">Promo\u00a0!<\/span><\/div><\/div>\n<\/div>\n\t<div class=\"product-small box\">\n\t\t<div class=\"box-image\">\n\t\t\t<div class=\"image-fade_in_back\">\n\t\t\t\t<a href=\"https:\/\/bici-bici.it\/fr\/product\/niner-rlt-e9-rdo-4-star-28-11-fach-2021-2022-herren-gravel-e-fahrrad-carbon-59\/\" aria-label=\"Niner RLT E9 RDO 4-STAR 28&quot; 11 Fach 2021\/2022 Herren Gravel E-Fahrrad\/Carbon 59\">\n\t\t\t\t\t<img loading=\"lazy\" decoding=\"async\" width=\"500\" height=\"500\" src=\"https:\/\/bici-bici.it\/wp-content\/uploads\/2023\/06\/Niner-RLT-E9-RDO-4-STAR-28.jpg\" class=\"attachment-woocommerce_thumbnail size-woocommerce_thumbnail\" alt=\"Niner RLT E9 RDO 4-STAR 28&quot;\" srcset=\"https:\/\/bici-bici.it\/wp-content\/uploads\/2023\/06\/Niner-RLT-E9-RDO-4-STAR-28.jpg 500w, https:\/\/bici-bici.it\/wp-content\/uploads\/2023\/06\/Niner-RLT-E9-RDO-4-STAR-28-100x100.jpg 100w, https:\/\/bici-bici.it\/wp-content\/uploads\/2023\/06\/Niner-RLT-E9-RDO-4-STAR-28-64x64.jpg 64w, https:\/\/bici-bici.it\/wp-content\/uploads\/2023\/06\/Niner-RLT-E9-RDO-4-STAR-28-400x400.jpg 400w, https:\/\/bici-bici.it\/wp-content\/uploads\/2023\/06\/Niner-RLT-E9-RDO-4-STAR-28-280x280.jpg 280w, https:\/\/bici-bici.it\/wp-content\/uploads\/2023\/06\/Niner-RLT-E9-RDO-4-STAR-28-12x12.jpg 12w\" sizes=\"auto, (max-width: 500px) 100vw, 500px\" \/>\t\t\t\t<\/a>\n\t\t\t<\/div>\n\t\t\t<div class=\"image-tools is-small top right show-on-hover\">\n\t\t\t\t\t\t\t<\/div>\n\t\t\t<div class=\"image-tools is-small hide-for-small bottom left show-on-hover\">\n\t\t\t\t\t\t\t<\/div>\n\t\t\t<div class=\"image-tools grid-tools text-center hide-for-small bottom hover-slide-in show-on-hover\">\n\t\t\t\t  <a class=\"quick-view\" data-prod=\"12380\" href=\"#quick-view\">Aper\u00e7u<\/a>\t\t\t<\/div>\n\t\t\t\t\t<\/div>\n\n\t\t<div class=\"box-text box-text-products\">\n\t\t\t<div class=\"title-wrapper\">\t\t<p class=\"category uppercase is-smaller no-text-overflow product-cat op-7\">\n\t\t\tBicyclettes de course\t\t<\/p>\n\t<p class=\"name product-title woocommerce-loop-product__title\"><a href=\"https:\/\/bici-bici.it\/fr\/product\/niner-rlt-e9-rdo-4-star-28-11-fach-2021-2022-herren-gravel-e-fahrrad-carbon-59\/\" class=\"woocommerce-LoopProduct-link woocommerce-loop-product__link\">Niner RLT E9 RDO 4-STAR 28\u2033 11 Fach 2021\/2022 Herren Gravel E-Fahrrad\/Carbon 59<\/a><\/p><\/div><div class=\"price-wrapper\">\n\t<span class=\"price\"><del aria-hidden=\"true\"><span class=\"woocommerce-Price-amount amount\"><bdi>5.800,00&nbsp;<span class=\"woocommerce-Price-currencySymbol\">\u20ac<\/span><\/bdi><\/span><\/del> <span class=\"screen-reader-text\" data-no-translation=\"\" data-trp-gettext=\"\">Le prix initial \u00e9tait\u00a0: 5.800,00&nbsp;&euro;.<\/span><ins aria-hidden=\"true\"><span class=\"woocommerce-Price-amount amount\"><bdi>4.785,00&nbsp;<span class=\"woocommerce-Price-currencySymbol\">\u20ac<\/span><\/bdi><\/span><\/ins><span class=\"screen-reader-text\" data-no-translation=\"\" data-trp-gettext=\"\">Le prix actuel est\u00a0: 4.785,00&nbsp;&euro;.<\/span><\/span>\n<\/div>\t\t<\/div>\n\t<\/div>\n\t\t<\/div>\n<\/div><\/div>\n<h2 style=\"text-align: center;\">Crampons pour v\u00e9los (prix de gros)<\/h2>\n<div><\/div>\n<div>Vous cherchez \u00e0 acheter des cales de v\u00e9lo ? Nous vendons des cales de haute qualit\u00e9 au meilleur prix.<\/div>\n<div><\/div>\n<h3>Qu'est-ce qu'un formateur ?<\/h3>\n<div><\/div>\n<div>Les crampons pour chaussures sont des accessoires pour chaussures qui r\u00e9duisent la traction et augmentent la friction pour \u00e9viter les d\u00e9rapages. G\u00e9n\u00e9ralement sous forme de lame, les taquets de v\u00e9lo peuvent \u00eatre en m\u00e9tal, en caoutchouc ou en plastique.<\/div>\n<h3><\/h3>\n<h2>Comment sont utilis\u00e9es les cales de v\u00e9lo ?<\/h2>\n<div><\/div>\n<div>Vous pouvez fixer des crampons sous vos chaussures de cyclisme et ils vous aideront \u00e0 mieux tenir la p\u00e9dale. Cela r\u00e9duit le risque que votre pied glisse de la p\u00e9dale et vous pouvez pagayer aussi vite que vous le souhaitez avec moins de difficult\u00e9s.<\/div>\n<div><\/div>\n<h2>Goujons \u00e0 deux ou trois boulons ?<\/h2>\n<div><\/div>\n<div>Les taquets de v\u00e9lo \u00e0 deux boulons se fixent \u00e0 votre chaussure \u00e0 l'aide de deux boulons. De m\u00eame, les crampons \u00e0 trois boulons se fixent \u00e0 vos chaussures de sport \u00e0 l'aide de trois boulons. La bonne ou la mauvaise d\u00e9cision en mati\u00e8re d'achat de crampons d\u00e9pend du type de chaussure. Analysez donc l'\u00e2me de votre chaussure avant de commander une paire de crampons de cyclisme.<\/div>\n<div><\/div>\n<h2>Tous les crampons sont-ils compatibles avec les chaussures de sport ?<\/h2>\n<div><\/div>\n<div>Les chaussures de sport sont compatibles avec des crampons \u00e0 trois ou deux boulons. Dans certains cas, les deux types de crampons peuvent \u00eatre connect\u00e9s \u00e0 une paire de chaussures donn\u00e9e. Consultez le terrain ci-dessous pour conna\u00eetre la compatibilit\u00e9.<\/div>\n<div><\/div>\n<h3>Comment le taquet peut-il aider ?<\/h3>\n<div><\/div>\n<div>L'utilisation de crampons vous permet de mieux contr\u00f4ler votre v\u00e9lo. Avec un meilleur contr\u00f4le, vous aurez confiance en vos comp\u00e9tences cyclistes et cela se refl\u00e9tera dans votre attitude.<\/div>\n<div><\/div>\n<div>De plus, avec une cale de v\u00e9lo correctement fix\u00e9e, vous pouvez maintenir vos pieds sur les p\u00e9dales dans la meilleure position, ce qui am\u00e9liore votre efficacit\u00e9 et la pouss\u00e9e que vous exercez en p\u00e9dalant.<\/div>\n<h3>Comment fixer la proue et la poupe dans le taquet ?<\/h3>\n<div><\/div>\n<div>Vous pouvez analyser la largeur de votre genou lorsque vous p\u00e9dalez au point le plus haut de la course. Si vous p\u00e9dalez avec les genoux larges au sommet, vous devez enfoncer les cales de votre v\u00e9lo vers l'int\u00e9rieur et d\u00e9placer votre pied vers l'ext\u00e9rieur, et vice versa.<\/div>\n<h3>Le taquet doit-il rester flottant ou serr\u00e9 ?<\/h3>\n<div>La plupart des cales de v\u00e9lo sont dot\u00e9es d'une vis de r\u00e9glage qui permet d'ajuster la chaussure \u00e0 la p\u00e9dale. Ainsi, vous pouvez choisir entre la situation flottante et la situation \u00e9troite pour obtenir le meilleur ajustement.<\/div>\n<h3>Pourquoi acheter chez Bici Bici ?<\/h3>\n<div><\/div>\n<div>Bici offre le meilleur prix avec la garantie d'un produit de la plus haute qualit\u00e9. Commandez votre chaussure d\u00e8s maintenant.<\/div>","protected":false},"excerpt":{"rendered":"<p>Tacchetti per bici (prezzo all&#8217;ingrosso) Stai cercando di acquistare tacchette per bici? Vendiamo tacchetti di alta qualit\u00e0 al miglior prezzo. Cosa sono le scarpe da ginnastica? I tacchetti per scarpe sono gli attacchi per le scarpe per ridurre la trazione e fornire pi\u00f9 attrito per evitare scivolamenti. Solitamente, presenti nella forma a lama, le tacchette [&#8230;]\n","protected":false},"author":2,"featured_media":0,"parent":0,"menu_order":10,"comment_status":"closed","ping_status":"closed","template":"","meta":{"footnotes":""},"class_list":["post-8479","page","type-page","status-publish","hentry"],"_links":{"self":[{"href":"https:\/\/bici-bici.it\/fr\/wp-json\/wp\/v2\/pages\/8479","targetHints":{"allow":["GET"]}}],"collection":[{"href":"https:\/\/bici-bici.it\/fr\/wp-json\/wp\/v2\/pages"}],"about":[{"href":"https:\/\/bici-bici.it\/fr\/wp-json\/wp\/v2\/types\/page"}],"author":[{"embeddable":true,"href":"https:\/\/bici-bici.it\/fr\/wp-json\/wp\/v2\/users\/2"}],"replies":[{"embeddable":true,"href":"https:\/\/bici-bici.it\/fr\/wp-json\/wp\/v2\/comments?post=8479"}],"version-history":[{"count":0,"href":"https:\/\/bici-bici.it\/fr\/wp-json\/wp\/v2\/pages\/8479\/revisions"}],"wp:attachment":[{"href":"https:\/\/bici-bici.it\/fr\/wp-json\/wp\/v2\/media?parent=8479"}],"curies":[{"name":"wp","href":"https:\/\/api.w.org\/{rel}","templated":true}]}}