{"id":8471,"date":"2021-03-20T12:13:57","date_gmt":"2021-03-20T12:13:57","guid":{"rendered":"http:\/\/bici-bici.it\/?page_id=8471"},"modified":"2023-06-30T05:26:59","modified_gmt":"2023-06-30T05:26:59","slug":"ammortizzatore-posteriore-per-mountain-bike","status":"publish","type":"page","link":"https:\/\/bici-bici.it\/fr\/amortisseur-arriere-de-velo-de-montagne\/","title":{"rendered":"Amortisseur arri\u00e8re pour VTT"},"content":{"rendered":"<p><span style=\"font-size: 115%;\">\t\n  \n    <div class=\"row large-columns-3 medium-columns- small-columns-2 row-small\" >\n  \n\t     <div class=\"product-small col has-hover product type-product post-12402 status-publish first instock product_cat-ammortizzatore product_cat-forcelle-mtb has-post-thumbnail taxable shipping-taxable purchasable product-type-simple\">\n\t<div class=\"col-inner\">\n\t\n<div class=\"badge-container absolute left top z-1\">\n\n<\/div>\n\t<div class=\"product-small box\">\n\t\t<div class=\"box-image\">\n\t\t\t<div class=\"image-fade_in_back\">\n\t\t\t\t<a href=\"https:\/\/bici-bici.it\/fr\/product\/rockshox-csu-pike-dual-position-1-1-8-1-5-federgabel-krone-27-5\/\" aria-label=\"RockShox CSU Pike Dual Position 1 1\/8-1.5&quot; Federgabel Krone 27.5&quot; (en anglais)\">\n\t\t\t\t\t<img loading=\"lazy\" decoding=\"async\" width=\"400\" height=\"400\" src=\"https:\/\/bici-bici.it\/wp-content\/uploads\/2023\/06\/1-130.jpg\" class=\"attachment-woocommerce_thumbnail size-woocommerce_thumbnail\" alt=\"RockShox CSU Pike Dual Position 1 1\/8-1.5&quot; Federgabel Krone 27.5&quot; (en anglais)\" srcset=\"https:\/\/bici-bici.it\/wp-content\/uploads\/2023\/06\/1-130.jpg 400w, https:\/\/bici-bici.it\/wp-content\/uploads\/2023\/06\/1-130-100x100.jpg 100w, https:\/\/bici-bici.it\/wp-content\/uploads\/2023\/06\/1-130-64x64.jpg 64w, https:\/\/bici-bici.it\/wp-content\/uploads\/2023\/06\/1-130-280x280.jpg 280w, https:\/\/bici-bici.it\/wp-content\/uploads\/2023\/06\/1-130-12x12.jpg 12w\" sizes=\"auto, (max-width: 400px) 100vw, 400px\" \/>\t\t\t\t<\/a>\n\t\t\t<\/div>\n\t\t\t<div class=\"image-tools is-small top right show-on-hover\">\n\t\t\t\t\t\t\t<\/div>\n\t\t\t<div class=\"image-tools is-small hide-for-small bottom left show-on-hover\">\n\t\t\t\t\t\t\t<\/div>\n\t\t\t<div class=\"image-tools grid-tools text-center hide-for-small bottom hover-slide-in show-on-hover\">\n\t\t\t\t  <a class=\"quick-view\" data-prod=\"12402\" href=\"#quick-view\">Aper\u00e7u<\/a>\t\t\t<\/div>\n\t\t\t\t\t<\/div>\n\n\t\t<div class=\"box-text box-text-products\">\n\t\t\t<div class=\"title-wrapper\">\t\t<p class=\"category uppercase is-smaller no-text-overflow product-cat op-7\">\n\t\t\tAmortisseur MTB\t\t<\/p>\n\t<p class=\"name product-title woocommerce-loop-product__title\"><a href=\"https:\/\/bici-bici.it\/fr\/product\/rockshox-csu-pike-dual-position-1-1-8-1-5-federgabel-krone-27-5\/\" class=\"woocommerce-LoopProduct-link woocommerce-loop-product__link\">RockShox CSU Pike Dual Position 1 1\/8-1.5\u2033 Federgabel Krone 27.5\u2033<\/a><\/p><\/div><div class=\"price-wrapper\">\n\t<span class=\"price\"><span class=\"woocommerce-Price-amount amount\"><bdi>233,44&nbsp;<span class=\"woocommerce-Price-currencySymbol\">\u20ac<\/span><\/bdi><\/span><\/span>\n<\/div>\t\t<\/div>\n\t<\/div>\n\t\t<\/div>\n<\/div><div class=\"product-small col has-hover product type-product post-12380 status-publish instock product_cat-da-corsa product_cat-ammortizzatore product_cat-bici-bambini product_cat-biciclette product_cat-elettriche product_cat-biciclette-gravel product_cat-mtb product_cat-cassette-e-pacco-pignoni product_cat-city-bike product_cat-cyclocross-frame-carbon product_cat-deragliatore product_cat-fat-bike product_cat-forcelle-mtb product_cat-gravel-frameset-carbon product_cat-guarniture-e-pedivelle product_cat-men-pants product_cat-mtb-frame-carbon product_cat-pants product_cat-ricambi-bici product_cat-road-frameset-carbon product_cat-ruote-complete-e-raggi product_cat-ski-snowboard product_cat-selle product_cat-tacchette product_cat-telai product_cat-triathlon-frameset-carbon has-post-thumbnail sale taxable shipping-taxable purchasable product-type-simple\">\n\t<div class=\"col-inner\">\n\t\n<div class=\"badge-container absolute left top z-1\">\n<div class=\"callout badge badge-circle\"><div class=\"badge-inner secondary on-sale\"><span class=\"onsale\" data-no-translation=\"\" data-trp-gettext=\"\">Promo\u00a0!<\/span><\/div><\/div>\n<\/div>\n\t<div class=\"product-small box\">\n\t\t<div class=\"box-image\">\n\t\t\t<div class=\"image-fade_in_back\">\n\t\t\t\t<a href=\"https:\/\/bici-bici.it\/fr\/product\/niner-rlt-e9-rdo-4-star-28-11-fach-2021-2022-herren-gravel-e-fahrrad-carbon-59\/\" aria-label=\"Niner RLT E9 RDO 4-STAR 28&quot; 11 Fach 2021\/2022 Herren Gravel E-Fahrrad\/Carbon 59\">\n\t\t\t\t\t<img loading=\"lazy\" decoding=\"async\" width=\"500\" height=\"500\" src=\"https:\/\/bici-bici.it\/wp-content\/uploads\/2023\/06\/Niner-RLT-E9-RDO-4-STAR-28.jpg\" class=\"attachment-woocommerce_thumbnail size-woocommerce_thumbnail\" alt=\"Niner RLT E9 RDO 4-STAR 28&quot;\" srcset=\"https:\/\/bici-bici.it\/wp-content\/uploads\/2023\/06\/Niner-RLT-E9-RDO-4-STAR-28.jpg 500w, https:\/\/bici-bici.it\/wp-content\/uploads\/2023\/06\/Niner-RLT-E9-RDO-4-STAR-28-100x100.jpg 100w, https:\/\/bici-bici.it\/wp-content\/uploads\/2023\/06\/Niner-RLT-E9-RDO-4-STAR-28-64x64.jpg 64w, https:\/\/bici-bici.it\/wp-content\/uploads\/2023\/06\/Niner-RLT-E9-RDO-4-STAR-28-400x400.jpg 400w, https:\/\/bici-bici.it\/wp-content\/uploads\/2023\/06\/Niner-RLT-E9-RDO-4-STAR-28-280x280.jpg 280w, https:\/\/bici-bici.it\/wp-content\/uploads\/2023\/06\/Niner-RLT-E9-RDO-4-STAR-28-12x12.jpg 12w\" sizes=\"auto, (max-width: 500px) 100vw, 500px\" \/>\t\t\t\t<\/a>\n\t\t\t<\/div>\n\t\t\t<div class=\"image-tools is-small top right show-on-hover\">\n\t\t\t\t\t\t\t<\/div>\n\t\t\t<div class=\"image-tools is-small hide-for-small bottom left show-on-hover\">\n\t\t\t\t\t\t\t<\/div>\n\t\t\t<div class=\"image-tools grid-tools text-center hide-for-small bottom hover-slide-in show-on-hover\">\n\t\t\t\t  <a class=\"quick-view\" data-prod=\"12380\" href=\"#quick-view\">Aper\u00e7u<\/a>\t\t\t<\/div>\n\t\t\t\t\t<\/div>\n\n\t\t<div class=\"box-text box-text-products\">\n\t\t\t<div class=\"title-wrapper\">\t\t<p class=\"category uppercase is-smaller no-text-overflow product-cat op-7\">\n\t\t\tBicyclettes de course\t\t<\/p>\n\t<p class=\"name product-title woocommerce-loop-product__title\"><a href=\"https:\/\/bici-bici.it\/fr\/product\/niner-rlt-e9-rdo-4-star-28-11-fach-2021-2022-herren-gravel-e-fahrrad-carbon-59\/\" class=\"woocommerce-LoopProduct-link woocommerce-loop-product__link\">Niner RLT E9 RDO 4-STAR 28\u2033 11 Fach 2021\/2022 Herren Gravel E-Fahrrad\/Carbon 59<\/a><\/p><\/div><div class=\"price-wrapper\">\n\t<span class=\"price\"><del aria-hidden=\"true\"><span class=\"woocommerce-Price-amount amount\"><bdi>5.800,00&nbsp;<span class=\"woocommerce-Price-currencySymbol\">\u20ac<\/span><\/bdi><\/span><\/del> <span class=\"screen-reader-text\" data-no-translation=\"\" data-trp-gettext=\"\">Le prix initial \u00e9tait\u00a0: 5.800,00&nbsp;&euro;.<\/span><ins aria-hidden=\"true\"><span class=\"woocommerce-Price-amount amount\"><bdi>4.785,00&nbsp;<span class=\"woocommerce-Price-currencySymbol\">\u20ac<\/span><\/bdi><\/span><\/ins><span class=\"screen-reader-text\" data-no-translation=\"\" data-trp-gettext=\"\">Le prix actuel est\u00a0: 4.785,00&nbsp;&euro;.<\/span><\/span>\n<\/div>\t\t<\/div>\n\t<\/div>\n\t\t<\/div>\n<\/div><\/div><\/span><\/p>\n<h2 style=\"text-align: center;\"><span style=\"font-size: 115%;\">Amortisseur arri\u00e8re pour VTT (Prix boutique)<\/span><\/h2>\n<div><\/div>\n<div style=\"text-align: center;\"><span style=\"font-size: 115%;\"><strong>Vous cherchez \u00e0 acheter un amortisseur arri\u00e8re pour v\u00e9lo de montagne ? Vous pouvez acheter des amortisseurs de v\u00e9lo de qualit\u00e9 \u00e0 des prix r\u00e9duits.<\/strong><\/span><\/div>\n<h3><span style=\"font-size: 115%;\">Qu'est-ce qu'un amortisseur arri\u00e8re ?<\/span><\/h3>\n<div><span style=\"font-size: 115%;\">La composition de l'amortisseur arri\u00e8re est unique : il s'agit de tubes t\u00e9lescopiques qui s'embo\u00eetent les uns dans les autres. Le ressort agit comme un amortisseur, et l'ensemble du m\u00e9canisme fait partie int\u00e9grante du v\u00e9lo gr\u00e2ce \u00e0 l'\u0153il situ\u00e9 de chaque c\u00f4t\u00e9. Dans chaque \u0153il, un petit roulement traverse la suspension active pour fournir l'absorption de choc souhait\u00e9e.<\/span><\/div>\n<h3><span style=\"font-size: 115%;\">Comment fonctionne l'amortisseur arri\u00e8re ?<\/span><\/h3>\n<div><span style=\"font-size: 115%;\">Les amortisseurs arri\u00e8re cr\u00e9ent un m\u00e9canisme par lequel le mouvement du ressort s'amortit et le choc est absorb\u00e9. La compression et le rebond du ressort sont \u00e9tal\u00e9s dans le temps, ce qui r\u00e9duit la soudainet\u00e9 de l'impact.<\/span><\/div>\n<h3><span style=\"font-size: 115%;\">Comment trouver le bon amortisseur arri\u00e8re ?<\/span><\/h3>\n<div><span style=\"font-size: 115%;\">Que vous souhaitiez am\u00e9liorer votre amortisseur arri\u00e8re existant ou en installer un sur votre v\u00e9lo, vous devez tenir compte de deux \u00e9l\u00e9ments : la taille et le type de ressort.<\/span><\/div>\n<div><\/div>\n<div><span style=\"font-size: 115%;\">La longueur \u0153il \u00e0 \u0153il de l'amortisseur de v\u00e9lo est ce que j'entends par taille. Vous pouvez mesurer la taille des amortisseurs de v\u00e9lo existants et commander \u00e0 nouveau des amortisseurs de la m\u00eame taille.<\/span><\/div>\n<div><\/div>\n<div><span style=\"font-size: 115%;\">Il existe deux types de ressorts : les ressorts pneumatiques et les ressorts h\u00e9lico\u00efdaux. Vous pouvez choisir celui qui vous semble le plus confortable.<\/span><\/div>\n<h3><span style=\"font-size: 115%;\">Avez-vous besoin d'autre chose que des amortisseurs arri\u00e8re ?<\/span><\/h3>\n<div><span style=\"font-size: 115%;\">Oui, si vous modernisez votre v\u00e9lo et achetez de nouveaux amortisseurs, vous devrez \u00e9galement vous procurer des boulons. Ces boulons sont essentiels pour fixer les amortisseurs arri\u00e8re au cadre. Bien que votre m\u00e9canicien puisse vous indiquer la taille id\u00e9ale, si vous souhaitez r\u00e9parer votre v\u00e9lo vous-m\u00eame, vous devrez voir ce qui suit <a href=\"https:\/\/kroki.ro\" target=\"_blank\" rel=\"noopener\">puzzle m\u00e9canique<\/a> si les boulons de 5 mm ou de 7 mm conviennent.<\/span><\/div>\n<h3><span style=\"font-size: 115%;\">Les amortisseurs arri\u00e8re ne se montent-ils qu'apr\u00e8s avoir \u00e9t\u00e9 r\u00e9par\u00e9s ?<\/span><\/h3>\n<div><span style=\"font-size: 115%;\">Vous pouvez consid\u00e9rer que les amortisseurs arri\u00e8re sont parfaitement fonctionnels, mais pour les adapter \u00e0 votre style et \u00e0 votre poids, vous aurez besoin de quelques tours. Apr\u00e8s le r\u00e9glage de l'affaissement, l'enroulement et le d\u00e9roulement sont ajust\u00e9s pour vous aider \u00e0 rouler en douceur.<\/span><\/div>\n<h3><span style=\"font-size: 115%;\">Existe-t-il des amortisseurs de v\u00e9lo modernes ?<\/span><\/h3>\n<div><span style=\"font-size: 115%;\">Si vous \u00eates amoureux de votre v\u00e9lo et que vous souhaitez l'\u00e9quiper des derni\u00e8res technologies, les amortisseurs \u00e0 plate-forme sont l\u00e0. Ces amortisseurs restent silencieux si la pression reste inf\u00e9rieure \u00e0 un seuil. Cela signifie que la force de p\u00e9dalage ne les activera pas, ce qui permet de continuer \u00e0 p\u00e9daler en douceur. Cependant, ils fonctionneront bien lorsque vous rencontrerez un terrain accident\u00e9.<\/span><\/div>\n<h3><span style=\"font-size: 115%;\">Pourquoi acheter chez Bici Bici ?<\/span><\/h3>\n<div><span style=\"font-size: 115%;\">Vous pouvez vous attendre \u00e0 des produits de haute qualit\u00e9 au meilleur prix possible, car nous essayons d'offrir des prix de gros \u00e0 nos clients.<\/span><\/div>","protected":false},"excerpt":{"rendered":"<p>Ammortizzatore posteriore per mountain bike (prezzi Outlet) Stai cercando di acquistare un ammortizzatore posteriore per mountain bike? Puoi acquistare ammortizzatori per bici di qualit\u00e0 da noi a prezzi scontati. Cos&#8217;\u00e8 un ammortizzatore posteriore? La composizione dell&#8217;ammortizzatore posteriore \u00e8 unica, costituita da tubi telescopici che scorrono l&#8217;uno nell&#8217;altro. La molla funge da ammortizzatore, e l&#8217;intero meccanismo [&#8230;]\n","protected":false},"author":2,"featured_media":12291,"parent":0,"menu_order":7,"comment_status":"closed","ping_status":"closed","template":"","meta":{"footnotes":""},"class_list":["post-8471","page","type-page","status-publish","has-post-thumbnail","hentry"],"_links":{"self":[{"href":"https:\/\/bici-bici.it\/fr\/wp-json\/wp\/v2\/pages\/8471","targetHints":{"allow":["GET"]}}],"collection":[{"href":"https:\/\/bici-bici.it\/fr\/wp-json\/wp\/v2\/pages"}],"about":[{"href":"https:\/\/bici-bici.it\/fr\/wp-json\/wp\/v2\/types\/page"}],"author":[{"embeddable":true,"href":"https:\/\/bici-bici.it\/fr\/wp-json\/wp\/v2\/users\/2"}],"replies":[{"embeddable":true,"href":"https:\/\/bici-bici.it\/fr\/wp-json\/wp\/v2\/comments?post=8471"}],"version-history":[{"count":0,"href":"https:\/\/bici-bici.it\/fr\/wp-json\/wp\/v2\/pages\/8471\/revisions"}],"wp:featuredmedia":[{"embeddable":true,"href":"https:\/\/bici-bici.it\/fr\/wp-json\/wp\/v2\/media\/12291"}],"wp:attachment":[{"href":"https:\/\/bici-bici.it\/fr\/wp-json\/wp\/v2\/media?parent=8471"}],"curies":[{"name":"wp","href":"https:\/\/api.w.org\/{rel}","templated":true}]}}