{"id":8447,"date":"2021-02-26T13:46:20","date_gmt":"2021-02-26T13:46:20","guid":{"rendered":"http:\/\/bici-bici.it\/?page_id=8447"},"modified":"2021-12-24T10:29:00","modified_gmt":"2021-12-24T10:29:00","slug":"pedivelle-bici-da-strada","status":"publish","type":"page","link":"https:\/\/bici-bici.it\/fr\/manivelles-pour-velo-de-route\/","title":{"rendered":"Manivelles pour v\u00e9lo de route"},"content":{"rendered":"<div class=\"row large-columns-3 medium-columns- small-columns-2 row-small\" >\n  \n\t     <div class=\"product-small col has-hover product type-product post-12380 status-publish first instock product_cat-da-corsa product_cat-ammortizzatore product_cat-bici-bambini product_cat-biciclette product_cat-elettriche product_cat-biciclette-gravel product_cat-mtb product_cat-cassette-e-pacco-pignoni product_cat-city-bike product_cat-cyclocross-frame-carbon product_cat-deragliatore product_cat-fat-bike product_cat-forcelle-mtb product_cat-gravel-frameset-carbon product_cat-guarniture-e-pedivelle product_cat-men-pants product_cat-mtb-frame-carbon product_cat-pants product_cat-ricambi-bici product_cat-road-frameset-carbon product_cat-ruote-complete-e-raggi product_cat-ski-snowboard product_cat-selle product_cat-tacchette product_cat-telai product_cat-triathlon-frameset-carbon has-post-thumbnail sale taxable shipping-taxable purchasable product-type-simple\">\n\t<div class=\"col-inner\">\n\t\n<div class=\"badge-container absolute left top z-1\">\n<div class=\"callout badge badge-circle\"><div class=\"badge-inner secondary on-sale\"><span class=\"onsale\" data-no-translation=\"\" data-trp-gettext=\"\">Promo\u00a0!<\/span><\/div><\/div>\n<\/div>\n\t<div class=\"product-small box\">\n\t\t<div class=\"box-image\">\n\t\t\t<div class=\"image-fade_in_back\">\n\t\t\t\t<a href=\"https:\/\/bici-bici.it\/fr\/product\/niner-rlt-e9-rdo-4-star-28-11-fach-2021-2022-herren-gravel-e-fahrrad-carbon-59\/\" aria-label=\"Niner RLT E9 RDO 4-STAR 28&quot; 11 Fach 2021\/2022 Herren Gravel E-Fahrrad\/Carbon 59\">\n\t\t\t\t\t<img loading=\"lazy\" decoding=\"async\" width=\"500\" height=\"500\" src=\"https:\/\/bici-bici.it\/wp-content\/uploads\/2023\/06\/Niner-RLT-E9-RDO-4-STAR-28.jpg\" class=\"attachment-woocommerce_thumbnail size-woocommerce_thumbnail\" alt=\"Niner RLT E9 RDO 4-STAR 28&quot;\" srcset=\"https:\/\/bici-bici.it\/wp-content\/uploads\/2023\/06\/Niner-RLT-E9-RDO-4-STAR-28.jpg 500w, https:\/\/bici-bici.it\/wp-content\/uploads\/2023\/06\/Niner-RLT-E9-RDO-4-STAR-28-100x100.jpg 100w, https:\/\/bici-bici.it\/wp-content\/uploads\/2023\/06\/Niner-RLT-E9-RDO-4-STAR-28-64x64.jpg 64w, https:\/\/bici-bici.it\/wp-content\/uploads\/2023\/06\/Niner-RLT-E9-RDO-4-STAR-28-400x400.jpg 400w, https:\/\/bici-bici.it\/wp-content\/uploads\/2023\/06\/Niner-RLT-E9-RDO-4-STAR-28-280x280.jpg 280w, https:\/\/bici-bici.it\/wp-content\/uploads\/2023\/06\/Niner-RLT-E9-RDO-4-STAR-28-12x12.jpg 12w\" sizes=\"auto, (max-width: 500px) 100vw, 500px\" \/>\t\t\t\t<\/a>\n\t\t\t<\/div>\n\t\t\t<div class=\"image-tools is-small top right show-on-hover\">\n\t\t\t\t\t\t\t<\/div>\n\t\t\t<div class=\"image-tools is-small hide-for-small bottom left show-on-hover\">\n\t\t\t\t\t\t\t<\/div>\n\t\t\t<div class=\"image-tools grid-tools text-center hide-for-small bottom hover-slide-in show-on-hover\">\n\t\t\t\t  <a class=\"quick-view\" data-prod=\"12380\" href=\"#quick-view\">Aper\u00e7u<\/a>\t\t\t<\/div>\n\t\t\t\t\t<\/div>\n\n\t\t<div class=\"box-text box-text-products\">\n\t\t\t<div class=\"title-wrapper\">\t\t<p class=\"category uppercase is-smaller no-text-overflow product-cat op-7\">\n\t\t\tBicyclettes de course\t\t<\/p>\n\t<p class=\"name product-title woocommerce-loop-product__title\"><a href=\"https:\/\/bici-bici.it\/fr\/product\/niner-rlt-e9-rdo-4-star-28-11-fach-2021-2022-herren-gravel-e-fahrrad-carbon-59\/\" class=\"woocommerce-LoopProduct-link woocommerce-loop-product__link\">Niner RLT E9 RDO 4-STAR 28\u2033 11 Fach 2021\/2022 Herren Gravel E-Fahrrad\/Carbon 59<\/a><\/p><\/div><div class=\"price-wrapper\">\n\t<span class=\"price\"><del aria-hidden=\"true\"><span class=\"woocommerce-Price-amount amount\"><bdi>5.800,00&nbsp;<span class=\"woocommerce-Price-currencySymbol\">\u20ac<\/span><\/bdi><\/span><\/del> <span class=\"screen-reader-text\" data-no-translation=\"\" data-trp-gettext=\"\">Le prix initial \u00e9tait\u00a0: 5.800,00&nbsp;&euro;.<\/span><ins aria-hidden=\"true\"><span class=\"woocommerce-Price-amount amount\"><bdi>4.785,00&nbsp;<span class=\"woocommerce-Price-currencySymbol\">\u20ac<\/span><\/bdi><\/span><\/ins><span class=\"screen-reader-text\" data-no-translation=\"\" data-trp-gettext=\"\">Le prix actuel est\u00a0: 4.785,00&nbsp;&euro;.<\/span><\/span>\n<\/div>\t\t<\/div>\n\t<\/div>\n\t\t<\/div>\n<\/div><\/div>\n<h2 style=\"text-align: center;\">Manivelles pour v\u00e9lo de route (prix cass\u00e9s)<\/h2>\n<div>\u00a0<\/div>\n<div style=\"text-align: center;\"><span style=\"font-size: 105%;\"><strong>Vous cherchez des manivelles pour v\u00e9lo de route ? Vous \u00eates au bon endroit car nous vendons des manivelles de v\u00e9lo de route de haute qualit\u00e9 au meilleur prix.<\/strong><\/span><\/div>\n<div>\u00a0<\/div>\n<div><span style=\"font-size: 105%;\">Avant de vous lancer \u00e0 l'assaut de votre v\u00e9lo, il est tr\u00e8s important de conna\u00eetre tous les aspects techniques et m\u00e9caniques de la conduite d'un v\u00e9lo. Il ne s'agit pas seulement de pousser le levier dans une direction et de p\u00e9daler, mais de comprendre comment tout fonctionne.<\/span><\/div>\n<div>\u00a0<\/div>\n<div><span style=\"font-size: 105%;\">La manivelle et ses pi\u00e8ces, c'est le c\u0153ur de la transmission de votre v\u00e9lo. Votre v\u00e9lo ne peut fonctionner sans elle ; elle doit \u00e9galement \u00eatre solide, l\u00e9g\u00e8re et durable. Lisez plus sur les manivelles de v\u00e9lo et apprenez tout ce qui est aussi important.<\/span><\/div>\n<h3><span style=\"font-size: 105%;\">1 : Qu'est-ce qu'une manivelle de v\u00e9lo ?<\/span><\/h3>\n<div><span style=\"font-size: 105%;\">Une manivelle de v\u00e9lo est un composant sur lequel le plateau est viss\u00e9 ; les manivelles sont les leviers attach\u00e9s \u00e0 la p\u00e9dale. Sans le p\u00e9dalier, il est impossible de faire du v\u00e9lo.<\/span><\/div>\n<div>\u00a0<\/div>\n<div><span style=\"font-size: 105%;\">Les manivelles sont mont\u00e9es de part et d'autre du v\u00e9lo et sont reli\u00e9es par un axe. En outre, il existe diff\u00e9rents types de manivelles : en acier, en aluminium, en fibre de carbone, etc.<\/span><\/div>\n<h2><span style=\"font-size: 105%;\">2 : Comment fonctionne la manivelle du v\u00e9lo ?<\/span><\/h2>\n<div><span style=\"font-size: 105%;\">Pour les v\u00e9los BMX, les manivelles en acier sont les plus efficaces. Le plateau avant est appel\u00e9 manivelle et est assembl\u00e9 avec les manivelles ou commun\u00e9ment appel\u00e9 \"p\u00e9dalier\" ;<\/span><\/div>\n<div>\u00a0<\/div>\n<div><span style=\"font-size: 105%;\">La manivelle se transforme en pignon et, \u00e0 mesure que la cha\u00eene s'\u00e9loigne de l'axe central du v\u00e9lo, le p\u00e9dalage devient plus difficile \u00e0 mesure que l'on acc\u00e9l\u00e8re. Il est relativement facile de comprendre le m\u00e9canisme, une fois que l'on conna\u00eet les principaux composants.<\/span><\/div>\n<h3><span style=\"font-size: 105%;\">3 : Quelle manivelle BMX me convient le mieux ?<\/span><\/h3>\n<div><span style=\"font-size: 105%;\">Il existe des gammes sp\u00e9cifiques de manivelles pour les v\u00e9los BMX et, en fonction de la nature du BMX, vous pouvez choisir votre manivelle.<\/span><\/div>\n<div>\u00a0<\/div>\n<div><span style=\"font-size: 105%;\">Manivelles de course : elles sont fabriqu\u00e9es en aluminium et en carbone et permettent d'\u00e9conomiser beaucoup de poids sur le v\u00e9lo. En outre, la manivelle de course sur le v\u00e9lo BMX n\u00e9cessite un jeu de p\u00e9dalier de type europ\u00e9en.<\/span><\/div>\n<div><span style=\"font-size: 105%;\">Trois pi\u00e8ces : le p\u00e9dalier le plus populaire, que l'on trouve g\u00e9n\u00e9ralement sur les v\u00e9los BMX freestyle. Il s'agit toutefois de deux manivelles distinctes fix\u00e9es \u00e0 un axe cannel\u00e9.<\/span><\/div>\n<div><span style=\"font-size: 105%;\">Une pi\u00e8ce : cette manivelle est utilis\u00e9e sur les v\u00e9los d'entr\u00e9e de gamme ou de d\u00e9butant. De plus, le p\u00e9dalier de type am\u00e9ricain doit \u00eatre install\u00e9 pour cette manivelle.<\/span><\/div>\n<div>\u00a0<\/div>\n<h3><span style=\"font-size: 105%;\">4 : Quels sont les facteurs importants lors du changement de la manivelle du v\u00e9lo ?<\/span><\/h3>\n<div><span style=\"font-size: 105%;\">Lorsque vous am\u00e9liorez ou remplacez votre manivelle de v\u00e9lo BMX, assurez-vous d'obtenir les bonnes dimensions. Il est important de conna\u00eetre le diam\u00e8tre exact de l'axe et la longueur de la manivelle.<\/span><\/div>\n<div>\u00a0<\/div>\n<div><span style=\"font-size: 105%;\">Diam\u00e8tre de l'axe : vous devez d'abord v\u00e9rifier la compatibilit\u00e9 de l'axe du p\u00e9dalier. Les deux axes les plus courants sont 19 et 22 mm. En outre, il existe diff\u00e9rents mod\u00e8les de cannelures : 48, 16 et 8 cannelures sont les plus courants. Prenez la mesure exacte de l'axe et de la cannelure pour vous assurer que votre pignon s'adapte \u00e0 votre nouveau p\u00e9dalier.<\/span><\/div>\n<div><span style=\"font-size: 105%;\">Longueur de la manivelle : mesure la longueur entre l'axe du p\u00e9dalier et le centre de l'axe de la p\u00e9dale. La plupart des manivelles mesurent 170 ou 175 mm ou moins de 140 mm et jusqu'\u00e0 190 mm de long. Choisissez la manivelle qui correspond \u00e0 la taille de vos jambes ; elle vous procurera un confort et un contr\u00f4le optimaux.<\/span><\/div>\n<h3><span style=\"font-size: 105%;\">5 : Pourquoi acheter chez nous ?<\/span><\/h3>\n<div><span style=\"font-size: 105%;\">Maintenant que vous savez tout sur les manivelles de v\u00e9lo, en particulier les manivelles de BMX, vous pouvez facilement explorer quelques options.<\/span><\/div>\n<div>\u00a0<\/div>\n<div><span style=\"font-size: 105%;\">Cependant, notre gamme de manivelles de rechange, de spiders, de roulements, de boulons et d'entretoises am\u00e9liore la dur\u00e9e de vie de votre v\u00e9lo. De plus, nos manivelles vous permettent de rouler en douceur.<\/span><\/div>","protected":false},"excerpt":{"rendered":"<p>Pedivelle Bici da Strada (Prezzi Outlet) \u00a0 Cerchi le pedivelle per bici da strada? Sei nel posto giusto perch\u00e9 vendiamo pedivelle per bici da strada di alta qualit\u00e0 al miglior prezzo. \u00a0 Prima di andare all-in con la tua bicicletta, \u00e8 molto importante conoscere tutti i tecnicismi e i meccanismi di guida di una bicicletta. [&#8230;]\n","protected":false},"author":2,"featured_media":0,"parent":0,"menu_order":34,"comment_status":"closed","ping_status":"closed","template":"","meta":{"footnotes":""},"class_list":["post-8447","page","type-page","status-publish","hentry"],"_links":{"self":[{"href":"https:\/\/bici-bici.it\/fr\/wp-json\/wp\/v2\/pages\/8447","targetHints":{"allow":["GET"]}}],"collection":[{"href":"https:\/\/bici-bici.it\/fr\/wp-json\/wp\/v2\/pages"}],"about":[{"href":"https:\/\/bici-bici.it\/fr\/wp-json\/wp\/v2\/types\/page"}],"author":[{"embeddable":true,"href":"https:\/\/bici-bici.it\/fr\/wp-json\/wp\/v2\/users\/2"}],"replies":[{"embeddable":true,"href":"https:\/\/bici-bici.it\/fr\/wp-json\/wp\/v2\/comments?post=8447"}],"version-history":[{"count":0,"href":"https:\/\/bici-bici.it\/fr\/wp-json\/wp\/v2\/pages\/8447\/revisions"}],"wp:attachment":[{"href":"https:\/\/bici-bici.it\/fr\/wp-json\/wp\/v2\/media?parent=8447"}],"curies":[{"name":"wp","href":"https:\/\/api.w.org\/{rel}","templated":true}]}}