{"id":8440,"date":"2021-02-26T06:21:36","date_gmt":"2021-02-26T06:21:36","guid":{"rendered":"http:\/\/bici-bici.it\/?page_id=8440"},"modified":"2023-10-10T07:58:57","modified_gmt":"2023-10-10T07:58:57","slug":"telai-per-mountain-bike","status":"publish","type":"page","link":"https:\/\/bici-bici.it\/fr\/cadres-de-velo-de-montagne\/","title":{"rendered":"Cadre de v\u00e9lo de montagne"},"content":{"rendered":"<div class=\"row large-columns-3 medium-columns- small-columns-2 row-small\" >\n  \n\t     <div class=\"product-small col has-hover product type-product post-12380 status-publish first instock product_cat-da-corsa product_cat-ammortizzatore product_cat-bici-bambini product_cat-biciclette product_cat-elettriche product_cat-biciclette-gravel product_cat-mtb product_cat-cassette-e-pacco-pignoni product_cat-city-bike product_cat-cyclocross-frame-carbon product_cat-deragliatore product_cat-fat-bike product_cat-forcelle-mtb product_cat-gravel-frameset-carbon product_cat-guarniture-e-pedivelle product_cat-men-pants product_cat-mtb-frame-carbon product_cat-pants product_cat-ricambi-bici product_cat-road-frameset-carbon product_cat-ruote-complete-e-raggi product_cat-ski-snowboard product_cat-selle product_cat-tacchette product_cat-telai product_cat-triathlon-frameset-carbon has-post-thumbnail sale taxable shipping-taxable purchasable product-type-simple\">\n\t<div class=\"col-inner\">\n\t\n<div class=\"badge-container absolute left top z-1\">\n<div class=\"callout badge badge-circle\"><div class=\"badge-inner secondary on-sale\"><span class=\"onsale\" data-no-translation=\"\" data-trp-gettext=\"\">Promo\u00a0!<\/span><\/div><\/div>\n<\/div>\n\t<div class=\"product-small box\">\n\t\t<div class=\"box-image\">\n\t\t\t<div class=\"image-fade_in_back\">\n\t\t\t\t<a href=\"https:\/\/bici-bici.it\/fr\/product\/niner-rlt-e9-rdo-4-star-28-11-fach-2021-2022-herren-gravel-e-fahrrad-carbon-59\/\" aria-label=\"Niner RLT E9 RDO 4-STAR 28&quot; 11 Fach 2021\/2022 Herren Gravel E-Fahrrad\/Carbon 59\">\n\t\t\t\t\t<img loading=\"lazy\" decoding=\"async\" width=\"500\" height=\"500\" src=\"https:\/\/bici-bici.it\/wp-content\/uploads\/2023\/06\/Niner-RLT-E9-RDO-4-STAR-28.jpg\" class=\"attachment-woocommerce_thumbnail size-woocommerce_thumbnail\" alt=\"Niner RLT E9 RDO 4-STAR 28&quot;\" srcset=\"https:\/\/bici-bici.it\/wp-content\/uploads\/2023\/06\/Niner-RLT-E9-RDO-4-STAR-28.jpg 500w, https:\/\/bici-bici.it\/wp-content\/uploads\/2023\/06\/Niner-RLT-E9-RDO-4-STAR-28-100x100.jpg 100w, https:\/\/bici-bici.it\/wp-content\/uploads\/2023\/06\/Niner-RLT-E9-RDO-4-STAR-28-64x64.jpg 64w, https:\/\/bici-bici.it\/wp-content\/uploads\/2023\/06\/Niner-RLT-E9-RDO-4-STAR-28-400x400.jpg 400w, https:\/\/bici-bici.it\/wp-content\/uploads\/2023\/06\/Niner-RLT-E9-RDO-4-STAR-28-280x280.jpg 280w, https:\/\/bici-bici.it\/wp-content\/uploads\/2023\/06\/Niner-RLT-E9-RDO-4-STAR-28-12x12.jpg 12w\" sizes=\"auto, (max-width: 500px) 100vw, 500px\" \/>\t\t\t\t<\/a>\n\t\t\t<\/div>\n\t\t\t<div class=\"image-tools is-small top right show-on-hover\">\n\t\t\t\t\t\t\t<\/div>\n\t\t\t<div class=\"image-tools is-small hide-for-small bottom left show-on-hover\">\n\t\t\t\t\t\t\t<\/div>\n\t\t\t<div class=\"image-tools grid-tools text-center hide-for-small bottom hover-slide-in show-on-hover\">\n\t\t\t\t  <a class=\"quick-view\" data-prod=\"12380\" href=\"#quick-view\">Aper\u00e7u<\/a>\t\t\t<\/div>\n\t\t\t\t\t<\/div>\n\n\t\t<div class=\"box-text box-text-products\">\n\t\t\t<div class=\"title-wrapper\">\t\t<p class=\"category uppercase is-smaller no-text-overflow product-cat op-7\">\n\t\t\tBicyclettes de course\t\t<\/p>\n\t<p class=\"name product-title woocommerce-loop-product__title\"><a href=\"https:\/\/bici-bici.it\/fr\/product\/niner-rlt-e9-rdo-4-star-28-11-fach-2021-2022-herren-gravel-e-fahrrad-carbon-59\/\" class=\"woocommerce-LoopProduct-link woocommerce-loop-product__link\">Niner RLT E9 RDO 4-STAR 28\u2033 11 Fach 2021\/2022 Herren Gravel E-Fahrrad\/Carbon 59<\/a><\/p><\/div><div class=\"price-wrapper\">\n\t<span class=\"price\"><del aria-hidden=\"true\"><span class=\"woocommerce-Price-amount amount\"><bdi>5.800,00&nbsp;<span class=\"woocommerce-Price-currencySymbol\">\u20ac<\/span><\/bdi><\/span><\/del> <span class=\"screen-reader-text\" data-no-translation=\"\" data-trp-gettext=\"\">Le prix initial \u00e9tait\u00a0: 5.800,00&nbsp;&euro;.<\/span><ins aria-hidden=\"true\"><span class=\"woocommerce-Price-amount amount\"><bdi>4.785,00&nbsp;<span class=\"woocommerce-Price-currencySymbol\">\u20ac<\/span><\/bdi><\/span><\/ins><span class=\"screen-reader-text\" data-no-translation=\"\" data-trp-gettext=\"\">Le prix actuel est\u00a0: 4.785,00&nbsp;&euro;.<\/span><\/span>\n<\/div>\t\t<\/div>\n\t<\/div>\n\t\t<\/div>\n<\/div><\/div>\n<h2 style=\"text-align: center;\">Cadre de v\u00e9lo de montagne (prix de d\u00e9tail complet)<\/h2>\n<div><\/div>\n<div><strong>Vous cherchez \u00e0 acheter un cadre de v\u00e9lo de montagne ?<\/strong> vous \u00eates au bon endroit car nous vendons des cadres de v\u00e9lo de haute qualit\u00e9 \u00e0 des prix sold\u00e9s.<\/div>\n<div><\/div>\n<div>Il n'est pas facile de s'engager dans une nouvelle activit\u00e9 ; on ne peut pas se contenter de se lancer dans un nouveau passe-temps. Il faut apprendre \u00e0 conna\u00eetre d'autres horizons, d'autres types de suspensions, d'autres pi\u00e8ces et accessoires de haute technologie.<\/div>\n<div><\/div>\n<div>Ne vous inqui\u00e9tez pas, nous avons tout pr\u00e9vu. Nous avons tout mis en pi\u00e8ces ; <a href=\"https:\/\/bici-bici.it\/fr\/2022\/09\/01\/il-casco-da-bici-giusto\/\">comment choisir son v\u00e9lo<\/a>Vous y trouverez \u00e9galement des informations sur la conception, le choix du cadre du v\u00e9lo, etc. En d'autres termes, un guichet unique pour tout ce que vous avez besoin de savoir et d'acheter pour votre v\u00e9lo.<\/div>\n<div><\/div>\n<h3>1 : Qu'est-ce qu'un cadre de v\u00e9lo de montagne ?<\/h3>\n<div><\/div>\n<div>Le choix d'un cadre de v\u00e9lo peut \u00eatre une d\u00e9cision difficile \u00e0 prendre. C'est quelque chose avec lequel vous ne pouvez pas vous tromper ; c'est pratiquement comme si vous achetiez une nouvelle bicyclette. En effet, le cadre d\u00e9termine le comportement du v\u00e9lo et peut dominer votre exp\u00e9rience de conduite.<\/div>\n<div><\/div>\n<div>Le cadre est l'\u00e9l\u00e9ment principal de votre v\u00e9lo et vous devez vous assurer que vous l'achetez sur la base de mesures pr\u00e9cises.<\/div>\n<div><\/div>\n<h3>2 : Quelle taille de cadre de v\u00e9lo dois-je prendre ?<\/h3>\n<div><\/div>\n<div>Vous avez peut-\u00eatre commenc\u00e9 par le guide des tailles bas\u00e9 sur la longueur du tube de direction et la d\u00e9signation du cadre du v\u00e9lo, en fonction de votre taille. C'est certainement un bon d\u00e9but, mais vous devez essayer le v\u00e9lo qui vous convient le mieux.<\/div>\n<div><\/div>\n<div>Il doit y avoir une transparence totale entre les pieds et le sol pour permettre de descendre rapidement du v\u00e9lo. Un cadre de v\u00e9lo trop grand peut entra\u00eener des positions inconfortables et tendues ; un cadre trop petit vous fera \u00e9galement vous sentir \u00e0 l'\u00e9troit et \u00e9puis\u00e9 pendant que vous roulez.<\/div>\n<div><\/div>\n<h3>3 : Quelle doit \u00eatre la taille de la roue pour le cadre pr\u00e9cis ?<\/h3>\n<div><\/div>\n<div>Lorsque vous mettez \u00e0 jour la taille du cadre de votre <a class=\"wpil_keyword_link\" href=\"https:\/\/bici-bici.it\/fr\/product-category\/biciclette\/mtb\/\"   title=\"VTT\" data-wpil-keyword-link=\"linked\">VTT<\/a>vous devez vous assurer que vos roues acceptent le cadre, et vice versa.<\/div>\n<div><\/div>\n<div>Les dimensions standard des roues sont respectivement de 26, 27,5 et 29 pouces. Toutefois, si vous essayez d'entrer des dimensions erron\u00e9es, vous g\u00e2cherez le processus de traitement.<\/div>\n<div><\/div>\n<h3>4 : Cadre en aluminium ou en carbone ?<\/h3>\n<div><\/div>\n<div>Vous pouvez obtenir le m\u00eame cadre de v\u00e9lo dans les deux versions : en carbone et en aluminium. Toutefois, la version en fibre de carbone est l\u00e9g\u00e8rement plus ch\u00e8re que les autres mat\u00e9riaux. Mais ce n'est pas une question de co\u00fbt, c'est une question de qualit\u00e9 et de durabilit\u00e9.<\/div>\n<div><\/div>\n<div>Les cadres en carbone sont plus l\u00e9gers que les cadres en aluminium ; vous n'avez pas \u00e0 \u00e9quilibrer votre poids et celui du v\u00e9lo. Comparer les deux est assez trompeur, car ils ont tous deux leurs charmes.<\/div>\n<div><\/div>\n<div>Le cycliste professionnel se fie toujours aux cadres en aluminium, qui lui permettent de jongler avec le poids. Parce que les cadres en aluminium sont extr\u00eamement adapt\u00e9s aux routes et aux sentiers, ils ne permettent pas au cycliste de ressentir les asp\u00e9rit\u00e9s de la route.<\/div>\n<h3>5 : Pourquoi acheter chez nous ?<\/h3>\n<div><\/div>\n<div>Les candidats doivent avoir acquis une bonne compr\u00e9hension et une bonne connaissance de la montagne et de l'environnement. <a href=\"https:\/\/bici-bici.it\/fr\/2022\/09\/01\/telai-per-bici-materiali-e-diversi-modelli\/\">types de cadres de v\u00e9lo<\/a>. Il est important de conna\u00eetre ses go\u00fbts avant d'acheter un cadre de VTT.<\/div>\n<div><\/div>\n<div>Nous disposons d'une grande vari\u00e9t\u00e9 de cadres de v\u00e9lo, en carbone et en aluminium. Nous veillons \u00e9galement \u00e0 ce que vous obteniez le type de mat\u00e9riel adapt\u00e9 \u00e0 votre v\u00e9lo.<\/div>","protected":false},"excerpt":{"rendered":"<p>Telaio per mountain bike (prezzo di vendita intero) Stai cercando di acquistare un telaio per mountain bike? sei nel posto giusto perch\u00e9 vendiamo telai per bici di alta qualit\u00e0 a prezzi di vendita interi. Impegnarsi in una nuova attivit\u00e0 non \u00e8 facile; non puoi semplicemente tuffarti in una nuova serie di hobby. Devi conoscere diversi [&#8230;]\n","protected":false},"author":2,"featured_media":0,"parent":0,"menu_order":29,"comment_status":"closed","ping_status":"closed","template":"","meta":{"footnotes":""},"class_list":["post-8440","page","type-page","status-publish","hentry"],"_links":{"self":[{"href":"https:\/\/bici-bici.it\/fr\/wp-json\/wp\/v2\/pages\/8440","targetHints":{"allow":["GET"]}}],"collection":[{"href":"https:\/\/bici-bici.it\/fr\/wp-json\/wp\/v2\/pages"}],"about":[{"href":"https:\/\/bici-bici.it\/fr\/wp-json\/wp\/v2\/types\/page"}],"author":[{"embeddable":true,"href":"https:\/\/bici-bici.it\/fr\/wp-json\/wp\/v2\/users\/2"}],"replies":[{"embeddable":true,"href":"https:\/\/bici-bici.it\/fr\/wp-json\/wp\/v2\/comments?post=8440"}],"version-history":[{"count":0,"href":"https:\/\/bici-bici.it\/fr\/wp-json\/wp\/v2\/pages\/8440\/revisions"}],"wp:attachment":[{"href":"https:\/\/bici-bici.it\/fr\/wp-json\/wp\/v2\/media?parent=8440"}],"curies":[{"name":"wp","href":"https:\/\/api.w.org\/{rel}","templated":true}]}}