{"id":8431,"date":"2021-02-26T05:51:25","date_gmt":"2021-02-26T05:51:25","guid":{"rendered":"http:\/\/bici-bici.it\/?page_id=8431"},"modified":"2023-06-30T05:04:03","modified_gmt":"2023-06-30T05:04:03","slug":"forcelle-per-biciclette","status":"publish","type":"page","link":"https:\/\/bici-bici.it\/fr\/fourches-de-bicyclettes\/","title":{"rendered":"Fourches \u00e0 v\u00e9lo"},"content":{"rendered":"<p><span style=\"font-size: 110%;\">\t\n  \n    <div class=\"row large-columns-3 medium-columns- small-columns-2 row-small\" >\n  \n\t     <div class=\"product-small col has-hover product type-product post-12402 status-publish first instock product_cat-ammortizzatore product_cat-forcelle-mtb has-post-thumbnail taxable shipping-taxable purchasable product-type-simple\">\n\t<div class=\"col-inner\">\n\t\n<div class=\"badge-container absolute left top z-1\">\n\n<\/div>\n\t<div class=\"product-small box\">\n\t\t<div class=\"box-image\">\n\t\t\t<div class=\"image-fade_in_back\">\n\t\t\t\t<a href=\"https:\/\/bici-bici.it\/fr\/product\/rockshox-csu-pike-dual-position-1-1-8-1-5-federgabel-krone-27-5\/\" aria-label=\"RockShox CSU Pike Dual Position 1 1\/8-1.5&quot; Federgabel Krone 27.5&quot; (en anglais)\">\n\t\t\t\t\t<img loading=\"lazy\" decoding=\"async\" width=\"400\" height=\"400\" src=\"https:\/\/bici-bici.it\/wp-content\/uploads\/2023\/06\/1-130.jpg\" class=\"attachment-woocommerce_thumbnail size-woocommerce_thumbnail\" alt=\"RockShox CSU Pike Dual Position 1 1\/8-1.5&quot; Federgabel Krone 27.5&quot; (en anglais)\" srcset=\"https:\/\/bici-bici.it\/wp-content\/uploads\/2023\/06\/1-130.jpg 400w, https:\/\/bici-bici.it\/wp-content\/uploads\/2023\/06\/1-130-100x100.jpg 100w, https:\/\/bici-bici.it\/wp-content\/uploads\/2023\/06\/1-130-64x64.jpg 64w, https:\/\/bici-bici.it\/wp-content\/uploads\/2023\/06\/1-130-280x280.jpg 280w, https:\/\/bici-bici.it\/wp-content\/uploads\/2023\/06\/1-130-12x12.jpg 12w\" sizes=\"auto, (max-width: 400px) 100vw, 400px\" \/>\t\t\t\t<\/a>\n\t\t\t<\/div>\n\t\t\t<div class=\"image-tools is-small top right show-on-hover\">\n\t\t\t\t\t\t\t<\/div>\n\t\t\t<div class=\"image-tools is-small hide-for-small bottom left show-on-hover\">\n\t\t\t\t\t\t\t<\/div>\n\t\t\t<div class=\"image-tools grid-tools text-center hide-for-small bottom hover-slide-in show-on-hover\">\n\t\t\t\t  <a class=\"quick-view\" data-prod=\"12402\" href=\"#quick-view\">Aper\u00e7u<\/a>\t\t\t<\/div>\n\t\t\t\t\t<\/div>\n\n\t\t<div class=\"box-text box-text-products\">\n\t\t\t<div class=\"title-wrapper\">\t\t<p class=\"category uppercase is-smaller no-text-overflow product-cat op-7\">\n\t\t\tAmortisseur MTB\t\t<\/p>\n\t<p class=\"name product-title woocommerce-loop-product__title\"><a href=\"https:\/\/bici-bici.it\/fr\/product\/rockshox-csu-pike-dual-position-1-1-8-1-5-federgabel-krone-27-5\/\" class=\"woocommerce-LoopProduct-link woocommerce-loop-product__link\">RockShox CSU Pike Dual Position 1 1\/8-1.5\u2033 Federgabel Krone 27.5\u2033<\/a><\/p><\/div><div class=\"price-wrapper\">\n\t<span class=\"price\"><span class=\"woocommerce-Price-amount amount\"><bdi>233,44&nbsp;<span class=\"woocommerce-Price-currencySymbol\">\u20ac<\/span><\/bdi><\/span><\/span>\n<\/div>\t\t<\/div>\n\t<\/div>\n\t\t<\/div>\n<\/div><div class=\"product-small col has-hover product type-product post-12400 status-publish instock product_cat-accessori-per-biciclette product_cat-forcelle-mtb has-post-thumbnail taxable shipping-taxable purchasable product-type-simple\">\n\t<div class=\"col-inner\">\n\t\n<div class=\"badge-container absolute left top z-1\">\n\n<\/div>\n\t<div class=\"product-small box\">\n\t\t<div class=\"box-image\">\n\t\t\t<div class=\"image-fade_in_back\">\n\t\t\t\t<a href=\"https:\/\/bici-bici.it\/fr\/product\/federgabel-29-schwarz-rockshox-35-silver-r-120-coil-1-1-8-1-5-boost-fork\/\" aria-label=\"Federgabel 29&quot; Schwarz RockShox 35 Silver R 120 Coil 1 1\/8 - 1.5&quot; Boost Fork\">\n\t\t\t\t\t<img loading=\"lazy\" decoding=\"async\" width=\"189\" height=\"400\" src=\"https:\/\/bici-bici.it\/wp-content\/uploads\/2023\/06\/1-129.jpg\" class=\"attachment-woocommerce_thumbnail size-woocommerce_thumbnail\" alt=\"Federgabel 29&quot; Schwarz RockShox 35 Silver R 120 Coil 1 1\/8 - 1.5&quot; Boost Fork\" srcset=\"https:\/\/bici-bici.it\/wp-content\/uploads\/2023\/06\/1-129.jpg 189w, https:\/\/bici-bici.it\/wp-content\/uploads\/2023\/06\/1-129-64x135.jpg 64w, https:\/\/bici-bici.it\/wp-content\/uploads\/2023\/06\/1-129-6x12.jpg 6w\" sizes=\"auto, (max-width: 189px) 100vw, 189px\" \/>\t\t\t\t<\/a>\n\t\t\t<\/div>\n\t\t\t<div class=\"image-tools is-small top right show-on-hover\">\n\t\t\t\t\t\t\t<\/div>\n\t\t\t<div class=\"image-tools is-small hide-for-small bottom left show-on-hover\">\n\t\t\t\t\t\t\t<\/div>\n\t\t\t<div class=\"image-tools grid-tools text-center hide-for-small bottom hover-slide-in show-on-hover\">\n\t\t\t\t  <a class=\"quick-view\" data-prod=\"12400\" href=\"#quick-view\">Aper\u00e7u<\/a>\t\t\t<\/div>\n\t\t\t\t\t<\/div>\n\n\t\t<div class=\"box-text box-text-products\">\n\t\t\t<div class=\"title-wrapper\">\t\t<p class=\"category uppercase is-smaller no-text-overflow product-cat op-7\">\n\t\t\tAccessoires\t\t<\/p>\n\t<p class=\"name product-title woocommerce-loop-product__title\"><a href=\"https:\/\/bici-bici.it\/fr\/product\/federgabel-29-schwarz-rockshox-35-silver-r-120-coil-1-1-8-1-5-boost-fork\/\" class=\"woocommerce-LoopProduct-link woocommerce-loop-product__link\">Federgabel 29\u2033 Schwarz RockShox 35 Silver R 120 Coil 1 1\/8 - 1.5\u2033 Boost Fork<\/a><\/p><\/div><div class=\"price-wrapper\">\n\t<span class=\"price\"><span class=\"woocommerce-Price-amount amount\"><bdi>221,22&nbsp;<span class=\"woocommerce-Price-currencySymbol\">\u20ac<\/span><\/bdi><\/span><\/span>\n<\/div>\t\t<\/div>\n\t<\/div>\n\t\t<\/div>\n<\/div><div class=\"product-small col has-hover product type-product post-12380 status-publish last instock product_cat-da-corsa product_cat-ammortizzatore product_cat-bici-bambini product_cat-biciclette product_cat-elettriche product_cat-biciclette-gravel product_cat-mtb product_cat-cassette-e-pacco-pignoni product_cat-city-bike product_cat-cyclocross-frame-carbon product_cat-deragliatore product_cat-fat-bike product_cat-forcelle-mtb product_cat-gravel-frameset-carbon product_cat-guarniture-e-pedivelle product_cat-men-pants product_cat-mtb-frame-carbon product_cat-pants product_cat-ricambi-bici product_cat-road-frameset-carbon product_cat-ruote-complete-e-raggi product_cat-ski-snowboard product_cat-selle product_cat-tacchette product_cat-telai product_cat-triathlon-frameset-carbon has-post-thumbnail sale taxable shipping-taxable purchasable product-type-simple\">\n\t<div class=\"col-inner\">\n\t\n<div class=\"badge-container absolute left top z-1\">\n<div class=\"callout badge badge-circle\"><div class=\"badge-inner secondary on-sale\"><span class=\"onsale\" data-no-translation=\"\" data-trp-gettext=\"\">Promo\u00a0!<\/span><\/div><\/div>\n<\/div>\n\t<div class=\"product-small box\">\n\t\t<div class=\"box-image\">\n\t\t\t<div class=\"image-fade_in_back\">\n\t\t\t\t<a href=\"https:\/\/bici-bici.it\/fr\/product\/niner-rlt-e9-rdo-4-star-28-11-fach-2021-2022-herren-gravel-e-fahrrad-carbon-59\/\" aria-label=\"Niner RLT E9 RDO 4-STAR 28&quot; 11 Fach 2021\/2022 Herren Gravel E-Fahrrad\/Carbon 59\">\n\t\t\t\t\t<img loading=\"lazy\" decoding=\"async\" width=\"500\" height=\"500\" src=\"https:\/\/bici-bici.it\/wp-content\/uploads\/2023\/06\/Niner-RLT-E9-RDO-4-STAR-28.jpg\" class=\"attachment-woocommerce_thumbnail size-woocommerce_thumbnail\" alt=\"Niner RLT E9 RDO 4-STAR 28&quot;\" srcset=\"https:\/\/bici-bici.it\/wp-content\/uploads\/2023\/06\/Niner-RLT-E9-RDO-4-STAR-28.jpg 500w, https:\/\/bici-bici.it\/wp-content\/uploads\/2023\/06\/Niner-RLT-E9-RDO-4-STAR-28-100x100.jpg 100w, https:\/\/bici-bici.it\/wp-content\/uploads\/2023\/06\/Niner-RLT-E9-RDO-4-STAR-28-64x64.jpg 64w, https:\/\/bici-bici.it\/wp-content\/uploads\/2023\/06\/Niner-RLT-E9-RDO-4-STAR-28-400x400.jpg 400w, https:\/\/bici-bici.it\/wp-content\/uploads\/2023\/06\/Niner-RLT-E9-RDO-4-STAR-28-280x280.jpg 280w, https:\/\/bici-bici.it\/wp-content\/uploads\/2023\/06\/Niner-RLT-E9-RDO-4-STAR-28-12x12.jpg 12w\" sizes=\"auto, (max-width: 500px) 100vw, 500px\" \/>\t\t\t\t<\/a>\n\t\t\t<\/div>\n\t\t\t<div class=\"image-tools is-small top right show-on-hover\">\n\t\t\t\t\t\t\t<\/div>\n\t\t\t<div class=\"image-tools is-small hide-for-small bottom left show-on-hover\">\n\t\t\t\t\t\t\t<\/div>\n\t\t\t<div class=\"image-tools grid-tools text-center hide-for-small bottom hover-slide-in show-on-hover\">\n\t\t\t\t  <a class=\"quick-view\" data-prod=\"12380\" href=\"#quick-view\">Aper\u00e7u<\/a>\t\t\t<\/div>\n\t\t\t\t\t<\/div>\n\n\t\t<div class=\"box-text box-text-products\">\n\t\t\t<div class=\"title-wrapper\">\t\t<p class=\"category uppercase is-smaller no-text-overflow product-cat op-7\">\n\t\t\tBicyclettes de course\t\t<\/p>\n\t<p class=\"name product-title woocommerce-loop-product__title\"><a href=\"https:\/\/bici-bici.it\/fr\/product\/niner-rlt-e9-rdo-4-star-28-11-fach-2021-2022-herren-gravel-e-fahrrad-carbon-59\/\" class=\"woocommerce-LoopProduct-link woocommerce-loop-product__link\">Niner RLT E9 RDO 4-STAR 28\u2033 11 Fach 2021\/2022 Herren Gravel E-Fahrrad\/Carbon 59<\/a><\/p><\/div><div class=\"price-wrapper\">\n\t<span class=\"price\"><del aria-hidden=\"true\"><span class=\"woocommerce-Price-amount amount\"><bdi>5.800,00&nbsp;<span class=\"woocommerce-Price-currencySymbol\">\u20ac<\/span><\/bdi><\/span><\/del> <span class=\"screen-reader-text\" data-no-translation=\"\" data-trp-gettext=\"\">Le prix initial \u00e9tait\u00a0: 5.800,00&nbsp;&euro;.<\/span><ins aria-hidden=\"true\"><span class=\"woocommerce-Price-amount amount\"><bdi>4.785,00&nbsp;<span class=\"woocommerce-Price-currencySymbol\">\u20ac<\/span><\/bdi><\/span><\/ins><span class=\"screen-reader-text\" data-no-translation=\"\" data-trp-gettext=\"\">Le prix actuel est\u00a0: 4.785,00&nbsp;&euro;.<\/span><\/span>\n<\/div>\t\t<\/div>\n\t<\/div>\n\t\t<\/div>\n<\/div><\/div><\/span><\/p>\n<h2 style=\"text-align: center;\"><span style=\"font-size: 110%;\">Acheter des fourches pour v\u00e9los de route (prix de d\u00e9tail)<\/span><\/h2>\n<div><\/div>\n<div style=\"text-align: center;\"><span style=\"font-size: 110%;\"><strong>Vous cherchez des fourches pour v\u00e9lo de route ? Vous \u00eates au bon endroit car nous vendons des fourches de v\u00e9lo de haute qualit\u00e9 \u00e0 des prix de gros.<\/strong><\/span><\/div>\n<div><\/div>\n<div><span style=\"font-size: 110%;\">Les fourches de v\u00e9lo sont un ajout incroyable aux aventures sur deux roues. De plus, le VTT est l'un des styles de v\u00e9lo les plus populaires aupr\u00e8s des d\u00e9butants et des professionnels. Avant de faire du v\u00e9lo, il faut aussi conna\u00eetre tous les m\u00e9canismes et les composants d'un v\u00e9lo.<\/span><\/div>\n<div><\/div>\n<div><span style=\"font-size: 110%;\">En outre, vous devez conna\u00eetre les principales pi\u00e8ces et ne pas mettre la main dessus si vous ne connaissez pas les pi\u00e8ces, y compris la fourche du v\u00e9lo. Supposons que vous souhaitiez am\u00e9liorer la qualit\u00e9 de conduite de votre v\u00e9lo de montagne ; essayez d'am\u00e9liorer la fourche de votre v\u00e9lo avec une suspension. Entrons dans les d\u00e9tails des fourches de VTT.<\/span><\/div>\n<h3><span style=\"font-size: 110%;\">1 : Qu'est-ce qu'une fourche de v\u00e9lo de route ?<\/span><\/h3>\n<div><span style=\"font-size: 110%;\">La fourche d'un v\u00e9lo de route est la pi\u00e8ce d'\u00e9quipement la plus importante et la plus vitale, car elle lisse la surface de la piste et absorbe tous les impacts. En outre, la fourche am\u00e9liore la traction, la vitesse, le contr\u00f4le et les impacts. Cependant, il n'est pas facile de contr\u00f4ler totalement la traction sans une fourche et une suspension appropri\u00e9es.<\/span><\/div>\n<h3><span style=\"font-size: 110%;\">2 : Comment fonctionne la fourche d'un v\u00e9lo de route ?<\/span><\/h3>\n<div><span style=\"font-size: 110%;\">La fourche du v\u00e9lo est confortable et s'articule autour de montants de 40 mm. Avec un grand d\u00e9battement de 203 mm, la fourche est naturellement rigide et r\u00e9active \u00e0 la situation.<\/span><\/div>\n<div><\/div>\n<div><span style=\"font-size: 110%;\">Elle permet \u00e9galement d'\u00e9conomiser du poids au niveau de la couronne et de la force d'appui. La chambre \u00e0 air de grand volume a une course lin\u00e9aire et des jetons de volume qui assurent une compression pr\u00e9cise.<\/span><\/div>\n<div><\/div>\n<h3><span style=\"font-size: 110%;\">3 : Quelle est la fourchette qui me convient ?<\/span><\/h3>\n<div><span style=\"font-size: 110%;\">Avant d'acheter une fourche de v\u00e9lo \u00e0 suspension, vous devez conna\u00eetre la nature de votre v\u00e9lo.<\/span><\/div>\n<div><\/div>\n<div><span style=\"font-size: 110%;\">Les VTT de cross-country ont g\u00e9n\u00e9ralement une suspension de 80 \u00e0 120 mm. Les v\u00e9los d'attelage ont une fourchette de 120 \u00e0 140 mm et les v\u00e9los all-mountain entre 150 et 170 mm.<\/span><\/div>\n<h3><span style=\"font-size: 110%;\">4 : Est-il difficile de contr\u00f4ler la fourche du v\u00e9lo ?<\/span><\/h3>\n<div><span style=\"font-size: 110%;\">Le contr\u00f4le de l'amortissement est crucial : plus vous voyagez, plus il vous sera difficile de contr\u00f4ler la fourche du v\u00e9lo. Cependant, il n'est pas difficile de contr\u00f4ler les performances gr\u00e2ce \u00e0 l'amortissement en d\u00e9tente r\u00e9glable ; la fourche finit par revenir en douceur.<\/span><\/div>\n<div><\/div>\n<div><span style=\"font-size: 110%;\">Les fourches avanc\u00e9es sont dot\u00e9es d'un syst\u00e8me d'amortissement par compression et aident le ressort \u00e0 ralentir et \u00e0 absorber l'impact.<\/span><\/div>\n<h3><span style=\"font-size: 110%;\">5 : Pourquoi acheter chez nous ?<\/span><\/h3>\n<div><span style=\"font-size: 110%;\">Nous connaissons le meilleur type de fourche de v\u00e9lo ; nous pouvons \u00e9galement vous donner toutes les informations utiles sur la fourche et la suspension avant et arri\u00e8re. M\u00eame si vous ne connaissez pas la nature et le m\u00e9canisme de votre v\u00e9lo, nous pouvons vous guider \u00e0 travers toutes les informations techniques.<\/span><\/div>","protected":false},"excerpt":{"rendered":"<p>Acquista forcelle per biciclette da strada (prezzi di vendita interi) Cerchi Forcelle per Bici da Strada? Sei nel posto giusto perch\u00e9 vendiamo forcelle per bici di alta qualit\u00e0 a prezzi all&#8217;ingrosso. Le forcelle per bici sono un&#8217;aggiunta incredibile alle avventure su due ruote. Inoltre, le MTB sono uno degli stili di bici pi\u00f9 popolari sia [&#8230;]\n","protected":false},"author":2,"featured_media":0,"parent":0,"menu_order":27,"comment_status":"closed","ping_status":"closed","template":"","meta":{"footnotes":""},"class_list":["post-8431","page","type-page","status-publish","hentry"],"_links":{"self":[{"href":"https:\/\/bici-bici.it\/fr\/wp-json\/wp\/v2\/pages\/8431","targetHints":{"allow":["GET"]}}],"collection":[{"href":"https:\/\/bici-bici.it\/fr\/wp-json\/wp\/v2\/pages"}],"about":[{"href":"https:\/\/bici-bici.it\/fr\/wp-json\/wp\/v2\/types\/page"}],"author":[{"embeddable":true,"href":"https:\/\/bici-bici.it\/fr\/wp-json\/wp\/v2\/users\/2"}],"replies":[{"embeddable":true,"href":"https:\/\/bici-bici.it\/fr\/wp-json\/wp\/v2\/comments?post=8431"}],"version-history":[{"count":0,"href":"https:\/\/bici-bici.it\/fr\/wp-json\/wp\/v2\/pages\/8431\/revisions"}],"wp:attachment":[{"href":"https:\/\/bici-bici.it\/fr\/wp-json\/wp\/v2\/media?parent=8431"}],"curies":[{"name":"wp","href":"https:\/\/api.w.org\/{rel}","templated":true}]}}