{"id":1493,"date":"2016-10-14T02:02:22","date_gmt":"2016-10-14T02:02:22","guid":{"rendered":"https:\/\/demo.wpthemego.com\/themes\/sw_autusin\/demo3\/?page_id=1493"},"modified":"2023-09-01T08:52:13","modified_gmt":"2023-09-01T08:52:13","slug":"su-di-noi","status":"publish","type":"page","link":"https:\/\/bici-bici.it\/fr\/a-propos-de-nous\/","title":{"rendered":"\u00c0 propos de nous"},"content":{"rendered":"<h1>\u00c0 propos de nous<\/h1>\n\n  <div class=\"banner has-hover has-parallax\" id=\"banner-1700790017\">\n          <div class=\"banner-inner fill\">\n        <div class=\"banner-bg fill\" data-parallax=\"-10\" data-parallax-container=\".banner\" data-parallax-background>\n            <img loading=\"lazy\" decoding=\"async\" width=\"999\" height=\"640\" src=\"https:\/\/bici-bici.it\/wp-content\/uploads\/2021\/04\/bike.jpeg\" class=\"bg attachment-original size-original\" alt=\"v\u00e9lo \u00e0 propos de\" \/>                        <div class=\"overlay\"><\/div>            \n                    <\/div>\n\t\t\n        <div class=\"banner-layers container\">\n            <div class=\"fill banner-link\"><\/div>            \n\n   <div id=\"text-box-1715980719\" class=\"text-box banner-layer x50 md-x50 lg-x50 y50 md-y50 lg-y50 res-text\">\n                                <div class=\"text-box-content text dark\">\n              \n              <div class=\"text-inner text-center\">\n                  \n\n<h3 class=\"uppercase\">\u00c0 PROPOS DE NOUS<\/h3>\n<p>BICI-BICI.IT<\/p>\n<a href=\"https:\/\/bici-bici.it\/fr\/product-category\/biciclette\/\" target=\"_blank\" class=\"button white is-outline\" rel=\"noopener\"  >\n\t\t<span>D\u00c9COUVRIR<\/span>\n\t<\/a>\n\n\n\n              <\/div>\n           <\/div>\n                            \n<style>\n#text-box-1715980719 {\n  width: 60%;\n}\n#text-box-1715980719 .text-box-content {\n  font-size: 100%;\n}\n<\/style>\n    <\/div>\n \n\n        <\/div>\n      <\/div>\n\n            \n<style>\n#banner-1700790017 {\n  padding-top: 300px;\n}\n#banner-1700790017 .overlay {\n  background-color: rgba(0,0,0,.5);\n}\n#banner-1700790017 .banner-bg img {\n  object-position: 0% 55%;\n}\n<\/style>\n  <\/div>\n\n\n\n\t<section class=\"section\" id=\"section_1857413148\">\n\t\t<div class=\"section-bg fill\" >\n\t\t\t\t\t\t\t\t\t<div class=\"section-bg-overlay absolute fill\"><\/div>\n\t\t\t\n\n\t\t<\/div>\n\n\t\t\n\n\t\t<div class=\"section-content relative\">\n\t\t\t\n\n<div class=\"row row-collapse row-full-width align-middle\"  id=\"row-483446968\">\n\n\n\t<div id=\"col-913425880\" class=\"col medium-6 small-12 large-6\"  >\n\t\t\t\t<div class=\"col-inner text-center\"  >\n\t\t\t\n\t\t\t\n\n\t<div id=\"text-3067895129\" class=\"text\">\n\t\t\n\n<h2>bici-bici.it<\/h2>\n<p style=\"text-align: justify;\">Chez bici-bici.co.uk, le magasin de cyclisme en ligne, nous avons tout ce dont vous avez besoin pour votre sport favori. Dans notre magasin, vous trouverez les meilleures marques du secteur \u00e0 des prix abordables. Peu importe que vous d\u00e9butiez dans le cyclisme ou que vous fassiez de la comp\u00e9tition \u00e0 un niveau professionnel, nous avons toutes sortes de produits pour diff\u00e9rents types de cyclisme et pour diff\u00e9rents niveaux. Vous trouverez les v\u00eatements parfaits pour vos sorties \u00e0 v\u00e9lo, des vestes, des t-shirts et des shorts techniques, mais aussi des casques, des lunettes, des gants et divers accessoires. Nous disposons \u00e9galement d'une large gamme de produits pour le bon entretien de votre v\u00e9lo et les petites r\u00e9parations. Nous avons un grand choix de chaussures de cyclisme techniques et de nombreux v\u00e9los \u00e0 des prix incroyables. Nous vous habillons de la t\u00eate aux pieds pour rouler \u00e0 v\u00e9lo confortablement et en toute s\u00e9curit\u00e9. Sur notre site web, vous trouverez en permanence des promotions, des nouveaux produits et les meilleures offres du march\u00e9.<\/p>\n\t\t\n<style>\n#text-3067895129 {\n  text-align: left;\n}\n<\/style>\n\t<\/div>\n\t\n\n\t\t<\/div>\n\t\t\t\t\n<style>\n#col-913425880 > .col-inner {\n  padding: 10% 10% 10% 0%;\n  max-width: 520px;\n}\n<\/style>\n\t<\/div>\n\n\t\n\n\t<div id=\"col-592264132\" class=\"col medium-6 small-12 large-6\"  >\n\t\t\t\t<div class=\"col-inner\"  >\n\t\t\t\n\t\t\t\n\n\t<div class=\"img has-hover x md-x lg-x y md-y lg-y\" id=\"image_1579989162\">\n\t\t\t\t\t\t\t\t<div class=\"img-inner image-cover dark\" style=\"padding-top:427px;\">\n\t\t\t<img loading=\"lazy\" decoding=\"async\" width=\"612\" height=\"408\" src=\"https:\/\/bici-bici.it\/wp-content\/uploads\/2021\/09\/gettyimages-516178656-612x612-1.jpg\" class=\"attachment-large size-large\" alt=\"Bicyclettes de course de fin de s\u00e9rie\" srcset=\"https:\/\/bici-bici.it\/wp-content\/uploads\/2021\/09\/gettyimages-516178656-612x612-1.jpg 612w, https:\/\/bici-bici.it\/wp-content\/uploads\/2021\/09\/gettyimages-516178656-612x612-1-64x43.jpg 64w, https:\/\/bici-bici.it\/wp-content\/uploads\/2021\/09\/gettyimages-516178656-612x612-1-600x400.jpg 600w\" sizes=\"auto, (max-width: 612px) 100vw, 612px\" \/>\t\t\t\t\t\t\n\t\t\t\t\t<\/div>\n\t\t\t\t\t\t\t\t\n<style>\n#image_1579989162 {\n  width: 100%;\n}\n<\/style>\n\t<\/div>\n\t\n\n\n\t\t<\/div>\n\t\t\t\t\t<\/div>\n\n\t\n\n<\/div>\n\n\t\t<\/div>\n\n\t\t\n<style>\n#section_1857413148 {\n  padding-top: 0px;\n  padding-bottom: 0px;\n  background-color: rgb(247, 247, 247);\n}\n#section_1857413148 .section-bg-overlay {\n  background-color: rgba(255, 255, 255, 0.85);\n}\n<\/style>\n\t<\/section>","protected":false},"excerpt":{"rendered":"<p>\u00c0 propos de nous<\/p>","protected":false},"author":1,"featured_media":0,"parent":0,"menu_order":24,"comment_status":"closed","ping_status":"closed","template":"","meta":{"footnotes":""},"class_list":["post-1493","page","type-page","status-publish","hentry"],"_links":{"self":[{"href":"https:\/\/bici-bici.it\/fr\/wp-json\/wp\/v2\/pages\/1493","targetHints":{"allow":["GET"]}}],"collection":[{"href":"https:\/\/bici-bici.it\/fr\/wp-json\/wp\/v2\/pages"}],"about":[{"href":"https:\/\/bici-bici.it\/fr\/wp-json\/wp\/v2\/types\/page"}],"author":[{"embeddable":true,"href":"https:\/\/bici-bici.it\/fr\/wp-json\/wp\/v2\/users\/1"}],"replies":[{"embeddable":true,"href":"https:\/\/bici-bici.it\/fr\/wp-json\/wp\/v2\/comments?post=1493"}],"version-history":[{"count":0,"href":"https:\/\/bici-bici.it\/fr\/wp-json\/wp\/v2\/pages\/1493\/revisions"}],"wp:attachment":[{"href":"https:\/\/bici-bici.it\/fr\/wp-json\/wp\/v2\/media?parent=1493"}],"curies":[{"name":"wp","href":"https:\/\/api.w.org\/{rel}","templated":true}]}}