{"id":12766,"date":"2023-09-22T14:25:50","date_gmt":"2023-09-22T14:25:50","guid":{"rendered":"https:\/\/bici-bici.it\/?page_id=12766"},"modified":"2023-09-22T15:45:46","modified_gmt":"2023-09-22T15:45:46","slug":"ebike-con-acceleratore","status":"publish","type":"page","link":"https:\/\/bici-bici.it\/fr\/velos-electriques\/velo-electrique-avec-accelerateur\/","title":{"rendered":"V\u00e9lo \u00e9lectrique avec acc\u00e9l\u00e9rateur"},"content":{"rendered":"<h2>V\u00e9lo \u00e9lectrique avec acc\u00e9l\u00e9rateur<\/h2>\n<p class=\"whitespace-pre-wrap\">Les v\u00e9los \u00e9lectriques \u00e0 acc\u00e9l\u00e9rateur sont de plus en plus populaires ces derni\u00e8res ann\u00e9es, car ils constituent un moyen de transport \u00e9cologique, pratique et sain. De nombreux v\u00e9los \u00e9lectriques sont \u00e9quip\u00e9s d'un acc\u00e9l\u00e9rateur, un dispositif qui fournit un surcro\u00eet de puissance en cas de besoin. Dans cet article, nous examinerons en d\u00e9tail les avantages d'un acc\u00e9l\u00e9rateur sur votre v\u00e9lo \u00e9lectrique et son fonctionnement.<\/p>\n<p class=\"whitespace-pre-wrap\">Introduction<\/p>\n<p class=\"whitespace-pre-wrap\">Les v\u00e9los \u00e9lectriques sont essentiellement des v\u00e9los normaux \u00e9quip\u00e9s d'un petit moteur \u00e9lectrique et d'une batterie pour faciliter le p\u00e9dalage. Le moteur \u00e9lectrique fournit une assistance au p\u00e9dalage, ce qui facilite l'acc\u00e9l\u00e9ration et la mont\u00e9e des pentes. La plupart des v\u00e9los \u00e9lectriques ont plusieurs niveaux d'assistance \u00e9lectrique s\u00e9lectionnables, de faible \u00e0 \u00e9lev\u00e9.<\/p>\n<p class=\"whitespace-pre-wrap\">L'acc\u00e9l\u00e9rateur est un dispositif suppl\u00e9mentaire qui fournit une puissance instantan\u00e9e au v\u00e9lo lorsqu'il est activ\u00e9. Il fonctionne ind\u00e9pendamment de l'assistance \u00e9lectrique principale et peut fournir une tr\u00e8s forte impulsion pour franchir des obstacles, d\u00e9marrer \u00e0 l'arr\u00eat ou monter des pentes raides. Les acc\u00e9l\u00e9rateurs peuvent \u00eatre activ\u00e9s \u00e0 l'aide d'un bouton sur le guidon ou d'un levier.<\/p>\n<p class=\"whitespace-pre-wrap\">Avantages de l'acc\u00e9l\u00e9rateur<\/p>\n<p class=\"whitespace-pre-wrap\">L'installation d'un acc\u00e9l\u00e9rateur sur votre v\u00e9lo \u00e9lectrique pr\u00e9sente plusieurs avantages :<\/p>\n<ul class=\"list-disc pl-8 space-y-2\">\n<li class=\"whitespace-normal\">D\u00e9marrage facile \u00e0 l'arr\u00eat : l'acc\u00e9l\u00e9rateur facilite grandement le d\u00e9marrage \u00e0 l'arr\u00eat, en particulier si vous \u00eates arr\u00eat\u00e9 dans une colline. Il suffit d'appuyer sur le bouton pour obtenir le coup de pouce n\u00e9cessaire au d\u00e9marrage.<\/li>\n<li class=\"whitespace-normal\">Pentes raides : les pentes raides peuvent constituer un d\u00e9fi, m\u00eame avec l'assistance \u00e9lectrique. L'acc\u00e9l\u00e9rateur fournit la puissance suppl\u00e9mentaire n\u00e9cessaire pour les franchir sans difficult\u00e9.<\/li>\n<li class=\"whitespace-normal\">D\u00e9passement et man\u0153uvres : L'acc\u00e9l\u00e9rateur facilite les d\u00e9passements et les man\u0153uvres dans les embouteillages, en donnant le coup de pouce n\u00e9cessaire.<\/li>\n<li class=\"whitespace-normal\">Vitesse maximale plus \u00e9lev\u00e9e : de nombreux acc\u00e9l\u00e9rateurs permettent au v\u00e9lo \u00e9lectrique d'atteindre des vitesses maximales plus \u00e9lev\u00e9es que l'assistance \u00e9lectrique standard. Utile pour les navetteurs.<\/li>\n<li class=\"whitespace-normal\">Meilleure gestion de la batterie : l'acc\u00e9l\u00e9rateur peut \u00eatre utilis\u00e9 strat\u00e9giquement pour \u00e9conomiser l'assistance \u00e9lectrique primaire et pr\u00e9server l'\u00e9nergie de la batterie.<\/li>\n<li class=\"whitespace-normal\">Polyvalence : L'acc\u00e9l\u00e9rateur rend le v\u00e9lo \u00e9lectrique plus polyvalent et adapt\u00e9 \u00e0 un large \u00e9ventail de situations et d'itin\u00e9raires. De la ville au tout-terrain.<\/li>\n<li class=\"whitespace-normal\">Fun : l'acc\u00e9l\u00e9ration suppl\u00e9mentaire rend la conduite plus excitante et plus amusante !<\/li>\n<\/ul>\n<p class=\"whitespace-pre-wrap\">Fonctionnement de l'acc\u00e9l\u00e9rateur<\/p>\n<p class=\"whitespace-pre-wrap\">La plupart des acc\u00e9l\u00e9rateurs utilisent un moteur sans balai \u00e0 haute puissance connect\u00e9 \u00e0 la roue arri\u00e8re ou au p\u00e9dalier. Lorsqu'il est activ\u00e9, l'acc\u00e9l\u00e9rateur fournit instantan\u00e9ment un coup de pouce en concentrant une puissance suppl\u00e9mentaire sur la roue ou le p\u00e9dalier, ce qui fait tourner la roue plus rapidement.<\/p>\n<p class=\"whitespace-pre-wrap\">Les acc\u00e9l\u00e9rateurs sont con\u00e7us pour fournir une impulsion imm\u00e9diate mais limit\u00e9e dans le temps. Beaucoup se d\u00e9sactivent automatiquement apr\u00e8s quelques secondes pour \u00e9viter de surcharger le moteur. D'autres ont une limite de vitesse au-del\u00e0 de laquelle l'acc\u00e9l\u00e9ration suppl\u00e9mentaire est progressivement r\u00e9duite.<\/p>\n<p class=\"whitespace-pre-wrap\">L'acc\u00e9l\u00e9rateur est aliment\u00e9 par la m\u00eame batterie que celle utilis\u00e9e pour l'assistance \u00e9lectrique principale du v\u00e9lo \u00e9lectrique. Cependant, une utilisation prudente de l'acc\u00e9l\u00e9rateur a relativement peu d'effet sur l'autonomie de la batterie. La plupart des utilisateurs signalent une r\u00e9duction de l'autonomie inf\u00e9rieure \u00e0 celle du 10% dans le cadre d'une utilisation normale.<\/p>\n<p class=\"whitespace-pre-wrap\">Types d'acc\u00e9l\u00e9rateurs<\/p>\n<p class=\"whitespace-pre-wrap\">Il existe trois principaux types d'acc\u00e9l\u00e9rateurs pour les v\u00e9los \u00e9lectriques :<\/p>\n<ul class=\"list-disc pl-8 space-y-2\">\n<li class=\"whitespace-normal\">Poign\u00e9e tournante : activ\u00e9e par un bouton sur l'acc\u00e9l\u00e9rateur, comme sur une moto. Permet un contr\u00f4le progressif de la puissance.<\/li>\n<li class=\"whitespace-normal\">Bouton : bouton d\u00e9di\u00e9 sur le guidon pour une activation instantan\u00e9e. Accessibilit\u00e9 facile.<\/li>\n<li class=\"whitespace-normal\">Levier : un levier situ\u00e9 pr\u00e8s de la poign\u00e9e permet d'activer l'acc\u00e9l\u00e9ration du bout des doigts. Contr\u00f4le pr\u00e9cis.<\/li>\n<\/ul>\n<p class=\"whitespace-pre-wrap\">Les diff\u00e9rents types de poign\u00e9es conviennent \u00e0 diff\u00e9rents styles de conduite et \u00e0 diff\u00e9rentes pr\u00e9f\u00e9rences. Les poign\u00e9es tournantes sont plus adapt\u00e9es \u00e0 une utilisation sportive et tout-terrain, tandis que les poign\u00e9es \u00e0 bouton et \u00e0 levier sont id\u00e9ales pour une utilisation en ville.<\/p>\n<p class=\"whitespace-pre-wrap\">S\u00e9curit\u00e9 et \u00e9thique<\/p>\n<p class=\"whitespace-pre-wrap\">L'acc\u00e9l\u00e9rateur augmente consid\u00e9rablement les performances et la vitesse maximale du v\u00e9lo \u00e9lectrique. Cela soul\u00e8ve des questions de s\u00e9curit\u00e9 et d'\u00e9thique pour une utilisation responsable.<\/p>\n<p class=\"whitespace-pre-wrap\">En termes de s\u00e9curit\u00e9, il est important de toujours garder un \u0153il sur la vitesse suppl\u00e9mentaire fournie par l'acc\u00e9l\u00e9rateur. Une utilisation excessive peut entra\u00eener une perte de contr\u00f4le du v\u00e9lo \u00e9lectrique. Il est bon de s'habituer progressivement \u00e0 la puissance accrue.<\/p>\n<p class=\"whitespace-pre-wrap\">D'un point de vue \u00e9thique, la vitesse suppl\u00e9mentaire doit \u00eatre utilis\u00e9e judicieusement, en particulier dans les zones pi\u00e9tonnes. La puissance suppl\u00e9mentaire implique une plus grande responsabilit\u00e9 dans l'utilisation s\u00fbre du v\u00e9lo \u00e9lectrique.<\/p>\n<p class=\"whitespace-pre-wrap\">Il est \u00e9galement important de v\u00e9rifier et de respecter les limites de vitesse l\u00e9gales pour les v\u00e9los \u00e9lectriques dans votre r\u00e9gion. L'exc\u00e8s de vitesse n'est pas une excuse pour d\u00e9passer les limites de mani\u00e8re irresponsable.<\/p>\n<p class=\"whitespace-pre-wrap\">Conclusions<\/p>\n<p class=\"whitespace-pre-wrap\">L'acc\u00e9l\u00e9rateur est un excellent compl\u00e9ment \u00e0 tout mod\u00e8le de v\u00e9lo \u00e9lectrique, ajoutant de la polyvalence, de la performance et du plaisir. Il permet des d\u00e9marrages faciles, des mont\u00e9es raides sans effort, une vitesse de pointe plus \u00e9lev\u00e9e et une exp\u00e9rience de conduite plus excitante.<\/p>\n<p class=\"whitespace-pre-wrap\">Cependant, cette puissance suppl\u00e9mentaire exige \u00e9galement une conduite \u00e9thique et responsable. L'acc\u00e9l\u00e9rateur doit \u00eatre utilis\u00e9 judicieusement et avec mod\u00e9ration pour assurer la s\u00e9curit\u00e9 du conducteur et des autres. Conduisez dans les limites l\u00e9gales et ma\u00eetrisez votre vitesse \u00e0 tout moment.<\/p>\n<p class=\"whitespace-pre-wrap\">Avec une utilisation prudente, l'acc\u00e9l\u00e9rateur peut vraiment faire passer les performances de l'ebike au niveau sup\u00e9rieur. C'est une am\u00e9lioration qui m\u00e9rite d'\u00eatre envisag\u00e9e par de nombreux cyclistes urbains et sportifs. Il transforme l'ebike en un v\u00e9lo encore plus polyvalent et amusant !<\/p>\n<p>&nbsp;<\/p>\n<p><strong>Questions fr\u00e9quemment pos\u00e9es sur les v\u00e9los \u00e9lectriques avec acc\u00e9l\u00e9rateur<\/strong><\/p>\n<ol>\n<li><strong>Qu'est-ce qu'un v\u00e9lo \u00e9lectrique avec acc\u00e9l\u00e9rateur ?<\/strong>\n<ul>\n<li>Un v\u00e9lo \u00e9lectrique avec acc\u00e9l\u00e9rateur est un v\u00e9lo \u00e9lectrique qui peut \u00eatre assist\u00e9 par le moteur \u00e9lectrique \u00e0 l'aide d'un acc\u00e9l\u00e9rateur, comme un scooter.<\/li>\n<\/ul>\n<\/li>\n<li><strong>Comment fonctionne l'acc\u00e9l\u00e9rateur sur un v\u00e9lo \u00e9lectrique ?<\/strong>\n<ul>\n<li>L'acc\u00e9l\u00e9rateur d'un v\u00e9lo \u00e9lectrique vous permet de r\u00e9gler la puissance du moteur \u00e9lectrique sans p\u00e9daler. Il suffit d'appuyer sur l'acc\u00e9l\u00e9rateur pour augmenter la vitesse.<\/li>\n<\/ul>\n<\/li>\n<li><strong>Les v\u00e9los \u00e9lectriques avec acc\u00e9l\u00e9rateur n\u00e9cessitent-ils de p\u00e9daler ?<\/strong>\n<ul>\n<li>Non, les v\u00e9los \u00e9lectriques avec acc\u00e9l\u00e9rateur peuvent \u00eatre utilis\u00e9s sans p\u00e9daler, mais il est \u00e9galement possible de p\u00e9daler avec le moteur \u00e9lectrique actif.<\/li>\n<\/ul>\n<\/li>\n<li><strong>Quelle est l'autonomie d'un v\u00e9lo \u00e9lectrique \u00e9quip\u00e9 d'un acc\u00e9l\u00e9rateur ?<\/strong>\n<ul>\n<li>L'autonomie d\u00e9pend de la capacit\u00e9 de la batterie et de son utilisation. En g\u00e9n\u00e9ral, un v\u00e9lo \u00e9lectrique \u00e9quip\u00e9 d'un acc\u00e9l\u00e9rateur peut parcourir entre 30 et 100 kilom\u00e8tres avec une seule charge.<\/li>\n<\/ul>\n<\/li>\n<li><strong>Comment recharger la batterie d'un v\u00e9lo \u00e9lectrique \u00e9quip\u00e9 d'un acc\u00e9l\u00e9rateur ?<\/strong>\n<ul>\n<li>La batterie d'un v\u00e9lo \u00e9lectrique \u00e9quip\u00e9 d'un acc\u00e9l\u00e9rateur peut \u00eatre recharg\u00e9e \u00e0 l'aide d'un c\u00e2ble \u00e9lectrique connect\u00e9 \u00e0 une prise domestique.<\/li>\n<\/ul>\n<\/li>\n<li><strong>Ai-je besoin d'un permis sp\u00e9cial pour conduire un v\u00e9lo \u00e9lectrique avec un acc\u00e9l\u00e9rateur ?<\/strong>\n<ul>\n<li>En Italie, vous n'avez pas besoin d'un permis sp\u00e9cial pour conduire un v\u00e9lo \u00e9lectrique avec un acc\u00e9l\u00e9rateur, mais vous devez respecter le code de la route.<\/li>\n<\/ul>\n<\/li>\n<li><strong>Quelle est la vitesse maximale d'un v\u00e9lo \u00e9lectrique avec acc\u00e9l\u00e9rateur ?<\/strong>\n<ul>\n<li>La vitesse maximale d'un v\u00e9lo \u00e9lectrique \u00e9quip\u00e9 d'un acc\u00e9l\u00e9rateur peut varier, mais elle est g\u00e9n\u00e9ralement limit\u00e9e \u00e0 25 km\/h pour respecter la r\u00e9glementation europ\u00e9enne.<\/li>\n<\/ul>\n<\/li>\n<li><strong>Puis-je utiliser un v\u00e9lo \u00e9lectrique avec acc\u00e9l\u00e9rateur sur les pistes cyclables ?<\/strong>\n<ul>\n<li>Cela d\u00e9pend de la l\u00e9gislation locale, mais en g\u00e9n\u00e9ral, les v\u00e9los \u00e9lectriques avec acc\u00e9l\u00e9rateur ne sont autoris\u00e9s sur les pistes cyclables que s'ils respectent la limite de vitesse de 25 km\/h.<\/li>\n<\/ul>\n<\/li>\n<li><strong>Les v\u00e9los \u00e9lectriques avec acc\u00e9l\u00e9rateur sont-ils adapt\u00e9s \u00e0 la ville ?<\/strong>\n<ul>\n<li>Oui, les v\u00e9los \u00e9lectriques avec acc\u00e9l\u00e9rateur sont id\u00e9aux pour les d\u00e9placements urbains, car ils offrent un moyen \u00e9cologique et pratique de se d\u00e9placer en ville.<\/li>\n<\/ul>\n<\/li>\n<li><strong>Combien co\u00fbte un v\u00e9lo \u00e9lectrique avec acc\u00e9l\u00e9rateur ?<\/strong>\n<ul>\n<li>Le prix d'un v\u00e9lo \u00e9lectrique avec acc\u00e9l\u00e9rateur peut varier consid\u00e9rablement en fonction du mod\u00e8le et des sp\u00e9cifications. En moyenne, ils peuvent co\u00fbter entre 1 000 et 4 000 euros ou plus.<\/li>\n<\/ul>\n<\/li>\n<li><strong>Quels sont les avantages des v\u00e9los \u00e9lectriques avec acc\u00e9l\u00e9rateur ?<\/strong>\n<ul>\n<li>Les avantages sont la facilit\u00e9 d'utilisation, la vitesse suppl\u00e9mentaire en cas de besoin et la r\u00e9duction de l'effort physique lors de la pratique du v\u00e9lo.<\/li>\n<\/ul>\n<\/li>\n<li><strong>Puis-je rouler sur un v\u00e9lo \u00e9lectrique avec un acc\u00e9l\u00e9rateur m\u00eame sans batterie ?<\/strong>\n<ul>\n<li>Oui, vous pouvez p\u00e9daler sur un v\u00e9lo \u00e9lectrique avec l'acc\u00e9l\u00e9rateur m\u00eame sans la batterie, mais vous perdrez l'assistance \u00e9lectrique.<\/li>\n<\/ul>\n<\/li>\n<li><strong>Les v\u00e9los \u00e9lectriques avec acc\u00e9l\u00e9rateur n\u00e9cessitent-ils un entretien particulier ?<\/strong>\n<ul>\n<li>Ils n\u00e9cessitent un entretien r\u00e9gulier comme tout autre v\u00e9lo, avec une attention particuli\u00e8re pour la batterie, les freins et le moteur.<\/li>\n<\/ul>\n<\/li>\n<li><strong>Puis-je transporter un v\u00e9lo \u00e9lectrique avec un acc\u00e9l\u00e9rateur sur un v\u00e9hicule ?<\/strong>\n<ul>\n<li>Oui, de nombreux v\u00e9los \u00e9lectriques avec acc\u00e9l\u00e9rateur peuvent \u00eatre transport\u00e9s sur des porte-v\u00e9los ou dans un v\u00e9hicule, mais v\u00e9rifiez la taille et le poids de votre mod\u00e8le.<\/li>\n<\/ul>\n<\/li>\n<li><strong>Puis-je transformer un v\u00e9lo normal en v\u00e9lo \u00e9lectrique avec un acc\u00e9l\u00e9rateur ?<\/strong>\n<ul>\n<li>C'est possible, mais il est important de le faire en toute l\u00e9galit\u00e9 et conform\u00e9ment aux r\u00e9glementations locales en mati\u00e8re de s\u00e9curit\u00e9 routi\u00e8re.<\/li>\n<\/ul>\n<\/li>\n<li><strong>Les v\u00e9los \u00e9lectriques \u00e9quip\u00e9s d'acc\u00e9l\u00e9rateurs sont-ils respectueux de l'environnement ?<\/strong>\n<ul>\n<li>Oui, les v\u00e9los \u00e9lectriques avec acc\u00e9l\u00e9rateur sont consid\u00e9r\u00e9s comme un moyen de transport respectueux de l'environnement car ils r\u00e9duisent les \u00e9missions de gaz \u00e0 effet de serre.<\/li>\n<\/ul>\n<\/li>\n<li><strong>Quelle est la garantie d'un v\u00e9lo \u00e9lectrique avec acc\u00e9l\u00e9rateur ?<\/strong>\n<ul>\n<li>La garantie varie d'un fabricant \u00e0 l'autre, mais elle est g\u00e9n\u00e9ralement comprise entre 1 et 2 ans pour les pi\u00e8ces \u00e9lectriques et le ch\u00e2ssis.<\/li>\n<\/ul>\n<\/li>\n<li><strong>Comment trouver le mod\u00e8le d'eBike avec acc\u00e9l\u00e9rateur qui me convient ?<\/strong>\n<ul>\n<li>Consultez un revendeur sp\u00e9cialis\u00e9 et essayez diff\u00e9rents mod\u00e8les pour trouver celui qui r\u00e9pond \u00e0 vos besoins.<\/li>\n<\/ul>\n<\/li>\n<li><strong>Puis-je louer un v\u00e9lo \u00e9lectrique avec acc\u00e9l\u00e9rateur ?<\/strong>\n<ul>\n<li>De nombreuses villes proposent des services de location de v\u00e9los \u00e9lectriques avec acc\u00e9l\u00e9rateur pour une dur\u00e9e limit\u00e9e.<\/li>\n<\/ul>\n<\/li>\n<li><strong>Existe-t-il des r\u00e9ductions ou des incitations pour l'achat d'un v\u00e9lo \u00e9lectrique \u00e9quip\u00e9 d'un acc\u00e9l\u00e9rateur ?<\/strong>\n<ul>\n<li>Certaines r\u00e9gions italiennes offrent des incitations financi\u00e8res pour l'achat de v\u00e9los \u00e9lectriques, v\u00e9rifiez donc les possibilit\u00e9s offertes dans votre r\u00e9gion.<\/li>\n<\/ul>\n<\/li>\n<\/ol>","protected":false},"excerpt":{"rendered":"<p>eBike con Acceleratore Le ebike\u00a0con Acceleratore, o biciclette elettriche, stanno diventando sempre pi\u00f9 popolari negli ultimi anni come mezzo di trasporto ecologico, conveniente e salutare. Molte ebike sono dotate di un acceleratore, un dispositivo che fornisce una spinta supplementare di potenza quando necessario. In questo articolo esploreremo in dettaglio i vantaggi dell&#8217;avere un acceleratore sulla [&#8230;]\n","protected":false},"author":1,"featured_media":12768,"parent":12607,"menu_order":2,"comment_status":"closed","ping_status":"closed","template":"","meta":{"footnotes":""},"class_list":["post-12766","page","type-page","status-publish","has-post-thumbnail","hentry"],"_links":{"self":[{"href":"https:\/\/bici-bici.it\/fr\/wp-json\/wp\/v2\/pages\/12766","targetHints":{"allow":["GET"]}}],"collection":[{"href":"https:\/\/bici-bici.it\/fr\/wp-json\/wp\/v2\/pages"}],"about":[{"href":"https:\/\/bici-bici.it\/fr\/wp-json\/wp\/v2\/types\/page"}],"author":[{"embeddable":true,"href":"https:\/\/bici-bici.it\/fr\/wp-json\/wp\/v2\/users\/1"}],"replies":[{"embeddable":true,"href":"https:\/\/bici-bici.it\/fr\/wp-json\/wp\/v2\/comments?post=12766"}],"version-history":[{"count":0,"href":"https:\/\/bici-bici.it\/fr\/wp-json\/wp\/v2\/pages\/12766\/revisions"}],"up":[{"embeddable":true,"href":"https:\/\/bici-bici.it\/fr\/wp-json\/wp\/v2\/pages\/12607"}],"wp:featuredmedia":[{"embeddable":true,"href":"https:\/\/bici-bici.it\/fr\/wp-json\/wp\/v2\/media\/12768"}],"wp:attachment":[{"href":"https:\/\/bici-bici.it\/fr\/wp-json\/wp\/v2\/media?parent=12766"}],"curies":[{"name":"wp","href":"https:\/\/api.w.org\/{rel}","templated":true}]}}