{"id":12691,"date":"2023-09-01T07:27:14","date_gmt":"2023-09-01T07:27:14","guid":{"rendered":"https:\/\/bici-bici.it\/?page_id=12691"},"modified":"2023-09-01T08:50:39","modified_gmt":"2023-09-01T08:50:39","slug":"sitemap","status":"publish","type":"page","link":"https:\/\/bici-bici.it\/fr\/plan-du-site\/","title":{"rendered":"Plan du site"},"content":{"rendered":"<section class=\"section\" id=\"section_68288929\">\n\t\t<div class=\"section-bg fill\" >\n\t\t\t\t\t\t\t\t\t\n\t\t\t\n\n\t\t<\/div>\n\n\t\t\n\n\t\t<div class=\"section-content relative\">\n\t\t\t\n<div class=\"row align-center\"  id=\"row-1554669068\">\n\n\t<div id=\"col-1311667525\" class=\"col medium-10 small-12 large-10\"  >\n\t\t\t\t<div class=\"col-inner text-center\"  >\n\t\t\t\n\t\t\t\n<h2 class=\"uppercase\">Bici Bici Plan du site<\/h2>\n<div class=\"rank-math-html-sitemap\"><div class=\"rank-math-html-sitemap__section rank-math-html-sitemap__section--post-type rank-math-html-sitemap__section--post\"><h2 class=\"rank-math-html-sitemap__title\">Articles<\/h2><ul class=\"rank-math-html-sitemap__list\"><li class=\"rank-math-html-sitemap__item\"><a href=\"https:\/\/bici-bici.it\/fr\/blog\/quante-ore-allenarsi-per-migliorare-la-resistenza-in-bici\/\" class=\"rank-math-html-sitemap__link\">Quante ore allenarsi per migliorare la resistenza in bici?<\/a> <span class=\"rank-math-html-sitemap__date\">(avril 18, 2026)<\/span><\/li><li class=\"rank-math-html-sitemap__item\"><a href=\"https:\/\/bici-bici.it\/fr\/blog\/qual-e-il-miglior-allenamento-per-ciclismo-endurance\/\" class=\"rank-math-html-sitemap__link\">Qual \u00e8 il miglior allenamento per ciclismo endurance?<\/a> <span class=\"rank-math-html-sitemap__date\">(avril 18, 2026)<\/span><\/li><li class=\"rank-math-html-sitemap__item\"><a href=\"https:\/\/bici-bici.it\/fr\/blog\/quanto-tempo-serve-per-migliorare-la-resistenza\/\" class=\"rank-math-html-sitemap__link\">Quanto tempo serve per migliorare la resistenza?<\/a> <span class=\"rank-math-html-sitemap__date\">(avril 16, 2026)<\/span><\/li><li class=\"rank-math-html-sitemap__item\"><a href=\"https:\/\/bici-bici.it\/fr\/blog\/come-cambiare-camera-daria-bici-gravel\/\" class=\"rank-math-html-sitemap__link\">come cambiare camera d&#039;aria bici gravel<\/a> <span class=\"rank-math-html-sitemap__date\">(avril 16, 2026)<\/span><\/li><li class=\"rank-math-html-sitemap__item\"><a href=\"https:\/\/bici-bici.it\/fr\/blog\/in-salita-meglio-mtb-26-o-29\/\" class=\"rank-math-html-sitemap__link\">In salita meglio MTB 26 o 29?<\/a> <span class=\"rank-math-html-sitemap__date\">(janvier 4, 2026)<\/span><\/li><li class=\"rank-math-html-sitemap__item\"><a href=\"https:\/\/bici-bici.it\/fr\/blog\/offres-de-velo-de-montagne\/\" class=\"rank-math-html-sitemap__link\">Offres VTT<\/a> <span class=\"rank-math-html-sitemap__date\">(novembre 20, 2023)<\/span><\/li><li class=\"rank-math-html-sitemap__item\"><a href=\"https:\/\/bici-bici.it\/fr\/blog\/velo-avec-amortisseurs-a-lavant-et-a-larriere\/\" class=\"rank-math-html-sitemap__link\">V\u00e9lo avec amortisseurs avant et arri\u00e8re<\/a> <span class=\"rank-math-html-sitemap__date\">(septembre 2, 2023)<\/span><\/li><li class=\"rank-math-html-sitemap__item\"><a href=\"https:\/\/bici-bici.it\/fr\/blog\/mtb-27-5-en-offre-de-fin-de-serie\/\" class=\"rank-math-html-sitemap__link\">MTB 27.5 dans l'offre de fin de s\u00e9rie<\/a> <span class=\"rank-math-html-sitemap__date\">(ao\u00fbt 28, 2023)<\/span><\/li><li class=\"rank-math-html-sitemap__item\"><a href=\"https:\/\/bici-bici.it\/fr\/blog\/endroits-les-plus-populaires-pour-faire-du-velo-sur-le-lac-de-garde\/\" class=\"rank-math-html-sitemap__link\">Les endroits les plus populaires pour faire du v\u00e9lo sur le lac de Garde<\/a> <span class=\"rank-math-html-sitemap__date\">(ao\u00fbt 14, 2023)<\/span><\/li><li class=\"rank-math-html-sitemap__item\"><a href=\"https:\/\/bici-bici.it\/fr\/blog\/mtb-bicycle-outlet\/\" class=\"rank-math-html-sitemap__link\">MTB Bikes Outlet<\/a> <span class=\"rank-math-html-sitemap__date\">(ao\u00fbt 11, 2023)<\/span><\/li><li class=\"rank-math-html-sitemap__item\"><a href=\"https:\/\/bici-bici.it\/fr\/blog\/selle-pour-velo\/\" class=\"rank-math-html-sitemap__link\">Comment trouver une selle de v\u00e9lo confortable ?<\/a> <span class=\"rank-math-html-sitemap__date\">(juillet 9, 2023)<\/span><\/li><li class=\"rank-math-html-sitemap__item\"><a href=\"https:\/\/bici-bici.it\/fr\/blog\/ce-quil-faut-rechercher-dans-le-materiau-dun-cadre-de-velo\/\" class=\"rank-math-html-sitemap__link\">Ce qu'il faut rechercher dans le mat\u00e9riau d'un cadre de v\u00e9lo\u00a0<\/a> <span class=\"rank-math-html-sitemap__date\">(juillet 8, 2023)<\/span><\/li><li class=\"rank-math-html-sitemap__item\"><a href=\"https:\/\/bici-bici.it\/fr\/blog\/les-defauts-et-les-problemes-des-velos-electriques-resolution-et-conseils\/\" class=\"rank-math-html-sitemap__link\">D\u00e9fauts et probl\u00e8mes des v\u00e9los \u00e9lectriques : R\u00e9solution et conseils<\/a> <span class=\"rank-math-html-sitemap__date\">(mai 30, 2023)<\/span><\/li><li class=\"rank-math-html-sitemap__item\"><a href=\"https:\/\/bici-bici.it\/fr\/blog\/entretien-des-velos-electriques\/\" class=\"rank-math-html-sitemap__link\">Entretien des v\u00e9los \u00e9lectriques : 6 conseils de base pour une conduite en douceur<\/a> <span class=\"rank-math-html-sitemap__date\">(mai 30, 2023)<\/span><\/li><li class=\"rank-math-html-sitemap__item\"><a href=\"https:\/\/bici-bici.it\/fr\/blog\/comment-verrouiller-son-velo-en-toute-securite-conseils-quels-cadenas-choisir\/\" class=\"rank-math-html-sitemap__link\">Comment verrouiller son v\u00e9lo en toute s\u00e9curit\u00e9<\/a> <span class=\"rank-math-html-sitemap__date\">(mars 1, 2023)<\/span><\/li><li class=\"rank-math-html-sitemap__item\"><a href=\"https:\/\/bici-bici.it\/fr\/blog\/5-mises-a-niveau-essentielles-pour-ameliorer-votre-experience-a-velo\/\" class=\"rank-math-html-sitemap__link\">5 mises \u00e0 niveau essentielles pour am\u00e9liorer votre exp\u00e9rience \u00e0 v\u00e9lo<\/a> <span class=\"rank-math-html-sitemap__date\">(f\u00e9vrier 9, 2023)<\/span><\/li><li class=\"rank-math-html-sitemap__item\"><a href=\"https:\/\/bici-bici.it\/fr\/blog\/5-competences-que-tout-cycliste-devrait-maitriser\/\" class=\"rank-math-html-sitemap__link\">5 comp\u00e9tences que tout cycliste devrait ma\u00eetriser<\/a> <span class=\"rank-math-html-sitemap__date\">(d\u00e9cembre 19, 2022)<\/span><\/li><li class=\"rank-math-html-sitemap__item\"><a href=\"https:\/\/bici-bici.it\/fr\/blog\/douleur-au-genou-lors-de-la-pratique-du-velo\/\" class=\"rank-math-html-sitemap__link\">Douleur au genou lors de la pratique du v\u00e9lo<\/a> <span class=\"rank-math-html-sitemap__date\">(d\u00e9cembre 18, 2022)<\/span><\/li><li class=\"rank-math-html-sitemap__item\"><a href=\"https:\/\/bici-bici.it\/fr\/blog\/entretien-des-velos-principales-etapes\/\" class=\"rank-math-html-sitemap__link\">Entretien des v\u00e9los - PRINCIPALES \u00c9TAPES<\/a> <span class=\"rank-math-html-sitemap__date\">(d\u00e9cembre 17, 2022)<\/span><\/li><li class=\"rank-math-html-sitemap__item\"><a href=\"https:\/\/bici-bici.it\/fr\/blog\/choisir-un-velo-denfant-adapte-a-sa-taille\/\" class=\"rank-math-html-sitemap__link\">Choisir un v\u00e9lo d'enfant adapt\u00e9 \u00e0 la taille de l'enfant<\/a> <span class=\"rank-math-html-sitemap__date\">(d\u00e9cembre 17, 2022)<\/span><\/li><li class=\"rank-math-html-sitemap__item\"><a href=\"https:\/\/bici-bici.it\/fr\/blog\/sacoche-de-velo-2\/\" class=\"rank-math-html-sitemap__link\">Sac \u00e0 v\u00e9lo - vari\u00e9t\u00e9s et diff\u00e9rences<\/a> <span class=\"rank-math-html-sitemap__date\">(d\u00e9cembre 5, 2022)<\/span><\/li><li class=\"rank-math-html-sitemap__item\"><a href=\"https:\/\/bici-bici.it\/fr\/blog\/13-instruments-pour-cyclistes\/\" class=\"rank-math-html-sitemap__link\">13 outils dans l'arsenal d'un vrai cycliste<\/a> <span class=\"rank-math-html-sitemap__date\">(d\u00e9cembre 1, 2022)<\/span><\/li><li class=\"rank-math-html-sitemap__item\"><a href=\"https:\/\/bici-bici.it\/fr\/blog\/velo-vole-lire-ce-quil-faut-faire-2\/\" class=\"rank-math-html-sitemap__link\">V\u00e9lo vol\u00e9 ?<\/a> <span class=\"rank-math-html-sitemap__date\">(novembre 7, 2022)<\/span><\/li><li class=\"rank-math-html-sitemap__item\"><a href=\"https:\/\/bici-bici.it\/fr\/blog\/choisir-un-velo-9-conseils-pour-les-debutants-2\/\" class=\"rank-math-html-sitemap__link\">Choisir un v\u00e9lo : 9 conseils pour les d\u00e9butants<\/a> <span class=\"rank-math-html-sitemap__date\">(octobre 12, 2022)<\/span><\/li><li class=\"rank-math-html-sitemap__item\"><a href=\"https:\/\/bici-bici.it\/fr\/blog\/tapis-de-cyclisme-2\/\" class=\"rank-math-html-sitemap__link\">Tapis de cyclisme<\/a> <span class=\"rank-math-html-sitemap__date\">(septembre 15, 2022)<\/span><\/li><li class=\"rank-math-html-sitemap__item\"><a href=\"https:\/\/bici-bici.it\/fr\/blog\/les-meilleurs-antivols-pour-les-velos-2\/\" class=\"rank-math-html-sitemap__link\">Comment \u00e9viter de se faire voler son v\u00e9lo ?<\/a> <span class=\"rank-math-html-sitemap__date\">(septembre 13, 2022)<\/span><\/li><li class=\"rank-math-html-sitemap__item\"><a href=\"https:\/\/bici-bici.it\/fr\/blog\/comment-choisir-et-pourquoi-les-lunettes-de-cyclisme-sont-importantes-2\/\" class=\"rank-math-html-sitemap__link\">Comment choisir des lunettes de cyclisme<\/a> <span class=\"rank-math-html-sitemap__date\">(septembre 5, 2022)<\/span><\/li><li class=\"rank-math-html-sitemap__item\"><a href=\"https:\/\/bici-bici.it\/fr\/blog\/les-materiaux-des-cadres-de-velo-et-les-differents-modeles\/\" class=\"rank-math-html-sitemap__link\">Cadres de v\u00e9lo, mat\u00e9riaux et diff\u00e9rents mod\u00e8les - 4 types<\/a> <span class=\"rank-math-html-sitemap__date\">(septembre 1, 2022)<\/span><\/li><li class=\"rank-math-html-sitemap__item\"><a href=\"https:\/\/bici-bici.it\/fr\/blog\/le-bon-casque-de-velo\/\" class=\"rank-math-html-sitemap__link\">Comment choisir le bon casque de v\u00e9lo<\/a> <span class=\"rank-math-html-sitemap__date\">(septembre 1, 2022)<\/span><\/li><li class=\"rank-math-html-sitemap__item\"><a href=\"https:\/\/bici-bici.it\/fr\/blog\/cadre-de-velo-en-carbone-et-casse-2\/\" class=\"rank-math-html-sitemap__link\">Comment savoir si le cadre du v\u00e9lo en carbone est cass\u00e9 ?<\/a> <span class=\"rank-math-html-sitemap__date\">(octobre 1, 2021)<\/span><\/li><li class=\"rank-math-html-sitemap__item\"><a href=\"https:\/\/bici-bici.it\/fr\/blog\/comment-souder-un-cadre-de-velo-2\/\" class=\"rank-math-html-sitemap__link\">Comment souder un cadre de v\u00e9lo ?<\/a> <span class=\"rank-math-html-sitemap__date\">(octobre 1, 2021)<\/span><\/li><\/ul><\/div><div class=\"rank-math-html-sitemap__section rank-math-html-sitemap__section--post-type rank-math-html-sitemap__section--page\"><h2 class=\"rank-math-html-sitemap__title\" data-no-translation=\"\" data-trp-gettext=\"\">Pages<\/h2><ul class=\"rank-math-html-sitemap__list\"><li class=\"rank-math-html-sitemap__item\"><a href=\"https:\/\/bici-bici.it\/fr\/plan-du-site\/\" class=\"rank-math-html-sitemap__link\">Plan du site<\/a> <span class=\"rank-math-html-sitemap__date\">(septembre 1, 2023)<\/span><\/li><li class=\"rank-math-html-sitemap__item\"><a href=\"https:\/\/bici-bici.it\/fr\/campagnolo-bora-wto-33\/\" class=\"rank-math-html-sitemap__link\">CAMPAGNOLO BORA WTO 33<\/a> <span class=\"rank-math-html-sitemap__date\">(ao\u00fbt 31, 2023)<\/span><\/li><li class=\"rank-math-html-sitemap__item\"><a href=\"https:\/\/bici-bici.it\/fr\/societe-campagnolo\/\" class=\"rank-math-html-sitemap__link\">Campagnolo<\/a> <span class=\"rank-math-html-sitemap__date\">(ao\u00fbt 31, 2023)<\/span><ul class=\"rank-math-html-sitemap__list\"><li class=\"rank-math-html-sitemap__item\"><a href=\"https:\/\/bici-bici.it\/fr\/societe-campagnolo\/bora\/\" class=\"rank-math-html-sitemap__link\">Campagnolo Bora<\/a> <span class=\"rank-math-html-sitemap__date\">(ao\u00fbt 31, 2023)<\/span><ul class=\"rank-math-html-sitemap__list\"><li class=\"rank-math-html-sitemap__item\"><a href=\"https:\/\/bici-bici.it\/fr\/societe-campagnolo\/bora\/wto-ultra-33\/\" class=\"rank-math-html-sitemap__link\">Campagnolo Bora WTO Ultra 33<\/a> <span class=\"rank-math-html-sitemap__date\">(septembre 1, 2023)<\/span><\/li><li class=\"rank-math-html-sitemap__item\"><a href=\"https:\/\/bici-bici.it\/fr\/societe-campagnolo\/bora\/wto-33-vs-45\/\" class=\"rank-math-html-sitemap__link\">CAMPAGNOLO Bora OMC 33 vs. 45<\/a> <span class=\"rank-math-html-sitemap__date\">(ao\u00fbt 31, 2023)<\/span><\/li><li class=\"rank-math-html-sitemap__item\"><a href=\"https:\/\/bici-bici.it\/fr\/societe-campagnolo\/bora\/wto-45\/\" class=\"rank-math-html-sitemap__link\">CAMPAGNOLO BORA WTO 45<\/a> <span class=\"rank-math-html-sitemap__date\">(ao\u00fbt 31, 2023)<\/span><\/li><\/ul><\/li><\/ul><\/li><li class=\"rank-math-html-sitemap__item\"><a href=\"https:\/\/bici-bici.it\/fr\/velos-electriques\/\" class=\"rank-math-html-sitemap__link\">V\u00e9los \u00e9lectriques<\/a> <span class=\"rank-math-html-sitemap__date\">(ao\u00fbt 30, 2023)<\/span><ul class=\"rank-math-html-sitemap__list\"><li class=\"rank-math-html-sitemap__item\"><a href=\"https:\/\/bici-bici.it\/fr\/velos-electriques\/velo-electrique-avec-accelerateur\/\" class=\"rank-math-html-sitemap__link\">V\u00e9lo \u00e9lectrique avec acc\u00e9l\u00e9rateur<\/a> <span class=\"rank-math-html-sitemap__date\">(septembre 22, 2023)<\/span><\/li><li class=\"rank-math-html-sitemap__item\"><a href=\"https:\/\/bici-bici.it\/fr\/velos-electriques\/velos-electriques-pas-chers\/\" class=\"rank-math-html-sitemap__link\">V\u00e9los \u00e9lectriques bon march\u00e9<\/a> <span class=\"rank-math-html-sitemap__date\">(juillet 7, 2023)<\/span><\/li><li class=\"rank-math-html-sitemap__item\"><a href=\"https:\/\/bici-bici.it\/fr\/velos-electriques\/utilise\/\" class=\"rank-math-html-sitemap__link\">V\u00e9los \u00e9lectriques d'occasion<\/a> <span class=\"rank-math-html-sitemap__date\">(d\u00e9cembre 27, 2022)<\/span><\/li><\/ul><\/li><li class=\"rank-math-html-sitemap__item\"><a href=\"https:\/\/bici-bici.it\/fr\/mtb-full-suspension\/\" class=\"rank-math-html-sitemap__link\">MTB Full Suspension<\/a> <span class=\"rank-math-html-sitemap__date\">(ao\u00fbt 30, 2023)<\/span><ul class=\"rank-math-html-sitemap__list\"><li class=\"rank-math-html-sitemap__item\"><a href=\"https:\/\/bici-bici.it\/fr\/mtb-full-suspension\/carbone\/\" class=\"rank-math-html-sitemap__link\">VTT carbone \u00e0 suspension totale<\/a> <span class=\"rank-math-html-sitemap__date\">(ao\u00fbt 30, 2023)<\/span><ul class=\"rank-math-html-sitemap__list\"><li class=\"rank-math-html-sitemap__item\"><a href=\"https:\/\/bici-bici.it\/fr\/mtb-full-suspension\/carbone\/29-fin-de-la-serie\/\" class=\"rank-math-html-sitemap__link\">V\u00e9lo de montagne 29\" en carbone de fin de s\u00e9rie !<\/a> <span class=\"rank-math-html-sitemap__date\">(juin 27, 2023)<\/span><\/li><li class=\"rank-math-html-sitemap__item\"><a href=\"https:\/\/bici-bici.it\/fr\/mtb-full-suspension\/carbone\/combien-coute-un-velo-en-carbone\/\" class=\"rank-math-html-sitemap__link\">Combien co\u00fbte un VTT en carbone ?<\/a> <span class=\"rank-math-html-sitemap__date\">(juin 26, 2023)<\/span><\/li><\/ul><\/li><li class=\"rank-math-html-sitemap__item\"><a href=\"https:\/\/bici-bici.it\/fr\/mtb-full-suspension\/27-5\/\" class=\"rank-math-html-sitemap__link\">MTB Full Suspension 27.5<\/a> <span class=\"rank-math-html-sitemap__date\">(ao\u00fbt 30, 2023)<\/span><\/li><li class=\"rank-math-html-sitemap__item\"><a href=\"https:\/\/bici-bici.it\/fr\/mtb-full-suspension\/29-velos\/\" class=\"rank-math-html-sitemap__link\">MTB Full Suspension 29<\/a> <span class=\"rank-math-html-sitemap__date\">(ao\u00fbt 30, 2023)<\/span><\/li><\/ul><\/li><li class=\"rank-math-html-sitemap__item\"><a href=\"https:\/\/bici-bici.it\/fr\/velo-de-montagne-simple-ou-double\/\" class=\"rank-math-html-sitemap__link\">MTB Mono ou Bi-axe<\/a> <span class=\"rank-math-html-sitemap__date\">(ao\u00fbt 30, 2023)<\/span><\/li><li class=\"rank-math-html-sitemap__item\"><a href=\"https:\/\/bici-bici.it\/fr\/comment-choisir-un-splitboard\/\" class=\"rank-math-html-sitemap__link\">Comment choisir un splitboard ?<\/a> <span class=\"rank-math-html-sitemap__date\">(juillet 23, 2023)<\/span><\/li><li class=\"rank-math-html-sitemap__item\"><a href=\"https:\/\/bici-bici.it\/fr\/sac-a-dos-mtb\/\" class=\"rank-math-html-sitemap__link\">Sac \u00e0 dos MTB<\/a> <span class=\"rank-math-html-sitemap__date\">(juillet 5, 2023)<\/span><\/li><li class=\"rank-math-html-sitemap__item\"><a href=\"https:\/\/bici-bici.it\/fr\/velo-colnago-c68\/\" class=\"rank-math-html-sitemap__link\">V\u00e9lo Colnago C68<\/a> <span class=\"rank-math-html-sitemap__date\">(juillet 2, 2023)<\/span><\/li><li class=\"rank-math-html-sitemap__item\"><a href=\"https:\/\/bici-bici.it\/fr\/velo-de-montagne-pour-hommes\/\" class=\"rank-math-html-sitemap__link\">Mountain Bike Hommes<\/a> <span class=\"rank-math-html-sitemap__date\">(juin 29, 2023)<\/span><\/li><li class=\"rank-math-html-sitemap__item\"><a href=\"https:\/\/bici-bici.it\/fr\/velo-electrique-bon-marche-de-chine\/\" class=\"rank-math-html-sitemap__link\">V\u00e9lo \u00e9lectrique chinois bon march\u00e9<\/a> <span class=\"rank-math-html-sitemap__date\">(juin 25, 2023)<\/span><\/li><li class=\"rank-math-html-sitemap__item\"><a href=\"https:\/\/bici-bici.it\/fr\/comment-peindre-un-cadre-de-velo\/\" class=\"rank-math-html-sitemap__link\">Comment peindre un cadre de v\u00e9lo<\/a> <span class=\"rank-math-html-sitemap__date\">(ao\u00fbt 28, 2022)<\/span><\/li><li class=\"rank-math-html-sitemap__item\"><a href=\"https:\/\/bici-bici.it\/fr\/cassettes-a-pignons\/\" class=\"rank-math-html-sitemap__link\">Cassettes et pignons de v\u00e9lo<\/a> <span class=\"rank-math-html-sitemap__date\">(d\u00e9cembre 24, 2021)<\/span><\/li><li class=\"rank-math-html-sitemap__item\"><a href=\"https:\/\/bici-bici.it\/fr\/gants-de-velo-de-montagne-mtb\/\" class=\"rank-math-html-sitemap__link\">Gants MTB - VTT<\/a> <span class=\"rank-math-html-sitemap__date\">(d\u00e9cembre 22, 2021)<\/span><\/li><li class=\"rank-math-html-sitemap__item\"><a href=\"https:\/\/bici-bici.it\/fr\/roues-de-bicyclettes\/\" class=\"rank-math-html-sitemap__link\">Roues de bicyclettes<\/a> <span class=\"rank-math-html-sitemap__date\">(octobre 1, 2021)<\/span><\/li><li class=\"rank-math-html-sitemap__item\"><a href=\"https:\/\/bici-bici.it\/fr\/politique-de-confidentialite-2\/\" class=\"rank-math-html-sitemap__link\">POLITIQUE DE CONFIDENTIALIT\u00c9<\/a> <span class=\"rank-math-html-sitemap__date\">(septembre 29, 2021)<\/span><\/li><li class=\"rank-math-html-sitemap__item\"><a href=\"https:\/\/bici-bici.it\/fr\/expedition-et-delais-de-livraison\/\" class=\"rank-math-html-sitemap__link\">EXP\u00c9DITION ET D\u00c9LAIS DE LIVRAISON<\/a> <span class=\"rank-math-html-sitemap__date\">(septembre 28, 2021)<\/span><\/li><li class=\"rank-math-html-sitemap__item\"><a href=\"https:\/\/bici-bici.it\/fr\/modes-de-paiement\/\" class=\"rank-math-html-sitemap__link\">MODES DE PAIEMENT<\/a> <span class=\"rank-math-html-sitemap__date\">(septembre 27, 2021)<\/span><\/li><li class=\"rank-math-html-sitemap__item\"><a href=\"https:\/\/bici-bici.it\/fr\/procedure-de-commande\/\" class=\"rank-math-html-sitemap__link\">PROCESSUS DE COMMANDE<\/a> <span class=\"rank-math-html-sitemap__date\">(septembre 27, 2021)<\/span><\/li><li class=\"rank-math-html-sitemap__item\"><a href=\"https:\/\/bici-bici.it\/fr\/politique-de-remboursement-et-de-retour\/\" class=\"rank-math-html-sitemap__link\">Politique de remboursement et de retour<\/a> <span class=\"rank-math-html-sitemap__date\">(septembre 17, 2021)<\/span><\/li><li class=\"rank-math-html-sitemap__item\"><a href=\"https:\/\/bici-bici.it\/fr\/cales-de-velo\/\" class=\"rank-math-html-sitemap__link\">Crampons pour v\u00e9lo<\/a> <span class=\"rank-math-html-sitemap__date\">(mars 22, 2021)<\/span><\/li><li class=\"rank-math-html-sitemap__item\"><a href=\"https:\/\/bici-bici.it\/fr\/amortisseur-arriere-de-velo-de-montagne\/\" class=\"rank-math-html-sitemap__link\">Amortisseur arri\u00e8re pour VTT<\/a> <span class=\"rank-math-html-sitemap__date\">(mars 20, 2021)<\/span><\/li><li class=\"rank-math-html-sitemap__item\"><a href=\"https:\/\/bici-bici.it\/fr\/manivelles-pour-velo-de-route\/\" class=\"rank-math-html-sitemap__link\">Manivelles pour v\u00e9lo de route<\/a> <span class=\"rank-math-html-sitemap__date\">(f\u00e9vrier 26, 2021)<\/span><\/li><li class=\"rank-math-html-sitemap__item\"><a href=\"https:\/\/bici-bici.it\/fr\/plaquettes-de-frein-pour-velo\/\" class=\"rank-math-html-sitemap__link\">Plaquettes de frein pour bicyclettes<\/a> <span class=\"rank-math-html-sitemap__date\">(f\u00e9vrier 26, 2021)<\/span><\/li><li class=\"rank-math-html-sitemap__item\"><a href=\"https:\/\/bici-bici.it\/fr\/cadres-de-velo-de-montagne\/\" class=\"rank-math-html-sitemap__link\">Cadre de v\u00e9lo de montagne<\/a> <span class=\"rank-math-html-sitemap__date\">(f\u00e9vrier 26, 2021)<\/span><\/li><li class=\"rank-math-html-sitemap__item\"><a href=\"https:\/\/bici-bici.it\/fr\/fourches-de-bicyclettes\/\" class=\"rank-math-html-sitemap__link\">Fourches \u00e0 v\u00e9lo<\/a> <span class=\"rank-math-html-sitemap__date\">(f\u00e9vrier 26, 2021)<\/span><\/li><li class=\"rank-math-html-sitemap__item\"><a href=\"https:\/\/bici-bici.it\/fr\/a-propos-de-nous\/\" class=\"rank-math-html-sitemap__link\">\u00c0 propos de nous<\/a> <span class=\"rank-math-html-sitemap__date\">(octobre 14, 2016)<\/span><\/li><li class=\"rank-math-html-sitemap__item\"><a href=\"https:\/\/bici-bici.it\/fr\/chariot\/\" class=\"rank-math-html-sitemap__link\">Chariot<\/a> <span class=\"rank-math-html-sitemap__date\">(septembre 27, 2016)<\/span><\/li><li class=\"rank-math-html-sitemap__item\"><a href=\"https:\/\/bici-bici.it\/fr\/blog\/\" class=\"rank-math-html-sitemap__link\">Blog<\/a> <span class=\"rank-math-html-sitemap__date\">(ao\u00fbt 11, 2013)<\/span><\/li><li class=\"rank-math-html-sitemap__item\"><a href=\"https:\/\/bici-bici.it\/fr\/\" class=\"rank-math-html-sitemap__link\">Points de vente de bicyclettes en Europe<\/a> <span class=\"rank-math-html-sitemap__date\">(ao\u00fbt 6, 2013)<\/span><\/li><\/ul><\/div><div class=\"rank-math-html-sitemap__section rank-math-html-sitemap__section--post-type rank-math-html-sitemap__section--product\"><h2 class=\"rank-math-html-sitemap__title\">Produits<\/h2><ul class=\"rank-math-html-sitemap__list\"><\/ul><\/div><div class=\"rank-math-html-sitemap__section rank-math-html-sitemap__section--taxonomy rank-math-html-sitemap__section--category\"><h2 class=\"rank-math-html-sitemap__title\" data-no-translation=\"\" data-trp-gettext=\"\">Cat\u00e9gories<\/h2><ul class=\"rank-math-html-sitemap__list\"><li class=\"rank-math-html-sitemap__item\"><a href=\"https:\/\/bici-bici.it\/fr\/blog\/\" class=\"rank-math-html-sitemap__link\">Blog<\/a><\/li><\/ul><\/div><\/div>\n\t\t<\/div>\n\t\t\t\t\t<\/div>\n\n\t\n<\/div>\n\t\t<\/div>\n\n\t\t\n<style>\n#section_68288929 {\n  padding-top: 60px;\n  padding-bottom: 60px;\n  min-height: 300px;\n  background-color: rgb(245, 245, 245);\n}\n<\/style>\n\t<\/section>","protected":false},"excerpt":{"rendered":"","protected":false},"author":1,"featured_media":0,"parent":0,"menu_order":0,"comment_status":"closed","ping_status":"closed","template":"","meta":{"footnotes":""},"class_list":["post-12691","page","type-page","status-publish","hentry"],"_links":{"self":[{"href":"https:\/\/bici-bici.it\/fr\/wp-json\/wp\/v2\/pages\/12691","targetHints":{"allow":["GET"]}}],"collection":[{"href":"https:\/\/bici-bici.it\/fr\/wp-json\/wp\/v2\/pages"}],"about":[{"href":"https:\/\/bici-bici.it\/fr\/wp-json\/wp\/v2\/types\/page"}],"author":[{"embeddable":true,"href":"https:\/\/bici-bici.it\/fr\/wp-json\/wp\/v2\/users\/1"}],"replies":[{"embeddable":true,"href":"https:\/\/bici-bici.it\/fr\/wp-json\/wp\/v2\/comments?post=12691"}],"version-history":[{"count":0,"href":"https:\/\/bici-bici.it\/fr\/wp-json\/wp\/v2\/pages\/12691\/revisions"}],"wp:attachment":[{"href":"https:\/\/bici-bici.it\/fr\/wp-json\/wp\/v2\/media?parent=12691"}],"curies":[{"name":"wp","href":"https:\/\/api.w.org\/{rel}","templated":true}]}}