{"id":12647,"date":"2023-08-31T17:57:20","date_gmt":"2023-08-31T17:57:20","guid":{"rendered":"https:\/\/bici-bici.it\/?page_id=12647"},"modified":"2023-11-21T08:12:13","modified_gmt":"2023-11-21T08:12:13","slug":"campagnolo-bora-wto-33","status":"publish","type":"page","link":"https:\/\/bici-bici.it\/fr\/campagnolo-bora-wto-33\/","title":{"rendered":"CAMPAGNOLO BORA WTO 33"},"content":{"rendered":"<section class=\"section\" id=\"section_207234259\">\n\t\t<div class=\"section-bg fill\" >\n\t\t\t\t\t\t\t\t\t\n\t\t\t\n\n\t\t<\/div>\n\n\t\t\n\n\t\t<div class=\"section-content relative\">\n\t\t\t\n<div class=\"row align-center\"  id=\"row-350890901\">\n\n\t<div id=\"col-1237369081\" class=\"col medium-10 small-12 large-10\"  >\n\t\t\t\t<div class=\"col-inner text-center\"  >\n\t\t\t\n\t\t\t\n<div class=\"container section-title-container\" ><h1 class=\"section-title section-title-normal\"><b><\/b><span class=\"section-title-main\" >Campagnolo Bora WTO 33<\/span><b><\/b><\/h1><\/div>\n\t<div class=\"img has-hover x md-x lg-x y md-y lg-y\" id=\"image_1579768608\">\n\t\t\t\t\t\t\t\t<div class=\"img-inner image-cover dark\" style=\"padding-top:56.25%;\">\n\t\t\t<img loading=\"lazy\" decoding=\"async\" width=\"1020\" height=\"680\" src=\"https:\/\/bici-bici.it\/wp-content\/uploads\/2023\/08\/campagnolo-bora-wto-33-disc-wheelset.jpg\" class=\"attachment-large size-large\" alt=\"Roues \u00e0 disque Campagnolo Bora WTO 33\" srcset=\"https:\/\/bici-bici.it\/wp-content\/uploads\/2023\/08\/campagnolo-bora-wto-33-disc-wheelset.jpg 1200w, https:\/\/bici-bici.it\/wp-content\/uploads\/2023\/08\/campagnolo-bora-wto-33-disc-wheelset-800x533.jpg 800w, https:\/\/bici-bici.it\/wp-content\/uploads\/2023\/08\/campagnolo-bora-wto-33-disc-wheelset-64x43.jpg 64w, https:\/\/bici-bici.it\/wp-content\/uploads\/2023\/08\/campagnolo-bora-wto-33-disc-wheelset-600x400.jpg 600w, https:\/\/bici-bici.it\/wp-content\/uploads\/2023\/08\/campagnolo-bora-wto-33-disc-wheelset-768x512.jpg 768w, https:\/\/bici-bici.it\/wp-content\/uploads\/2023\/08\/campagnolo-bora-wto-33-disc-wheelset-18x12.jpg 18w\" sizes=\"auto, (max-width: 1020px) 100vw, 1020px\" \/>\t\t\t\t\t\t\n\t\t\t\t\t<\/div>\n\t\t\t\t\t\t\t\t\n<style>\n#image_1579768608 {\n  width: 100%;\n}\n<\/style>\n\t<\/div>\n\t\n<div style=\"text-align: left;\"><\/div>\n<h2 style=\"text-align: left;\"><span style=\"font-size: 110%;\"><em><strong>Campagnolo Bora WTO 33 : le top des roues de route\u00a0<\/strong><\/em><\/span><\/h2>\n<div style=\"text-align: left;\"><\/div>\n<div style=\"text-align: left;\"><span style=\"font-size: 110%;\">Les roues Campagnolo Bora WTO 33 repr\u00e9sentent le haut de gamme dans le secteur des roues de route \u00e0 hautes performances. Avec leurs jantes de 33 mm, les roues Bora WTO 33 garantissent d'excellentes qualit\u00e9s a\u00e9rodynamiques alli\u00e9es \u00e0 la l\u00e9g\u00e8ret\u00e9, \u00e0 la r\u00e9activit\u00e9 et au confort sur les longues distances. Analysons en d\u00e9tail les caract\u00e9ristiques qui font des roues Bora WTO 33 des roues de haute performance. <a href=\"https:\/\/bici-bici.it\/fr\/societe-campagnolo\/bora\/\" target=\"_blank\" rel=\"noopener\">Campagnolo Bora<\/a> WTO 33 est le choix id\u00e9al pour tout cycliste exigeant qui recherche ce qu'il y a de mieux.<\/span><\/div>\n<div style=\"text-align: left;\"><\/div>\n<h3 style=\"text-align: left;\"><span style=\"font-size: 110%;\">Conception de la soufflerie<\/span><\/h3>\n<div style=\"text-align: left;\"><\/div>\n<div style=\"text-align: left;\"><span style=\"font-size: 110%;\">Le profil lenticulaire des jantes de 33 mm de la Bora WTO 33 a \u00e9t\u00e9 enti\u00e8rement con\u00e7u et test\u00e9 dans la soufflerie du Centre d'Innovation Campagnolo.\u00a0<\/span><\/div>\n<div style=\"text-align: left;\"><\/div>\n<div style=\"text-align: left;\"><span style=\"font-size: 110%;\">Les ing\u00e9nieurs Campagnolo ont longuement \u00e9tudi\u00e9 la forme optimale qui garantirait le meilleur compromis en termes de p\u00e9n\u00e9tration a\u00e9rodynamique, de stabilit\u00e9 m\u00eame en cas de vent lat\u00e9ral et de capacit\u00e9 d'\u00e9vacuation de l'eau en cas de pluie.<\/span><\/div>\n<div style=\"text-align: left;\"><\/div>\n<div style=\"text-align: left;\"><span style=\"font-size: 110%;\">Le r\u00e9sultat de ces tests est un profil lenticulaire brevet\u00e9 par Campagnolo qui minimise la tra\u00een\u00e9e et maximise la maniabilit\u00e9 de la roue. Les roues Bora WTO pr\u00e9sentent d'excellentes performances a\u00e9rodynamiques aussi bien sur le plat qu'en descente.<\/span><\/div>\n<div style=\"text-align: left;\"><\/div>\n<h2 style=\"text-align: left;\"><span style=\"font-size: 110%;\">Jantes ultra-larges et rigides<\/span><\/h2>\n<div style=\"text-align: left;\"><\/div>\n<div style=\"text-align: left;\"><span style=\"font-size: 110%;\">Avec une largeur de 33 mm, les jantes de la Bora WTO 33 se situent dans le segment des roues \"ultra-larges\" qui ont r\u00e9volutionn\u00e9 la conception des roues de route ces derni\u00e8res ann\u00e9es.<\/span><\/div>\n<div style=\"text-align: left;\"><\/div>\n<div style=\"text-align: left;\"><span style=\"font-size: 110%;\">Les avantages des jantes larges (33 mm) sont nombreux. Tout d'abord, elles augmentent la rigidit\u00e9 lat\u00e9rale de la roue, ce qui garantit une meilleure r\u00e9activit\u00e9 et une plus grande pr\u00e9cision de la direction. En outre, elles permettent d'utiliser des pressions de gonflage basses, ce qui favorise le confort et l'adh\u00e9rence sur les chauss\u00e9es irr\u00e9guli\u00e8res.\u00a0<\/span><\/div>\n<div style=\"text-align: left;\"><\/div>\n<div style=\"text-align: left;\"><span style=\"font-size: 110%;\">Enfin, les jantes larges optimisent l'a\u00e9rodynamisme en cr\u00e9ant un profil plus p\u00e9n\u00e9trant dans l'air.<\/span><\/div>\n<div style=\"text-align: left;\"><\/div>\n<h2 style=\"text-align: left;\"><span style=\"font-size: 110%;\">Technologie du carbone et des r\u00e9sines LCP<\/span><\/h2>\n<div style=\"text-align: left;\"><\/div>\n<div style=\"text-align: left;\"><span style=\"font-size: 110%;\">Pour la construction des cercles, <a href=\"https:\/\/www.campagnolo.com\/it-it\/bora-wto-45\/WWRBORAWTO45.html\" target=\"_blank\" rel=\"noopener\">Campagnolo<\/a> utilise exclusivement de la fibre de carbone \u00e0 haut module (HM) et de la r\u00e9sine LCP (Liquid Crystal Polymer). Il s'agit de mat\u00e9riaux composites de qualit\u00e9 sup\u00e9rieure qui garantissent le meilleur rapport rigidit\u00e9\/poids.<\/span><\/div>\n<div style=\"text-align: left;\"><\/div>\n<div style=\"text-align: left;\"><span style=\"font-size: 110%;\">La r\u00e9sine sp\u00e9ciale LCP, brevet\u00e9e par Campagnolo et utilis\u00e9e pour la premi\u00e8re fois avec la technologie C-LUX, rend les jantes jusqu'\u00e0 50% plus r\u00e9sistantes aux chocs et aux contraintes que les carbures standard. En outre, la fibre de carbone HM offre une rigidit\u00e9 et une r\u00e9activit\u00e9 excellentes.<\/span><\/div>\n<div style=\"text-align: left;\"><\/div>\n<h2 style=\"text-align: left;\"><span style=\"font-size: 110%;\">Technologie sym\u00e9trique G3<\/span><\/h2>\n<div style=\"text-align: left;\"><\/div>\n<div style=\"text-align: left;\"><span style=\"font-size: 110%;\">Le profil de la jante Bora WTO suit la g\u00e9om\u00e9trie G3 Symmetric d\u00e9velopp\u00e9e par Campagnolo. Il s'agit d'un design sym\u00e9trique entre la jante avant et la jante arri\u00e8re qui \u00e9quilibre parfaitement la roue.<\/span><\/div>\n<div style=\"text-align: left;\"><\/div>\n<div style=\"text-align: left;\"><span style=\"font-size: 110%;\">La sym\u00e9trie parfaite entre les jantes garantit un comportement uniforme du v\u00e9lo dans toutes les situations. Elle minimise \u00e9galement les contraintes sur les rayons, ce qui augmente encore la long\u00e9vit\u00e9 et la durabilit\u00e9 de la roue.<\/span><\/div>\n<div><\/div>\n<blockquote>\n<div><a href=\"https:\/\/bici-bici.it\/fr\/societe-campagnolo\/bora\/wto-33-vs-45\/\" target=\"_blank\" rel=\"noopener\">Comparez CAMPAGNOLO Bora WTO 33 vs 45<\/a><\/div>\n<\/blockquote>\n<div><\/div>\n<div style=\"text-align: left;\"><\/div>\n<h3 style=\"text-align: left;\"><span style=\"font-size: 110%;\">Poids faible<\/span><\/h3>\n<div style=\"text-align: left;\"><\/div>\n<div style=\"text-align: left;\"><span style=\"font-size: 110%;\">Malgr\u00e9 la grande rigidit\u00e9 en torsion et la largeur g\u00e9n\u00e9reuse de la jante, le poids de la Bora WTO 33 reste tr\u00e8s faible. Nous parlons de seulement 1380 grammes pour l'ensemble complet, ce qui est inf\u00e9rieur \u00e0 de nombreux mod\u00e8les concurrents de la m\u00eame cat\u00e9gorie.<\/span><\/div>\n<div style=\"text-align: left;\"><\/div>\n<div style=\"text-align: left;\"><span style=\"font-size: 110%;\">Un r\u00e9sultat obtenu gr\u00e2ce \u00e0 l'utilisation de la fibre de carbone HM, au faible poids des moyeux (seulement 166 grammes \u00e0 l'avant et 315 grammes \u00e0 l'arri\u00e8re) et \u00e0 l'excellente \u00e9galisation des contraintes sur les rayons. Les roues Bora WTO 33 garantissent de v\u00e9ritables performances de roues de course tout en conservant un poids raisonnable.<\/span><\/div>\n<div style=\"text-align: left;\"><\/div>\n<h3 style=\"text-align: left;\"><span style=\"font-size: 110%;\">Excellence made in Italy<\/span><\/h3>\n<div style=\"text-align: left;\"><\/div>\n<div style=\"text-align: left;\"><span style=\"font-size: 110%;\">Comme tous les produits Campagnolo, les Bora WTO sont con\u00e7ues, r\u00e9alis\u00e9es et produites enti\u00e8rement dans les usines Campagnolo de la province de Vicence.\u00a0<\/span><\/div>\n<div style=\"text-align: left;\"><\/div>\n<div style=\"text-align: left;\"><span style=\"font-size: 110%;\">C'est le seul fabricant de roues haute performance au monde qui conserve l'int\u00e9gralit\u00e9 de son savoir-faire et de ses processus de production dans son si\u00e8ge italien.\u00a0<\/span><\/div>\n<div style=\"text-align: left;\"><\/div>\n<div style=\"text-align: left;\"><span style=\"font-size: 110%;\">Cela se traduit par des normes de qualit\u00e9 et de performance plus \u00e9lev\u00e9es et plus constantes que celles de la concurrence. La fiert\u00e9 du Made in Italy.<\/span><\/div>\n<div style=\"text-align: left;\"><\/div>\n<h2 style=\"text-align: left;\"><span style=\"font-size: 110%;\">Technologie MoMag<\/span><\/h2>\n<div style=\"text-align: left;\"><\/div>\n<div style=\"text-align: left;\"><span style=\"font-size: 110%;\">La technologie exclusive MoMag est l'une des innovations introduites par Campagnolo qui a r\u00e9volutionn\u00e9 le monde des roues. En exploitant les composants magn\u00e9tiques int\u00e9gr\u00e9s dans les moyeux, les rayons sont litt\u00e9ralement attir\u00e9s vers le centre de la roue.<\/span><\/div>\n<div style=\"text-align: left;\"><\/div>\n<div style=\"text-align: left;\"><span style=\"font-size: 110%;\">Il en r\u00e9sulte un centrage parfait et durable, qui ne n\u00e9cessite pas de resserrage constant comme c'est le cas avec les syst\u00e8mes conventionnels. En outre, la parfaite \u00e9tanch\u00e9it\u00e9 de la tension augmente encore la long\u00e9vit\u00e9 et les performances de la roue.<\/span><\/div>\n<div style=\"text-align: left;\"><\/div>\n<h2 style=\"text-align: left;\"><span style=\"font-size: 110%;\">Roulements USB en c\u00e9ramique<\/span><\/h2>\n<div style=\"text-align: left;\"><\/div>\n<div style=\"text-align: left;\"><span style=\"font-size: 110%;\">Un autre point fort de la Bora WTO 33 sont les roulements USB en c\u00e9ramique, une exclusivit\u00e9 Campagnolo qui garantit un roulement doux et une r\u00e9activit\u00e9 instantan\u00e9e.\u00a0<\/span><\/div>\n<div style=\"text-align: left;\"><\/div>\n<div style=\"text-align: left;\"><span style=\"font-size: 110%;\">Fabriqu\u00e9s \u00e0 partir de mat\u00e9riaux c\u00e9ramiques ultra-performants, ces roulements sont beaucoup plus fluides, plus r\u00e9sistants et plus efficaces que les mod\u00e8les traditionnels en acier. Ils am\u00e9liorent consid\u00e9rablement la rigidit\u00e9, le confort et la r\u00e9activit\u00e9 de la roue.<\/span><\/div>\n<div style=\"text-align: left;\"><\/div>\n<h3 style=\"text-align: left;\"><span style=\"font-size: 110%;\">Pour qui ils sont indiqu\u00e9s<\/span><\/h3>\n<div style=\"text-align: left;\"><\/div>\n<div style=\"text-align: left;\"><span style=\"font-size: 110%;\">Gr\u00e2ce \u00e0 leurs qualit\u00e9s exceptionnelles, les Bora WTO 33 conviennent \u00e0 la fois \u00e0 l'utilisation sur route et \u00e0 des disciplines sp\u00e9cifiques telles que le contre-la-montre. Ils sont le choix id\u00e9al pour :<\/span><\/div>\n<div style=\"text-align: left;\"><\/div>\n<div style=\"text-align: left;\"><span style=\"font-size: 110%;\">- Cyclistes professionnels et amateurs participant \u00e0 des courses granfondo et amateurs<\/span><\/div>\n<div style=\"text-align: left;\"><\/div>\n<div style=\"text-align: left;\"><span style=\"font-size: 110%;\">- Les passionn\u00e9s \u00e0 la recherche des meilleures performances sur les longues distances<\/span><\/div>\n<div style=\"text-align: left;\"><\/div>\n<div style=\"text-align: left;\"><span style=\"font-size: 110%;\">- Cronoman qui appr\u00e9cie la p\u00e9n\u00e9tration a\u00e9rodynamique<\/span><\/div>\n<div style=\"text-align: left;\"><\/div>\n<div style=\"text-align: left;\"><span style=\"font-size: 110%;\">- Les cyclistes s'attaquent \u00e0 des mont\u00e9es difficiles et \u00e0 des descentes techniques<\/span><\/div>\n<div style=\"text-align: left;\"><\/div>\n<div style=\"text-align: left;\"><span style=\"font-size: 110%;\">- Qui souhaite b\u00e9n\u00e9ficier de la meilleure technologie Made in Italy pour un usage quotidien ?<\/span><\/div>\n<div style=\"text-align: left;\"><\/div>\n<h3 style=\"text-align: left;\"><span style=\"font-size: 110%;\">Entretien et maintenance de la Bora<\/span><\/h3>\n<div style=\"text-align: left;\"><\/div>\n<div style=\"text-align: left;\"><span style=\"font-size: 110%;\">Afin de pr\u00e9server les performances exceptionnelles des roues Bora WTO 33 dans le temps, un entretien r\u00e9gulier est n\u00e9cessaire.\u00a0<\/span><\/div>\n<div style=\"text-align: left;\"><\/div>\n<div style=\"text-align: left;\"><span style=\"font-size: 110%;\">Les conseils des experts Campagnolo sont les suivants : nettoyer p\u00e9riodiquement les jantes avec de l'eau et du savon neutre, lubrifier les roulements tous les six mois environ et contr\u00f4ler le centrage et la tension des rayons une fois par an.<\/span><\/div>\n<div style=\"text-align: left;\"><\/div>\n<div style=\"text-align: left;\"><span style=\"font-size: 110%;\">Il est pr\u00e9f\u00e9rable d'\u00e9viter les jets d'eau \u00e0 haute pression et les produits de nettoyage agressifs. Avec un entretien m\u00e9ticuleux, les Bora dureront longtemps et conserveront leur potentiel.<\/span><\/div>\n<div style=\"text-align: left;\"><\/div>\n<h3 style=\"text-align: left;\"><span style=\"font-size: 110%;\">Quand changer la Bora<\/span><\/h3>\n<div style=\"text-align: left;\"><\/div>\n<div style=\"text-align: left;\"><span style=\"font-size: 110%;\">La structure du Bora WTO 33 est con\u00e7ue pour durer plusieurs ann\u00e9es, m\u00eame en cas d'utilisation intensive, c'est-\u00e0-dire jusqu'\u00e0 50 000 km ou plus.\u00a0<\/span><\/div>\n<div style=\"text-align: left;\"><\/div>\n<div style=\"text-align: left;\"><span style=\"font-size: 110%;\">Les premiers signes indiquant que les roues doivent \u00eatre chang\u00e9es sont des jantes visiblement us\u00e9es, des oscillations soudaines pendant la rotation, des bruits anormaux, une perte de tension des rayons ou un jeu dans les roulements.<\/span><\/div>\n<div style=\"text-align: left;\"><\/div>\n<div style=\"text-align: left;\"><span style=\"font-size: 110%;\">Mieux vaut ne pas sous-estimer ces signaux d'alarme et remplacer les roues d\u00e8s que leur int\u00e9grit\u00e9 structurelle est compromise. Les nouvelles Bora vous \u00e9tonneront \u00e0 nouveau par leurs performances exceptionnelles.<\/span><\/div>\n<div style=\"text-align: left;\"><\/div>\n<h3 style=\"text-align: left;\"><span style=\"font-size: 110%;\">Quand les nouvelles Bora convergent<\/span><\/h3>\n<div style=\"text-align: left;\"><\/div>\n<div style=\"text-align: left;\"><span style=\"font-size: 110%;\">Pour un cycliste exigeant qui recherche ce qu'il y a de mieux, \u00e9quiper son v\u00e9lo d'un nouveau jeu de Bora WTO 33s est toujours une mise \u00e0 niveau conseill\u00e9e.<\/span><\/div>\n<div style=\"text-align: left;\"><\/div>\n<div style=\"text-align: left;\"><span style=\"font-size: 110%;\">Les raisons pour lesquelles il vaut la peine d'investir dans une nouvelle Bora sont les suivantes :<\/span><\/div>\n<div style=\"text-align: left;\"><\/div>\n<div style=\"text-align: left;\"><span style=\"font-size: 110%;\">- D\u00e9sir d'augmenter les performances a\u00e9rodynamiques<\/span><\/div>\n<div style=\"text-align: left;\"><\/div>\n<div style=\"text-align: left;\"><span style=\"font-size: 110%;\">- D\u00e9sir d'am\u00e9liorer la r\u00e9activit\u00e9 et le confort de conduite\u00a0<\/span><\/div>\n<div style=\"text-align: left;\"><\/div>\n<div style=\"text-align: left;\"><span style=\"font-size: 110%;\">- Usure des roues existantes apr\u00e8s des milliers de kilom\u00e8tres<\/span><\/div>\n<div style=\"text-align: left;\"><\/div>\n<div style=\"text-align: left;\"><span style=\"font-size: 110%;\">- Changement de v\u00e9lo et besoin de roues adapt\u00e9es<\/span><\/div>\n<div style=\"text-align: left;\"><\/div>\n<div style=\"text-align: left;\"><span style=\"font-size: 110%;\">- Pour se r\u00e9compenser d'une technologie de pointe Made in Italy<\/span><\/div>\n<div style=\"text-align: left;\"><\/div>\n<div style=\"text-align: left;\"><span style=\"font-size: 110%;\">Gr\u00e2ce \u00e0 leur conception bien accueillie et \u00e0 leur qualit\u00e9 de construction in\u00e9gal\u00e9e, les nouvelles Bora ne d\u00e9cevront jamais les attentes et mettront vraiment le vent derri\u00e8re elles.<\/span><\/div>\n<div style=\"text-align: left;\"><\/div>\n<div style=\"text-align: left;\"><span style=\"font-size: 110%;\">Campagnolo Bora WTO 33 : conclusions<\/span><\/div>\n<div style=\"text-align: left;\"><\/div>\n<div style=\"text-align: left;\"><span style=\"font-size: 110%;\">En r\u00e9sum\u00e9, pour les passionn\u00e9s qui recherchent les meilleures roues \u00e0 hautes performances, les roues Campagnolo Bora WTO 33 repr\u00e9sentent tout simplement ce qu'il y a de mieux sur le march\u00e9 aujourd'hui.\u00a0<\/span><\/div>\n<div style=\"text-align: left;\"><\/div>\n<div style=\"text-align: left;\"><span style=\"font-size: 110%;\">Elles garantissent des avantages concrets tels qu'une moindre r\u00e9sistance a\u00e9rodynamique, la pr\u00e9cision de conduite, le confort sur les longues distances et la long\u00e9vit\u00e9. Le tout avec la l\u00e9gendaire qualit\u00e9 Campagnolo 100% made in Italy. Les roues Bora WTO 33 \u00e9l\u00e8vent les performances de n'importe quel v\u00e9lo \u00e0 la ni\u00e8me puissance.<\/span><\/div>\n<h3 style=\"text-align: left;\"><span style=\"font-size: 110%;\"><strong>Questions fr\u00e9quemment pos\u00e9es sur les roues Campagnolo Bora WTO 33<\/strong><\/span><\/h3>\n<p style=\"text-align: left;\"><span style=\"font-size: 110%;\"><strong>1. Quel est le mod\u00e8le Campagnolo Bora WTO 33 ?<\/strong> Le mod\u00e8le Campagnolo Bora WTO 33 est une version sp\u00e9cifique des roues cyclistes Bora d\u00e9velopp\u00e9es par la c\u00e9l\u00e8bre entreprise italienne Campagnolo. Le sigle \"WTO\" signifie \"Wind Tunnel Optimised\", ce qui indique l'attention particuli\u00e8re port\u00e9e \u00e0 l'a\u00e9rodynamisme de ces roues.<\/span><\/p>\n<p style=\"text-align: left;\"><span style=\"font-size: 110%;\"><strong>2. Quelles sont les principales caract\u00e9ristiques de la Campagnolo Bora WTO 33 ?<\/strong> Les roues Campagnolo Bora WTO 33 sont des roues de v\u00e9lo avec un profil a\u00e9rodynamique de 33 mm. Elles sont con\u00e7ues pour offrir une combinaison de l\u00e9g\u00e8ret\u00e9, de rigidit\u00e9 et de performances a\u00e9rodynamiques optimales. Elles conviennent \u00e0 une grande vari\u00e9t\u00e9 de conditions de route et sont souvent appr\u00e9ci\u00e9es par les grimpeurs et les sprinters.<\/span><\/p>\n<p style=\"text-align: left;\"><span style=\"font-size: 110%;\"><strong>3. Quels sont les avantages des roues Campagnolo Bora WTO 33 par rapport aux autres roues ?<\/strong> Les roues Campagnolo Bora WTO 33 pr\u00e9sentent un profil a\u00e9rodynamique qui r\u00e9duit la r\u00e9sistance au vent, en am\u00e9liorant l'efficacit\u00e9 et la vitesse. Leur construction en carbone de haute qualit\u00e9 contribue \u00e0 une plus grande r\u00e9activit\u00e9 et \u00e0 une meilleure transmission de la puissance. Elles sont id\u00e9ales pour les sorties mixtes et offrent une polyvalence qui les rend adapt\u00e9es \u00e0 de nombreuses situations de conduite.<\/span><\/p>\n<p style=\"text-align: left;\"><span style=\"font-size: 110%;\"><strong>4. Existe-t-il des mod\u00e8les sp\u00e9cifiques de Campagnolo Bora WTO 33 pour les freins \u00e0 disque et les freins conventionnels ?<\/strong> Oui, les Campagnolo Bora WTO 33 sont disponibles dans des versions compatibles aussi bien avec les freins \u00e0 disque qu'avec les freins \u00e0 m\u00e2choires traditionnels. Il est important de choisir le bon mod\u00e8le en fonction du type de frein install\u00e9 sur votre v\u00e9lo.<\/span><\/p>\n<p style=\"text-align: left;\"><span style=\"font-size: 110%;\"><strong>5. Les Bora WTO 33 de Campagnolo sont-elles adapt\u00e9es \u00e0 la course ?<\/strong> Oui, les roues Campagnolo Bora WTO 33 sont con\u00e7ues pour la comp\u00e9tition en raison de leur l\u00e9g\u00e8ret\u00e9 et de leurs performances a\u00e9rodynamiques. Cependant, comme toujours, v\u00e9rifiez qu'elles sont conformes aux r\u00e8glements sp\u00e9cifiques de la comp\u00e9tition \u00e0 laquelle vous participez.<\/span><\/p>\n<p style=\"text-align: left;\"><span style=\"font-size: 110%;\"><strong>6. Quelles performances particuli\u00e8res offrent-ils en termes d'a\u00e9rodynamisme ?<\/strong> Les roues Campagnolo Bora WTO 33 ont \u00e9t\u00e9 con\u00e7ues en pr\u00eatant attention aux d\u00e9tails a\u00e9rodynamiques afin de r\u00e9duire la r\u00e9sistance \u00e0 l'air pendant la conduite. Le profil de la jante et le design du moyeu sont optimis\u00e9s pour am\u00e9liorer l'efficacit\u00e9 a\u00e9rodynamique, ce qui permet au cycliste de mieux affronter le vent.<\/span><\/p>\n<p style=\"text-align: left;\"><span style=\"font-size: 110%;\"><strong>7. Comment puis-je entretenir mon Campagnolo Bora WTO 33 ?<\/strong> Pour maintenir vos roues Campagnolo Bora WTO 33 dans des conditions optimales, il est important de les nettoyer r\u00e9guli\u00e8rement, de contr\u00f4ler la tension des rayons et de v\u00e9rifier l'usure des composants. Suivez les conseils d'entretien fournis par Campagnolo pour garantir une longue dur\u00e9e de vie et des performances constantes.<\/span><\/p>\n<p style=\"text-align: left;\"><span style=\"font-size: 110%;\"><strong>8. O\u00f9 puis-je acheter le Campagnolo Bora WTO 33 et les pi\u00e8ces d\u00e9tach\u00e9es correspondantes ?<\/strong> Vous pouvez acheter la Campagnolo Bora WTO 33 chez les revendeurs de v\u00e9los agr\u00e9\u00e9s ou dans les magasins sp\u00e9cialis\u00e9s. Les pi\u00e8ces de rechange peuvent \u00eatre disponibles aupr\u00e8s du r\u00e9seau de distribution officiel de Campagnolo.<\/span><\/p>\n<p style=\"text-align: left;\"><span style=\"font-size: 110%;\"><strong>9. Des options de personnalisation sont-elles disponibles pour le Campagnolo Bora WTO 33 ?<\/strong> Campagnolo peut offrir certaines options de personnalisation pour la Bora WTO 33, telles que des autocollants personnalis\u00e9s ou des choix de couleurs. Consultez votre revendeur ou le site officiel de Campagnolo pour conna\u00eetre les \u00e9ventuelles options de personnalisation disponibles.<\/span><\/p>\n<p style=\"text-align: left;\"><span style=\"font-size: 110%;\"><strong>10. Quelles sont les autres roues similaires propos\u00e9es par Campagnolo en plus de la Bora WTO 33 ?<\/strong> Campagnolo propose une vaste gamme de roues de v\u00e9lo, dont des mod\u00e8les Bora de diff\u00e9rentes hauteurs de profil et caract\u00e9ristiques. Parmi les autres mod\u00e8les, citons les Bora WTO 45, Bora Ultra, Bora One et autres. Consultez la gamme compl\u00e8te sur le site officiel de Campagnolo.<\/span><\/p>\n\t\t<\/div>\n\t\t\t\t\t<\/div>\n\n\t\n<\/div>\n\t\t<\/div>\n\n\t\t\n<style>\n#section_207234259 {\n  padding-top: 60px;\n  padding-bottom: 60px;\n  min-height: 300px;\n  background-color: rgb(245, 245, 245);\n}\n<\/style>\n\t<\/section>","protected":false},"excerpt":{"rendered":"","protected":false},"author":1,"featured_media":12666,"parent":0,"menu_order":0,"comment_status":"closed","ping_status":"closed","template":"","meta":{"footnotes":""},"class_list":["post-12647","page","type-page","status-publish","has-post-thumbnail","hentry"],"_links":{"self":[{"href":"https:\/\/bici-bici.it\/fr\/wp-json\/wp\/v2\/pages\/12647","targetHints":{"allow":["GET"]}}],"collection":[{"href":"https:\/\/bici-bici.it\/fr\/wp-json\/wp\/v2\/pages"}],"about":[{"href":"https:\/\/bici-bici.it\/fr\/wp-json\/wp\/v2\/types\/page"}],"author":[{"embeddable":true,"href":"https:\/\/bici-bici.it\/fr\/wp-json\/wp\/v2\/users\/1"}],"replies":[{"embeddable":true,"href":"https:\/\/bici-bici.it\/fr\/wp-json\/wp\/v2\/comments?post=12647"}],"version-history":[{"count":0,"href":"https:\/\/bici-bici.it\/fr\/wp-json\/wp\/v2\/pages\/12647\/revisions"}],"wp:featuredmedia":[{"embeddable":true,"href":"https:\/\/bici-bici.it\/fr\/wp-json\/wp\/v2\/media\/12666"}],"wp:attachment":[{"href":"https:\/\/bici-bici.it\/fr\/wp-json\/wp\/v2\/media?parent=12647"}],"curies":[{"name":"wp","href":"https:\/\/api.w.org\/{rel}","templated":true}]}}