{"id":12635,"date":"2023-08-31T17:29:46","date_gmt":"2023-08-31T17:29:46","guid":{"rendered":"https:\/\/bici-bici.it\/?page_id=12635"},"modified":"2023-09-01T20:21:33","modified_gmt":"2023-09-01T20:21:33","slug":"bora","status":"publish","type":"page","link":"https:\/\/bici-bici.it\/fr\/societe-campagnolo\/bora\/","title":{"rendered":"Campagnolo Bora"},"content":{"rendered":"<section class=\"section\" id=\"section_226073544\">\n\t\t<div class=\"section-bg fill\" >\n\t\t\t\t\t\t\t\t\t\n\t\t\t\n\n\t\t<\/div>\n\n\t\t\n\n\t\t<div class=\"section-content relative\">\n\t\t\t\n<div class=\"row align-center\"  id=\"row-1644377609\">\n\n\t<div id=\"col-19791105\" class=\"col medium-10 small-12 large-10\"  >\n\t\t\t\t<div class=\"col-inner text-center\"  >\n\t\t\t\n\t\t\t\n<div class=\"container section-title-container\" ><h1 class=\"section-title section-title-normal\"><b><\/b><span class=\"section-title-main\" >S\u00e9rie Bora Campagnolo<\/span><b><\/b><\/h1><\/div>\n\t<div class=\"img has-hover x md-x lg-x y md-y lg-y\" id=\"image_898149273\">\n\t\t\t\t\t\t\t\t<div class=\"img-inner image-cover dark\" style=\"padding-top:50%;margin:0px 0px 30px 0px;\">\n\t\t\t<img loading=\"lazy\" decoding=\"async\" width=\"1020\" height=\"680\" src=\"https:\/\/bici-bici.it\/wp-content\/uploads\/2023\/08\/campagnolo-bora-wto-45.jpg\" class=\"attachment-large size-large\" alt=\"ROUES CAMPAGNOLO BORA WTO 45 DISC\" srcset=\"https:\/\/bici-bici.it\/wp-content\/uploads\/2023\/08\/campagnolo-bora-wto-45.jpg 1200w, https:\/\/bici-bici.it\/wp-content\/uploads\/2023\/08\/campagnolo-bora-wto-45-800x533.jpg 800w, https:\/\/bici-bici.it\/wp-content\/uploads\/2023\/08\/campagnolo-bora-wto-45-64x43.jpg 64w, https:\/\/bici-bici.it\/wp-content\/uploads\/2023\/08\/campagnolo-bora-wto-45-600x400.jpg 600w, https:\/\/bici-bici.it\/wp-content\/uploads\/2023\/08\/campagnolo-bora-wto-45-768x512.jpg 768w, https:\/\/bici-bici.it\/wp-content\/uploads\/2023\/08\/campagnolo-bora-wto-45-18x12.jpg 18w\" sizes=\"auto, (max-width: 1020px) 100vw, 1020px\" \/>\t\t\t\t\t\t\n\t\t\t\t\t<\/div>\n\t\t\t\t\t\t\t\t\n<style>\n#image_898149273 {\n  width: 100%;\n}\n<\/style>\n\t<\/div>\n\t\n<h2 style=\"text-align: left;\"><span style=\"font-size: 110%;\">Roues Campagnolo Bora : technologie et innovation made in Italy<\/span><\/h2>\n<p class=\"whitespace-pre-wrap\" style=\"text-align: left;\"><span style=\"font-size: 110%;\">Les roues Campagnola Bora sont l'un des produits embl\u00e9matiques. <a href=\"https:\/\/www.campagnolo.com\/it-it\/\" target=\"_blank\" rel=\"noopener\">de la soci\u00e9t\u00e9 Campagnolo<\/a>symbole de l'excellence technologique et de la performance de la marque italienne. Introduites pour la premi\u00e8re fois en 1994, les roues Bora se sont impos\u00e9es en pr\u00e8s de 30 ans d'histoire comme une r\u00e9f\u00e9rence absolue dans le monde des roues de haute performance pour les v\u00e9los de course. Voyons en d\u00e9tail l'histoire, les caract\u00e9ristiques et les innovations qui ont rendu les roues Bora si populaires aupr\u00e8s des cyclistes.<\/span><\/p>\n<h3 style=\"text-align: left;\"><span style=\"font-size: 110%;\">Naissance et histoire de la Campagnolo Bora<\/span><\/h3>\n<blockquote>\n<p style=\"text-align: left;\"><span style=\"font-size: 110%;\">Roues Campagnolo Bora Serie en stock :<\/span><\/p>\n<\/blockquote>\n<p style=\"text-align: left;\"><a href=\"https:\/\/bici-bici.it\/fr\/societe-campagnolo\/bora\/wto-45\/\" target=\"_blank\" rel=\"noopener\"><span style=\"font-size: 110%;\">Campagnolo Bora WTO 45<\/span><\/a><br \/>\n<a href=\"https:\/\/bici-bici.it\/fr\/azienda-campagnolo\/bora\/wto-33\/\" target=\"_blank\" rel=\"noopener\"><span style=\"font-size: 110%;\">Campagnolo Bora WTO 33<\/span><\/a><br \/>\n<a href=\"https:\/\/bici-bici.it\/fr\/societe-campagnolo\/bora\/wto-ultra-33\/\" target=\"_blank\" rel=\"noopener\"><span style=\"font-size: 110%;\">Campagnolo Bora WTO Ultra 33<\/span><\/a><br \/>\n<span style=\"font-size: 110%;\">Campagnolo Bora ULTRA\u00a0<\/span><br \/>\n<span style=\"font-size: 110%;\">Campagnolo Bora ONE 50<\/span><\/p>\n<p class=\"whitespace-pre-wrap\" style=\"text-align: left;\"><span style=\"font-size: 110%;\">L'histoire de Bora commence au d\u00e9but des ann\u00e9es 90, lorsque Campagnolo d\u00e9cide de d\u00e9velopper un nouveau produit jusqu'alors in\u00e9dit dans la gamme de l'entreprise : un jeu de roues \u00e0 hautes performances sp\u00e9cifiquement destin\u00e9es \u00e0 \u00eatre utilis\u00e9es sur les v\u00e9los de contre-la-montre et de triathlon.<\/span><\/p>\n<p class=\"whitespace-pre-wrap\" style=\"text-align: left;\"><span style=\"font-size: 110%;\">Apr\u00e8s des ann\u00e9es de domination absolue dans le domaine des groupes et des composants, Campagnolo a voulu se lancer \u00e9galement dans le secteur des roues, en plein essor gr\u00e2ce aux nouveaux mat\u00e9riaux composites tels que la fibre de carbone et le Kevlar.<\/span><\/p>\n<p class=\"whitespace-pre-wrap\" style=\"text-align: left;\"><span style=\"font-size: 110%;\">L'objectif \u00e9tait ambitieux : cr\u00e9er les roues les plus a\u00e9rodynamiques, les plus l\u00e9g\u00e8res et les plus performantes du march\u00e9. Apr\u00e8s une longue p\u00e9riode de recherche et de tests en soufflerie, la Bora TriAthlon est pr\u00e9sent\u00e9e en 1994 : des roues lenticulaires en carbone, l\u00e9g\u00e8res et super rigides.<\/span><\/p>\n<p class=\"whitespace-pre-wrap\" style=\"text-align: left;\"><span style=\"font-size: 110%;\">Le nom Bora vient du vent catabatique qui souffle dans la plaine entre la Slov\u00e9nie et la Croatie, symbole des performances exceptionnelles contre l'air que promettaient les roues. D\u00e8s la premi\u00e8re version, la Bora utilise des roulements en c\u00e9ramique, une grande innovation pour l'\u00e9poque.<\/span><\/p>\n<h3 style=\"text-align: left;\"><span style=\"font-size: 110%;\">\u00c9volution des produits<\/span><\/h3>\n<p class=\"whitespace-pre-wrap\" style=\"text-align: left;\"><span style=\"font-size: 110%;\">Le succ\u00e8s de la premi\u00e8re <a href=\"https:\/\/bici-bici.it\/fr\/societe-campagnolo\/\" target=\"_blank\" rel=\"noopener\">Roues de course Compagnolo Bora<\/a> a \u00e9t\u00e9 imm\u00e9diat dans le monde des courses contre la montre. Campagnolo a continu\u00e9 \u00e0 d\u00e9velopper et \u00e0 am\u00e9liorer le produit, en lan\u00e7ant de nouvelles versions. En 1995 est n\u00e9e la Bora UL (Ultralight) avec des jantes de 22 mm, en 2001 la Bora \"wide body\" avec des jantes de 27 mm.<\/span><\/p>\n<p class=\"whitespace-pre-wrap\" style=\"text-align: left;\"><span style=\"font-size: 110%;\">En 2004, la Bora Ultra, encore plus l\u00e9g\u00e8re et rigide, a \u00e9t\u00e9 lanc\u00e9e et utilis\u00e9e par des \u00e9quipes cyclistes professionnelles. En 2007, la roue a fait l'objet d'une refonte majeure, avec de nouvelles jantes et de nouveaux roulements.<\/span><\/p>\n<p class=\"whitespace-pre-wrap\" style=\"text-align: left;\"><span style=\"font-size: 110%;\">En 2015 a \u00e9t\u00e9 pr\u00e9sent\u00e9e la Bora One, la premi\u00e8re Bora avec des jantes monoblocs pour augmenter la rigidit\u00e9 et la r\u00e9activit\u00e9. La derni\u00e8re fronti\u00e8re d'innovation de Campagnolo est la Bora Ultra WTO de 2020, avec des jantes monoblocs et des solutions hi-tech comme le moyeu G3 en carbone.<\/span><\/p>\n<h2 style=\"text-align: left;\"><span style=\"font-size: 110%;\">Technologies de pointe<\/span><\/h2>\n<p class=\"whitespace-pre-wrap\" style=\"text-align: left;\"><span style=\"font-size: 110%;\">Depuis la premi\u00e8re Bora, Campagnolo a utilis\u00e9 des solutions innovantes qui sont devenues des r\u00e9f\u00e9rences dans le secteur des roues. Les jantes lenticulaires, tr\u00e8s populaires aujourd'hui, ont \u00e9t\u00e9 utilis\u00e9es pour la premi\u00e8re fois sur la Bora en 1994.<\/span><\/p>\n<p class=\"whitespace-pre-wrap\" style=\"text-align: left;\"><span style=\"font-size: 110%;\">L'utilisation de roulements en c\u00e9ramique, qui sont beaucoup plus lisses que les roulements conventionnels, a \u00e9galement \u00e9t\u00e9 introduite par Bora au d\u00e9but des ann\u00e9es 1990, lorsque cette technologie en \u00e9tait \u00e0 ses balbutiements.<\/span><\/p>\n<p class=\"whitespace-pre-wrap\" style=\"text-align: left;\"><span style=\"font-size: 110%;\">Aujourd'hui, les Bora repr\u00e9sentent le nec plus ultra de la recherche Campagnolo, avec des solutions exclusives comme.. :<\/span><\/p>\n<ul class=\"list-disc pl-8 space-y-2\" style=\"text-align: left;\">\n<li class=\"whitespace-normal\"><span style=\"font-size: 110%;\">Jantes soloUnpiece sans couture pour une rigidit\u00e9 et une r\u00e9activit\u00e9 extr\u00eames.<\/span><\/li>\n<li class=\"whitespace-normal\"><span style=\"font-size: 110%;\">Technologie C-LUX, combinant la fibre de carbone et la r\u00e9sine polym\u00e8re \u00e0 cristaux liquides pour des jantes plus r\u00e9sistantes jusqu'\u00e0 50%.<\/span><\/li>\n<li class=\"whitespace-normal\"><span style=\"font-size: 110%;\">Profil de jante G3 sym\u00e9trique, con\u00e7u en soufflerie pour d'excellentes performances a\u00e9rodynamiques.<\/span><\/li>\n<li class=\"whitespace-normal\"><span style=\"font-size: 110%;\">Technologie MoMag : moyeux en carbone optimis\u00e9s pour \u00eatre magn\u00e9tiques, de sorte que les rayons sont attir\u00e9s vers le centre et que la roue est toujours parfaitement centr\u00e9e.<\/span><\/li>\n<li class=\"whitespace-normal\"><span style=\"font-size: 110%;\">Roulements USB en c\u00e9ramique ultra lisse, capables d'amplifier la rigidit\u00e9 et la r\u00e9activit\u00e9 de la roue.<\/span><\/li>\n<li class=\"whitespace-normal\"><span style=\"font-size: 110%;\">Diff\u00e9rences de poids minimales entre la jante avant et la jante arri\u00e8re pour assurer un \u00e9quilibre parfait du v\u00e9lo.<\/span><\/li>\n<\/ul>\n<h3 style=\"text-align: left;\"><span style=\"font-size: 110%;\">Design et artisanat<\/span><\/h3>\n<p class=\"whitespace-pre-wrap\" style=\"text-align: left;\"><span style=\"font-size: 110%;\">Outre le composant hi-tech, l'un des points forts de la Campagnolo Bora est sans aucun doute son design, fruit de la fusion parfaite entre l'artisanat italien et la technologie d'avant-garde. Les jantes aux surfaces \u00e9pur\u00e9es, les choix de couleurs audacieuses comme le rouge profond et les logos en relief font de la Bora un objet \u00e0 l'esth\u00e9tique unique et parfaitement reconnaissable.<\/span><\/p>\n<p class=\"whitespace-pre-wrap\" style=\"text-align: left;\"><span style=\"font-size: 110%;\">M\u00eame les processus de production allient artisanat et technologie : les jantes, fabriqu\u00e9es dans la r\u00e9gion de Bergame, qui a une grande tradition dans l'usinage des roues, sont fa\u00e7onn\u00e9es \u00e0 la main et cuites dans des fours sp\u00e9ciaux pour en am\u00e9liorer les propri\u00e9t\u00e9s m\u00e9caniques. Chaque roue Campagnolo Bora est un concentr\u00e9 de style, de passion et de culture italienne du deux-roues.<\/span><\/p>\n<h3 style=\"text-align: left;\"><span style=\"font-size: 110%;\">Champions et exploits sportifs<\/span><\/h3>\n<p class=\"whitespace-pre-wrap\" style=\"text-align: left;\"><span style=\"font-size: 110%;\">D\u00e8s le d\u00e9but, les roues Bora ont \u00e9t\u00e9 choisies par les plus grands champions du cyclisme, fascin\u00e9s par leur capacit\u00e9 \u00e0 faire voler le v\u00e9lo. Bora a fait ses preuves dans les contre-la-montre, les \u00e9tapes de montagne et les sprints en peloton.<\/span><\/p>\n<p class=\"whitespace-pre-wrap\" style=\"text-align: left;\"><span style=\"font-size: 110%;\">Il suffit de dire que depuis 1994, 60% des m\u00e9dailles olympiques et mondiales de cyclisme sur route ont \u00e9t\u00e9 remport\u00e9es par des athl\u00e8tes sur des v\u00e9los \u00e9quip\u00e9s de roues Campagnolo Bora.<\/span><\/p>\n<p class=\"whitespace-pre-wrap\" style=\"text-align: left;\"><span style=\"font-size: 110%;\">Parmi les champions qui ont choisi les v\u00e9los Bora, on trouve des noms l\u00e9gendaires tels que Marco Pantani, Jan Ullrich, Paolo Bettini, Oscar Freire, Mario Cipollini, Alberto Contador, Vincenzo Nibali et bien d'autres. Les v\u00e9los Bora ont accompagn\u00e9 des exploits tels que le doubl\u00e9 Giro-Tour de Marco Pantani en 1998 ou le succ\u00e8s de Paolo Bettini aux Championnats du monde de Salzbourg en 2006.<\/span><\/p>\n<h3 style=\"text-align: left;\"><span style=\"font-size: 110%;\">Utilisation sur route et hors route<\/span><\/h3>\n<p class=\"whitespace-pre-wrap\" style=\"text-align: left;\"><span style=\"font-size: 110%;\">N\u00e9s pour les courses contre la montre et les triathlons, les Bora ont \u00e9volu\u00e9 au fil des ans pour devenir d'excellents v\u00e9los de route. Aujourd'hui, elles sont produites \u00e0 la fois en version route et en version tout-terrain. Les roues de route Bora WTO, avec des jantes de 33-45 mm, sont parmi les plus populaires dans le cyclisme professionnel et chez les amateurs exigeants.<\/span><\/p>\n<p class=\"whitespace-pre-wrap\" style=\"text-align: left;\"><span style=\"font-size: 110%;\">En revanche, les roues Campagnola Bora WTO offroad ont des jantes de 25-33 mm, qui conviennent pour le gravier et l'aventure. M\u00eame dans les comp\u00e9titions offroad et granfondo, les roues Bora garantissent d'excellentes performances.<\/span><\/p>\n<p class=\"whitespace-pre-wrap\" style=\"text-align: left;\"><span style=\"font-size: 110%;\">Ceci gr\u00e2ce \u00e0 la rigidit\u00e9 proverbiale qui amplifie la r\u00e9activit\u00e9 sur les terrains accident\u00e9s et \u00e0 la capacit\u00e9 d'amortissement des vibrations typique des jantes lenticulaires. Bref, les Bora excellent sur l'asphalte comme sur les chemins de terre.<\/span><\/p>\n<h2 style=\"text-align: left;\"><span style=\"font-size: 110%;\">Gamme de produits et prix<\/span><\/h2>\n<p class=\"whitespace-pre-wrap\" style=\"text-align: left;\"><span style=\"font-size: 110%;\">Campagnolo propose Bora en deuxi\u00e8me monte et en premi\u00e8re monte pour les principaux fabricants de cadres. La gamme comprend :<\/span><\/p>\n<ul class=\"list-disc pl-8 space-y-2\" style=\"text-align: left;\">\n<li class=\"whitespace-normal\"><span style=\"font-size: 110%;\">Bora WTO pour la route en versions 33, 45 et 60 mm. Les 33 et 45 mm sont \u00e9galement disponibles en version \"tubulaire\" pour les pneus \u00e0 chambre \u00e0 air.<\/span><\/li>\n<li class=\"whitespace-normal\"><span style=\"font-size: 110%;\">Bora WTO pour usage tout-terrain en versions 25 et 33 mm.<\/span><\/li>\n<li class=\"whitespace-normal\"><span style=\"font-size: 110%;\">Bora One pour le triathlon et le contre-la-montre, avec des jantes de 85 mm.<\/span><\/li>\n<li class=\"whitespace-normal\"><span style=\"font-size: 110%;\">Roues lenticulaires Bora Ultra TT 75 et 85 mm pour le contre-la-montre et la piste.<\/span><\/li>\n<\/ul>\n<p class=\"whitespace-pre-wrap\" style=\"text-align: left;\"><span style=\"font-size: 110%;\">Les prix de la Bora varient en fonction du mod\u00e8le mais se situent clairement dans le haut de gamme du march\u00e9, avec une fourchette allant de 1500 \u00e0 3700 euros pour les versions carbone les plus performantes. Les mod\u00e8les Bora en aluminium ont des prix plus abordables mais toujours stimulants, de l'ordre de 500 \u00e0 1200 euros.<\/span><\/p>\n<p class=\"whitespace-pre-wrap\" style=\"text-align: left;\"><span style=\"font-size: 110%;\">Les roues Bora de Campagnolo repr\u00e9sentent le r\u00eave de tout passionn\u00e9 de cyclisme. Des roues iconiques qui ont marqu\u00e9 et marquent encore l'histoire, synonymes de vitesse, d'innovation technologique et de beaut\u00e9 italienne. Les roues Campagnola Bora r\u00e9compensent par d'excellentes performances aussi bien le cycliste professionnel qui veut se surpasser que l'amateur qui recherche le meilleur pour s'amuser sur deux roues. Un produit intemporel qui continue d'\u00e9voluer, en restant toujours au sommet.<\/span><\/p>\n<h3 style=\"text-align: left;\"><span style=\"font-size: 110%;\"><strong>Questions fr\u00e9quemment pos\u00e9es sur les roues Campagnolo Bora<\/strong><\/span><\/h3>\n<p style=\"text-align: left;\"><span style=\"font-size: 110%;\"><strong>1. Qu'est-ce qu'une roue Campagnolo Bora ?<\/strong> Les roues Campagnolo Bora sont une gamme de roues cyclistes haute performance con\u00e7ues et fabriqu\u00e9es par la soci\u00e9t\u00e9 italienne Campagnolo. Ces roues sont r\u00e9put\u00e9es pour leur l\u00e9g\u00e8ret\u00e9, leur rigidit\u00e9 et leur a\u00e9rodynamisme, id\u00e9ales pour les cyclistes \u00e0 la recherche de performances maximales.<\/span><\/p>\n<p style=\"text-align: left;\"><span style=\"font-size: 110%;\"><strong>2. Quelles sont les principales caract\u00e9ristiques des roues Campagnolo Bora ?<\/strong> Les roues Campagnolo Bora sont connues pour leur construction en carbone de haute qualit\u00e9, leur profil a\u00e9rodynamique, leurs moyeux fins et leur design \u00e9l\u00e9gant. Elles sont disponibles en diff\u00e9rentes hauteurs de profil pour r\u00e9pondre aux besoins des cyclistes sur route et hors route.<\/span><\/p>\n<p style=\"text-align: left;\"><span style=\"font-size: 110%;\"><strong>3. Quels sont les mod\u00e8les de roues disponibles pour la Bora ?<\/strong> Campagnolo propose plusieurs mod\u00e8les de Bora, dont Bora Ultra, Bora WTO et Bora One. Chaque mod\u00e8le peut avoir des caract\u00e9ristiques sp\u00e9cifiques, il est donc important de v\u00e9rifier les sp\u00e9cifications du mod\u00e8le qui vous int\u00e9resse.<\/span><\/p>\n<p style=\"text-align: left;\"><span style=\"font-size: 110%;\"><strong>4. Quels sont les avantages des roues Bora par rapport aux autres roues cyclistes ?<\/strong> Les roues Campagnolo Bora offrent de nombreux avantages : une plus grande vitesse gr\u00e2ce \u00e0 l'a\u00e9rodynamisme, une plus grande rigidit\u00e9 qui permet une meilleure transmission de la puissance et une r\u00e9duction du poids total du v\u00e9lo.<\/span><\/p>\n<p style=\"text-align: left;\"><span style=\"font-size: 110%;\"><strong>5. Les roues Campagnolo Bora sont-elles compatibles avec les freins \u00e0 disque et les freins conventionnels ?<\/strong> Oui, Campagnolo propose des versions des roues Bora compatibles aussi bien avec les freins \u00e0 disque qu'avec les freins \u00e0 m\u00e2choires traditionnels. Veillez \u00e0 choisir le bon mod\u00e8le en fonction du type de frein de votre v\u00e9lo.<\/span><\/p>\n<p style=\"text-align: left;\"><span style=\"font-size: 110%;\"><strong>6. Puis-je utiliser des roues Bora pour les comp\u00e9titions ?<\/strong> Absolument. Les roues Campagnolo Bora sont souvent choisies par les cyclistes professionnels pour les comp\u00e9titions en raison de leur haut niveau de performance. Cependant, il est important de s'assurer que les roues r\u00e9pondent aux r\u00e8gles sp\u00e9cifiques de la comp\u00e9tition \u00e0 laquelle vous participez.<\/span><\/p>\n<p style=\"text-align: left;\"><span style=\"font-size: 110%;\"><strong>7. Les roues de la Bora n\u00e9cessitent-elles un entretien particulier ?<\/strong> Comme toutes les roues de haute qualit\u00e9, les roues Bora n\u00e9cessitent un entretien r\u00e9gulier pour garantir des performances optimales. La propret\u00e9 des roulements, la v\u00e9rification de la tension des rayons et l'inspection du profil des freins sont quelques-unes des pratiques recommand\u00e9es.<\/span><\/p>\n<p style=\"text-align: left;\"><span style=\"font-size: 110%;\"><strong>8. Les roues Campagnolo Bora sont-elles couvertes par la garantie ?<\/strong> Oui, les roues Campagnolo Bora sont g\u00e9n\u00e9ralement couvertes par une garantie limit\u00e9e contre les d\u00e9fauts de fabrication. Cependant, vous devez v\u00e9rifier les d\u00e9tails sp\u00e9cifiques de la garantie fournie avec votre produit ou aupr\u00e8s de votre revendeur agr\u00e9\u00e9.<\/span><\/p>\n<p style=\"text-align: left;\"><span style=\"font-size: 110%;\"><strong>9. Puis-je acheter des pi\u00e8ces d\u00e9tach\u00e9es pour les roues Bora ?<\/strong> Campagnolo propose g\u00e9n\u00e9ralement des pi\u00e8ces de rechange pour ses roues Bora, notamment des rayons, des moyeux et des accessoires. Vous pouvez acheter ces composants aupr\u00e8s des revendeurs agr\u00e9\u00e9s ou sur le site officiel de Campagnolo.<\/span><\/p>\n<p style=\"text-align: left;\"><span style=\"font-size: 110%;\"><strong>10. Comment choisir le mod\u00e8le de roue Bora qui me convient ?<\/strong> Le choix du mod\u00e8le d\u00e9pendra de vos besoins personnels en mati\u00e8re de cyclisme. Tenez compte du type de terrain sur lequel vous roulez habituellement, de votre style de conduite et de vos pr\u00e9f\u00e9rences en termes de profil de roue. La consultation d'un expert ou d'un revendeur de v\u00e9los peut vous aider \u00e0 prendre la meilleure d\u00e9cision.<\/span><\/p>\n\t\t<\/div>\n\t\t\t\t\t<\/div>\n\n\t\n<\/div>\n\t\t<\/div>\n\n\t\t\n<style>\n#section_226073544 {\n  padding-top: 60px;\n  padding-bottom: 60px;\n  min-height: 300px;\n  background-color: rgb(245, 245, 245);\n}\n<\/style>\n\t<\/section>","protected":false},"excerpt":{"rendered":"","protected":false},"author":1,"featured_media":12637,"parent":12633,"menu_order":0,"comment_status":"closed","ping_status":"closed","template":"","meta":{"footnotes":""},"class_list":["post-12635","page","type-page","status-publish","has-post-thumbnail","hentry"],"_links":{"self":[{"href":"https:\/\/bici-bici.it\/fr\/wp-json\/wp\/v2\/pages\/12635","targetHints":{"allow":["GET"]}}],"collection":[{"href":"https:\/\/bici-bici.it\/fr\/wp-json\/wp\/v2\/pages"}],"about":[{"href":"https:\/\/bici-bici.it\/fr\/wp-json\/wp\/v2\/types\/page"}],"author":[{"embeddable":true,"href":"https:\/\/bici-bici.it\/fr\/wp-json\/wp\/v2\/users\/1"}],"replies":[{"embeddable":true,"href":"https:\/\/bici-bici.it\/fr\/wp-json\/wp\/v2\/comments?post=12635"}],"version-history":[{"count":0,"href":"https:\/\/bici-bici.it\/fr\/wp-json\/wp\/v2\/pages\/12635\/revisions"}],"up":[{"embeddable":true,"href":"https:\/\/bici-bici.it\/fr\/wp-json\/wp\/v2\/pages\/12633"}],"wp:featuredmedia":[{"embeddable":true,"href":"https:\/\/bici-bici.it\/fr\/wp-json\/wp\/v2\/media\/12637"}],"wp:attachment":[{"href":"https:\/\/bici-bici.it\/fr\/wp-json\/wp\/v2\/media?parent=12635"}],"curies":[{"name":"wp","href":"https:\/\/api.w.org\/{rel}","templated":true}]}}