{"id":12633,"date":"2023-08-31T14:04:42","date_gmt":"2023-08-31T14:04:42","guid":{"rendered":"https:\/\/bici-bici.it\/?page_id=12633"},"modified":"2023-11-24T07:54:57","modified_gmt":"2023-11-24T07:54:57","slug":"azienda-campagnolo","status":"publish","type":"page","link":"https:\/\/bici-bici.it\/fr\/societe-campagnolo\/","title":{"rendered":"Campagnolo"},"content":{"rendered":"<section class=\"section\" id=\"section_246701012\">\n\t\t<div class=\"section-bg fill\" >\n\t\t\t\t\t\t\t\t\t\n\t\t\t\n\n\t\t<\/div>\n\n\t\t\n\n\t\t<div class=\"section-content relative\">\n\t\t\t\n<div class=\"row align-center\"  id=\"row-1494413930\">\n\n\t<div id=\"col-402987926\" class=\"col medium-10 small-12 large-10\"  >\n\t\t\t\t<div class=\"col-inner text-center\"  >\n\t\t\t\n\t\t\t\n<div class=\"container section-title-container\" ><h1 class=\"section-title section-title-center\"><b><\/b><span class=\"section-title-main\" >CAMPAGNOLO<\/span><b><\/b><\/h1><\/div>\n\t<div class=\"img has-hover x md-x lg-x y md-y lg-y\" id=\"image_1297413405\">\n\t\t\t\t\t\t\t\t<div class=\"img-inner dark\" >\n\t\t\t<img loading=\"lazy\" decoding=\"async\" width=\"900\" height=\"500\" src=\"https:\/\/bici-bici.it\/wp-content\/uploads\/2023\/08\/campagnolo-s-r-l-logo-vector-transformed.png\" class=\"attachment-large size-large\" alt=\"campagnolo log png\" srcset=\"https:\/\/bici-bici.it\/wp-content\/uploads\/2023\/08\/campagnolo-s-r-l-logo-vector-transformed.png 900w, https:\/\/bici-bici.it\/wp-content\/uploads\/2023\/08\/campagnolo-s-r-l-logo-vector-transformed-800x444.png 800w, https:\/\/bici-bici.it\/wp-content\/uploads\/2023\/08\/campagnolo-s-r-l-logo-vector-transformed-64x36.png 64w, https:\/\/bici-bici.it\/wp-content\/uploads\/2023\/08\/campagnolo-s-r-l-logo-vector-transformed-720x400.png 720w, https:\/\/bici-bici.it\/wp-content\/uploads\/2023\/08\/campagnolo-s-r-l-logo-vector-transformed-768x427.png 768w, https:\/\/bici-bici.it\/wp-content\/uploads\/2023\/08\/campagnolo-s-r-l-logo-vector-transformed-18x10.png 18w\" sizes=\"auto, (max-width: 900px) 100vw, 900px\" \/>\t\t\t\t\t\t\n\t\t\t\t\t<\/div>\n\t\t\t\t\t\t\t\t\n<style>\n#image_1297413405 {\n  width: 69%;\n}\n<\/style>\n\t<\/div>\n\t\n<h2 style=\"text-align: left;\"><span style=\"font-size: 110%;\"><em><strong>Campagnolo : l'excellence italienne dans la production de roues de bicyclettes<\/strong><\/em><\/span><\/h2>\n<p class=\"whitespace-pre-wrap\" style=\"text-align: left;\"><span style=\"font-size: 110%;\">Campagnolo est une entreprise italienne qui symbolise dans le monde entier l'innovation, la technologie et la passion du cyclisme. Fond\u00e9e en 1933 \u00e0 Vicence par l'inventeur Tullio Campagnolo, elle est devenue une r\u00e9f\u00e9rence absolue dans la conception et la production de composants pour v\u00e9los haut de gamme. D\u00e9couvrons l'histoire, les produits et les secrets du succ\u00e8s de Campagnolo, avec une attention particuli\u00e8re pour les roues d'exception qui portent cette marque.<\/span><\/p>\n<h2 style=\"text-align: left;\"><span style=\"font-size: 110%;\">Les origines et l'intuition de Tullio Campagnolo<\/span><\/h2>\n<p class=\"whitespace-pre-wrap\" style=\"text-align: left;\"><span style=\"font-size: 110%;\">L'histoire de Campagnolo commence en 1926, lorsque Tullio Campagnolo, alors \u00e2g\u00e9 de 20 ans et passionn\u00e9 de cyclisme, con\u00e7oit un syst\u00e8me permettant de changer rapidement les vitesses d'un v\u00e9lo sans avoir \u00e0 d\u00e9monter la roue arri\u00e8re. C'est la premi\u00e8re id\u00e9e du rapido, l'anc\u00eatre de la bo\u00eete de vitesses moderne.<\/span><\/p>\n<p class=\"whitespace-pre-wrap\" style=\"text-align: left;\"><span style=\"font-size: 110%;\">En 1933, Tullio fonde l'atelier qui porte son nom \u00e0 Vicence, o\u00f9 il commence \u00e0 produire la premi\u00e8re bo\u00eete de vitesses brevet\u00e9e mont\u00e9e sur le guidon. Un produit r\u00e9volutionnaire, inspir\u00e9 par l'exp\u00e9rience directe de Tullio en tant que coureur. C'est ainsi que na\u00eet Campagnolo, destin\u00e9e \u00e0 marquer l'histoire des composants cyclistes.<\/span><\/p>\n<h2 style=\"text-align: left;\"><span style=\"font-size: 110%;\">Des premi\u00e8res bo\u00eetes de vitesses m\u00e9caniques aux unit\u00e9s int\u00e9gr\u00e9es<\/span><\/h2>\n<p class=\"whitespace-pre-wrap\" style=\"text-align: left;\"><span style=\"font-size: 110%;\">Au cours des ann\u00e9es suivantes, Campagnolo continue \u00e0 innover en cr\u00e9ant de nouveaux composants tels que le d\u00e9railleur arri\u00e8re, le moyeu \u00e0 blocage rapide et les poign\u00e9es en aluminium. En 1950, il cr\u00e9e le groupe Gran Sport, pr\u00e9curseur des groupes modernes.<\/span><\/p>\n<p class=\"whitespace-pre-wrap\" style=\"text-align: left;\"><span style=\"font-size: 110%;\">Dans les ann\u00e9es 1960 et 1970 sont apparus les groupes int\u00e9gr\u00e9s avec d\u00e9railleur, manettes de changement de vitesse, manivelles et roues \u00e0 rayons en aluminium. L'une des innovations les plus importantes a \u00e9t\u00e9 le syst\u00e8me Super Record de 1975, un pr\u00e9curseur du syst\u00e8me de transmission \u00e0 engrenages con\u00e7u par Colnago et consid\u00e9r\u00e9 comme une \u00e9tape importante dans l'histoire du v\u00e9lo de course.<\/span><\/p>\n<h2 style=\"text-align: left;\"><span style=\"font-size: 110%;\">L'\u00e8re des mat\u00e9riaux composites et du \"made in Italy\".<\/span><\/h2>\n<p class=\"whitespace-pre-wrap\" style=\"text-align: left;\"><span style=\"font-size: 110%;\">\u00c0 partir des ann\u00e9es 1980, Campagnolo a tir\u00e9 le meilleur parti des nouveaux mat\u00e9riaux composites tels que le carbone et le titane pour all\u00e9ger les composants et am\u00e9liorer la rigidit\u00e9 et la r\u00e9activit\u00e9.<\/span><\/p>\n<p class=\"whitespace-pre-wrap\" style=\"text-align: left;\"><span style=\"font-size: 110%;\">En 1983, il a pr\u00e9sent\u00e9 le groupe Record en carbone, plus l\u00e9ger et plus rigide que l'acier. Dans les ann\u00e9es 1990, les groupes en titane ont fait leur apparition, tandis qu'aujourd'hui la fibre de carbone domine. Campagnolo a interpr\u00e9t\u00e9 le concept du \"made in Italy\" en produisant chaque composant dans les usines italiennes, avec un savoir-faire artisanal unique.<\/span><\/p>\n<h2 style=\"text-align: left;\"><span style=\"font-size: 110%;\">L'expansion internationale et les groupes les plus avanc\u00e9s<\/span><\/h2>\n<p class=\"whitespace-pre-wrap\" style=\"text-align: left;\"><span style=\"font-size: 110%;\">\u00c0 partir des ann\u00e9es 1990, Campagnolo a entam\u00e9 un processus d'expansion commerciale et de production dans le monde entier. Des sites de production ont \u00e9t\u00e9 ouverts en Tunisie, en Roumanie et en Asie, ainsi qu'en Italie, pour r\u00e9pondre \u00e0 la demande mondiale croissante.<\/span><\/p>\n<p class=\"whitespace-pre-wrap\" style=\"text-align: left;\"><span style=\"font-size: 110%;\">L'engagement constant dans la recherche et le d\u00e9veloppement a permis de lancer des groupes de plus en plus \u00e9volu\u00e9s, comme le c\u00e9l\u00e8bre Record des ann\u00e9es 2000, jusqu'aux derni\u00e8res fronti\u00e8res technologiques du Super Record EPS et du Campagnolo 12 Speed, des groupes \u00e9lectroniques \u00e0 12 vitesses qui repr\u00e9sentent le summum de l'innovation disponible aujourd'hui.<\/span><\/p>\n<h2 style=\"text-align: left;\"><span style=\"font-size: 110%;\">La production des roues : une excellence Campagnolo<\/span><\/h2>\n<p class=\"whitespace-pre-wrap\" style=\"text-align: left;\"><span style=\"font-size: 110%;\">Depuis les ann\u00e9es 1990, Campagnolo a \u00e9tendu sa production aux roues de v\u00e9lo de haute performance, devenant ainsi une r\u00e9f\u00e9rence dans ce secteur.<\/span><\/p>\n<p class=\"whitespace-pre-wrap\" style=\"text-align: left;\"><span style=\"font-size: 110%;\">En 1994, il lance la l\u00e9gendaire roue Bora, toujours produite aujourd'hui, tandis que les ann\u00e9es 2000 voient l'arriv\u00e9e d'autres mod\u00e8les embl\u00e9matiques tels que le Shamal, l'Eurus et le Bullet, qui \u00e9quipent les v\u00e9los des plus grands professionnels.<\/span><\/p>\n<p class=\"whitespace-pre-wrap\" style=\"text-align: left;\"><span style=\"font-size: 110%;\">Les secrets de la r\u00e9ussite sont l'utilisation de mat\u00e9riaux de pointe tels que le carbone et la fibre de nylon, combin\u00e9s \u00e0 des technologies propri\u00e9taires innovantes qui ont r\u00e9volutionn\u00e9 le monde des roues de v\u00e9lo de course.<\/span><\/p>\n<h2 style=\"text-align: left;\"><span style=\"font-size: 110%;\">Culture d'entreprise : passion et recherche de l'excellence<\/span><\/h2>\n<p class=\"whitespace-pre-wrap\" style=\"text-align: left;\"><span style=\"font-size: 110%;\">Le succ\u00e8s de Campagnolo repose sur quelques \u00e9l\u00e9ments cl\u00e9s qui caract\u00e9risent la culture de cette r\u00e9alit\u00e9 industrielle italienne :<\/span><\/p>\n<ul class=\"list-disc pl-8 space-y-2\" style=\"text-align: left;\">\n<li class=\"whitespace-normal\"><span style=\"font-size: 110%;\">La passion pour le cyclisme comme raison d'\u00eatre, qui guide chaque choix. Campagnolo a \u00e9t\u00e9 cr\u00e9\u00e9e \"par des cyclistes pour des cyclistes\".<\/span><\/li>\n<li class=\"whitespace-normal\"><span style=\"font-size: 110%;\">La recherche permanente de l'excellence technologique, avec des investissements importants dans la R&amp;D. Chaque produit doit \u00e9tablir de nouvelles normes de qualit\u00e9 et de performance.<\/span><\/li>\n<li class=\"whitespace-normal\"><span style=\"font-size: 110%;\">L'esprit pionnier et l'attention port\u00e9e aux besoins des cyclistes se traduisent par des innovations utiles et efficaces.<\/span><\/li>\n<li class=\"whitespace-normal\"><span style=\"font-size: 110%;\">L'artisanat m\u00e9ticuleux et l'attention obsessionnelle port\u00e9e aux d\u00e9tails sont typiques du made in Italy.<\/span><\/li>\n<li class=\"whitespace-normal\"><span style=\"font-size: 110%;\">Un lien profond avec le territoire et la communaut\u00e9 dans laquelle Campagnolo est enracin\u00e9e depuis presque 100 ans.<\/span><\/li>\n<\/ul>\n<h2 style=\"text-align: left;\"><span style=\"font-size: 110%;\">L'avenir : technologie et durabilit\u00e9<\/span><\/h2>\n<p class=\"whitespace-pre-wrap\" style=\"text-align: left;\"><span style=\"font-size: 110%;\">Campagnolo se tourne vers l'avenir en misant sur l'innovation num\u00e9rique, l'\u00e9lectronique et les mat\u00e9riaux composites d'avant-garde. L'objectif est de cr\u00e9er les produits les plus avanc\u00e9s pour les passionn\u00e9s de cyclisme.<\/span><\/p>\n<p class=\"whitespace-pre-wrap\" style=\"text-align: left;\"><span style=\"font-size: 110%;\">Mais l'avenir, c'est aussi la durabilit\u00e9 : Campagnolo a lanc\u00e9 des projets visant \u00e0 rendre le cycle de production neutre en carbone et \u00e0 utiliser des mat\u00e9riaux recycl\u00e9s sans compromettre la qualit\u00e9 et les performances. Un d\u00e9fi qui allie technologie de pointe et respect de l'environnement.<\/span><\/p>\n<p class=\"whitespace-pre-wrap\" style=\"text-align: left;\"><span style=\"font-size: 110%;\">En presque 100 ans d'histoire, Campagnolo a \u00e9crit des pages l\u00e9gendaires de l'histoire du cyclisme, en gardant intacts la passion de ses origines et l'esprit d'innovation de Tullio Campagnolo. Aujourd'hui encore, elle guide l'\u00e9volution du cyclisme vers les d\u00e9fis du futur.<\/span><\/p>\n<h3 style=\"text-align: left;\"><span style=\"font-size: 110%;\">Demain Fr\u00e9quent :<\/span><\/h3>\n<p class=\"whitespace-pre-wrap\" style=\"text-align: left;\"><span style=\"font-size: 110%;\">D : <strong>Qui a fond\u00e9 Campagnolo et quand ?<\/strong><\/span><\/p>\n<p class=\"whitespace-pre-wrap\" style=\"text-align: left;\"><span style=\"font-size: 110%;\">R : Campagnolo a \u00e9t\u00e9 fond\u00e9e en 1933 \u00e0 Vicence par l'inventeur et cycliste Tullio Campagnolo.<\/span><\/p>\n<p class=\"whitespace-pre-wrap\" style=\"text-align: left;\"><span style=\"font-size: 110%;\">D : <strong>Quelle \u00e9tait l'intuition premi\u00e8re de Tullio Campagnolo ?<\/strong><\/span><\/p>\n<p class=\"whitespace-pre-wrap\" style=\"text-align: left;\"><span style=\"font-size: 110%;\">R : En 1927, Campagnolo a mis au point un syst\u00e8me permettant de changer rapidement de vitesse sur le v\u00e9lo sans avoir \u00e0 d\u00e9monter la roue arri\u00e8re, premi\u00e8re id\u00e9e de la bo\u00eete de vitesses moderne.<\/span><\/p>\n<p class=\"whitespace-pre-wrap\" style=\"text-align: left;\"><span style=\"font-size: 110%;\">D : <strong>Quelles ont \u00e9t\u00e9 les principales innovations de Campagnolo dans le domaine du cyclisme ?<\/strong><\/span><\/p>\n<p class=\"whitespace-pre-wrap\" style=\"text-align: left;\"><span style=\"font-size: 110%;\">R : Campagnolo a r\u00e9volutionn\u00e9 le cyclisme avec des inventions telles que le d\u00e9railleur de guidon, le d\u00e9railleur arri\u00e8re, les groupes int\u00e9gr\u00e9s et, plus r\u00e9cemment, les syst\u00e8mes \u00e9lectroniques.<\/span><\/p>\n<p class=\"whitespace-pre-wrap\" style=\"text-align: left;\"><span style=\"font-size: 110%;\">D : <strong>Quand Campagnolo a-t-elle commenc\u00e9 \u00e0 produire des roues de bicyclettes ?<\/strong><\/span><\/p>\n<p class=\"whitespace-pre-wrap\" style=\"text-align: left;\"><span style=\"font-size: 110%;\">R : La production de roues de performance a commenc\u00e9 dans les ann\u00e9es 1990 avec des mod\u00e8les embl\u00e9matiques comme la Bora en 1994.<\/span><\/p>\n<p class=\"whitespace-pre-wrap\" style=\"text-align: left;\"><span style=\"font-size: 110%;\">D : <strong>Quels sont les mat\u00e9riaux utilis\u00e9s par Campagnolo pour fabriquer ses roues ?<\/strong><\/span><\/p>\n<p class=\"whitespace-pre-wrap\" style=\"text-align: left;\"><span style=\"font-size: 110%;\">R : Campagnolo utilise des mat\u00e9riaux de pointe tels que la fibre de carbone, la fibre de nylon et des r\u00e9sines sp\u00e9ciales. Les roues allient artisanat et technologie.<\/span><\/p>\n<p class=\"whitespace-pre-wrap\" style=\"text-align: left;\"><span style=\"font-size: 110%;\">D : <strong>Quels sont les mod\u00e8les de roues Campagnolo les plus populaires ?<\/strong><\/span><\/p>\n<p class=\"whitespace-pre-wrap\" style=\"text-align: left;\"><span style=\"font-size: 110%;\">R : Les mod\u00e8les embl\u00e9matiques sont le Bora, le Shamal, l'Eurus et le Bullet, \u00e9quip\u00e9s par les meilleurs professionnels.<\/span><\/p>\n<p class=\"whitespace-pre-wrap\" style=\"text-align: left;\"><span style=\"font-size: 110%;\">D : <strong>O\u00f9 sont produites les roues Campagnolo ?<\/strong><\/span><\/p>\n<p class=\"whitespace-pre-wrap\" style=\"text-align: left;\"><span style=\"font-size: 110%;\">R : La production a lieu dans les usines Campagnolo en Italie et dans d'autres sites dans le monde, conform\u00e9ment aux normes de qualit\u00e9 de la soci\u00e9t\u00e9 m\u00e8re.<\/span><\/p>\n<p class=\"whitespace-pre-wrap\" style=\"text-align: left;\"><span style=\"font-size: 110%;\">D : <strong>Quelles sont les valeurs et la philosophie qui sous-tendent le succ\u00e8s de Campagnolo ?<\/strong><\/span><\/p>\n<p class=\"whitespace-pre-wrap\" style=\"text-align: left;\"><span style=\"font-size: 110%;\">R : Passion pour le cyclisme, recherche de l'excellence, innovation, artisanat et lien avec le territoire.<\/span><\/p>\n<p class=\"whitespace-pre-wrap\" style=\"text-align: left;\"><span style=\"font-size: 110%;\">D : <strong>Quel est l'avenir de Campagnolo ?<\/strong><\/span><\/p>\n<p class=\"whitespace-pre-wrap\" style=\"text-align: left;\"><span style=\"font-size: 110%;\">A : Campagnolo mise sur l'innovation, l'\u00e9lectronique, les mat\u00e9riaux avanc\u00e9s et la durabilit\u00e9 pour cr\u00e9er les produits du futur.<\/span><\/p>\n\t\t<\/div>\n\t\t\t\t\t<\/div>\n\n\t\n<\/div>\n\t\t<\/div>\n\n\t\t\n<style>\n#section_246701012 {\n  padding-top: 60px;\n  padding-bottom: 60px;\n  min-height: 300px;\n  background-color: rgb(245, 245, 245);\n}\n<\/style>\n\t<\/section>","protected":false},"excerpt":{"rendered":"","protected":false},"author":1,"featured_media":0,"parent":0,"menu_order":0,"comment_status":"closed","ping_status":"closed","template":"","meta":{"footnotes":""},"class_list":["post-12633","page","type-page","status-publish","hentry"],"_links":{"self":[{"href":"https:\/\/bici-bici.it\/fr\/wp-json\/wp\/v2\/pages\/12633","targetHints":{"allow":["GET"]}}],"collection":[{"href":"https:\/\/bici-bici.it\/fr\/wp-json\/wp\/v2\/pages"}],"about":[{"href":"https:\/\/bici-bici.it\/fr\/wp-json\/wp\/v2\/types\/page"}],"author":[{"embeddable":true,"href":"https:\/\/bici-bici.it\/fr\/wp-json\/wp\/v2\/users\/1"}],"replies":[{"embeddable":true,"href":"https:\/\/bici-bici.it\/fr\/wp-json\/wp\/v2\/comments?post=12633"}],"version-history":[{"count":0,"href":"https:\/\/bici-bici.it\/fr\/wp-json\/wp\/v2\/pages\/12633\/revisions"}],"wp:attachment":[{"href":"https:\/\/bici-bici.it\/fr\/wp-json\/wp\/v2\/media?parent=12633"}],"curies":[{"name":"wp","href":"https:\/\/api.w.org\/{rel}","templated":true}]}}