{"id":12462,"date":"2023-07-02T12:08:31","date_gmt":"2023-07-02T12:08:31","guid":{"rendered":"https:\/\/bici-bici.it\/?page_id=12462"},"modified":"2023-09-23T10:27:42","modified_gmt":"2023-09-23T10:27:42","slug":"bici-colnago-c68","status":"publish","type":"page","link":"https:\/\/bici-bici.it\/fr\/velo-colnago-c68\/","title":{"rendered":"V\u00e9lo Colnago C68"},"content":{"rendered":"<section class=\"section\" id=\"section_1238363114\">\n\t\t<div class=\"section-bg fill\" >\n\t\t\t\t\t\t\t\t\t\n\t\t\t\n\n\t\t<\/div>\n\n\t\t\n\n\t\t<div class=\"section-content relative\">\n\t\t\t\n<div class=\"row align-center\"  id=\"row-707940736\">\n\n\t<div id=\"col-611375586\" class=\"col medium-10 small-12 large-10\"  >\n\t\t\t\t<div class=\"col-inner text-center\"  >\n\t\t\t\n\t\t\t\n<h2><span style=\"font-size: 115%;\">V\u00c9LO COLNAGO C68<\/span><\/h2>\n<p style=\"text-align: left;\"><span style=\"font-size: 115%;\">Jetez un coup d'\u0153il au BICI Colnago C68 : le meilleur compagnon pour 2023<\/span><\/p>\n<p><img loading=\"lazy\" decoding=\"async\" class=\"alignnone size-full wp-image-12467\" src=\"https:\/\/bici-bici.it\/wp-content\/uploads\/2023\/07\/colnago-c68-22.jpg\" alt=\"Colnago c68\" width=\"970\" height=\"647\" srcset=\"https:\/\/bici-bici.it\/wp-content\/uploads\/2023\/07\/colnago-c68-22.jpg 970w, https:\/\/bici-bici.it\/wp-content\/uploads\/2023\/07\/colnago-c68-22-800x534.jpg 800w, https:\/\/bici-bici.it\/wp-content\/uploads\/2023\/07\/colnago-c68-22-64x43.jpg 64w, https:\/\/bici-bici.it\/wp-content\/uploads\/2023\/07\/colnago-c68-22-600x400.jpg 600w, https:\/\/bici-bici.it\/wp-content\/uploads\/2023\/07\/colnago-c68-22-768x512.jpg 768w, https:\/\/bici-bici.it\/wp-content\/uploads\/2023\/07\/colnago-c68-22-18x12.jpg 18w\" sizes=\"auto, (max-width: 970px) 100vw, 970px\" \/><\/p>\n<div><\/div>\n<div>Le nouveau fleuron du cyclisme made in Italy<\/div>\n<div><\/div>\n<div>Chers amateurs de v\u00e9lo, je souhaite aujourd'hui vous pr\u00e9senter un joyau local qui fait r\u00eaver les passionn\u00e9s de deux-roues : le Colnago C68. Ce v\u00e9lo de course est le dernier n\u00e9 de Colnago et devrait devenir une nouvelle r\u00e9f\u00e9rence en mati\u00e8re de performance et d'innovation technologique.<\/div>\n<div><\/div>\n<div>Commen\u00e7ons par l'\u00e9dition 2022, qui a d\u00e9j\u00e0 \u00e9tonn\u00e9 les initi\u00e9s. Au c\u0153ur du C68 se trouve le cadre en fibre de carbone, enti\u00e8rement con\u00e7u et fabriqu\u00e9 en Italie par les ing\u00e9nieurs de Colnago. Gr\u00e2ce \u00e0 l'utilisation de nouveaux mat\u00e9riaux composites, le cadre est incroyablement rigide et r\u00e9actif, pour une transmission de puissance in\u00e9gal\u00e9e aux p\u00e9dales. L'a\u00e9rodynamisme a \u00e9galement \u00e9t\u00e9 soigneusement \u00e9tudi\u00e9, avec des tubes profil\u00e9s qui permettent au C68 de \"couper\" l'air efficacement.<\/div>\n<div><\/div>\n<div>Les autres atouts du dernier C68 sont la transmission Shimano Dura-Ace, pour un d\u00e9raillage au millim\u00e8tre pr\u00e8s, et le syst\u00e8me de freinage \u00e0 disque hydraulique, qui donne de la puissance et de la souplesse au freinage. Enfin, les roues en carbone Hutchinson contribuent \u00e0 r\u00e9duire le poids total.<\/div>\n<div><\/div>\n<div>Et pour 2023 ? Il sera difficile d'am\u00e9liorer ce chef-d'\u0153uvre fabriqu\u00e9 en Italie, mais les ing\u00e9nieurs de Colnago nous ont habitu\u00e9s \u00e0 des progr\u00e8s constants. Des rumeurs font \u00e9tat de mat\u00e9riaux encore plus exclusifs pour le cadre et d'une g\u00e9om\u00e9trie r\u00e9vis\u00e9e pour augmenter l'agilit\u00e9 sur la route. Nous verrons bien !<\/div>\n<div><\/div>\n<div>Venons-en maintenant au prix. Vous l'aurez compris, pour ramener ce bijou italien chez vous, il vous faudra un investissement cons\u00e9quent. En effet, il s'agit d'un v\u00e9lo dot\u00e9 de composants et de mat\u00e9riaux haut de gamme. Mais il faut comparer le co\u00fbt avec les avantages en termes de performances, de fiabilit\u00e9 et de plaisir de conduite. Pour ceux qui recherchent ce qu'il y a de mieux, le C68 en vaut certainement la peine.<\/div>\n<div><\/div>\n<div>En r\u00e9sum\u00e9, avec son C68 <a href=\"https:\/\/www.colnago.com\/\" target=\"_blank\" rel=\"noopener\">Colnago<\/a> revient pour impressionner et lance un d\u00e9fi \u00e0 la <a href=\"https:\/\/bici-bici.it\/fr\/societe-campagnolo\/\" target=\"_blank\" rel=\"noopener\">les grands noms de la moto de course mondiale<\/a>. Un concentr\u00e9 de style, de passion et d'innovation qui ravira de nombreux passionn\u00e9s. J'ai h\u00e2te de l'essayer !<\/div>\n<div><\/div>\n<div>Jusqu'\u00e0 la prochaine fois, chers amis, bonne bicyclette.<\/div>\n\t\t<\/div>\n\t\t\t\t\t<\/div>\n\n\t\n<\/div>\n\t\t<\/div>\n\n\t\t\n<style>\n#section_1238363114 {\n  padding-top: 60px;\n  padding-bottom: 60px;\n  min-height: 300px;\n  background-color: rgb(245, 245, 245);\n}\n<\/style>\n\t<\/section>","protected":false},"excerpt":{"rendered":"","protected":false},"author":1,"featured_media":0,"parent":0,"menu_order":20,"comment_status":"closed","ping_status":"closed","template":"","meta":{"footnotes":""},"class_list":["post-12462","page","type-page","status-publish","hentry"],"_links":{"self":[{"href":"https:\/\/bici-bici.it\/fr\/wp-json\/wp\/v2\/pages\/12462","targetHints":{"allow":["GET"]}}],"collection":[{"href":"https:\/\/bici-bici.it\/fr\/wp-json\/wp\/v2\/pages"}],"about":[{"href":"https:\/\/bici-bici.it\/fr\/wp-json\/wp\/v2\/types\/page"}],"author":[{"embeddable":true,"href":"https:\/\/bici-bici.it\/fr\/wp-json\/wp\/v2\/users\/1"}],"replies":[{"embeddable":true,"href":"https:\/\/bici-bici.it\/fr\/wp-json\/wp\/v2\/comments?post=12462"}],"version-history":[{"count":0,"href":"https:\/\/bici-bici.it\/fr\/wp-json\/wp\/v2\/pages\/12462\/revisions"}],"wp:attachment":[{"href":"https:\/\/bici-bici.it\/fr\/wp-json\/wp\/v2\/media?parent=12462"}],"curies":[{"name":"wp","href":"https:\/\/api.w.org\/{rel}","templated":true}]}}