{"id":12035,"date":"2023-06-26T10:33:33","date_gmt":"2023-06-26T10:33:33","guid":{"rendered":"https:\/\/bici-bici.it\/?page_id=12035"},"modified":"2023-10-10T07:59:29","modified_gmt":"2023-10-10T07:59:29","slug":"quanto-costa-una-mtb-in-carbonio","status":"publish","type":"page","link":"https:\/\/bici-bici.it\/fr\/mtb-full-suspension\/carbone\/combien-coute-un-velo-en-carbone\/","title":{"rendered":"Combien co\u00fbte un VTT en carbone ?"},"content":{"rendered":"<section class=\"section\" id=\"section_1293074234\">\n\t\t<div class=\"section-bg fill\" >\n\t\t\t\t\t\t\t\t\t\n\t\t\t\n\n\t\t<\/div>\n\n\t\t\n\n\t\t<div class=\"section-content relative\">\n\t\t\t\n<div class=\"row align-center\"  id=\"row-1989483982\">\n\n\t<div id=\"col-883955517\" class=\"col medium-10 small-12 large-10\"  >\n\t\t\t\t<div class=\"col-inner text-center\"  >\n\t\t\t\n\t\t\t\n<h1 style=\"text-align: center;\"><span style=\"font-size: 100%;\">Combien co\u00fbte un VTT en carbone ?<\/span><\/h1>\n<div style=\"text-align: left;\">\u00a0<\/div>\n<div style=\"text-align: left;\">\n<p class=\"whitespace-pre-wrap\">Le co\u00fbt d'un VTT en fibre de carbone peut atteindre des chiffres consid\u00e9rables, variant consid\u00e9rablement en fonction de plusieurs facteurs que nous analyserons dans cet article.<\/p>\n<\/div>\n<p><a href=\"https:\/\/bici-bici.it\/fr\/mtb-full-suspension\/carbone\/\" target=\"_blank\" rel=\"noopener\">MTB Full Suspension Carbon<\/a><\/p>\n<div style=\"text-align: left;\">\n<p class=\"whitespace-pre-wrap\">Tout d'abord, le co\u00fbt de la mati\u00e8re premi\u00e8re : le carbone et les r\u00e9sines utilis\u00e9es pour fabriquer les cadres et les composants ont un prix \u00e9lev\u00e9, nettement sup\u00e9rieur \u00e0 celui des m\u00e9taux tels que l'aluminium. De plus, les processus de production des pi\u00e8ces en carbone, comme le laminage en autoclave, n\u00e9cessitent des technologies complexes et co\u00fbteuses.<\/p>\n<p class=\"whitespace-pre-wrap\">Un autre aspect d\u00e9cisif est la conception technique des cadres et des composants en carbone qui, gr\u00e2ce \u00e0 l'utilisation de logiciels avanc\u00e9s et de simulations informatiques, permet d'obtenir un faible poids combin\u00e9 \u00e0 une rigidit\u00e9 et une r\u00e9sistance excellentes. Cette phase a \u00e9galement un impact significatif sur le co\u00fbt final.<\/p>\n<p class=\"whitespace-pre-wrap\">En ce qui concerne les composants, les produits des grandes entreprises, tels que les suspensions, les freins et les transmissions, fabriqu\u00e9s \u00e0 partir de mat\u00e9riaux de haute qualit\u00e9 et de technologies innovantes, creusent l'\u00e9cart de prix par rapport aux composants moins chers.<\/p>\n<p class=\"whitespace-pre-wrap\">Le co\u00fbt de la main-d'\u0153uvre qualifi\u00e9e n\u00e9cessaire \u00e0 l'assemblage d'un v\u00e9lo en carbone n'est pas moins important, surtout s'il s'agit de marques prestigieuses qui fabriquent leurs produits dans des pays o\u00f9 le co\u00fbt de la main-d'\u0153uvre est plus \u00e9lev\u00e9.<\/p>\n<p class=\"whitespace-pre-wrap\">Enfin, l'exclusivit\u00e9 de la marque joue un r\u00f4le cl\u00e9, car les plus grandes marques peuvent se permettre d'exiger une prime consid\u00e9rable que de nombreux amateurs sont pr\u00eats \u00e0 payer pour s'assurer un certain produit jug\u00e9 exclusif et avantageux.<\/p>\n<p class=\"whitespace-pre-wrap\">En r\u00e9sum\u00e9, la fabrication d'un VTT performant enti\u00e8rement en fibre de carbone implique un investissement financier important, qui se traduit n\u00e9anmoins pour de nombreux cyclistes par une augmentation tangible et appr\u00e9ciable des performances et du plaisir de rouler. Il appartient ensuite \u00e0 chacun de d\u00e9cider de la valeur qu'il attribue \u00e0 ces facteurs et d'\u00e9tablir la d\u00e9pense maximale supportable.<\/p>\n<\/div>\n<div style=\"text-align: left;\">\n<\/div>\n<div style=\"text-align: left;\">\n<h2 style=\"text-align: center;\"><span style=\"font-size: 100%;\">Les pi\u00e8ces les plus ch\u00e8res d'un v\u00e9lo de VTT en carbone.<\/span><\/h2>\n<div>\u00a0<\/div>\n<div>\u00a0<\/div>\n<div>- Cadre : il s'agit de l'\u00e9l\u00e9ment principal et le plus co\u00fbteux. Il est enti\u00e8rement fabriqu\u00e9 en fibre de carbone gr\u00e2ce \u00e0 des processus de production complexes permettant d'obtenir r\u00e9sistance et l\u00e9g\u00e8ret\u00e9.<\/div>\n<div>\u00a0<\/div>\n<div>- Fourche suspendue : les fourches suspendues haut de gamme, dot\u00e9es de fonctions avanc\u00e9es et fabriqu\u00e9es dans des mat\u00e9riaux de haute qualit\u00e9, tels que le carbone ou le magn\u00e9sium, ont un co\u00fbt \u00e9lev\u00e9.<\/div>\n<div>\u00a0<\/div>\n<div>- Roues : roues en carbone au profil a\u00e9rodynamique avec jantes larges et l\u00e9g\u00e8res, rayons en fibre de carbone et moyeux de pr\u00e9cision pour une rigidit\u00e9 et une r\u00e9activit\u00e9 sup\u00e9rieures.<\/div>\n<div>\u00a0<\/div>\n<div>- Cha\u00eene cin\u00e9matique : composants de la cha\u00eene cin\u00e9matique en carbone et en titane l\u00e9ger, tels que les plateaux, les manivelles et les plateaux. Ils garantissent une plus grande l\u00e9g\u00e8ret\u00e9.<\/div>\n<div>\u00a0<\/div>\n<div>- D\u00e9railleurs : d\u00e9railleurs avant et arri\u00e8re construits avec des mat\u00e9riaux l\u00e9gers et une technologie avanc\u00e9e pour des changements de vitesse rapides et pr\u00e9cis.<\/div>\n<div>\u00a0<\/div>\n<div>- Freins \u00e0 disque : freins \u00e0 disque hydrauliques avec disques surdimensionn\u00e9s en carbone ou en c\u00e9ramique, \u00e9triers de frein l\u00e9gers et puissants et tuyaux tress\u00e9s en m\u00e9tal.<\/div>\n<div>\u00a0<\/div>\n<div>- Tige de selle : Tige de selle avec m\u00e9canisme t\u00e9lescopique int\u00e9gr\u00e9 pour le r\u00e9glage de la hauteur en cours de route, souvent en carbone ou en titane.<\/div>\n<div>\u00a0<\/div>\n<div>- Composants accessoires : des pi\u00e8ces telles que la potence, le guidon ou la selle en carbone permettent de gagner encore de pr\u00e9cieux grammes sur la balance.<\/div>\n<div>\u00a0<\/div>\n<div><span style=\"font-size: 100%;\">Il est important de noter que m\u00eame si ces composants sont g\u00e9n\u00e9ralement plus chers, le prix global d'une <a class=\"wpil_keyword_link\" href=\"https:\/\/bici-bici.it\/fr\/product-category\/biciclette\/mtb\/\"   title=\"VTT\" data-wpil-keyword-link=\"linked\">VTT<\/a> Le carbone peut \u00e9galement \u00eatre influenc\u00e9 par des facteurs tels que la r\u00e9putation de la marque, les innovations techniques et les avanc\u00e9es technologiques incorpor\u00e9es dans la conception du v\u00e9lo.<\/span><\/div>\n<\/div>\n<div style=\"text-align: left;\">\u00a0<\/div>\n<h3 style=\"text-align: center;\"><span style=\"font-size: 100%;\">Questions fr\u00e9quemment pos\u00e9es sur le prix des VTT en carbone<\/span><\/h3>\n<div style=\"text-align: left;\">\u00a0<\/div>\n<p style=\"text-align: left;\"><span style=\"font-size: 100%;\">Q : Combien co\u00fbte g\u00e9n\u00e9ralement un VTT en carbone ?<\/span><\/p>\n<p style=\"text-align: left;\"><span style=\"font-size: 100%;\">R : Le co\u00fbt d'un VTT en carbone peut varier en fonction de facteurs tels que la marque, le mod\u00e8le, les composants et la qualit\u00e9 g\u00e9n\u00e9rale. En moyenne, vous pouvez vous attendre \u00e0 trouver des VTT en carbone dont le prix varie entre 2 000 et 10 000 euros.<span style=\"color: #555555;\">\u00a0<\/span>ou plus.<\/span><\/p>\n<div style=\"text-align: left;\">\u00a0<\/div>\n<div style=\"text-align: left;\"><span style=\"font-size: 100%;\">Q : Existe-t-il des options abordables pour les VTT en carbone ?<\/span><\/div>\n<div style=\"text-align: left;\"><span style=\"font-size: 100%;\">R : Oui, il existe des VTT d'entr\u00e9e de gamme en carbone disponibles \u00e0 des prix inf\u00e9rieurs, \u00e0 partir de 1 000 \u00e0 3 000 TTP. Ces mod\u00e8les peuvent \u00eatre dot\u00e9s de composants de base, mais offrent tout de m\u00eame l'exp\u00e9rience d'un cadre en carbone.<\/span><\/div>\n<div style=\"text-align: left;\">\u00a0<\/div>\n<div style=\"text-align: left;\"><span style=\"font-size: 100%;\">Q : Quels sont les facteurs qui contribuent \u00e0 la diff\u00e9rence de prix des VTT en carbone ?<\/span><\/div>\n<div style=\"text-align: left;\"><span style=\"font-size: 100%;\">R : Les principaux facteurs qui influencent le prix d'un VTT en carbone sont la marque, le mat\u00e9riau du cadre (fibre de carbone), les composants (transmission, suspension, freins) et les caract\u00e9ristiques suppl\u00e9mentaires telles que les roues t\u00e9lescopiques et les tiges de selle.<\/span><\/div>\n<div style=\"text-align: left;\">\u00a0<\/div>\n<div style=\"text-align: left;\"><span style=\"font-size: 100%;\">Q : Puis-je trouver des VTT en carbone de milieu de gamme dans une fourchette de prix sp\u00e9cifique ?<\/span><\/div>\n<div style=\"text-align: left;\"><span style=\"font-size: 100%;\">R : Oui, dans la cat\u00e9gorie moyenne, les VTT en carbone se situent g\u00e9n\u00e9ralement dans une fourchette de prix allant de $ 3 000 \u00e0 $ 6 000. Ces v\u00e9los offrent des composants am\u00e9lior\u00e9s, de meilleures performances et trouvent souvent un \u00e9quilibre entre le prix et la qualit\u00e9.<\/span><\/div>\n<div style=\"text-align: left;\">\u00a0<\/div>\n<div style=\"text-align: left;\"><span style=\"font-size: 100%;\">Q : Pourquoi les VTT en carbone haut de gamme sont-ils plus chers ?<\/span><\/div>\n<div style=\"text-align: left;\"><span style=\"font-size: 100%;\">R : Les VTT haut de gamme en carbone sont \u00e9quip\u00e9s de composants haut de gamme, de syst\u00e8mes de suspension avanc\u00e9s, de cadres l\u00e9gers en carbone, de roues haut de gamme et d'autres caract\u00e9ristiques de haute performance. Ces facteurs contribuent \u00e0 la fourchette de prix plus \u00e9lev\u00e9e de $ 6 000 et plus.<\/span><\/div>\n<div style=\"text-align: left;\">\u00a0<\/div>\n<div style=\"text-align: left;\"><span style=\"font-size: 100%;\">Q : Y a-t-il des co\u00fbts suppl\u00e9mentaires \u00e0 prendre en compte lors de l'achat d'un VTT en carbone ?<\/span><\/div>\n<div style=\"text-align: left;\"><span style=\"font-size: 100%;\">R : Oui, il est important de prendre en compte les co\u00fbts suppl\u00e9mentaires potentiels tels que les accessoires (casque, p\u00e9dales, \u00e9quipement de protection), l'entretien et la maintenance, ainsi que toute personnalisation ou am\u00e9lioration que vous pourriez vouloir apporter au v\u00e9lo.<\/span><\/div>\n<div style=\"text-align: left;\">\u00a0<\/div>\n<div style=\"text-align: left;\"><span style=\"font-size: 100%;\">Q : O\u00f9 puis-je trouver les meilleures offres de VTT en carbone ?<\/span><\/div>\n<div style=\"text-align: left;\"><span style=\"font-size: 100%;\">R : Nous vous recommandons de consulter les magasins de v\u00e9los locaux, les d\u00e9taillants en ligne et les sites Web des fabricants pour conna\u00eetre les prix actuels et les promotions. Comparer les prix et rechercher les diff\u00e9rents vendeurs peut vous aider \u00e0 trouver les meilleures offres de VTT en carbone.<\/span><\/div>\n<div style=\"text-align: left;\">\u00a0<\/div>\n<div style=\"text-align: left;\"><span style=\"font-size: 100%;\">Q : Le prix d'un VTT en carbone peut-il varier en fonction de la localisation ?<\/span><\/div>\n<div style=\"text-align: left;\"><span style=\"font-size: 100%;\">R : Oui, le prix des VTT en carbone peut varier en fonction de la situation g\u00e9ographique et des conditions du march\u00e9 local. Des facteurs tels que les taxes, les droits d'importation et les co\u00fbts de transport peuvent affecter le prix final du v\u00e9lo dans diff\u00e9rentes r\u00e9gions.<\/span><\/div>\n<div style=\"text-align: left;\">\u00a0<\/div>\n<div style=\"text-align: left;\"><span style=\"font-size: 100%;\">Q : Cela vaut-il la peine d'investir dans un VTT en carbone ?<\/span><\/div>\n<div style=\"text-align: left;\"><span style=\"font-size: 100%;\">R : Investir dans un VTT en carbone peut \u00eatre int\u00e9ressant si vous \u00eates un cycliste s\u00e9rieux ou un passionn\u00e9 qui appr\u00e9cie la l\u00e9g\u00e8ret\u00e9 de la construction, l'am\u00e9lioration des performances et la r\u00e9activit\u00e9 de la conduite. Toutefois, il est essentiel de tenir compte de votre budget, de votre style de conduite et de l'usage que vous souhaitez en faire pour d\u00e9terminer si un VTT en carbone est le bon choix pour vous.<\/span><\/div>\n<div style=\"text-align: left;\">\u00a0<\/div>\n<div style=\"text-align: left;\">\u00a0<\/div>\n<div style=\"text-align: left;\">\n<h3 class=\"style-scope ytd-watch-metadata\" style=\"text-align: center;\"><span style=\"font-size: 100%;\">Fabriquer un cadre de v\u00e9lo en fibre de carbone pour un prix aussi \u00e9lev\u00e9 ?<\/p>\n<p><\/span><\/h3>\n<p>\u00a0<\/p>\n<\/div>\n<div class=\"video video-fit mb\" style=\"padding-top:56.25%;\"><p><iframe loading=\"lazy\" title=\"Fabrication d&#039;un cadre de v\u00e9lo en fibre de carbone - De la conception CAO \u00e0 la course de descente\" width=\"1020\" height=\"574\" src=\"https:\/\/www.youtube.com\/embed\/UWSePEV88tw?feature=oembed\" frameborder=\"0\" allow=\"accelerometer; autoplay; clipboard-write; encrypted-media; gyroscope; picture-in-picture; web-share\" allowfullscreen><\/iframe><\/p>\n<\/div>\n\t\t<\/div>\n\t\t\t\t\t<\/div>\n\n\t\n<\/div>\n\t\t<\/div>\n\n\t\t\n<style>\n#section_1293074234 {\n  padding-top: 60px;\n  padding-bottom: 60px;\n  min-height: 300px;\n  background-color: rgb(245, 245, 245);\n}\n<\/style>\n\t<\/section>","protected":false},"excerpt":{"rendered":"","protected":false},"author":1,"featured_media":0,"parent":12554,"menu_order":1,"comment_status":"closed","ping_status":"closed","template":"","meta":{"footnotes":""},"class_list":["post-12035","page","type-page","status-publish","hentry"],"_links":{"self":[{"href":"https:\/\/bici-bici.it\/fr\/wp-json\/wp\/v2\/pages\/12035","targetHints":{"allow":["GET"]}}],"collection":[{"href":"https:\/\/bici-bici.it\/fr\/wp-json\/wp\/v2\/pages"}],"about":[{"href":"https:\/\/bici-bici.it\/fr\/wp-json\/wp\/v2\/types\/page"}],"author":[{"embeddable":true,"href":"https:\/\/bici-bici.it\/fr\/wp-json\/wp\/v2\/users\/1"}],"replies":[{"embeddable":true,"href":"https:\/\/bici-bici.it\/fr\/wp-json\/wp\/v2\/comments?post=12035"}],"version-history":[{"count":0,"href":"https:\/\/bici-bici.it\/fr\/wp-json\/wp\/v2\/pages\/12035\/revisions"}],"up":[{"embeddable":true,"href":"https:\/\/bici-bici.it\/fr\/wp-json\/wp\/v2\/pages\/12554"}],"wp:attachment":[{"href":"https:\/\/bici-bici.it\/fr\/wp-json\/wp\/v2\/media?parent=12035"}],"curies":[{"name":"wp","href":"https:\/\/api.w.org\/{rel}","templated":true}]}}