{"id":11744,"date":"2022-08-28T08:45:40","date_gmt":"2022-08-28T08:45:40","guid":{"rendered":"https:\/\/bici-bici.it\/?page_id=11744"},"modified":"2023-06-30T06:03:36","modified_gmt":"2023-06-30T06:03:36","slug":"come-verniciare-telaio-bici","status":"publish","type":"page","link":"https:\/\/bici-bici.it\/fr\/comment-peindre-un-cadre-de-velo\/","title":{"rendered":"Comment peindre un cadre de v\u00e9lo"},"content":{"rendered":"<h1 style=\"text-align: center;\"><span style=\"font-size: 115%;\">Les r\u00e8gles Comment peindre un cadre de v\u00e9lo<\/span><\/h1>\n<div><img loading=\"lazy\" decoding=\"async\" class=\"size-full wp-image-12309 aligncenter\" src=\"https:\/\/bici-bici.it\/wp-content\/uploads\/2023\/06\/Come-Verniciare-Telaio-Bici.jpg\" alt=\"Comment peindre un cadre de v\u00e9lo\" width=\"700\" height=\"418\" srcset=\"https:\/\/bici-bici.it\/wp-content\/uploads\/2023\/06\/Come-Verniciare-Telaio-Bici.jpg 700w, https:\/\/bici-bici.it\/wp-content\/uploads\/2023\/06\/Come-Verniciare-Telaio-Bici-64x38.jpg 64w, https:\/\/bici-bici.it\/wp-content\/uploads\/2023\/06\/Come-Verniciare-Telaio-Bici-670x400.jpg 670w, https:\/\/bici-bici.it\/wp-content\/uploads\/2023\/06\/Come-Verniciare-Telaio-Bici-18x12.jpg 18w\" sizes=\"auto, (max-width: 700px) 100vw, 700px\" \/><\/div>\n<div><\/div>\n<div><span style=\"font-size: 115%;\">L'une des questions les plus fr\u00e9quemment pos\u00e9es est la suivante : comment peindre un cadre de v\u00e9lo ? Voici le guide complet qui vous aidera \u00e0 terminer le travail de peinture et \u00e0 redonner \u00e0 votre v\u00e9lo l'aspect du neuf.<\/span><\/div>\n<div><\/div>\n<h2><span style=\"font-size: 115%;\">D\u00e9montage du cadre de bicyclette :<\/span><\/h2>\n<div><\/div>\n<div><span style=\"font-size: 115%;\">M\u00eame si vous \u00eates tent\u00e9 de commencer \u00e0 peindre le cadre de votre VTT sans le d\u00e9monter, ne le faites jamais. Vous g\u00e2cheriez l'aspect g\u00e9n\u00e9ral de votre v\u00e9lo et le regretteriez plus tard. La premi\u00e8re chose \u00e0 faire pour peindre le cadre est de d\u00e9monter le v\u00e9lo jusqu'\u00e0 ce que vous obteniez le cadre.<\/span><\/div>\n<div><\/div>\n<div><span style=\"font-size: 115%;\">Tout ce qui est reli\u00e9 au cadre doit \u00eatre retir\u00e9. Cela comprend la selle, la cha\u00eene de roue, le d\u00e9railleur et tout le reste. Pour les d\u00e9monter, vous aurez besoin de<\/span><\/div>\n<div><\/div>\n<div><span style=\"font-size: 115%;\">Outil \u00e0 cha\u00eene<\/span><\/div>\n<div><span style=\"font-size: 115%;\">Allen Welnch (4mm, 5mm et 6mm)<\/span><\/div>\n<div><span style=\"font-size: 115%;\">Cl\u00e9 \u00e0 douille<\/span><\/div>\n<div><span style=\"font-size: 115%;\">Cl\u00e9 \u00e0 croissant<\/span><\/div>\n<div><\/div>\n<div><span style=\"font-size: 115%;\">Pour la peinture, vous aurez besoin d'une couche transparente. J'ai utilis\u00e9 :<\/span><\/div>\n<div><\/div>\n<div><span style=\"font-size: 115%;\">Bleu Krylon Dual<\/span><\/div>\n<div><span style=\"font-size: 115%;\">Krylon Clear Coat<\/span><\/div>\n<div><\/div>\n<div><span style=\"font-size: 115%;\">Avec ces outils, vous y arriverez. Ce qu'il y a de bien avec les v\u00e9los, c'est que toutes les pi\u00e8ces \u00e0 d\u00e9monter sont faciles \u00e0 trouver. Vous avez un trou dans lequel vous pouvez utiliser une cl\u00e9 Allen ? Alors, utilisez une cl\u00e9 Allen ! Il faudra v\u00e9rifier les freins \u00e0 disque, la potence du guidon et les porte-bouteilles. Utilisez la cl\u00e9 \u00e0 douille pour vous d\u00e9barrasser des bras et la cl\u00e9 \u00e0 croissant pour d\u00e9monter la fourche avant et la cl\u00e9 \u00e0 cha\u00eene pour r\u00e9parer la cha\u00eene du v\u00e9lo.<\/span><\/div>\n<div><\/div>\n<div><span style=\"font-size: 115%;\">Si vous en \u00eates \u00e0 vos premiers pas dans ce domaine, veillez \u00e0 faire attention \u00e0 toutes les pi\u00e8ces que vous retirez, car vous devrez les restituer plus tard. Veillez \u00e0 conserver toutes les pi\u00e8ces. Il est facile de faire tomber de petites pi\u00e8ces en cours de route.<\/span><\/div>\n<div><\/div>\n<h2><span style=\"font-size: 115%;\">Nettoyer le cadre du VTT :<\/span><\/h2>\n<div><\/div>\n<div><span style=\"font-size: 115%;\">Avant de commencer \u00e0 peindre le cadre du v\u00e9lo, vous devez le nettoyer soigneusement pour \u00e9liminer toute trace de graisse ou de salet\u00e9. Ce nettoyage peut \u00eatre aussi simple que l'utilisation d'un chiffon humide sur le cadre. Mais dans certains cas, vous pouvez aussi avoir besoin de produits sp\u00e9cifiques pour \u00e9liminer la graisse. L'\u00e9tat dans lequel vous conservez votre v\u00e9lo est le principal facteur d\u00e9terminant.<\/span><\/div>\n<div><\/div>\n<div><span style=\"font-size: 115%;\">Lire aussi : comment construire un cadre de v\u00e9lo ?<\/span><\/div>\n<h3><span style=\"font-size: 115%;\">Utilisez du papier de verre :<\/span><\/h3>\n<div><span style=\"font-size: 115%;\">Vous devrez secouer l'ancienne peinture pour que la nouvelle puisse \u00eatre appliqu\u00e9e. Frottez le cadre avec du papier de verre et vous aurez fait le travail. Ne frottez pas trop fort pour enlever toute la peinture ; quelques minutes de lavage suffiront.<\/span><\/div>\n<div><\/div>\n<div><span style=\"font-size: 115%;\">J'ai choisi un grain de 150, mais j'aurais pu utiliser un grain encore plus fin. L'id\u00e9e est de donner \u00e0 la peinture une surface lisse sur laquelle elle peut s'accrocher, mais pas d'enlever toute la peinture pr\u00e9c\u00e9dente.<\/span><\/div>\n<div><\/div>\n<div><span style=\"font-size: 115%;\">Couvrez tout ce que vous ne voulez pas peindre :<\/span><\/div>\n<div><\/div>\n<div><span style=\"font-size: 115%;\">Il peut y avoir des logos ou des autocollants que vous ne voulez pas ab\u00eemer avec une nouvelle peinture, vous pouvez les couvrir avec n'importe quoi, de sorte que la peinture ne les touche pas. Du ruban adh\u00e9sif ou des sacs \u00e0 provisions peuvent \u00eatre les bons accessoires pour cacher tous ces composants de v\u00e9lo.<\/span><\/div>\n<h3><span style=\"font-size: 115%;\">Peinture :<\/span><\/h3>\n<div><span style=\"font-size: 115%;\">Il est maintenant temps de peindre. Vous pouvez suspendre le cadre entier avec quelque chose pour obtenir une vue claire. Si vous ne disposez pas d'un bon endroit pour suspendre le cadre, vous pouvez le placer sur le sol (n'oubliez pas de le recouvrir de papier ou d'une feuille de plastique).<\/span><\/div>\n<div><\/div>\n<div><span style=\"font-size: 115%;\">Appliquez au moins 3 couches de peinture. Apr\u00e8s chaque couche, attendez 5 minutes et laissez s\u00e9cher la premi\u00e8re couche.<\/span><\/div>\n<div><\/div>\n<div><span style=\"font-size: 115%;\">Lire aussi : Comment souder un cadre de v\u00e9lo ?<\/span><\/div>\n<p><span style=\"font-size: 115%;\"><div class=\"video video-fit mb\" style=\"padding-top:56.25%;\"><p><iframe loading=\"lazy\" title=\"peindre un v\u00e9lo \u00e0 la bombe \u00e0 la maison avec un bricolage de qualit\u00e9 sup\u00e9rieure\" width=\"1020\" height=\"574\" src=\"https:\/\/www.youtube.com\/embed\/rsD3E0b6mko?feature=oembed\" frameborder=\"0\" allow=\"accelerometer; autoplay; clipboard-write; encrypted-media; gyroscope; picture-in-picture\" allowfullscreen><\/iframe><\/p>\n<\/div><\/span><\/p>\n<h3><\/h3>\n<h3><span style=\"font-size: 115%;\">Bombe a\u00e9rosol ou pistolet \u00e0 peinture<\/span><\/h3>\n<div><span style=\"font-size: 115%;\">Peindre est simple, mais il est important de prendre le temps d'\u00e9valuer la m\u00e9thode la plus efficace pour accomplir cette t\u00e2che. Les bombes a\u00e9rosols sont la m\u00e9thode la moins co\u00fbteuse pour redonner un aspect neuf aux cadres, mais tout ce qui brille n'est pas de l'or. En effet, l'uniformit\u00e9 de la pulv\u00e9risation et la qualit\u00e9 du rev\u00eatement sont des facteurs qui peuvent avoir une incidence n\u00e9gative sur le r\u00e9sultat final de la peinture et qui augmentent consid\u00e9rablement le risque d'erreur. De plus, leur co\u00fbt n'est pas non plus n\u00e9gligeable ! Un investissement un peu plus co\u00fbteux vous permettra de disposer d'un petit compresseur d'air et d'un pistolet siffleur. Cette option vous permettra de r\u00e9gler la quantit\u00e9 d'air qui s'\u00e9chappe du pistolet et se disperse sur l'ensemble de la couche.<\/span><\/div>\n<div><\/div>\n<h2><span style=\"font-size: 115%;\">Conseils de peinture<\/span><\/h2>\n<div><span style=\"font-size: 115%;\">Quelle que soit votre m\u00e9thode pr\u00e9f\u00e9r\u00e9e, une fois que vous avez s\u00e9lectionn\u00e9 l'outil de peinture, commencez \u00e0 parcourir la surface jusqu'\u00e0 ce qu'elle soit enti\u00e8rement recouverte d'une l\u00e9g\u00e8re couche de peinture. Vous ne voyez toujours pas la premi\u00e8re nuance ? Ne vous inqui\u00e9tez pas, la meilleure technique consiste \u00e0 appliquer plusieurs couches fines plut\u00f4t qu'une seule couche \u00e9paisse. Prenez 20 minutes entre chaque application, vous n'obtiendrez de la qualit\u00e9 que si vous respectez le temps de s\u00e9chage. Il n'y a pas de quantit\u00e9 fixe de couches fines, il s'agit de continuer jusqu'\u00e0 ce que le cadre pr\u00e9c\u00e9dent soit enti\u00e8rement recouvert. Soyez patient et vous serez r\u00e9compens\u00e9. Plus important encore, lorsque vous peignez, d\u00e9placez la source de pulv\u00e9risation au maximum sans vous approcher suffisamment du cadre pour \u00e9viter les gouttes.<\/span><\/div>\n<div><\/div>\n<div><span style=\"font-size: 115%;\">Quelle est la meilleure m\u00e9thode pour prot\u00e9ger le v\u00e9lo de la corrosion et le faire briller ? R\u00e9p\u00e9tez le processus, en laissant du temps entre chaque application, et r\u00e9p\u00e9tez le processus trois fois.<\/span><\/div>\n<div><\/div>\n<div><span style=\"font-size: 115%;\">Votre v\u00e9lo est maintenant pr\u00eat \u00e0 reposer pendant 24 heures et \u00e0 s\u00e9cher parfaitement.<\/span><\/div>\n<div><\/div>\n<h2><span style=\"font-size: 115%;\">Remontage du v\u00e9lo<\/span><\/h2>\n<div>\n<p><span style=\"font-size: 115%;\">Commencez par retirer les rubans de peintre que vous avez plac\u00e9s pr\u00e9c\u00e9demment et si vous avez termin\u00e9 la proc\u00e9dure d'enregistrement, vous ne devriez plus voir de cercueils. L'ensemble des composants que vous avez retir\u00e9s avant de le mettre sur le dos. Fourche et selle avant, guidon, freins, d\u00e9railleurs avant et arri\u00e8re gauche et droit durcis, ainsi que le p\u00e9dalier et les roues.<\/span><\/p>\n<div><\/div>\n<div><span style=\"font-size: 115%;\">Faites un tour sur votre nouvelle bicyclette \u00e9l\u00e9gante !<\/span><\/div>\n<div><\/div>\n<h2><span style=\"font-size: 115%;\">Le cadre du v\u00e9lo est pr\u00eat :<\/span><\/h2>\n<div><span style=\"font-size: 115%;\">Laissez s\u00e9cher compl\u00e8tement la pi\u00e8ce pay\u00e9e avant de remettre les autres pi\u00e8ces en place. Cela ne vous prendra pas beaucoup de temps. Votre ancien v\u00e9lo avec une nouvelle peinture est pr\u00eat pour Rick.<\/span><\/div>\n<\/div>","protected":false},"excerpt":{"rendered":"<p>Le Regole Come Verniciare Telaio Bici Una delle domande pi\u00f9 frequenti \u00e8: come dipingere un telaio per biciclette? Ecco la guida completa per aiutarti a finire il lavoro di verniciatura e far sembrare di nuovo la tua bici. Smontaggio Telaio Bici: Non importa quanto tu sia tentato di iniziare a dipingere la cornice della mountain [&#8230;]\n","protected":false},"author":1,"featured_media":12309,"parent":0,"menu_order":25,"comment_status":"closed","ping_status":"closed","template":"","meta":{"footnotes":""},"class_list":["post-11744","page","type-page","status-publish","has-post-thumbnail","hentry"],"_links":{"self":[{"href":"https:\/\/bici-bici.it\/fr\/wp-json\/wp\/v2\/pages\/11744","targetHints":{"allow":["GET"]}}],"collection":[{"href":"https:\/\/bici-bici.it\/fr\/wp-json\/wp\/v2\/pages"}],"about":[{"href":"https:\/\/bici-bici.it\/fr\/wp-json\/wp\/v2\/types\/page"}],"author":[{"embeddable":true,"href":"https:\/\/bici-bici.it\/fr\/wp-json\/wp\/v2\/users\/1"}],"replies":[{"embeddable":true,"href":"https:\/\/bici-bici.it\/fr\/wp-json\/wp\/v2\/comments?post=11744"}],"version-history":[{"count":0,"href":"https:\/\/bici-bici.it\/fr\/wp-json\/wp\/v2\/pages\/11744\/revisions"}],"wp:featuredmedia":[{"embeddable":true,"href":"https:\/\/bici-bici.it\/fr\/wp-json\/wp\/v2\/media\/12309"}],"wp:attachment":[{"href":"https:\/\/bici-bici.it\/fr\/wp-json\/wp\/v2\/media?parent=11744"}],"curies":[{"name":"wp","href":"https:\/\/api.w.org\/{rel}","templated":true}]}}