{"id":11245,"date":"2021-12-24T22:22:05","date_gmt":"2021-12-24T22:22:05","guid":{"rendered":"https:\/\/bici-bici.it\/?page_id=11245"},"modified":"2023-06-30T05:40:29","modified_gmt":"2023-06-30T05:40:29","slug":"cassette-pacco-pignoni","status":"publish","type":"page","link":"https:\/\/bici-bici.it\/fr\/cassettes-a-pignons\/","title":{"rendered":"Cassettes et pignons de v\u00e9lo"},"content":{"rendered":"<p><span style=\"font-size: 115%;\"><div class=\"container section-title-container\" ><h2 class=\"section-title section-title-normal\"><b><\/b><span class=\"section-title-main\" >Cassettes et pignons pour v\u00e9los<\/span><b><\/b><\/h2><\/div><\/span><\/p>\n<p><span style=\"font-size: 115%;\">Avec plus de 50 options disponibles sur bici-bici.com, naviguer parmi les diff\u00e9rents packs de pignons et cassettes de v\u00e9lo peut sembler \u00eatre un processus d\u00e9courageant. Cependant, avec quelques connaissances de base, vous serez en mesure de faire un achat \u00e9clair\u00e9 (et pr\u00e9cis).<\/span><\/p>\n<p><span style=\"font-size: 115%;\">\t\n  \n    <div class=\"row large-columns-4 medium-columns-3 small-columns-2 row-small slider row-slider slider-nav-reveal slider-nav-push\"  data-flickity-options='{&quot;imagesLoaded&quot;: true, &quot;groupCells&quot;: &quot;100%&quot;, &quot;dragThreshold&quot; : 5, &quot;cellAlign&quot;: &quot;left&quot;,&quot;wrapAround&quot;: true,&quot;prevNextButtons&quot;: true,&quot;percentPosition&quot;: true,&quot;pageDots&quot;: false, &quot;rightToLeft&quot;: false, &quot;autoPlay&quot; : false}' >\n\n  \n\t     <div class=\"product-small col has-hover product type-product post-12380 status-publish first instock product_cat-da-corsa product_cat-ammortizzatore product_cat-bici-bambini product_cat-biciclette product_cat-elettriche product_cat-biciclette-gravel product_cat-mtb product_cat-cassette-e-pacco-pignoni product_cat-city-bike product_cat-cyclocross-frame-carbon product_cat-deragliatore product_cat-fat-bike product_cat-forcelle-mtb product_cat-gravel-frameset-carbon product_cat-guarniture-e-pedivelle product_cat-men-pants product_cat-mtb-frame-carbon product_cat-pants product_cat-ricambi-bici product_cat-road-frameset-carbon product_cat-ruote-complete-e-raggi product_cat-ski-snowboard product_cat-selle product_cat-tacchette product_cat-telai product_cat-triathlon-frameset-carbon has-post-thumbnail sale taxable shipping-taxable purchasable product-type-simple\">\n\t<div class=\"col-inner\">\n\t\n<div class=\"badge-container absolute left top z-1\">\n<div class=\"callout badge badge-circle\"><div class=\"badge-inner secondary on-sale\"><span class=\"onsale\" data-no-translation=\"\" data-trp-gettext=\"\">Promo\u00a0!<\/span><\/div><\/div>\n<\/div>\n\t<div class=\"product-small box\">\n\t\t<div class=\"box-image\">\n\t\t\t<div class=\"image-fade_in_back\">\n\t\t\t\t<a href=\"https:\/\/bici-bici.it\/fr\/product\/niner-rlt-e9-rdo-4-star-28-11-fach-2021-2022-herren-gravel-e-fahrrad-carbon-59\/\" aria-label=\"Niner RLT E9 RDO 4-STAR 28&quot; 11 Fach 2021\/2022 Herren Gravel E-Fahrrad\/Carbon 59\">\n\t\t\t\t\t<img loading=\"lazy\" decoding=\"async\" width=\"500\" height=\"500\" src=\"https:\/\/bici-bici.it\/wp-content\/uploads\/2023\/06\/Niner-RLT-E9-RDO-4-STAR-28.jpg\" class=\"attachment-woocommerce_thumbnail size-woocommerce_thumbnail\" alt=\"Niner RLT E9 RDO 4-STAR 28&quot;\" srcset=\"https:\/\/bici-bici.it\/wp-content\/uploads\/2023\/06\/Niner-RLT-E9-RDO-4-STAR-28.jpg 500w, https:\/\/bici-bici.it\/wp-content\/uploads\/2023\/06\/Niner-RLT-E9-RDO-4-STAR-28-100x100.jpg 100w, https:\/\/bici-bici.it\/wp-content\/uploads\/2023\/06\/Niner-RLT-E9-RDO-4-STAR-28-64x64.jpg 64w, https:\/\/bici-bici.it\/wp-content\/uploads\/2023\/06\/Niner-RLT-E9-RDO-4-STAR-28-400x400.jpg 400w, https:\/\/bici-bici.it\/wp-content\/uploads\/2023\/06\/Niner-RLT-E9-RDO-4-STAR-28-280x280.jpg 280w, https:\/\/bici-bici.it\/wp-content\/uploads\/2023\/06\/Niner-RLT-E9-RDO-4-STAR-28-12x12.jpg 12w\" sizes=\"auto, (max-width: 500px) 100vw, 500px\" \/>\t\t\t\t<\/a>\n\t\t\t<\/div>\n\t\t\t<div class=\"image-tools is-small top right show-on-hover\">\n\t\t\t\t\t\t\t<\/div>\n\t\t\t<div class=\"image-tools is-small hide-for-small bottom left show-on-hover\">\n\t\t\t\t\t\t\t<\/div>\n\t\t\t<div class=\"image-tools grid-tools text-center hide-for-small bottom hover-slide-in show-on-hover\">\n\t\t\t\t  <a class=\"quick-view\" data-prod=\"12380\" href=\"#quick-view\">Aper\u00e7u<\/a>\t\t\t<\/div>\n\t\t\t\t\t<\/div>\n\n\t\t<div class=\"box-text box-text-products\">\n\t\t\t<div class=\"title-wrapper\">\t\t<p class=\"category uppercase is-smaller no-text-overflow product-cat op-7\">\n\t\t\tBicyclettes de course\t\t<\/p>\n\t<p class=\"name product-title woocommerce-loop-product__title\"><a href=\"https:\/\/bici-bici.it\/fr\/product\/niner-rlt-e9-rdo-4-star-28-11-fach-2021-2022-herren-gravel-e-fahrrad-carbon-59\/\" class=\"woocommerce-LoopProduct-link woocommerce-loop-product__link\">Niner RLT E9 RDO 4-STAR 28\u2033 11 Fach 2021\/2022 Herren Gravel E-Fahrrad\/Carbon 59<\/a><\/p><\/div><div class=\"price-wrapper\">\n\t<span class=\"price\"><del aria-hidden=\"true\"><span class=\"woocommerce-Price-amount amount\"><bdi>5.800,00&nbsp;<span class=\"woocommerce-Price-currencySymbol\">\u20ac<\/span><\/bdi><\/span><\/del> <span class=\"screen-reader-text\" data-no-translation=\"\" data-trp-gettext=\"\">Le prix initial \u00e9tait\u00a0: 5.800,00&nbsp;&euro;.<\/span><ins aria-hidden=\"true\"><span class=\"woocommerce-Price-amount amount\"><bdi>4.785,00&nbsp;<span class=\"woocommerce-Price-currencySymbol\">\u20ac<\/span><\/bdi><\/span><\/ins><span class=\"screen-reader-text\" data-no-translation=\"\" data-trp-gettext=\"\">Le prix actuel est\u00a0: 4.785,00&nbsp;&euro;.<\/span><\/span>\n<\/div>\t\t<\/div>\n\t<\/div>\n\t\t<\/div>\n<\/div><\/div><\/span><\/p>\n<h2><span style=\"font-size: 115%;\">Diff\u00e9rence entre les cassettes et les pignons<\/span><\/h2>\n<p><span style=\"font-size: 115%;\">Il est important de conna\u00eetre les diff\u00e9rences entre les pignons et les cassettes de v\u00e9lo. A <a href=\"https:\/\/bici-bici.it\/fr\/product-category\/ricambi-bici\/cassette-e-pacco-pignoni\/\">bo\u00eete de vitesses \u00e0 pignon<\/a> (Le pignon est une roue m\u00e9tallique usin\u00e9e, dont les dents sont reli\u00e9es \u00e0 une cha\u00eene, qui aide \u00e0 faire avancer le v\u00e9lo. Une cassette (\u00e9galement appel\u00e9e jeu de pignons) est essentiellement un ensemble de pignons group\u00e9s qui fonctionnent ensemble pour fournir une gamme d'options de changement de vitesse qui vous permettent de p\u00e9daler avec aisance sur votre v\u00e9lo sans avoir besoin d'appuyer sur les p\u00e9dales ou d'\u00eatre compl\u00e8tement d\u00e9synchronis\u00e9 par rapport aux conditions.<\/span><\/p>\n<p><span style=\"font-size: 115%;\">\t<div class=\"img has-hover x md-x lg-x y md-y lg-y\" id=\"image_1469276874\">\n\t\t\t\t\t\t\t\t<div class=\"img-inner dark\" >\n\t\t\t<img loading=\"lazy\" decoding=\"async\" width=\"660\" height=\"660\" src=\"https:\/\/bici-bici.it\/wp-content\/uploads\/2021\/12\/Shimano-105-CS-5700-10-Speed-Cassette.jpg\" class=\"attachment-large size-large\" alt=\"Cassette 10 vitesses Shimano 105 CS 5700\" srcset=\"https:\/\/bici-bici.it\/wp-content\/uploads\/2021\/12\/Shimano-105-CS-5700-10-Speed-Cassette.jpg 660w, https:\/\/bici-bici.it\/wp-content\/uploads\/2021\/12\/Shimano-105-CS-5700-10-Speed-Cassette-100x100.jpg 100w, https:\/\/bici-bici.it\/wp-content\/uploads\/2021\/12\/Shimano-105-CS-5700-10-Speed-Cassette-64x64.jpg 64w, https:\/\/bici-bici.it\/wp-content\/uploads\/2021\/12\/Shimano-105-CS-5700-10-Speed-Cassette-800x800.jpg 800w, https:\/\/bici-bici.it\/wp-content\/uploads\/2021\/12\/Shimano-105-CS-5700-10-Speed-Cassette-280x280.jpg 280w\" sizes=\"auto, (max-width: 660px) 100vw, 660px\" \/>\t\t\t\t\t\t\n\t\t\t\t\t<\/div>\n\t\t\t\t\t\t\t\t\n<style>\n#image_1469276874 {\n  width: 100%;\n}\n<\/style>\n\t<\/div>\n\t<\/span><\/p>\n<p><span style=\"font-size: 115%;\">Ils sont g\u00e9n\u00e9ralement dot\u00e9s d'une s\u00e9rie de rainures permettant une connexion s\u00fbre entre le moyeu et la cassette, qui est le composant de votre v\u00e9lo qui convertit la puissance de vos p\u00e9dales en pouss\u00e9e vers l'avant de la roue arri\u00e8re. La cassette est normalement fix\u00e9e au moyeu par une bague de verrouillage allong\u00e9e. Toute personne \u00e0 la recherche d'un jeu de pignons essaiera probablement de construire un jeu de pignons. <a href=\"https:\/\/bici-bici.it\/fr\/2022\/08\/02\/sella-per-bicicletta\/\">une bicyclette<\/a> La plupart des cyclistes recherchent des cassettes en raison de leurs capacit\u00e9s multi-vitesses. <\/span><\/p>\n<p><span style=\"font-size: 115%;\">Il faut garder \u00e0 l'esprit que les petits groupes de pignons (avec des dents plus petites) rendent le p\u00e9dalage difficile, mais permettent \u00e9galement d'atteindre des vitesses plus \u00e9lev\u00e9es, tandis que les grands groupes de pignons (avec plus de dents) peuvent \u00eatre mont\u00e9s plus facilement, ce qui les rend adapt\u00e9s \u00e0 l'escalade \u00e0 des vitesses plus faibles. Les cassettes sont g\u00e9n\u00e9ralement repr\u00e9sent\u00e9es par le nombre de dents sup\u00e9rieur et inf\u00e9rieur du groupe. Les exemples les plus courants pour les v\u00e9los de route sont les suivants : 11-25, 11, 28 et 11-30 avec <strong>Shimano<\/strong> Ultegr. Shimano Ultegr, une s\u00e9rie. Les VTT sont 10-50 La cassette <strong>SRAM<\/strong> Eagle est la plus populaire. Certaines cassettes peuvent \u00eatre utilis\u00e9es sur tous les v\u00e9los et leurs transmissions. On distingue les VTT (Shimano XT, Shimano XTR, SRAM Eagle) des v\u00e9los de route (SRAM Red, SRAM Rival, Shimano Dura Ace et Shimano 105) et le nombre de vitesses (ou de pignons) de la cha\u00eene actuelle, qui est g\u00e9n\u00e9ralement de 11,11 pour les v\u00e9los de route et de 12 pour les VTT.<\/span><\/p>\n<p><span style=\"font-size: 115%;\">  <style>\n    #cats-1269909647 .grid-col-1{height: 600px}\n    #cats-1269909647 .grid-col-1-2{height: 300px}\n    #cats-1269909647 .grid-col-1-3{height:200px}\n    #cats-1269909647 .grid-col-2-3{height: 400px}\n    #cats-1269909647 .grid-col-1-4{height: 150px}\n    #cats-1269909647 .grid-col-3-4{height: 450px}\n\n\n        \/* Tablet *\/\n    @media (max-width: 850px){\n      #cats-1269909647 .grid-col-1{height: 400px}\n      #cats-1269909647 .grid-col-1-2{height: 200px}\n      #cats-1269909647 .grid-col-1-3{height:133.33333333333px}\n      #cats-1269909647 .grid-col-2-3{height: 266.66666666667px}\n      #cats-1269909647 .grid-col-1-4{height: 100px}\n      #cats-1269909647 .grid-col-3-4{height: 300px}\n    }\n    \n        \/* Mobile *\/\n    @media (max-width: 550px){\n      #cats-1269909647 .grid-col-1{height: 400px}\n      #cats-1269909647 .grid-col-1-2{height: 200px}\n      #cats-1269909647 .grid-col-1-3{height:133.33333333333px}\n      #cats-1269909647 .grid-col-2-3{height: 266.66666666667px}\n      #cats-1269909647 .grid-col-1-4{height: 100px}\n      #cats-1269909647 .grid-col-3-4{height: 300px}\n    }\n    \n\n  <\/style>\n  \n  \n    <div id=\"cats-1269909647\" class=\"row row-small row-grid\" data-packery-options='{\"itemSelector\": \".col\", \"gutter\": 0, \"presentageWidth\" : true}'>\n\n  <div class=\"product-category col grid-col grid-col-1 large-6 medium-12\" data-animate=\"fadeInLeft\">\n            <div class=\"col-inner\">\n              <a aria-label=\"Acc\u00e9der \u00e0 la cat\u00e9gorie de produits Abbigliamento\" href=\"https:\/\/bici-bici.it\/fr\/product-category\/vetements\/\" data-no-translation-aria-label=\"\">                <div class=\"box box-category has-hover box-overlay dark box-text-middle\">\n                <div class=\"box-image\" >\n                  <div class=\"\" >\n                  <img loading=\"lazy\" decoding=\"async\" src=\"https:\/\/bici-bici.it\/wp-content\/uploads\/2022\/08\/clothes-600x600-1.jpg\" alt=\"V\u00eatements\" width=\"300\" height=\"300\" \/>                  <div class=\"overlay\" style=\"background-color: rgba(38, 38, 38, 0.16)\"><\/div>                                    <\/div>\n                <\/div>\n                <div class=\"box-text text-center is-large\" >\n                  <div class=\"box-text-inner\">\n                      <h5 class=\"uppercase header-title\">\n                              V\u00eatements                      <\/h5>\n                                            <p class=\"is-xsmall uppercase count show-on-hover hover-reveal reveal-small\">\n\t                      1 Produit                      <\/p>\n                                            \n                  <\/div>\n                <\/div>\n                <\/div>\n            <\/a>            <\/div>\n            <\/div><div class=\"product-category col grid-col grid-col-1-2 large-6 medium-6\" data-animate=\"fadeInLeft\">\n            <div class=\"col-inner\">\n              <a aria-label=\"Acc\u00e9der \u00e0 la cat\u00e9gorie de produits Accessori\" href=\"https:\/\/bici-bici.it\/fr\/product-category\/accessoires-pour-bicyclettes\/\" data-no-translation-aria-label=\"\">                <div class=\"box box-category has-hover box-overlay dark box-text-middle\">\n                <div class=\"box-image\" >\n                  <div class=\"\" >\n                  <img loading=\"lazy\" decoding=\"async\" src=\"https:\/\/bici-bici.it\/wp-content\/uploads\/2022\/08\/accessories-600x600-1-400x400.png\" alt=\"Accessoires\" width=\"300\" height=\"300\" \/>                  <div class=\"overlay\" style=\"background-color: rgba(38, 38, 38, 0.16)\"><\/div>                                    <\/div>\n                <\/div>\n                <div class=\"box-text text-center is-large\" >\n                  <div class=\"box-text-inner\">\n                      <h5 class=\"uppercase header-title\">\n                              Accessoires                      <\/h5>\n                                            <p class=\"is-xsmall uppercase count show-on-hover hover-reveal reveal-small\">\n\t                      1 Produit                      <\/p>\n                                            \n                  <\/div>\n                <\/div>\n                <\/div>\n            <\/a>            <\/div>\n            <\/div><div class=\"product-category col grid-col grid-col-1-2 large-3 medium-6\" data-animate=\"fadeInLeft\">\n            <div class=\"col-inner\">\n              <a aria-label=\"Acc\u00e9der \u00e0 la cat\u00e9gorie de produits Biciclette\" href=\"https:\/\/bici-bici.it\/fr\/product-category\/velos\/\" data-no-translation-aria-label=\"\">                <div class=\"box box-category has-hover box-overlay dark box-text-middle\">\n                <div class=\"box-image\" >\n                  <div class=\"\" >\n                  <img loading=\"lazy\" decoding=\"async\" src=\"https:\/\/bici-bici.it\/wp-content\/uploads\/2022\/08\/bicicle.jpg\" alt=\"Bicyclettes\" width=\"300\" height=\"300\" \/>                  <div class=\"overlay\" style=\"background-color: rgba(38, 38, 38, 0.16)\"><\/div>                                    <\/div>\n                <\/div>\n                <div class=\"box-text text-center is-large\" >\n                  <div class=\"box-text-inner\">\n                      <h5 class=\"uppercase header-title\">\n                              Bicyclettes                      <\/h5>\n                                            <p class=\"is-xsmall uppercase count show-on-hover hover-reveal reveal-small\">\n\t                      57 Produits                      <\/p>\n                                            \n                  <\/div>\n                <\/div>\n                <\/div>\n            <\/a>            <\/div>\n            <\/div><div class=\"product-category col grid-col grid-col-1-2 large-3 medium-6\" data-animate=\"fadeInLeft\">\n            <div class=\"col-inner\">\n              <a aria-label=\"Acc\u00e9der \u00e0 la cat\u00e9gorie de produits Cyclocross Frame \/ Carbon\" href=\"https:\/\/bici-bici.it\/fr\/product-category\/cadre-cyclocross-carbone\/\" data-no-translation-aria-label=\"\">                <div class=\"box box-category has-hover box-overlay dark box-text-middle\">\n                <div class=\"box-image\" >\n                  <div class=\"\" >\n                  <img loading=\"lazy\" decoding=\"async\" src=\"https:\/\/bici-bici.it\/wp-content\/uploads\/woocommerce-placeholder-800x960.png\" alt=\"Cadre Cyclocross \/ Carbone\" width=\"300\" height=\"300\" \/>                  <div class=\"overlay\" style=\"background-color: rgba(38, 38, 38, 0.16)\"><\/div>                                    <\/div>\n                <\/div>\n                <div class=\"box-text text-center is-large\" >\n                  <div class=\"box-text-inner\">\n                      <h5 class=\"uppercase header-title\">\n                              Cadre Cyclocross \/ Carbone                      <\/h5>\n                                            <p class=\"is-xsmall uppercase count show-on-hover hover-reveal reveal-small\">\n\t                      1 Produit                      <\/p>\n                                            \n                  <\/div>\n                <\/div>\n                <\/div>\n            <\/a>            <\/div>\n            <\/div><\/div><\/span><\/p>","protected":false},"excerpt":{"rendered":"<p>Con pi\u00f9 di 50 opzioni disponibili tra cui scegliere su bici-bici.com e navigare tra i diversi Pacco Pignoni e cassette della bici pu\u00f2 sembrare un processo scoraggiante. Tuttavia, con alcune conoscenze di base, sarai in grado di effettuare un acquisto informato (e accurato). Differenza tra Cassette e Pacco Pignoni \u00c8 importante essere consapevoli delle differenze [&#8230;]\n","protected":false},"author":1,"featured_media":12296,"parent":0,"menu_order":26,"comment_status":"closed","ping_status":"closed","template":"","meta":{"footnotes":""},"class_list":["post-11245","page","type-page","status-publish","has-post-thumbnail","hentry"],"_links":{"self":[{"href":"https:\/\/bici-bici.it\/fr\/wp-json\/wp\/v2\/pages\/11245","targetHints":{"allow":["GET"]}}],"collection":[{"href":"https:\/\/bici-bici.it\/fr\/wp-json\/wp\/v2\/pages"}],"about":[{"href":"https:\/\/bici-bici.it\/fr\/wp-json\/wp\/v2\/types\/page"}],"author":[{"embeddable":true,"href":"https:\/\/bici-bici.it\/fr\/wp-json\/wp\/v2\/users\/1"}],"replies":[{"embeddable":true,"href":"https:\/\/bici-bici.it\/fr\/wp-json\/wp\/v2\/comments?post=11245"}],"version-history":[{"count":0,"href":"https:\/\/bici-bici.it\/fr\/wp-json\/wp\/v2\/pages\/11245\/revisions"}],"wp:featuredmedia":[{"embeddable":true,"href":"https:\/\/bici-bici.it\/fr\/wp-json\/wp\/v2\/media\/12296"}],"wp:attachment":[{"href":"https:\/\/bici-bici.it\/fr\/wp-json\/wp\/v2\/media?parent=11245"}],"curies":[{"name":"wp","href":"https:\/\/api.w.org\/{rel}","templated":true}]}}