{"id":9615,"date":"2021-09-29T08:06:44","date_gmt":"2021-09-29T08:06:44","guid":{"rendered":"http:\/\/bici-bici.it\/?page_id=9615"},"modified":"2023-09-01T11:22:30","modified_gmt":"2023-09-01T11:22:30","slug":"politica-sulla-privacy","status":"publish","type":"page","link":"https:\/\/bici-bici.it\/es\/politica-de-privacidad\/","title":{"rendered":"POL\u00cdTICA DE PRIVACIDAD"},"content":{"rendered":"<section class=\"section dark\" id=\"section_1607501073\">\n\t\t<div class=\"section-bg fill\" >\n\t\t\t<img loading=\"lazy\" decoding=\"async\" width=\"1024\" height=\"682\" src=\"https:\/\/bici-bici.it\/wp-content\/uploads\/2021\/09\/privacy.jpg\" class=\"bg attachment- size-\" alt=\"\">\t\t\t\t\t\t<div class=\"section-bg-overlay absolute fill\"><\/div>\n\t\t\t\n\n\t\t<\/div>\n\n\t\t\n\n\t\t<div class=\"section-content relative\">\n\t\t\t\n<div class=\"row\"  id=\"row-1105996559\">\n\n\t<div id=\"col-1403599716\" class=\"col small-12 large-12\"  >\n\t\t\t\t<div class=\"col-inner text-center\"  >\n\t\t\t\n\t\t\t\n<h2 style=\"font-size: 200%;\">POL\u00cdTICA DE PRIVACIDAD<\/h2>\n\t\t<\/div>\n\t\t\t\t\n<style>\n#col-1403599716 > .col-inner {\n  padding: 20px 0px 0px 0px;\n}\n<\/style>\n\t<\/div>\n\n\t\n<\/div>\n\t\t<\/div>\n\n\t\t\n<style>\n#section_1607501073 {\n  padding-top: 140px;\n  padding-bottom: 140px;\n  background-color: rgb(40, 40, 40);\n}\n#section_1607501073 .section-bg-overlay {\n  background-color: rgba(0, 0, 0, 0.3);\n}\n#section_1607501073 .section-bg img {\n  object-position: 44% 54%;\n}\n<\/style>\n\t<\/section>\n\t\n\n\t<section class=\"section\" id=\"section_1199986858\">\n\t\t<div class=\"section-bg fill\" >\n\t\t\t\t\t\t\t\t\t\n\t\t\t\n\n\t\t<\/div>\n\n\t\t\n\n\t\t<div class=\"section-content relative\">\n\t\t\t\n<div class=\"row\"  id=\"row-1637614844\">\n\n\t<div id=\"col-1978421429\" class=\"col small-12 large-12\"  >\n\t\t\t\t<div class=\"col-inner\"  >\n\t\t\t\n\t\t\t\n<p>POL\u00cdTICA DE PRIVACIDAD<\/p>\n<p>Esta p\u00e1gina describe c\u00f3mo se gestiona el sitio en lo que respecta al tratamiento de los datos personales de los usuarios que lo consultan.<\/p>\n<p>Esta informaci\u00f3n se facilita a quienes interact\u00faan con los servicios web de bici-bici.it, a los que se puede acceder electr\u00f3nicamente desde la direcci\u00f3n: <a href=\"https:\/\/bici-bici.it\/es\/\">www.bici-bici.it<\/a><br \/>\nLa Pol\u00edtica de Privacidad y las Normas a las que bici-bici.it se remite para la protecci\u00f3n de los datos personales se basan en los principios de responsabilidad, transparencia, pertinencia, finalidad de uso, verificabilidad y seguridad.<\/p>\n<p><strong>Informaci\u00f3n de conformidad con el art\u00edculo 13 del Reglamento (UE) n.\u00ba 679\/2016 (\"GDPR\")<\/strong><\/p>\n<p>Qui\u00e9nes somos y qu\u00e9 datos tratamos (Art. 13(1)(a), Art. 15(b) GDPR)<br \/>\nBici-bici.it en virtud y de conformidad con el Decreto Legislativo n.. 196 del 30 de junio de 2003, informa a sus clientes que los datos personales facilitados por ellos al firmar el pedido de compra y\/o al rellenar la factura est\u00e1n excluidos del consentimiento del interesado, ya que se recogen y conservan exclusivamente en base a las obligaciones fiscales\/tributarias previstas por la ley, los reglamentos y la normativa comunitaria y, en cualquier caso, con el \u00fanico fin de permitir el exacto cumplimiento de las obligaciones derivadas del contrato de compra en el que el interesado es parte y\/o para la adquisici\u00f3n de la informaci\u00f3n contractual necesaria siempre y exclusivamente activada a petici\u00f3n de este \u00faltimo (art. 7 Decreto Legislativo 196\/2003).<\/p>\n<p>Finalidad del tratamiento<\/p>\n<p>El tratamiento de los datos personales facilitados por usted, as\u00ed como los que se deducen de la navegaci\u00f3n por el sitio www.bici-bici.it (en lo sucesivo, el Sitio) tiene como finalidad la consecuci\u00f3n de los siguientes fines:<br \/>\nPermitir el acceso al Sitio y la navegaci\u00f3n por el mismo, as\u00ed como procesar estad\u00edsticas an\u00f3nimas sobre el uso del Sitio, comprobar el correcto funcionamiento del mismo y determinar posibles responsabilidades en caso de infracciones cometidas durante la navegaci\u00f3n;<br \/>\nPrestar el servicio de registro en el Sitio;<br \/>\nPrestaci\u00f3n de los servicios ofrecidos por la empresa;<br \/>\nPara los requisitos previos a la celebraci\u00f3n de contratos de venta, para ejecutarlos y para proteger las posiciones de cr\u00e9dito derivadas de los mismos;<br \/>\nsupervisar la evoluci\u00f3n de las relaciones con los clientes y\/o los riesgos conexos;<br \/>\nPara necesidades de car\u00e1cter operativo, de gesti\u00f3n, administrativo y contable, incluida la posible transmisi\u00f3n por correo electr\u00f3nico de facturas comerciales, y en general para cumplir las obligaciones establecidas por la ley y\/o la normativa, en particular en materia fiscal;<\/p>\n<p>Marketing, informaci\u00f3n comercial y actividades promocionales, incluido el env\u00edo de boletines y material publicitario, as\u00ed como la elaboraci\u00f3n de perfiles comerciales con el fin de utilizarlos para las actividades mencionadas.<\/p>\n<p>Cookies<\/p>\n<p>Asimismo, la Empresa le informa de que, al acceder al Sitio, es posible que se env\u00eden a su ordenador (o smartphone o tableta) \"cookies\" o marcadores, que son t\u00e9cnicamente paquetes de informaci\u00f3n enviados por un servidor web (en este caso, por el dominio bici-bici.it) al navegador de Internet del visitante\/usuario y almacenados autom\u00e1ticamente por este \u00faltimo en el dispositivo utilizado por el visitante\/usuario (ordenador personal, tableta, smartphone u otro).<\/p>\n<p>Por lo tanto, para disfrutar plenamente del sitio web www.bici-bici.it, debe configurar su navegador para que acepte la recepci\u00f3n de cookies. Tenga en cuenta que, por defecto, casi todos los navegadores web est\u00e1n configurados para aceptar autom\u00e1ticamente las cookies. Sin embargo, los visitantes\/usuarios pueden cambiar la configuraci\u00f3n por defecto. Como se ha indicado anteriormente, la desactivaci\u00f3n o eliminaci\u00f3n de cookies impedir\u00e1 el uso \u00f3ptimo de determinadas \u00e1reas del sitio o afectar\u00e1 al uso de los servicios bajo autenticaci\u00f3n. Si los usuarios\/visitantes desean decidir en cada caso si aceptan o no las cookies, tambi\u00e9n pueden configurar su navegador para que genere una advertencia cada vez que se guarde una cookie.<\/p>\n<p>Las cookies utilizadas en el dominio bici-bici.it son persistentes (es decir, permanecen almacenadas, hasta su expiraci\u00f3n, en el disco duro del ordenador personal del usuario\/visitante).<\/p>\n<p>Las cookies persistentes se utilizan con el \u00fanico fin de facilitar la navegaci\u00f3n dentro del sitio y su correcta utilizaci\u00f3n, facilitar el acceso a los servicios que requieren autenticaci\u00f3n (evitando que los usuarios tengan que volver a introducir las credenciales de autenticaci\u00f3n cada vez que acceden a los servicios), as\u00ed como con fines estad\u00edsticos, para saber qu\u00e9 \u00e1reas del sitio han sido visitadas. Adem\u00e1s, las cookies pueden ser espec\u00edficas del sitio (utilizadas, por ejemplo, para conocer el n\u00famero de p\u00e1ginas visitadas dentro del sitio) o de terceros (es decir, generadas por otros sitios para ofrecer contenidos en el sitio que est\u00e1 visitando). Los navegadores m\u00e1s populares ofrecen la posibilidad de bloquear exclusivamente las cookies de terceros, aceptando \u00fanicamente las cookies propias del sitio. Adem\u00e1s, algunas empresas que generan cookies en sitios de terceros ofrecen la posibilidad de desactivar y\/o inhibir de forma sencilla e inmediata s\u00f3lo sus propias cookies, incluso cuando \u00e9stas son an\u00f3nimas, es decir, no implican el registro de datos de identificaci\u00f3n personal (como, por ejemplo, la direcci\u00f3n IP).<\/p>\n<p>M\u00e9todos de tratamiento - Medidas de seguridad<\/p>\n<p>El tratamiento de sus datos personales puede consistir, adem\u00e1s de en su recogida, en su registro, almacenamiento, modificaci\u00f3n, comunicaci\u00f3n, supresi\u00f3n.<\/p>\n<p>El tratamiento tambi\u00e9n puede llevarse a cabo con o sin el uso de instrumentos electr\u00f3nicos por personal especialmente designado.<\/p>\n<p>Los datos se almacenar\u00e1n en papel y\/o en formato electr\u00f3nico\/\u00f3ptico y durante el tiempo estrictamente necesario para cumplir los fines establecidos en el punto 1, de conformidad con la legislaci\u00f3n vigente.<\/p>\n<p>En relaci\u00f3n con sus datos personales, la Sociedad adoptar\u00e1 todos los instrumentos adecuados para garantizar su seguridad y confidencialidad, de conformidad con lo dispuesto en el C\u00f3digo. En particular, se adoptar\u00e1n todas las medidas de seguridad t\u00e9cnicas, inform\u00e1ticas, organizativas, log\u00edsticas y de procedimiento previstas en el C\u00f3digo, de modo que se garantice el nivel m\u00ednimo de protecci\u00f3n de datos exigido por la legislaci\u00f3n vigente.<\/p>\n<p>Adem\u00e1s, las metodolog\u00edas aplicadas garantizan que el acceso a los datos s\u00f3lo se permita a las personas encargadas del tratamiento por la Empresa.<\/p>\n<p>Suministro de datos<\/p>\n<p>En relaci\u00f3n con el suministro de datos personales, le informamos de que:<\/p>\n<p>los sistemas inform\u00e1ticos y los procedimientos de software utilizados para el funcionamiento del Sitio adquieren, durante su funcionamiento normal, determinados datos personales cuya transmisi\u00f3n est\u00e1 impl\u00edcita en el uso de los protocolos de comunicaci\u00f3n de Internet; el mero acceso al Sitio implica, por tanto, la adquisici\u00f3n por parte de la Empresa de datos relativos a usted;<\/p>\n<p>Determinados datos personales que le conciernen son obligatorios a efectos de registro en el Sitio y su negativa a facilitarlos no le permite completar el proceso de registro;<\/p>\n<p>Sus datos personales tambi\u00e9n son obligatorios para tramitar el pedido y su negativa a facilitarlos no permite el establecimiento y\/o continuaci\u00f3n de la relaci\u00f3n contractual con la Empresa;<\/p>\n<p>Por \u00faltimo, otros datos son opcionales y permiten a la empresa mejorar el servicio ofrecido a los clientes.<\/p>\n<p>Comunicaci\u00f3n y difusi\u00f3n de datos - Transferencia de datos al extranjero<\/p>\n<p>Los datos personales recogidos para la consecuci\u00f3n de las finalidades indicadas en el punto 1 podr\u00e1n ser comunicados, en la medida de su espec\u00edfica competencia, a las administraciones p\u00fablicas, para el cumplimiento de sus funciones institucionales, a entidades bancarias, a sujetos especializados en la gesti\u00f3n de sistemas inform\u00e1ticos y\/o de pago, a sujetos proveedores de los bienes y servicios ofrecidos por la Sociedad a sujetos que desarrollan actividades de transporte o expedici\u00f3n, a sujetos que la Sociedad utiliza para desarrollar actividades de promoci\u00f3n, publicidad, marketing y comunicaci\u00f3n, a estudios jur\u00eddicos y de consultor\u00eda, a sujetos encargados de la tenedur\u00eda de libros o de la auditor\u00eda de los estados financieros de la Sociedad, a autoridades p\u00fablicas para el cumplimiento de obligaciones legales.<\/p>\n<p>En cualquier caso, los datos personales s\u00f3lo se divulgar\u00e1n de forma an\u00f3nima.<\/p>\n<p>En la medida estrictamente necesaria para la ejecuci\u00f3n de la relaci\u00f3n contractual, sus datos personales podr\u00e1n ser comunicados a terceros, como proveedores de productos y\/o servicios, ubicados tanto dentro como fuera de la Uni\u00f3n Europea.<\/p>\n<p>Derechos del interesado<\/p>\n<p>De conformidad con el art\u00edculo 7 y siguientes del C\u00f3digo, usted tiene derecho, entre otras cosas, a:<\/p>\n<ul>\n<li>obtener la confirmaci\u00f3n de la existencia o inexistencia de datos personales que le conciernan y su comunicaci\u00f3n en forma inteligible;<\/li>\n<li>ser obtenida por el Responsable o Encargado del Tratamiento, seg\u00fan se indica a continuaci\u00f3n:<\/li>\n<li>informaci\u00f3n sobre el origen de los datos personales, los fines y m\u00e9todos del tratamiento, y la l\u00f3gica aplicada en caso de tratamiento por medios electr\u00f3nicos;<\/li>\n<li>indicaci\u00f3n de los datos de identificaci\u00f3n del responsable del tratamiento y del encargado o encargados del tratamiento, as\u00ed como, en su caso, del representante designado por una entidad extranjera para tratar los datos en Italia;<\/li>\n<li>indicaciones de las personas o categor\u00edas de personas a las que se pueden comunicar los datos o que pueden tener conocimiento de los mismos en calidad de representante designado en el territorio del estado, como encargados o designados;<\/li>\n<\/ul>\n<p>obtener:<\/p>\n<ul>\n<li>actualizaci\u00f3n, rectificaci\u00f3n o integraci\u00f3n de los datos que le conciernen;<\/li>\n<li>la cancelaci\u00f3n, la transformaci\u00f3n en forma an\u00f3nima o el bloqueo de los datos tratados infringiendo la ley, incluidos aquellos cuya conservaci\u00f3n no sea necesaria en relaci\u00f3n con los fines para los que fueron recogidos o posteriormente tratados;<\/li>\n<li>la certificaci\u00f3n de que las operaciones a que se refieren los incisos i) y ii) han sido puestas en conocimiento, tambi\u00e9n por lo que respecta a su contenido, de aquellos a quienes se han comunicado o difundido los datos, salvo que ello resulte imposible o implique el empleo de medios manifiestamente desproporcionados respecto del derecho tutelado;<\/li>\n<\/ul>\n<p>objeto total o parcialmente:<\/p>\n<ul>\n<li>por motivos leg\u00edtimos, al tratamiento de los datos que le conciernen, aunque sean pertinentes para la finalidad de la recogida;<\/li>\n<li>el tratamiento de sus datos personales con fines de informaci\u00f3n comercial o de env\u00edo de material publicitario o de venta directa o para la realizaci\u00f3n de estudios de mercado o de comunicaci\u00f3n comercial.<\/li>\n<li>Dichos derechos pueden ejercerse directamente o a trav\u00e9s de la persona designada por usted en las formas previstas en los art\u00edculos 8 y 9 del C\u00f3digo.<\/li>\n<\/ul>\n<p>Para ejercer los derechos antes mencionados, deber\u00e1 presentar una solicitud por escrito, por correo ordinario, al responsable del tratamiento, tal como se identifica a continuaci\u00f3n.<\/p>\n<p>Propietario<\/p>\n<p>El responsable del tratamiento de los datos es la empresa abajo firmante, con domicilio social en Bolonia n. 10 - 25073 - Bovezzo (BS) - Italia. Correo electr\u00f3nico: info@bici-bici-bici.it<\/p>\n<p>Consentimiento para el tratamiento<\/p>\n<p>El tratamiento de datos personales para los fines mencionados en la letra g) del punto 1 requiere su consentimiento.<\/p>\n\t\t<\/div>\n\t\t\t\t\t<\/div>\n\n\t\n<\/div>\n\t\t<\/div>\n\n\t\t\n<style>\n#section_1199986858 {\n  padding-top: 30px;\n  padding-bottom: 30px;\n  background-color: rgb(244, 244, 244);\n}\n<\/style>\n\t<\/section>","protected":false},"excerpt":{"rendered":"","protected":false},"author":1,"featured_media":0,"parent":0,"menu_order":16,"comment_status":"closed","ping_status":"closed","template":"","meta":{"footnotes":""},"class_list":["post-9615","page","type-page","status-publish","hentry"],"_links":{"self":[{"href":"https:\/\/bici-bici.it\/es\/wp-json\/wp\/v2\/pages\/9615","targetHints":{"allow":["GET"]}}],"collection":[{"href":"https:\/\/bici-bici.it\/es\/wp-json\/wp\/v2\/pages"}],"about":[{"href":"https:\/\/bici-bici.it\/es\/wp-json\/wp\/v2\/types\/page"}],"author":[{"embeddable":true,"href":"https:\/\/bici-bici.it\/es\/wp-json\/wp\/v2\/users\/1"}],"replies":[{"embeddable":true,"href":"https:\/\/bici-bici.it\/es\/wp-json\/wp\/v2\/comments?post=9615"}],"version-history":[{"count":0,"href":"https:\/\/bici-bici.it\/es\/wp-json\/wp\/v2\/pages\/9615\/revisions"}],"wp:attachment":[{"href":"https:\/\/bici-bici.it\/es\/wp-json\/wp\/v2\/media?parent=9615"}],"curies":[{"name":"wp","href":"https:\/\/api.w.org\/{rel}","templated":true}]}}