{"id":9575,"date":"2021-09-28T09:46:19","date_gmt":"2021-09-28T09:46:19","guid":{"rendered":"http:\/\/bici-bici.it\/?page_id=9575"},"modified":"2023-09-01T08:55:38","modified_gmt":"2023-09-01T08:55:38","slug":"spedizione-e-tempi-di-consegna","status":"publish","type":"page","link":"https:\/\/bici-bici.it\/es\/plazos-de-envio-y-entrega\/","title":{"rendered":"PLAZOS DE ENV\u00cdO Y ENTREGA"},"content":{"rendered":"<div class=\"icon-box featured-box icon-box-top text-left\"  >\n\t\t\t\t<div class=\"icon-box-text last-reset\">\n\t\t\t\t\t\t\t\t\t\n<div class=\"container section-title-container\" ><h2 class=\"section-title section-title-normal\"><b><\/b><span class=\"section-title-main\" >PLAZOS DE ENV\u00cdO Y ENTREGA<\/span><b><\/b><\/h2><\/div>\n\t\t<\/div>\n\t<\/div>\n\t\n\t\n<ul>\n<li>PLAZOS DE ENTREGA<\/li>\n<li>QU\u00c9 TRANSPORTISTA ENV\u00cdA CON bici-bici.it<\/li>\n<li>GASTOS DE ENV\u00cdO<\/li>\n<\/ul>\n<div class=\"row\"  id=\"row-307034296\">\n\n\t<div id=\"col-2021964310\" class=\"col small-12 large-12\"  >\n\t\t\t\t<div class=\"col-inner\"  >\n\t\t\t\n\t\t\t\n<div class=\"is-divider divider clearfix\" style=\"max-width:1051px;\"><\/div>\n\t<div id=\"gap-813339077\" class=\"gap-element clearfix\" style=\"display:block; height:auto;\">\n\t\t\n<style>\n#gap-813339077 {\n  padding-top: 30px;\n}\n<\/style>\n\t<\/div>\n\t\n\t\t<\/div>\n\t\t\t\t\t<\/div>\n\n\t\n<\/div>\n<div class=\"row row-full-width\"  id=\"row-515126232\">\n\n\t<div id=\"col-1713373579\" class=\"col medium-6 small-12 large-6\"  >\n\t\t\t\t<div class=\"col-inner\"  >\n\t\t\t\n\t\t\t\n<div class=\"container section-title-container\" ><h3 class=\"section-title section-title-normal\"><b><\/b><span class=\"section-title-main\" >PLAZO DE ENTREGA<\/span><b><\/b><\/h3><\/div>\n<p>El plazo de entrega estimado para su pedido se mostrar\u00e1 en el momento del pago. Los plazos de entrega var\u00edan en funci\u00f3n de los productos solicitados, por lo que una bicicleta voluminosa o un art\u00edculo peque\u00f1o tardar\u00e1n tiempos diferentes. El seguimiento le permitir\u00e1 vigilar su mercanc\u00eda y estar al corriente de sus movimientos.<\/p>\n<div class=\"container section-title-container\" ><h3 class=\"section-title section-title-normal\"><b><\/b><span class=\"section-title-main\" >QU\u00c9 TRANSPORTISTA ENV\u00cdA CON bici-bici.it<\/span><b><\/b><\/h3><\/div>\n<p>Nuestros socios de env\u00edo en Italia son DHL, GLS.<br \/>\nEn cuanto entreguemos su paquete al transportista, recibir\u00e1 una confirmaci\u00f3n de env\u00edo por correo electr\u00f3nico. Esta confirmaci\u00f3n tambi\u00e9n contiene el n\u00famero de seguimiento para comprobar el estado de su env\u00edo.<\/p>\n\t\t<\/div>\n\t\t\t\t\t<\/div>\n\n\t\n\n\t<div id=\"col-577778466\" class=\"col medium-6 small-12 large-6\"  >\n\t\t\t\t<div class=\"col-inner\"  >\n\t\t\t\n\t\t\t\n<div class=\"container section-title-container\" ><h3 class=\"section-title section-title-normal\"><b><\/b><span class=\"section-title-main\" >GASTOS DE ENV\u00cdO<\/span><b><\/b><\/h3><\/div>\n<p>Aqu\u00ed encontrar\u00e1 una tabla con los gastos de env\u00edo<\/p>\n<div class=\"accordion\">\n\t<div id=\"accordion-167085674\" class=\"accordion-item\">\n\t\t<a id=\"accordion-167085674-label\" class=\"accordion-title plain\" href=\"#accordion-item-tabella-costi\" aria-expanded=\"false\" aria-controls=\"accordion-167085674-content\" >\n\t\t\t<button class=\"toggle\" aria-label=\"Toggle\"><i class=\"icon-angle-down\"><\/i><\/button>\n\t\t\t<span>Tabla de costes<\/span>\n\t\t<\/a>\n\t\t<div id=\"accordion-167085674-content\" class=\"accordion-inner\" aria-labelledby=\"accordion-167085674-label\" >\n\t\t\t\n\t<div id=\"text-614682488\" class=\"text\">\n\t\t\n<table style=\"height: 151px;\" width=\"467\">\n<tbody>\n<tr>\n<td width=\"51%\">Env\u00edo est\u00e1ndar<\/td>\n<td width=\"47%\">9,90 \u20ac<\/td>\n<\/tr>\n<tr>\n<td width=\"51%\">A partir de 100,00 euros de valor de compra*.<\/td>\n<td width=\"47%\">5,90 \u20ac<\/td>\n<\/tr>\n<tr>\n<td width=\"51%\">Bicicletas<\/td>\n<td width=\"47%\">49,90 \u20ac<\/td>\n<\/tr>\n<tr>\n<td width=\"51%\">Paquetes voluminosos*.<\/td>\n<td width=\"47%\">20,00 \u20ac<\/td>\n<\/tr>\n<\/tbody>\n<\/table>\n<p>*BICICLETAS PEQUE\u00d1AS, BICICLETAS INFANTILES 12-18 PULGADAS - Env\u00edo gratuito a partir de 99<\/p>\n<p>Enviamos como paquete asegurado con GLS \/ DHL. Le enviamos el seguimiento para seguir el paquete.<\/p>\n<p>*Los gastos de env\u00edo de paquetes voluminosos, bicicletas y E-Bikes se cobran por pieza. Las bicicletas y E-Bikes se env\u00edan por agencia de transportes.<\/p>\n<p>Todos los precios en EUR, IVA incluido.<\/p>\n\t\t\n<style>\n#text-614682488 {\n  text-align: left;\n}\n<\/style>\n\t<\/div>\n\t\n\t\t<\/div>\n\t<\/div>\n\t\n<\/div>\n<div class=\"is-divider divider clearfix\" style=\"max-width:0px;\"><\/div>\n<div class=\"container section-title-container\" ><h3 class=\"section-title section-title-normal\"><b><\/b><span class=\"section-title-main\" >\u00bfPUEDO ACORDAR EL D\u00cdA Y LA HORA DE ENTREGA?<\/span><b><\/b><\/h3><\/div>\n<p>No, lamentablemente no es posible. Nuestro servicio de env\u00edos no influye en la hora exacta de entrega.<\/p>\n\t\t<\/div>\n\t\t\t\t\t<\/div>\n\n\t\n<\/div>","protected":false},"excerpt":{"rendered":"<p>TEMPI DI CONSEGNA CON QUALE VETTORE SPEDISCE bici-bici.it LE SPESE DI SPEDIZIONE<\/p>","protected":false},"author":1,"featured_media":0,"parent":0,"menu_order":12,"comment_status":"closed","ping_status":"closed","template":"page-left-sidebar.php","meta":{"footnotes":""},"class_list":["post-9575","page","type-page","status-publish","hentry"],"_links":{"self":[{"href":"https:\/\/bici-bici.it\/es\/wp-json\/wp\/v2\/pages\/9575","targetHints":{"allow":["GET"]}}],"collection":[{"href":"https:\/\/bici-bici.it\/es\/wp-json\/wp\/v2\/pages"}],"about":[{"href":"https:\/\/bici-bici.it\/es\/wp-json\/wp\/v2\/types\/page"}],"author":[{"embeddable":true,"href":"https:\/\/bici-bici.it\/es\/wp-json\/wp\/v2\/users\/1"}],"replies":[{"embeddable":true,"href":"https:\/\/bici-bici.it\/es\/wp-json\/wp\/v2\/comments?post=9575"}],"version-history":[{"count":0,"href":"https:\/\/bici-bici.it\/es\/wp-json\/wp\/v2\/pages\/9575\/revisions"}],"wp:attachment":[{"href":"https:\/\/bici-bici.it\/es\/wp-json\/wp\/v2\/media?parent=9575"}],"curies":[{"name":"wp","href":"https:\/\/api.w.org\/{rel}","templated":true}]}}