{"id":9501,"date":"2021-09-27T10:19:02","date_gmt":"2021-09-27T10:19:02","guid":{"rendered":"http:\/\/bici-bici.it\/?page_id=9501"},"modified":"2023-09-01T08:56:26","modified_gmt":"2023-09-01T08:56:26","slug":"metodi-di-pagamento","status":"publish","type":"page","link":"https:\/\/bici-bici.it\/es\/formas-de-pago\/","title":{"rendered":"FORMAS DE PAGO"},"content":{"rendered":"<div id=\"c55608\" class=\"csc-default cyc-layout_block\">\n<h2>FORMAS DE PAGO<\/h2>\n<\/div>\n<div id=\"c55609\" class=\"csc-default cyc-layout_block\"><\/div>\n<div id=\"c55622\" class=\"csc-default cyc-layout_block\">\n<div class=\"row\">\n<div class=\"col-md-6\"><\/div>\n<\/div>\n<\/div>\n<div class=\"row\"  id=\"row-489940541\">\n\n\t<div id=\"col-282170910\" class=\"col medium-6 small-12 large-6\"  >\n\t\t\t\t<div class=\"col-inner\"  >\n\t\t\t\n\t\t\t\n<div class=\"container section-title-container\" ><h3 class=\"section-title section-title-normal\"><b><\/b><span class=\"section-title-main\" >\u00bfQU\u00c9 FORMAS DE PAGO EXISTEN?<\/span><b><\/b><\/h3><\/div>\n<ul>\n<li>Paypal<\/li>\n<li>Tarjeta de cr\u00e9dito<\/li>\n<\/ul>\n\t\t<\/div>\n\t\t\t\t\t<\/div>\n\n\t\n\n\t<div id=\"col-510362494\" class=\"col medium-6 small-12 large-6\"  >\n\t\t\t\t<div class=\"col-inner\"  >\n\t\t\t\n\t\t\t\n<div class=\"container section-title-container\" ><h3 class=\"section-title section-title-normal\"><b><\/b><span class=\"section-title-main\" >OTRAS CUESTIONES<\/span><b><\/b><\/h3><\/div>\n<ul>\n<li>\u00bfQu\u00e9 medidas de seguridad utiliza bici-bici.it?<\/li>\n<li>\u00bfPuedo cambiar la forma de pago?<\/li>\n<\/ul>\n\t\t<\/div>\n\t\t\t\t\t<\/div>\n\n\t\n<\/div>\n\n\t<section class=\"section\" id=\"section_1250126991\">\n\t\t<div class=\"section-bg fill\" >\n\t\t\t\t\t\t\t\t\t<div class=\"section-bg-overlay absolute fill\"><\/div>\n\t\t\t\n\n\t\t<\/div>\n\n\t\t\n\n\t\t<div class=\"section-content relative\">\n\t\t\t\n<div class=\"row row-large align-middle\"  id=\"row-1784429863\">\n\n\t<div id=\"col-393561728\" class=\"col medium-3 small-12 large-3\"  >\n\t\t\t\t<div class=\"col-inner\"  >\n\t\t\t\n\t\t\t\n\t<div class=\"img has-hover x md-x lg-x y md-y lg-y\" id=\"image_804058148\">\n\t\t\t\t\t\t\t\t<div class=\"img-inner dark\" >\n\t\t\t<img loading=\"lazy\" decoding=\"async\" width=\"1020\" height=\"510\" src=\"https:\/\/bici-bici.it\/wp-content\/uploads\/2021\/09\/paypal.png\" class=\"attachment-large size-large\" alt=\"\" srcset=\"https:\/\/bici-bici.it\/wp-content\/uploads\/2021\/09\/paypal.png 1280w, https:\/\/bici-bici.it\/wp-content\/uploads\/2021\/09\/paypal-800x400.png 800w, https:\/\/bici-bici.it\/wp-content\/uploads\/2021\/09\/paypal-64x32.png 64w, https:\/\/bici-bici.it\/wp-content\/uploads\/2021\/09\/paypal-768x384.png 768w\" sizes=\"auto, (max-width: 1020px) 100vw, 1020px\">\t\t\t\t\t\t\n\t\t\t\t\t<\/div>\n\t\t\t\t\t\t\t\t\n<style>\n#image_804058148 {\n  width: 100%;\n}\n<\/style>\n\t<\/div>\n\t\n\t\t<\/div>\n\t\t\t\t\t<\/div>\n\n\t\n\n\t<div id=\"col-965204516\" class=\"col medium-9 small-12 large-9\"  >\n\t\t\t\t<div class=\"col-inner text-left\"  >\n\t\t\t\n\t\t\t\n\t<div id=\"text-1932250156\" class=\"text\">\n\t\t\n<h2>PAYPAL<\/h2>\n<p>Con PayPal puedes pagar en bici-bici.it de forma f\u00e1cil, r\u00e1pida y segura. Utilice su cuenta personal y pague c\u00f3modamente su compra. Recibiremos inmediatamente la confirmaci\u00f3n de pago de PayPal y procesaremos su pedido. Tenga en cuenta que pagar a trav\u00e9s de PayPal es gratis para usted - bici-bici.it se hace cargo de los costes.<\/p>\n<p>\u00bfA\u00fan no tiene una cuenta PayPal? Entonces registre su cuenta en unos pocos clics en<a class=\"external-link-new-window\" title=\"Paypal\" href=\"http:\/\/www.paypal.it\/\" target=\"_blank\" rel=\"noopener\"> www.paypal.it<\/a>Registrarse s\u00f3lo te llevar\u00e1 unos segundos, s\u00f3lo tienes que introducir tu correo electr\u00f3nico, tu direcci\u00f3n y tus datos bancarios. A partir de ahora puedes comprar de forma segura, sin dar tus datos bancarios a terceros.<br \/>\n\t\t\n<style>\n#text-1932250156 {\n  text-align: left;\n}\n<\/style>\n\t<\/div>\n\t\n\t\t<\/div>\n\t\t\t\t\t<\/div>\n\n\t\n<\/div>\n\t\t<\/div>\n\n\t\t\n<style>\n#section_1250126991 {\n  padding-top: 60px;\n  padding-bottom: 60px;\n  background-color: rgb(193, 193, 193);\n}\n#section_1250126991 .section-bg-overlay {\n  background-color: rgba(255, 255, 255, 0.85);\n}\n<\/style>\n\t<\/section>\n\t\n\n\t<section class=\"section\" id=\"section_1300816757\">\n\t\t<div class=\"section-bg fill\" >\n\t\t\t\t\t\t\t\t\t<div class=\"section-bg-overlay absolute fill\"><\/div>\n\t\t\t\n\n\t\t<\/div>\n\n\t\t\n\n\t\t<div class=\"section-content relative\">\n\t\t\t\n<div class=\"row row-large align-middle\"  id=\"row-1427283075\">\n\n\t<div id=\"col-985413935\" class=\"col medium-3 small-12 large-3\"  >\n\t\t\t\t<div class=\"col-inner\"  >\n\t\t\t\n\t\t\t\n\t<div class=\"img has-hover x md-x lg-x y md-y lg-y\" id=\"image_300428039\">\n\t\t\t\t\t\t\t\t<div class=\"img-inner dark\" >\n\t\t\t<img loading=\"lazy\" decoding=\"async\" width=\"486\" height=\"224\" src=\"https:\/\/bici-bici.it\/wp-content\/uploads\/2021\/09\/pagamenti.png\" class=\"attachment-large size-large\" alt=\"\" srcset=\"https:\/\/bici-bici.it\/wp-content\/uploads\/2021\/09\/pagamenti.png 486w, https:\/\/bici-bici.it\/wp-content\/uploads\/2021\/09\/pagamenti-64x29.png 64w\" sizes=\"auto, (max-width: 486px) 100vw, 486px\">\t\t\t\t\t\t\n\t\t\t\t\t<\/div>\n\t\t\t\t\t\t\t\t\n<style>\n#image_300428039 {\n  width: 100%;\n}\n<\/style>\n\t<\/div>\n\t\n\t\t<\/div>\n\t\t\t\t\t<\/div>\n\n\t\n\n\t<div id=\"col-508310895\" class=\"col medium-9 small-12 large-9\"  >\n\t\t\t\t<div class=\"col-inner text-left\"  >\n\t\t\t\n\t\t\t\n\t<div id=\"text-1633111325\" class=\"text\">\n\t\t\n<h2>TARJETA DE CR\u00c9DITO<\/h2>\n<p>C\u00f3modo y seguro: pague con cargo a su tarjeta de cr\u00e9dito (VISA o MasterCard) o mediante CartaSi o PostePay. Introduzca su n\u00famero de tarjeta, la validez y el c\u00f3digo de verificaci\u00f3n y bici-bici.it transferir\u00e1 sus datos de forma segura. En caso de que su tarjeta requiera un c\u00f3digo 3D-Secure, se enviar\u00e1 una solicitud a su banco. Despu\u00e9s de unos segundos su pedido ya puede ser procesado. El importe s\u00f3lo se cargar\u00e1 una vez que la mercanc\u00eda haya sido enviada.<\/p>\n\t\t\n<style>\n#text-1633111325 {\n  text-align: left;\n}\n<\/style>\n\t<\/div>\n\t\n\t\t<\/div>\n\t\t\t\t\t<\/div>\n\n\t\n<\/div>\n\t\t<\/div>\n\n\t\t\n<style>\n#section_1300816757 {\n  padding-top: 60px;\n  padding-bottom: 60px;\n  background-color: rgb(193, 193, 193);\n}\n#section_1300816757 .section-bg-overlay {\n  background-color: rgba(255, 255, 255, 0.85);\n}\n<\/style>\n\t<\/section>\n\t\n<div class=\"row\"  id=\"row-43173878\">\n\n\t<div id=\"col-958643405\" class=\"col medium-6 small-12 large-6\"  >\n\t\t\t\t<div class=\"col-inner\"  >\n\t\t\t\n\t\t\t\n<div class=\"container section-title-container\" ><h3 class=\"section-title section-title-normal\"><b><\/b><span class=\"section-title-main\" >\u00bfCU\u00c1LES SON LAS MEDIDAS DE SEGURIDAD UTILIZADAS POR bici-bici.IT?<\/span><b><\/b><\/h3><\/div>\n<p>Las medidas de seguridad para el pago en l\u00ednea son nuestra principal prioridad. Todos nuestros m\u00e9todos de pago son absolutamente seguros y han demostrado a lo largo de los a\u00f1os ser m\u00e1s que fiables para el comercio en l\u00ednea.<\/p>\n\t\t<\/div>\n\t\t\t\t\t<\/div>\n\n\t\n\n\t<div id=\"col-1823728925\" class=\"col medium-6 small-12 large-6\"  >\n\t\t\t\t<div class=\"col-inner\"  >\n\t\t\t\n\t\t\t\n<div class=\"container section-title-container\" ><h3 class=\"section-title section-title-normal\"><b><\/b><span class=\"section-title-main\" >\u00bfPUEDO CAMBIAR LA FORMA DE PAGO?<\/span><b><\/b><\/h3><\/div>\n<p>Por razones t\u00e9cnicas, no es posible cambiar la forma de pago posteriormente. Si desea pagar a trav\u00e9s de PayPal en lugar de por transferencia bancaria, anule su pedido actual y vuelva a realizar la compra en nuestro sitio web.<\/p>\n\t\t<\/div>\n\t\t\t\t\t<\/div>\n\n\t\n<\/div>","protected":false},"excerpt":{"rendered":"<p>FORMAS DE PAGO<\/p>","protected":false},"author":1,"featured_media":0,"parent":0,"menu_order":8,"comment_status":"closed","ping_status":"closed","template":"page-left-sidebar.php","meta":{"footnotes":""},"class_list":["post-9501","page","type-page","status-publish","hentry"],"_links":{"self":[{"href":"https:\/\/bici-bici.it\/es\/wp-json\/wp\/v2\/pages\/9501","targetHints":{"allow":["GET"]}}],"collection":[{"href":"https:\/\/bici-bici.it\/es\/wp-json\/wp\/v2\/pages"}],"about":[{"href":"https:\/\/bici-bici.it\/es\/wp-json\/wp\/v2\/types\/page"}],"author":[{"embeddable":true,"href":"https:\/\/bici-bici.it\/es\/wp-json\/wp\/v2\/users\/1"}],"replies":[{"embeddable":true,"href":"https:\/\/bici-bici.it\/es\/wp-json\/wp\/v2\/comments?post=9501"}],"version-history":[{"count":0,"href":"https:\/\/bici-bici.it\/es\/wp-json\/wp\/v2\/pages\/9501\/revisions"}],"wp:attachment":[{"href":"https:\/\/bici-bici.it\/es\/wp-json\/wp\/v2\/media?parent=9501"}],"curies":[{"name":"wp","href":"https:\/\/api.w.org\/{rel}","templated":true}]}}