{"id":9482,"date":"2021-09-27T08:14:18","date_gmt":"2021-09-27T08:14:18","guid":{"rendered":"http:\/\/bici-bici.it\/?page_id=9482"},"modified":"2022-03-20T10:07:28","modified_gmt":"2022-03-20T10:07:28","slug":"processo-dordine","status":"publish","type":"page","link":"https:\/\/bici-bici.it\/es\/proceso-de-pedido\/","title":{"rendered":"PROCESO DE PEDIDO"},"content":{"rendered":"<div class=\"icon-box featured-box icon-box-top text-left\"  >\n\t\t\t\t<div class=\"icon-box-text last-reset\">\n\t\t\t\t\t\t\t\t\t\n<div class=\"container section-title-container\" ><h1 class=\"section-title section-title-normal\"><b><\/b><span class=\"section-title-main\" >PROCESO DE PEDIDO<\/span><b><\/b><\/h1><\/div>\n\t\t<\/div>\n\t<\/div>\n\t\n\t\n<ul>\n<li>C\u00d3MO PUEDO HACER UN PEDIDO ONLINE EN BICI-BICI.IT<\/li>\n<li>\u00bfC\u00d3MO PUEDO A\u00d1ADIR UN PRODUCTO DESPU\u00c9S DE FINALIZAR EL PEDIDO?<\/li>\n<li>\u00bfHAY UN L\u00cdMITE M\u00cdNIMO DE GASTO?<\/li>\n<\/ul>\n<div class=\"row\"  id=\"row-360113077\">\n\n\t<div id=\"col-1313664615\" class=\"col small-12 large-12\"  >\n\t\t\t\t<div class=\"col-inner\"  >\n\t\t\t\n\t\t\t\n<div class=\"is-divider divider clearfix\" style=\"max-width:1051px;\"><\/div>\n\t<div id=\"gap-353895149\" class=\"gap-element clearfix\" style=\"display:block; height:auto;\">\n\t\t\n<style>\n#gap-353895149 {\n  padding-top: 30px;\n}\n<\/style>\n\t<\/div>\n\t\n\t\t<\/div>\n\t\t\t\t\t<\/div>\n\n\t\n<\/div>\n<div class=\"row row-full-width\"  id=\"row-1160805647\">\n\n\t<div id=\"col-496171652\" class=\"col medium-6 small-12 large-6\"  >\n\t\t\t\t<div class=\"col-inner\"  >\n\t\t\t\n\t\t\t\n<div class=\"container section-title-container\" ><h3 class=\"section-title section-title-normal\"><b><\/b><span class=\"section-title-main\" >C\u00d3MO PUEDO HACER UN PEDIDO ONLINE EN bici-bici.it<\/span><b><\/b><\/h3><\/div>\n<p>1. Elija los art\u00edculos y a\u00f1\u00e1dalos a su cesta<\/p>\n<p>Elija los art\u00edculos que desea comprar en nuestro sitio web bici-bici.it y col\u00f3quelos en su cesta de la compra virtual haciendo clic en el bot\u00f3n \"A\u00f1adir a la cesta\". Los art\u00edculos seleccionados pueden eliminarse de su cesta haciendo clic en el bot\u00f3n \"Eliminar\" o puede modificar la cantidad del art\u00edculo elegido a trav\u00e9s del men\u00fa desplegable. Cuando est\u00e9 satisfecho con su elecci\u00f3n, haga clic en el bot\u00f3n \"Realizar pedido\".<\/p>\n<p>2. 2. Completar el pedido<\/p>\n<p>Direcci\u00f3n:<br \/>\nSi ya tiene una cuenta de cliente con nosotros, introduzca su correo electr\u00f3nico personal y su contrase\u00f1a e inicie sesi\u00f3n. Para cambiar la direcci\u00f3n de entrega, haga clic en el bot\u00f3n \"Introducir nueva direcci\u00f3n de entrega\". Confirme la direcci\u00f3n de entrega haciendo clic en el bot\u00f3n \"Siguiente paso\".<\/p>\n<p>Si a\u00fan no tiene una cuenta de cliente con nosotros, introduzca los datos necesarios y haga clic en el bot\u00f3n \"Siguiente\". Para saber d\u00f3nde enviar la mercanc\u00eda, ahora s\u00f3lo necesitamos su direcci\u00f3n.<\/p>\n<p>Formas de pago:<br \/>\nSeleccione un m\u00e9todo de pago. Despu\u00e9s de su selecci\u00f3n, haga clic en el bot\u00f3n \"Siguiente\".<\/p>\n<p>Confirmar y enviar:<br \/>\nEn la p\u00e1gina siguiente hemos resumido la informaci\u00f3n sobre su pedido. Puede modificar sus datos a trav\u00e9s del enlace correspondiente. Al hacer clic en el bot\u00f3n \"Comprar ahora\", acepta la compra vinculante de los art\u00edculos de su cesta de la compra.<\/p>\n<p><b>3.Confirme su pedido<\/b><\/p>\n<p>Tras enviar su pedido, recibir\u00e1 autom\u00e1ticamente un correo electr\u00f3nico de confirmaci\u00f3n con un resumen de la informaci\u00f3n sobre su compra. Este correo electr\u00f3nico sirve exclusivamente para informarle de que hemos recibido su pedido.<\/p>\n<p><b>4. Estipulaci\u00f3n del contrato<\/b><\/p>\n<p>El momento en que puede considerarse celebrado el contrato entre usted y nosotros depende del m\u00e9todo de pago seleccionado. Encontrar\u00e1 m\u00e1s informaci\u00f3n al respecto en nuestra secci\u00f3n de Informaci\u00f3n al cliente.<\/p>\n<p><b>5. Entrega<\/b><\/p>\n<p>Los pedidos se entregar\u00e1n en un plazo de 2 a 5 d\u00edas laborables de lunes a s\u00e1bado. Los productos se entregan con todos los documentos importantes, como el folleto informativo y, por supuesto, la factura.<\/p>\n\t\t<\/div>\n\t\t\t\t\t<\/div>\n\n\t\n\n\t<div id=\"col-1596415709\" class=\"col medium-6 small-12 large-6\"  >\n\t\t\t\t<div class=\"col-inner\"  >\n\t\t\t\n\t\t\t\n<div class=\"container section-title-container\" ><h3 class=\"section-title section-title-normal\"><b><\/b><span class=\"section-title-main\" >\u00bfC\u00d3MO PUEDO A\u00d1ADIR UN PRODUCTO DESPU\u00c9S DE FINALIZAR EL PEDIDO?<\/span><b><\/b><\/h3><\/div>\n<p>Lamentablemente, no es posible a\u00f1adir un art\u00edculo despu\u00e9s de haber realizado el pedido, ya que su compra ya se est\u00e1 procesando.<\/p>\n<div class=\"container section-title-container\" ><h3 class=\"section-title section-title-normal\"><b><\/b><span class=\"section-title-main\" >\u00bfHAY UN L\u00cdMITE M\u00cdNIMO DE GASTO?<\/span><b><\/b><\/h3><\/div>\n<p>No, no hay l\u00edmite de gasto m\u00ednimo. Los gastos de env\u00edo var\u00edan en funci\u00f3n del valor de la cesta.<\/p>\n\t\t<\/div>\n\t\t\t\t\t<\/div>\n\n\t\n<\/div>","protected":false},"excerpt":{"rendered":"<p>COME POSSO ORDINARE ONLINE SU BICI-BICI.IT COME POSSO AGGIUNGERE UN PRODOTTO DOPO AVER TERMINATO L\u2019ORDINE? C\u2019\u00c8 UN LIMITE DI SPESA MINIMA?<\/p>","protected":false},"author":1,"featured_media":0,"parent":0,"menu_order":0,"comment_status":"closed","ping_status":"closed","template":"page-left-sidebar.php","meta":{"footnotes":""},"class_list":["post-9482","page","type-page","status-publish","hentry"],"_links":{"self":[{"href":"https:\/\/bici-bici.it\/es\/wp-json\/wp\/v2\/pages\/9482","targetHints":{"allow":["GET"]}}],"collection":[{"href":"https:\/\/bici-bici.it\/es\/wp-json\/wp\/v2\/pages"}],"about":[{"href":"https:\/\/bici-bici.it\/es\/wp-json\/wp\/v2\/types\/page"}],"author":[{"embeddable":true,"href":"https:\/\/bici-bici.it\/es\/wp-json\/wp\/v2\/users\/1"}],"replies":[{"embeddable":true,"href":"https:\/\/bici-bici.it\/es\/wp-json\/wp\/v2\/comments?post=9482"}],"version-history":[{"count":0,"href":"https:\/\/bici-bici.it\/es\/wp-json\/wp\/v2\/pages\/9482\/revisions"}],"wp:attachment":[{"href":"https:\/\/bici-bici.it\/es\/wp-json\/wp\/v2\/media?parent=9482"}],"curies":[{"name":"wp","href":"https:\/\/api.w.org\/{rel}","templated":true}]}}