{"id":9120,"date":"2021-12-22T14:04:17","date_gmt":"2021-12-22T14:04:17","guid":{"rendered":"http:\/\/bici-bici.it\/?page_id=9120"},"modified":"2023-10-10T07:58:58","modified_gmt":"2023-10-10T07:58:58","slug":"guanti-mtb-mountain-bike","status":"publish","type":"page","link":"https:\/\/bici-bici.it\/es\/guantes-mtb-para-bicicleta-de-montana\/","title":{"rendered":"Guantes BTT - Bicicleta de monta\u00f1a"},"content":{"rendered":"<p><span style=\"font-size: 115%;\">\t\n  \n    <div class=\"row large-columns-3 medium-columns- small-columns-2 row-small\" >\n  <\/div><\/span><\/p>\n<h1 style=\"text-align: center;\"><span style=\"font-size: 115%;\">Guantes BTT<\/span><\/h1>\n<div><span style=\"font-size: 115%;\">Los guantes de BTT son una parte importante del equipo de un ciclista. Tanto si practicas cross-country, enduro o descenso en bicicleta de monta\u00f1a, te protegen del sol y de la suciedad que podr\u00eda ensuciarte las manos durante los largos recorridos en climas c\u00e1lidos.<\/span><\/div>\n<div><\/div>\n<div><span style=\"color: #555555; font-size: 115%;\">Los guantes de MTB protegen las palmas de los ciclistas de todo tipo de materiales abrasivos, como ramas afiladas y suciedad, al tiempo que proporcionan ventilaci\u00f3n para mantener las manos frescas en esos d\u00edas de verano en los que las temperaturas pueden alcanzar \u00a1hasta 110 grados Fahrenheit en el exterior! Estos guantes espec\u00edficos tambi\u00e9n cuentan con acolchado incorporado para mayor comodidad, lo que resulta especialmente \u00fatil si con el tiempo sufres lesiones en las manos debido al uso repetido a velocidades tan altas en rutas cuesta abajo con muchos obst\u00e1culos por el camino.<\/span><\/div>\n<div><\/div>\n<div><span style=\"font-size: 115%;\"><div class=\"is-divider divider clearfix\" style=\"max-width:100%;\"><\/div><\/span><\/div>\n<h2><span style=\"font-size: 115%;\">Guantes de MTB para hombre<\/span><\/h2>\n<div><span style=\"font-size: 115%;\">Guantes <a class=\"wpil_keyword_link\" href=\"https:\/\/bici-bici.it\/es\/product-category\/biciclette\/mtb\/\"   title=\"BTT\" data-wpil-keyword-link=\"linked\">BTT<\/a> protegen las palmas de los ciclistas de todo tipo de materiales abrasivos, como ramas afiladas y suciedad, y proporcionan ventilaci\u00f3n para mantener las manos frescas en esos d\u00edas de verano en los que las temperaturas pueden alcanzar los 110 grados Fahrenheit en el exterior. Los guantes MTB tambi\u00e9n tienen acolchado incorporado para mayor comodidad, lo que es especialmente \u00fatil si se producen lesiones en las manos con el tiempo debido al uso repetido a velocidades tan altas en senderos cuesta abajo con muchos obst\u00e1culos en el camino.<\/span><\/div>\n<div><\/div>\n<div><span style=\"font-size: 115%;\"><div class=\"is-divider divider clearfix\" style=\"max-width:100%;\"><\/div><\/span><\/div>\n<h2><span style=\"font-size: 115%;\">Guantes MTB mujer<\/span><\/h2>\n<div><span style=\"font-size: 115%;\">La ropa no es lo \u00fanico que las mujeres deben tener en cuenta a la hora de practicar ciclismo. Las mujeres tambi\u00e9n deben asegurarse de que sus manos se mantienen calientes y protegidas de la fricci\u00f3n utilizando guantes como estos guantes de MTB para mujer.<\/span><\/div>\n<div><\/div>\n<div><span style=\"font-size: 115%;\">Los guantes de MTB para mujer te proporcionan un buen agarre al manillar, incluso cuando est\u00e1 mojado en el exterior. Adem\u00e1s, est\u00e1n confeccionados con algod\u00f3n 100%, \u00a1as\u00ed que no irritar\u00e1n tu piel sensible ni te sudar\u00e1n las manos!<\/span><\/div>\n<div><\/div>\n<div><span style=\"font-size: 115%;\">Lo primero que hay que tener en cuenta al buscar guantes para la bicicleta de monta\u00f1a es el tipo de agarre necesario. Los ciclistas m\u00e1s agresivos pueden querer un guante con acolchado extra en las partes que entrar\u00e1n en contacto con el manillar y las manetas de freno, mientras que otros pueden preferir algo m\u00e1s ligero o materiales menos duraderos que sean m\u00e1s adecuados para salidas largas.<\/span><\/div>\n<div><\/div>\n<div><span style=\"font-size: 115%;\">Bas\u00e1ndose en estas consideraciones, a lo largo del tiempo se han desarrollado diferentes tipos de guantes de mtb para mujer. Por ejemplo, algunos fabricantes producen versiones de cuero que ofrecen una excelente protecci\u00f3n contra las rozaduras sin restringir demasiado los movimientos: \u00a1perfectos si est\u00e1s planeando una traves\u00eda \u00e9pica!<\/span><\/div>","protected":false},"excerpt":{"rendered":"<p>Guanti MTB I guanti da MTB sono una parte importante del kit di un ciclista. Sia che tu stia praticando il cross-country, le gare di enduro o la mountain bike in discesa, forniscono protezione dal sole e dai detriti del sentiero generale che altrimenti potrebbero sporcarsi le mani durante le lunghe uscite in condizioni climatiche [&#8230;]\n","protected":false},"author":2,"featured_media":12321,"parent":0,"menu_order":18,"comment_status":"closed","ping_status":"closed","template":"","meta":{"footnotes":""},"class_list":["post-9120","page","type-page","status-publish","has-post-thumbnail","hentry"],"_links":{"self":[{"href":"https:\/\/bici-bici.it\/es\/wp-json\/wp\/v2\/pages\/9120","targetHints":{"allow":["GET"]}}],"collection":[{"href":"https:\/\/bici-bici.it\/es\/wp-json\/wp\/v2\/pages"}],"about":[{"href":"https:\/\/bici-bici.it\/es\/wp-json\/wp\/v2\/types\/page"}],"author":[{"embeddable":true,"href":"https:\/\/bici-bici.it\/es\/wp-json\/wp\/v2\/users\/2"}],"replies":[{"embeddable":true,"href":"https:\/\/bici-bici.it\/es\/wp-json\/wp\/v2\/comments?post=9120"}],"version-history":[{"count":0,"href":"https:\/\/bici-bici.it\/es\/wp-json\/wp\/v2\/pages\/9120\/revisions"}],"wp:featuredmedia":[{"embeddable":true,"href":"https:\/\/bici-bici.it\/es\/wp-json\/wp\/v2\/media\/12321"}],"wp:attachment":[{"href":"https:\/\/bici-bici.it\/es\/wp-json\/wp\/v2\/media?parent=9120"}],"curies":[{"name":"wp","href":"https:\/\/api.w.org\/{rel}","templated":true}]}}