{"id":8479,"date":"2021-03-22T06:32:56","date_gmt":"2021-03-22T06:32:56","guid":{"rendered":"http:\/\/bici-bici.it\/?page_id=8479"},"modified":"2021-12-24T11:15:55","modified_gmt":"2021-12-24T11:15:55","slug":"tacchetti-per-bici","status":"publish","type":"page","link":"https:\/\/bici-bici.it\/es\/calas-de-bicicleta\/","title":{"rendered":"Calas de bicicleta"},"content":{"rendered":"<div class=\"row large-columns-3 medium-columns- small-columns-2 row-small\" >\n  \n\t     <div class=\"product-small col has-hover product type-product post-12380 status-publish first instock product_cat-da-corsa product_cat-ammortizzatore product_cat-bici-bambini product_cat-biciclette product_cat-elettriche product_cat-biciclette-gravel product_cat-mtb product_cat-cassette-e-pacco-pignoni product_cat-city-bike product_cat-cyclocross-frame-carbon product_cat-deragliatore product_cat-fat-bike product_cat-forcelle-mtb product_cat-gravel-frameset-carbon product_cat-guarniture-e-pedivelle product_cat-men-pants product_cat-mtb-frame-carbon product_cat-pants product_cat-ricambi-bici product_cat-road-frameset-carbon product_cat-ruote-complete-e-raggi product_cat-ski-snowboard product_cat-selle product_cat-tacchette product_cat-telai product_cat-triathlon-frameset-carbon has-post-thumbnail sale taxable shipping-taxable purchasable product-type-simple\">\n\t<div class=\"col-inner\">\n\t\n<div class=\"badge-container absolute left top z-1\">\n<div class=\"callout badge badge-circle\"><div class=\"badge-inner secondary on-sale\"><span class=\"onsale\" data-no-translation=\"\" data-trp-gettext=\"\">\u00a1Oferta!<\/span><\/div><\/div>\n<\/div>\n\t<div class=\"product-small box\">\n\t\t<div class=\"box-image\">\n\t\t\t<div class=\"image-fade_in_back\">\n\t\t\t\t<a href=\"https:\/\/bici-bici.it\/es\/product\/niner-rlt-e9-rdo-4-star-28-11-fach-2021-2022-herren-gravel-e-fahrrad-carbon-59\/\" aria-label=\"Niner RLT E9 RDO 4-STAR 28&quot; 11 Fach 2021\/2022 Herren Gravel E-Fahrrad\/Carbon 59\">\n\t\t\t\t\t<img loading=\"lazy\" decoding=\"async\" width=\"500\" height=\"500\" src=\"https:\/\/bici-bici.it\/wp-content\/uploads\/2023\/06\/Niner-RLT-E9-RDO-4-STAR-28.jpg\" class=\"attachment-woocommerce_thumbnail size-woocommerce_thumbnail\" alt=\"Niner RLT E9 RDO 4-STAR 28\" srcset=\"https:\/\/bici-bici.it\/wp-content\/uploads\/2023\/06\/Niner-RLT-E9-RDO-4-STAR-28.jpg 500w, https:\/\/bici-bici.it\/wp-content\/uploads\/2023\/06\/Niner-RLT-E9-RDO-4-STAR-28-100x100.jpg 100w, https:\/\/bici-bici.it\/wp-content\/uploads\/2023\/06\/Niner-RLT-E9-RDO-4-STAR-28-64x64.jpg 64w, https:\/\/bici-bici.it\/wp-content\/uploads\/2023\/06\/Niner-RLT-E9-RDO-4-STAR-28-400x400.jpg 400w, https:\/\/bici-bici.it\/wp-content\/uploads\/2023\/06\/Niner-RLT-E9-RDO-4-STAR-28-280x280.jpg 280w, https:\/\/bici-bici.it\/wp-content\/uploads\/2023\/06\/Niner-RLT-E9-RDO-4-STAR-28-12x12.jpg 12w\" sizes=\"auto, (max-width: 500px) 100vw, 500px\" \/>\t\t\t\t<\/a>\n\t\t\t<\/div>\n\t\t\t<div class=\"image-tools is-small top right show-on-hover\">\n\t\t\t\t\t\t\t<\/div>\n\t\t\t<div class=\"image-tools is-small hide-for-small bottom left show-on-hover\">\n\t\t\t\t\t\t\t<\/div>\n\t\t\t<div class=\"image-tools grid-tools text-center hide-for-small bottom hover-slide-in show-on-hover\">\n\t\t\t\t  <a class=\"quick-view\" data-prod=\"12380\" href=\"#quick-view\">Vista R\u00e1pida<\/a>\t\t\t<\/div>\n\t\t\t\t\t<\/div>\n\n\t\t<div class=\"box-text box-text-products\">\n\t\t\t<div class=\"title-wrapper\">\t\t<p class=\"category uppercase is-smaller no-text-overflow product-cat op-7\">\n\t\t\tBicicletas de carreras\t\t<\/p>\n\t<p class=\"name product-title woocommerce-loop-product__title\"><a href=\"https:\/\/bici-bici.it\/es\/product\/niner-rlt-e9-rdo-4-star-28-11-fach-2021-2022-herren-gravel-e-fahrrad-carbon-59\/\" class=\"woocommerce-LoopProduct-link woocommerce-loop-product__link\">Niner RLT E9 RDO 4-STAR 28\u2033 11 Fach 2021\/2022 Herren Gravel E-Fahrrad\/Carbon 59<\/a><\/p><\/div><div class=\"price-wrapper\">\n\t<span class=\"price\"><del aria-hidden=\"true\"><span class=\"woocommerce-Price-amount amount\"><bdi>5.800,00&nbsp;<span class=\"woocommerce-Price-currencySymbol\">\u20ac<\/span><\/bdi><\/span><\/del> <span class=\"screen-reader-text\" data-no-translation=\"\" data-trp-gettext=\"\">El precio original era: 5.800,00&nbsp;&euro;.<\/span><ins aria-hidden=\"true\"><span class=\"woocommerce-Price-amount amount\"><bdi>4.785,00&nbsp;<span class=\"woocommerce-Price-currencySymbol\">\u20ac<\/span><\/bdi><\/span><\/ins><span class=\"screen-reader-text\" data-no-translation=\"\" data-trp-gettext=\"\">El precio actual es: 4.785,00&nbsp;&euro;.<\/span><\/span>\n<\/div>\t\t<\/div>\n\t<\/div>\n\t\t<\/div>\n<\/div><\/div>\n<h2 style=\"text-align: center;\">Clavos para bicicleta (precio al por mayor)<\/h2>\n<div><\/div>\n<div>\u00bfQuieres comprar calas de bicicleta? Vendemos calas de alta calidad al mejor precio.<\/div>\n<div><\/div>\n<h3>\u00bfQu\u00e9 son los formadores?<\/h3>\n<div><\/div>\n<div>Las calas de los zapatos son los accesorios de los zapatos para reducir la tracci\u00f3n y proporcionar m\u00e1s fricci\u00f3n para evitar resbalones. Suelen tener forma de cuchilla y pueden ser de metal, goma o pl\u00e1stico.<\/div>\n<h3><\/h3>\n<h2>\u00bfC\u00f3mo se utilizan las calas de bicicleta?<\/h2>\n<div><\/div>\n<div>Puedes colocar calas bajo tus zapatillas de ciclismo y te ayudar\u00e1n a sujetar mejor el pedal. As\u00ed se reducen las posibilidades de que el pie resbale del pedal y podr\u00e1s remar tan r\u00e1pido como quieras con menos problemas.<\/div>\n<div><\/div>\n<h2>\u00bfPernos de dos o tres tornillos?<\/h2>\n<div><\/div>\n<div>Las calas de dos tornillos se fijan a la zapatilla con dos tornillos. Del mismo modo, las calas de tres tornillos se fijan a las zapatillas con tres tornillos. La decisi\u00f3n correcta o incorrecta a la hora de comprar calas depende del tipo de zapatilla. Por tanto, analiza el n\u00facleo de tu zapatilla antes de encargar un par de calas de ciclismo.<\/div>\n<div><\/div>\n<h2>\u00bfSon todos los tacos compatibles con el calzado deportivo?<\/h2>\n<div><\/div>\n<div>Las zapatillas deportivas son compatibles con calas de tres o dos tornillos. En algunos casos, ambos tipos de calas pueden conectarse a un par de zapatillas concreto. Por lo tanto, compruebe el terreno a continuaci\u00f3n para encontrar la compatibilidad.<\/div>\n<div><\/div>\n<h3>\u00bfC\u00f3mo puede ayudar la cala?<\/h3>\n<div><\/div>\n<div>Cuando utilizas calas, consigues un mejor control sobre tu bicicleta. Con un mejor control, tendr\u00e1s confianza en tus habilidades ciclistas y esto se reflejar\u00e1 en tu actitud.<\/div>\n<div><\/div>\n<div>Adem\u00e1s, con una cala de bicicleta correctamente colocada, puedes mantener los pies sobre los pedales en la mejor posici\u00f3n, mejorando tu eficacia y el empuje que proporcionas al pedalear.<\/div>\n<h3>\u00bfC\u00f3mo ajustar la proa y la popa al fijar la cornamusa?<\/h3>\n<div><\/div>\n<div>Puedes analizar la anchura de tu rodilla al pedalear en el punto m\u00e1s alto de la carrera. Si pedaleas con las rodillas anchas en el punto m\u00e1s alto, tienes que meter las calas de la bicicleta hacia dentro y mover el pie hacia fuera, y viceversa.<\/div>\n<h3>\u00bfDebes mantener la cornamusa flotante o apretada?<\/h3>\n<div>Por lo general, las calas de bicicleta disponen de un tornillo de ajuste para regular el ajuste de la zapatilla con el pedal. As\u00ed, puedes elegir entre la situaci\u00f3n flotante y la estrecha para conseguir el mejor ajuste.<\/div>\n<h3>\u00bfPor qu\u00e9 comprar en Bici Bici?<\/h3>\n<div><\/div>\n<div>Bici ofrece el mejor precio con la garant\u00eda de la m\u00e1xima calidad del producto. As\u00ed que pide ya tu zapato.<\/div>","protected":false},"excerpt":{"rendered":"<p>Tacchetti per bici (prezzo all&#8217;ingrosso) Stai cercando di acquistare tacchette per bici? Vendiamo tacchetti di alta qualit\u00e0 al miglior prezzo. Cosa sono le scarpe da ginnastica? I tacchetti per scarpe sono gli attacchi per le scarpe per ridurre la trazione e fornire pi\u00f9 attrito per evitare scivolamenti. Solitamente, presenti nella forma a lama, le tacchette [&#8230;]\n","protected":false},"author":2,"featured_media":0,"parent":0,"menu_order":10,"comment_status":"closed","ping_status":"closed","template":"","meta":{"footnotes":""},"class_list":["post-8479","page","type-page","status-publish","hentry"],"_links":{"self":[{"href":"https:\/\/bici-bici.it\/es\/wp-json\/wp\/v2\/pages\/8479","targetHints":{"allow":["GET"]}}],"collection":[{"href":"https:\/\/bici-bici.it\/es\/wp-json\/wp\/v2\/pages"}],"about":[{"href":"https:\/\/bici-bici.it\/es\/wp-json\/wp\/v2\/types\/page"}],"author":[{"embeddable":true,"href":"https:\/\/bici-bici.it\/es\/wp-json\/wp\/v2\/users\/2"}],"replies":[{"embeddable":true,"href":"https:\/\/bici-bici.it\/es\/wp-json\/wp\/v2\/comments?post=8479"}],"version-history":[{"count":0,"href":"https:\/\/bici-bici.it\/es\/wp-json\/wp\/v2\/pages\/8479\/revisions"}],"wp:attachment":[{"href":"https:\/\/bici-bici.it\/es\/wp-json\/wp\/v2\/media?parent=8479"}],"curies":[{"name":"wp","href":"https:\/\/api.w.org\/{rel}","templated":true}]}}