{"id":8471,"date":"2021-03-20T12:13:57","date_gmt":"2021-03-20T12:13:57","guid":{"rendered":"http:\/\/bici-bici.it\/?page_id=8471"},"modified":"2023-06-30T05:26:59","modified_gmt":"2023-06-30T05:26:59","slug":"ammortizzatore-posteriore-per-mountain-bike","status":"publish","type":"page","link":"https:\/\/bici-bici.it\/es\/amortiguador-trasero-mountain-bike\/","title":{"rendered":"Amortiguador trasero para bicicletas de monta\u00f1a"},"content":{"rendered":"<p><span style=\"font-size: 115%;\">\t\n  \n    <div class=\"row large-columns-3 medium-columns- small-columns-2 row-small\" >\n  \n\t     <div class=\"product-small col has-hover product type-product post-12402 status-publish first instock product_cat-ammortizzatore product_cat-forcelle-mtb has-post-thumbnail taxable shipping-taxable purchasable product-type-simple\">\n\t<div class=\"col-inner\">\n\t\n<div class=\"badge-container absolute left top z-1\">\n\n<\/div>\n\t<div class=\"product-small box\">\n\t\t<div class=\"box-image\">\n\t\t\t<div class=\"image-fade_in_back\">\n\t\t\t\t<a href=\"https:\/\/bici-bici.it\/es\/product\/rockshox-csu-pike-dual-position-1-1-8-1-5-federgabel-krone-27-5\/\" aria-label=\"RockShox CSU Pike Dual Position 1 1\/8-1.5&quot; Federgabel Krone 27.5&quot;\">\n\t\t\t\t\t<img loading=\"lazy\" decoding=\"async\" width=\"400\" height=\"400\" src=\"https:\/\/bici-bici.it\/wp-content\/uploads\/2023\/06\/1-130.jpg\" class=\"attachment-woocommerce_thumbnail size-woocommerce_thumbnail\" alt=\"RockShox CSU Pike Dual Position 1 1\/8-1.5&quot; Federgabel Krone 27.5&quot;\" srcset=\"https:\/\/bici-bici.it\/wp-content\/uploads\/2023\/06\/1-130.jpg 400w, https:\/\/bici-bici.it\/wp-content\/uploads\/2023\/06\/1-130-100x100.jpg 100w, https:\/\/bici-bici.it\/wp-content\/uploads\/2023\/06\/1-130-64x64.jpg 64w, https:\/\/bici-bici.it\/wp-content\/uploads\/2023\/06\/1-130-280x280.jpg 280w, https:\/\/bici-bici.it\/wp-content\/uploads\/2023\/06\/1-130-12x12.jpg 12w\" sizes=\"auto, (max-width: 400px) 100vw, 400px\" \/>\t\t\t\t<\/a>\n\t\t\t<\/div>\n\t\t\t<div class=\"image-tools is-small top right show-on-hover\">\n\t\t\t\t\t\t\t<\/div>\n\t\t\t<div class=\"image-tools is-small hide-for-small bottom left show-on-hover\">\n\t\t\t\t\t\t\t<\/div>\n\t\t\t<div class=\"image-tools grid-tools text-center hide-for-small bottom hover-slide-in show-on-hover\">\n\t\t\t\t  <a class=\"quick-view\" data-prod=\"12402\" href=\"#quick-view\">Vista R\u00e1pida<\/a>\t\t\t<\/div>\n\t\t\t\t\t<\/div>\n\n\t\t<div class=\"box-text box-text-products\">\n\t\t\t<div class=\"title-wrapper\">\t\t<p class=\"category uppercase is-smaller no-text-overflow product-cat op-7\">\n\t\t\tAmortiguador MTB\t\t<\/p>\n\t<p class=\"name product-title woocommerce-loop-product__title\"><a href=\"https:\/\/bici-bici.it\/es\/product\/rockshox-csu-pike-dual-position-1-1-8-1-5-federgabel-krone-27-5\/\" class=\"woocommerce-LoopProduct-link woocommerce-loop-product__link\">RockShox CSU Pike Dual Position 1 1\/8-1,5\u2033 Federgabel Krone 27,5\u2033.<\/a><\/p><\/div><div class=\"price-wrapper\">\n\t<span class=\"price\"><span class=\"woocommerce-Price-amount amount\"><bdi>233,44&nbsp;<span class=\"woocommerce-Price-currencySymbol\">\u20ac<\/span><\/bdi><\/span><\/span>\n<\/div>\t\t<\/div>\n\t<\/div>\n\t\t<\/div>\n<\/div><div class=\"product-small col has-hover product type-product post-12380 status-publish instock product_cat-da-corsa product_cat-ammortizzatore product_cat-bici-bambini product_cat-biciclette product_cat-elettriche product_cat-biciclette-gravel product_cat-mtb product_cat-cassette-e-pacco-pignoni product_cat-city-bike product_cat-cyclocross-frame-carbon product_cat-deragliatore product_cat-fat-bike product_cat-forcelle-mtb product_cat-gravel-frameset-carbon product_cat-guarniture-e-pedivelle product_cat-men-pants product_cat-mtb-frame-carbon product_cat-pants product_cat-ricambi-bici product_cat-road-frameset-carbon product_cat-ruote-complete-e-raggi product_cat-ski-snowboard product_cat-selle product_cat-tacchette product_cat-telai product_cat-triathlon-frameset-carbon has-post-thumbnail sale taxable shipping-taxable purchasable product-type-simple\">\n\t<div class=\"col-inner\">\n\t\n<div class=\"badge-container absolute left top z-1\">\n<div class=\"callout badge badge-circle\"><div class=\"badge-inner secondary on-sale\"><span class=\"onsale\" data-no-translation=\"\" data-trp-gettext=\"\">\u00a1Oferta!<\/span><\/div><\/div>\n<\/div>\n\t<div class=\"product-small box\">\n\t\t<div class=\"box-image\">\n\t\t\t<div class=\"image-fade_in_back\">\n\t\t\t\t<a href=\"https:\/\/bici-bici.it\/es\/product\/niner-rlt-e9-rdo-4-star-28-11-fach-2021-2022-herren-gravel-e-fahrrad-carbon-59\/\" aria-label=\"Niner RLT E9 RDO 4-STAR 28&quot; 11 Fach 2021\/2022 Herren Gravel E-Fahrrad\/Carbon 59\">\n\t\t\t\t\t<img loading=\"lazy\" decoding=\"async\" width=\"500\" height=\"500\" src=\"https:\/\/bici-bici.it\/wp-content\/uploads\/2023\/06\/Niner-RLT-E9-RDO-4-STAR-28.jpg\" class=\"attachment-woocommerce_thumbnail size-woocommerce_thumbnail\" alt=\"Niner RLT E9 RDO 4-STAR 28\" srcset=\"https:\/\/bici-bici.it\/wp-content\/uploads\/2023\/06\/Niner-RLT-E9-RDO-4-STAR-28.jpg 500w, https:\/\/bici-bici.it\/wp-content\/uploads\/2023\/06\/Niner-RLT-E9-RDO-4-STAR-28-100x100.jpg 100w, https:\/\/bici-bici.it\/wp-content\/uploads\/2023\/06\/Niner-RLT-E9-RDO-4-STAR-28-64x64.jpg 64w, https:\/\/bici-bici.it\/wp-content\/uploads\/2023\/06\/Niner-RLT-E9-RDO-4-STAR-28-400x400.jpg 400w, https:\/\/bici-bici.it\/wp-content\/uploads\/2023\/06\/Niner-RLT-E9-RDO-4-STAR-28-280x280.jpg 280w, https:\/\/bici-bici.it\/wp-content\/uploads\/2023\/06\/Niner-RLT-E9-RDO-4-STAR-28-12x12.jpg 12w\" sizes=\"auto, (max-width: 500px) 100vw, 500px\" \/>\t\t\t\t<\/a>\n\t\t\t<\/div>\n\t\t\t<div class=\"image-tools is-small top right show-on-hover\">\n\t\t\t\t\t\t\t<\/div>\n\t\t\t<div class=\"image-tools is-small hide-for-small bottom left show-on-hover\">\n\t\t\t\t\t\t\t<\/div>\n\t\t\t<div class=\"image-tools grid-tools text-center hide-for-small bottom hover-slide-in show-on-hover\">\n\t\t\t\t  <a class=\"quick-view\" data-prod=\"12380\" href=\"#quick-view\">Vista R\u00e1pida<\/a>\t\t\t<\/div>\n\t\t\t\t\t<\/div>\n\n\t\t<div class=\"box-text box-text-products\">\n\t\t\t<div class=\"title-wrapper\">\t\t<p class=\"category uppercase is-smaller no-text-overflow product-cat op-7\">\n\t\t\tBicicletas de carreras\t\t<\/p>\n\t<p class=\"name product-title woocommerce-loop-product__title\"><a href=\"https:\/\/bici-bici.it\/es\/product\/niner-rlt-e9-rdo-4-star-28-11-fach-2021-2022-herren-gravel-e-fahrrad-carbon-59\/\" class=\"woocommerce-LoopProduct-link woocommerce-loop-product__link\">Niner RLT E9 RDO 4-STAR 28\u2033 11 Fach 2021\/2022 Herren Gravel E-Fahrrad\/Carbon 59<\/a><\/p><\/div><div class=\"price-wrapper\">\n\t<span class=\"price\"><del aria-hidden=\"true\"><span class=\"woocommerce-Price-amount amount\"><bdi>5.800,00&nbsp;<span class=\"woocommerce-Price-currencySymbol\">\u20ac<\/span><\/bdi><\/span><\/del> <span class=\"screen-reader-text\" data-no-translation=\"\" data-trp-gettext=\"\">El precio original era: 5.800,00&nbsp;&euro;.<\/span><ins aria-hidden=\"true\"><span class=\"woocommerce-Price-amount amount\"><bdi>4.785,00&nbsp;<span class=\"woocommerce-Price-currencySymbol\">\u20ac<\/span><\/bdi><\/span><\/ins><span class=\"screen-reader-text\" data-no-translation=\"\" data-trp-gettext=\"\">El precio actual es: 4.785,00&nbsp;&euro;.<\/span><\/span>\n<\/div>\t\t<\/div>\n\t<\/div>\n\t\t<\/div>\n<\/div><\/div><\/span><\/p>\n<h2 style=\"text-align: center;\"><span style=\"font-size: 115%;\">Amortiguador trasero para bicicletas de monta\u00f1a (Precios Outlet)<\/span><\/h2>\n<div><\/div>\n<div style=\"text-align: center;\"><span style=\"font-size: 115%;\"><strong>\u00bfBusca comprar un amortiguador trasero para bicicletas de monta\u00f1a? Puedes comprarnos amortiguadores de calidad para bicicletas a precios rebajados.<\/strong><\/span><\/div>\n<h3><span style=\"font-size: 115%;\">\u00bfQu\u00e9 es un amortiguador trasero?<\/span><\/h3>\n<div><span style=\"font-size: 115%;\">La composici\u00f3n del amortiguador trasero es \u00fanica, ya que consta de tubos telesc\u00f3picos que se deslizan unos dentro de otros. El muelle act\u00faa como amortiguador, y todo el mecanismo pasa a formar parte de la bicicleta con la ayuda del ojo situado a cada lado. En cada ojo, un peque\u00f1o cojinete atraviesa la suspensi\u00f3n activa para proporcionar la amortiguaci\u00f3n deseada.<\/span><\/div>\n<h3><span style=\"font-size: 115%;\">\u00bfC\u00f3mo funciona el amortiguador trasero?<\/span><\/h3>\n<div><span style=\"font-size: 115%;\">Los amortiguadores traseros crean un mecanismo mediante el cual se amortigua el movimiento del muelle y se absorbe el impacto. La compresi\u00f3n y el rebote del muelle se reparten en el tiempo, lo que se traduce en un impacto menos brusco.<\/span><\/div>\n<h3><span style=\"font-size: 115%;\">\u00bfC\u00f3mo encontrar el amortiguador trasero adecuado?<\/span><\/h3>\n<div><span style=\"font-size: 115%;\">Tanto si quieres mejorar tu amortiguador trasero actual como si quieres instalar uno en tu moto, debes fijarte en dos cosas: el tama\u00f1o y el tipo de muelle.<\/span><\/div>\n<div><\/div>\n<div><span style=\"font-size: 115%;\">La longitud de ojo a ojo del amortiguador de bicicleta es lo que entiendo por tama\u00f1o. Puede medir el tama\u00f1o de los amortiguadores de bicicleta existentes y volver a pedir amortiguadores del mismo tama\u00f1o.<\/span><\/div>\n<div><\/div>\n<div><span style=\"font-size: 115%;\">Hay dos tipos de muelles: de aire y de espiral. Puedes elegir el que creas que te har\u00e1 sentir m\u00e1s c\u00f3modo.<\/span><\/div>\n<h3><span style=\"font-size: 115%;\">\u00bfNecesita algo m\u00e1s aparte de los amortiguadores traseros?<\/span><\/h3>\n<div><span style=\"font-size: 115%;\">S\u00ed, si va a actualizar su bicicleta y comprar nuevos amortiguadores, tambi\u00e9n necesitar\u00e1 pernos. Estos pernos son esenciales para fijar los amortiguadores traseros al cuadro. Aunque su mec\u00e1nico puede orientarle sobre el tama\u00f1o perfecto si desea reparar su bicicleta usted mismo, necesitar\u00e1 ver <a href=\"https:\/\/kroki.ro\" target=\"_blank\" rel=\"noopener\">rompecabezas mec\u00e1nico<\/a> si funcionan los tornillos de 5 mm o 7 mm.<\/span><\/div>\n<h3><span style=\"font-size: 115%;\">\u00bfLos amortiguadores traseros s\u00f3lo se montan despu\u00e9s de haberlos arreglado?<\/span><\/h3>\n<div><span style=\"font-size: 115%;\">Puedes considerar que los amortiguadores traseros son totalmente funcionales, pero para adaptarlos a tu estilo y peso corporal, necesitar\u00e1s unas cuantas vueltas. Con la configuraci\u00f3n del hundimiento ajustada, el enrollado y desenrollado se ajustan para ayudarte con una conducci\u00f3n suave.<\/span><\/div>\n<h3><span style=\"font-size: 115%;\">\u00bfExisten amortiguadores de bicicleta actualizados?<\/span><\/h3>\n<div><span style=\"font-size: 115%;\">Si est\u00e1s enamorado de tu moto y quieres que se adapte a ella con la \u00faltima tecnolog\u00eda, han llegado los amortiguadores de plataforma. Estos amortiguadores permanecen silenciosos si la presi\u00f3n se mantiene por debajo de un umbral. Esto significa que la fuerza de pedaleo no los activar\u00e1, facilitando que contin\u00faes pedaleando sin problemas. Sin embargo, funcionar\u00e1n bien cuando te topes con terrenos abruptos.<\/span><\/div>\n<h3><span style=\"font-size: 115%;\">\u00bfPor qu\u00e9 comprar en Bici Bici?<\/span><\/h3>\n<div><span style=\"font-size: 115%;\">Puede esperar de nosotros productos de alta calidad al mejor precio posible, ya que intentamos ofrecer precios al por mayor a nuestros clientes.<\/span><\/div>","protected":false},"excerpt":{"rendered":"<p>Ammortizzatore posteriore per mountain bike (prezzi Outlet) Stai cercando di acquistare un ammortizzatore posteriore per mountain bike? Puoi acquistare ammortizzatori per bici di qualit\u00e0 da noi a prezzi scontati. Cos&#8217;\u00e8 un ammortizzatore posteriore? La composizione dell&#8217;ammortizzatore posteriore \u00e8 unica, costituita da tubi telescopici che scorrono l&#8217;uno nell&#8217;altro. La molla funge da ammortizzatore, e l&#8217;intero meccanismo [&#8230;]\n","protected":false},"author":2,"featured_media":12291,"parent":0,"menu_order":7,"comment_status":"closed","ping_status":"closed","template":"","meta":{"footnotes":""},"class_list":["post-8471","page","type-page","status-publish","has-post-thumbnail","hentry"],"_links":{"self":[{"href":"https:\/\/bici-bici.it\/es\/wp-json\/wp\/v2\/pages\/8471","targetHints":{"allow":["GET"]}}],"collection":[{"href":"https:\/\/bici-bici.it\/es\/wp-json\/wp\/v2\/pages"}],"about":[{"href":"https:\/\/bici-bici.it\/es\/wp-json\/wp\/v2\/types\/page"}],"author":[{"embeddable":true,"href":"https:\/\/bici-bici.it\/es\/wp-json\/wp\/v2\/users\/2"}],"replies":[{"embeddable":true,"href":"https:\/\/bici-bici.it\/es\/wp-json\/wp\/v2\/comments?post=8471"}],"version-history":[{"count":0,"href":"https:\/\/bici-bici.it\/es\/wp-json\/wp\/v2\/pages\/8471\/revisions"}],"wp:featuredmedia":[{"embeddable":true,"href":"https:\/\/bici-bici.it\/es\/wp-json\/wp\/v2\/media\/12291"}],"wp:attachment":[{"href":"https:\/\/bici-bici.it\/es\/wp-json\/wp\/v2\/media?parent=8471"}],"curies":[{"name":"wp","href":"https:\/\/api.w.org\/{rel}","templated":true}]}}