{"id":8447,"date":"2021-02-26T13:46:20","date_gmt":"2021-02-26T13:46:20","guid":{"rendered":"http:\/\/bici-bici.it\/?page_id=8447"},"modified":"2021-12-24T10:29:00","modified_gmt":"2021-12-24T10:29:00","slug":"pedivelle-bici-da-strada","status":"publish","type":"page","link":"https:\/\/bici-bici.it\/es\/bielas-bicicleta-carretera\/","title":{"rendered":"Bielas para bicicleta de carretera"},"content":{"rendered":"<div class=\"row large-columns-3 medium-columns- small-columns-2 row-small\" >\n  \n\t     <div class=\"product-small col has-hover product type-product post-12380 status-publish first instock product_cat-da-corsa product_cat-ammortizzatore product_cat-bici-bambini product_cat-biciclette product_cat-elettriche product_cat-biciclette-gravel product_cat-mtb product_cat-cassette-e-pacco-pignoni product_cat-city-bike product_cat-cyclocross-frame-carbon product_cat-deragliatore product_cat-fat-bike product_cat-forcelle-mtb product_cat-gravel-frameset-carbon product_cat-guarniture-e-pedivelle product_cat-men-pants product_cat-mtb-frame-carbon product_cat-pants product_cat-ricambi-bici product_cat-road-frameset-carbon product_cat-ruote-complete-e-raggi product_cat-ski-snowboard product_cat-selle product_cat-tacchette product_cat-telai product_cat-triathlon-frameset-carbon has-post-thumbnail sale taxable shipping-taxable purchasable product-type-simple\">\n\t<div class=\"col-inner\">\n\t\n<div class=\"badge-container absolute left top z-1\">\n<div class=\"callout badge badge-circle\"><div class=\"badge-inner secondary on-sale\"><span class=\"onsale\" data-no-translation=\"\" data-trp-gettext=\"\">\u00a1Oferta!<\/span><\/div><\/div>\n<\/div>\n\t<div class=\"product-small box\">\n\t\t<div class=\"box-image\">\n\t\t\t<div class=\"image-fade_in_back\">\n\t\t\t\t<a href=\"https:\/\/bici-bici.it\/es\/product\/niner-rlt-e9-rdo-4-star-28-11-fach-2021-2022-herren-gravel-e-fahrrad-carbon-59\/\" aria-label=\"Niner RLT E9 RDO 4-STAR 28&quot; 11 Fach 2021\/2022 Herren Gravel E-Fahrrad\/Carbon 59\">\n\t\t\t\t\t<img loading=\"lazy\" decoding=\"async\" width=\"500\" height=\"500\" src=\"https:\/\/bici-bici.it\/wp-content\/uploads\/2023\/06\/Niner-RLT-E9-RDO-4-STAR-28.jpg\" class=\"attachment-woocommerce_thumbnail size-woocommerce_thumbnail\" alt=\"Niner RLT E9 RDO 4-STAR 28\" srcset=\"https:\/\/bici-bici.it\/wp-content\/uploads\/2023\/06\/Niner-RLT-E9-RDO-4-STAR-28.jpg 500w, https:\/\/bici-bici.it\/wp-content\/uploads\/2023\/06\/Niner-RLT-E9-RDO-4-STAR-28-100x100.jpg 100w, https:\/\/bici-bici.it\/wp-content\/uploads\/2023\/06\/Niner-RLT-E9-RDO-4-STAR-28-64x64.jpg 64w, https:\/\/bici-bici.it\/wp-content\/uploads\/2023\/06\/Niner-RLT-E9-RDO-4-STAR-28-400x400.jpg 400w, https:\/\/bici-bici.it\/wp-content\/uploads\/2023\/06\/Niner-RLT-E9-RDO-4-STAR-28-280x280.jpg 280w, https:\/\/bici-bici.it\/wp-content\/uploads\/2023\/06\/Niner-RLT-E9-RDO-4-STAR-28-12x12.jpg 12w\" sizes=\"auto, (max-width: 500px) 100vw, 500px\" \/>\t\t\t\t<\/a>\n\t\t\t<\/div>\n\t\t\t<div class=\"image-tools is-small top right show-on-hover\">\n\t\t\t\t\t\t\t<\/div>\n\t\t\t<div class=\"image-tools is-small hide-for-small bottom left show-on-hover\">\n\t\t\t\t\t\t\t<\/div>\n\t\t\t<div class=\"image-tools grid-tools text-center hide-for-small bottom hover-slide-in show-on-hover\">\n\t\t\t\t  <a class=\"quick-view\" data-prod=\"12380\" href=\"#quick-view\">Vista R\u00e1pida<\/a>\t\t\t<\/div>\n\t\t\t\t\t<\/div>\n\n\t\t<div class=\"box-text box-text-products\">\n\t\t\t<div class=\"title-wrapper\">\t\t<p class=\"category uppercase is-smaller no-text-overflow product-cat op-7\">\n\t\t\tBicicletas de carreras\t\t<\/p>\n\t<p class=\"name product-title woocommerce-loop-product__title\"><a href=\"https:\/\/bici-bici.it\/es\/product\/niner-rlt-e9-rdo-4-star-28-11-fach-2021-2022-herren-gravel-e-fahrrad-carbon-59\/\" class=\"woocommerce-LoopProduct-link woocommerce-loop-product__link\">Niner RLT E9 RDO 4-STAR 28\u2033 11 Fach 2021\/2022 Herren Gravel E-Fahrrad\/Carbon 59<\/a><\/p><\/div><div class=\"price-wrapper\">\n\t<span class=\"price\"><del aria-hidden=\"true\"><span class=\"woocommerce-Price-amount amount\"><bdi>5.800,00&nbsp;<span class=\"woocommerce-Price-currencySymbol\">\u20ac<\/span><\/bdi><\/span><\/del> <span class=\"screen-reader-text\" data-no-translation=\"\" data-trp-gettext=\"\">El precio original era: 5.800,00&nbsp;&euro;.<\/span><ins aria-hidden=\"true\"><span class=\"woocommerce-Price-amount amount\"><bdi>4.785,00&nbsp;<span class=\"woocommerce-Price-currencySymbol\">\u20ac<\/span><\/bdi><\/span><\/ins><span class=\"screen-reader-text\" data-no-translation=\"\" data-trp-gettext=\"\">El precio actual es: 4.785,00&nbsp;&euro;.<\/span><\/span>\n<\/div>\t\t<\/div>\n\t<\/div>\n\t\t<\/div>\n<\/div><\/div>\n<h2 style=\"text-align: center;\">Bielas Bicicleta Carretera (Precios Outlet)<\/h2>\n<div>\u00a0<\/div>\n<div style=\"text-align: center;\"><span style=\"font-size: 105%;\"><strong>\u00bfBuscas bielas para bicicleta de carretera? Est\u00e1s en el lugar adecuado porque vendemos bielas de bicicleta de carretera de alta calidad al mejor precio.<\/strong><\/span><\/div>\n<div>\u00a0<\/div>\n<div><span style=\"font-size: 105%;\">Antes de ponerte manos a la obra con tu bicicleta, es muy importante que conozcas todos los aspectos t\u00e9cnicos y mec\u00e1nicos de la conducci\u00f3n de una bicicleta. No se trata solo de empujar la palanca en una direcci\u00f3n y pedalear con la bicicleta; se trata de entender c\u00f3mo funciona todo.<\/span><\/div>\n<div>\u00a0<\/div>\n<div><span style=\"font-size: 105%;\">La biela y sus piezas; son el coraz\u00f3n de la transmisi\u00f3n de tu bicicleta. Su bicicleta no puede funcionar sin ellas; tambi\u00e9n deben ser fuertes, ligeras y duraderas. Lee m\u00e1s sobre las bielas de bicicleta y aprende todo lo que es igual de importante.<\/span><\/div>\n<h3><span style=\"font-size: 105%;\">1: \u00bfQu\u00e9 es una biela de bicicleta?<\/span><\/h3>\n<div><span style=\"font-size: 105%;\">Una biela de bicicleta es un componente que se atornilla al plato; las bielas son las palancas que se fijan al pedal. Sin el plato no se puede montar en bicicleta.<\/span><\/div>\n<div>\u00a0<\/div>\n<div><span style=\"font-size: 105%;\">Las bielas se montan a ambos lados de la bicicleta unidas por un eje. Adem\u00e1s, existen diferentes tipos de bielas: de acero, de aluminio, de fibra de carbono, etc.<\/span><\/div>\n<h2><span style=\"font-size: 105%;\">2: \u00bfC\u00f3mo funciona la manivela Bike?<\/span><\/h2>\n<div><span style=\"font-size: 105%;\">En las bicicletas BMX, las bielas de acero son las m\u00e1s adecuadas. El plato delantero se denomina biela y se ensambla con las bielas o com\u00fanmente conocido como \"plato\";<\/span><\/div>\n<div>\u00a0<\/div>\n<div><span style=\"font-size: 105%;\">La biela gira en un pi\u00f1\u00f3n y, a medida que la cadena se aleja de la l\u00ednea central de la bicicleta, el pedaleo se hace m\u00e1s dif\u00edcil a medida que se va m\u00e1s r\u00e1pido. Es relativamente f\u00e1cil comprender el mecanismo; una vez que se conocen los componentes principales.<\/span><\/div>\n<h3><span style=\"font-size: 105%;\">3: \u00bfQu\u00e9 bielas de BMX me convienen?<\/span><\/h3>\n<div><span style=\"font-size: 105%;\">Existen gamas espec\u00edficas de bielas para bicicletas BMX y, en funci\u00f3n de la naturaleza de la BMX, puedes elegir tu biela.<\/span><\/div>\n<div>\u00a0<\/div>\n<div><span style=\"font-size: 105%;\">Bielas de competici\u00f3n: est\u00e1n fabricadas en aluminio y carbono y ahorran mucho peso en la bicicleta. Adem\u00e1s, con las bielas de competici\u00f3n en la bicicleta BMX, se necesita un eje de pedalier tipo euro.<\/span><\/div>\n<div><span style=\"font-size: 105%;\">Tres piezas: el juego de bielas m\u00e1s popular que suele encontrarse en las bicicletas BMX de estilo libre. Sin embargo, tienen dos bielas separadas unidas a un eje estriado.<\/span><\/div>\n<div><span style=\"font-size: 105%;\">Una pieza: Esta biela se encuentra en bicicletas de nivel b\u00e1sico o para principiantes. Adem\u00e1s, para esta biela debe instalarse el eje de pedalier de tipo americano.<\/span><\/div>\n<div>\u00a0<\/div>\n<h3><span style=\"font-size: 105%;\">4: \u00bfCu\u00e1les son los factores importantes a la hora de cambiar la biela de la bicicleta?<\/span><\/h3>\n<div><span style=\"font-size: 105%;\">Cuando actualice o sustituya las bielas de su bicicleta BMX, aseg\u00farese de obtener las dimensiones correctas. Es importante conocer el di\u00e1metro exacto del eje y la longitud de la biela.<\/span><\/div>\n<div>\u00a0<\/div>\n<div><span style=\"font-size: 105%;\">Di\u00e1metro del eje: primero debe comprobar la compatibilidad del eje del pedalier. Los dos ejes m\u00e1s comunes son de 19 y 22 mm. Adem\u00e1s, existen diferentes modelos de estr\u00edas: 48, 16 y 8 estr\u00edas son los m\u00e1s comunes. Obtenga una medici\u00f3n precisa del eje y el estriado para asegurarse de que su pi\u00f1\u00f3n se adapta a sus nuevas bielas.<\/span><\/div>\n<div><span style=\"font-size: 105%;\">Longitud de la biela: mide la longitud desde el eje del pedalier hasta el centro del eje del pedal. Sin embargo, la mayor\u00eda de las bielas miden 170 \u00f3 175 mm o menos de 140 mm y hasta 190 mm. Elija la biela que se adapte al tama\u00f1o de su pierna; le proporcionar\u00e1 una comodidad y un control \u00f3ptimos.<\/span><\/div>\n<h3><span style=\"font-size: 105%;\">5: \u00bfPor qu\u00e9 comprarnos?<\/span><\/h3>\n<div><span style=\"font-size: 105%;\">Ahora que lo sabes todo sobre las bielas de bicicleta, especialmente las de BMX, puedes explorar f\u00e1cilmente un par de opciones.<\/span><\/div>\n<div>\u00a0<\/div>\n<div><span style=\"font-size: 105%;\">Sin embargo, nuestra gama de bielas de repuesto, ara\u00f1as, rodamientos, tornillos y espaciadores; mejora la vida \u00fatil de su bicicleta. Adem\u00e1s, nuestras bielas mantienen tu conducci\u00f3n tan suave como debe ser.<\/span><\/div>","protected":false},"excerpt":{"rendered":"<p>Pedivelle Bici da Strada (Prezzi Outlet) \u00a0 Cerchi le pedivelle per bici da strada? Sei nel posto giusto perch\u00e9 vendiamo pedivelle per bici da strada di alta qualit\u00e0 al miglior prezzo. \u00a0 Prima di andare all-in con la tua bicicletta, \u00e8 molto importante conoscere tutti i tecnicismi e i meccanismi di guida di una bicicletta. [&#8230;]\n","protected":false},"author":2,"featured_media":0,"parent":0,"menu_order":34,"comment_status":"closed","ping_status":"closed","template":"","meta":{"footnotes":""},"class_list":["post-8447","page","type-page","status-publish","hentry"],"_links":{"self":[{"href":"https:\/\/bici-bici.it\/es\/wp-json\/wp\/v2\/pages\/8447","targetHints":{"allow":["GET"]}}],"collection":[{"href":"https:\/\/bici-bici.it\/es\/wp-json\/wp\/v2\/pages"}],"about":[{"href":"https:\/\/bici-bici.it\/es\/wp-json\/wp\/v2\/types\/page"}],"author":[{"embeddable":true,"href":"https:\/\/bici-bici.it\/es\/wp-json\/wp\/v2\/users\/2"}],"replies":[{"embeddable":true,"href":"https:\/\/bici-bici.it\/es\/wp-json\/wp\/v2\/comments?post=8447"}],"version-history":[{"count":0,"href":"https:\/\/bici-bici.it\/es\/wp-json\/wp\/v2\/pages\/8447\/revisions"}],"wp:attachment":[{"href":"https:\/\/bici-bici.it\/es\/wp-json\/wp\/v2\/media?parent=8447"}],"curies":[{"name":"wp","href":"https:\/\/api.w.org\/{rel}","templated":true}]}}