{"id":8443,"date":"2021-02-26T07:03:21","date_gmt":"2021-02-26T07:03:21","guid":{"rendered":"http:\/\/bici-bici.it\/?page_id=8443"},"modified":"2023-10-10T07:58:58","modified_gmt":"2023-10-10T07:58:58","slug":"pastiglie-dei-freni-bici","status":"publish","type":"page","link":"https:\/\/bici-bici.it\/es\/pastillas-de-freno\/","title":{"rendered":"Zapatas de freno para bicicletas"},"content":{"rendered":"<div class=\"row large-columns-4 medium-columns-3 small-columns-2 row-small slider row-slider slider-nav-reveal slider-nav-push\"  data-flickity-options='{&quot;imagesLoaded&quot;: true, &quot;groupCells&quot;: &quot;100%&quot;, &quot;dragThreshold&quot; : 5, &quot;cellAlign&quot;: &quot;left&quot;,&quot;wrapAround&quot;: true,&quot;prevNextButtons&quot;: true,&quot;percentPosition&quot;: true,&quot;pageDots&quot;: false, &quot;rightToLeft&quot;: false, &quot;autoPlay&quot; : false}' >\n\n  <\/div>\n<h2 style=\"text-align: center;\"><span style=\"font-size: 105%;\">Zapatas de freno para bicicletas<\/span><\/h2>\n<div><span style=\"font-size: 105%;\"><strong>\u00bfBusca pastillas de freno para bicicleta?<\/strong> Est\u00e1 en el lugar adecuado porque vendemos pastillas de freno de alta calidad al mejor precio.<\/span><\/div>\n<div>\u00a0<\/div>\n<div><span style=\"font-size: 105%;\">\u00bfHas pensado alguna vez qu\u00e9 es lo que te mantiene seguro cuando vas en bicicleta? Nada es m\u00e1s importante que los frenos de tu bicicleta.<\/span><\/div>\n<div>\u00a0<\/div>\n<div><span style=\"font-size: 105%;\">No s\u00f3lo sirven para su seguridad, sino tambi\u00e9n para la de las personas que le rodean. Adem\u00e1s, las pastillas de freno no son tan caras de sustituir; sin embargo, debe estar atento a las se\u00f1ales de sustituci\u00f3n de los frenos.<\/span><\/div>\n<div>\u00a0<\/div>\n<div><span style=\"font-size: 105%;\">O puedes ahorrar algo de dinero o puedes aumentar la vida \u00fatil de tu bicicleta. La mayor\u00eda de nosotros acabamos montando marchas, pero no conocemos los componentes que lo mantienen todo unido.<\/span><\/div>\n<div>\u00a0<\/div>\n<div><span style=\"font-size: 105%;\">Exploramos todo lo que necesita saber sobre las pastillas de freno para bicicletas y componentes similares.<\/span><\/div>\n<div>\n<div>\u00a0<\/div>\n<\/div>\n\n\t<section class=\"section\" id=\"section_2088337133\">\n\t\t<div class=\"section-bg fill\" >\n\t\t\t\t\t\t\t\t\t\n\t\t\t\n\n\t\t<\/div>\n\n\t\t\n\n\t\t<div class=\"section-content relative\">\n\t\t\t\n\t<div class=\"img has-hover x md-x lg-x y md-y lg-y\" id=\"image_1723566144\">\n\t\t\t\t\t\t\t\t<div class=\"img-inner box-shadow-4 dark\" style=\"margin:0px 0px 0px -0;\">\n\t\t\t<img loading=\"lazy\" decoding=\"async\" width=\"760\" height=\"570\" src=\"https:\/\/bici-bici.it\/wp-content\/uploads\/2021\/12\/pastiglie-dei-freni-bici.jpg\" class=\"attachment-original size-original\" alt=\"pastillas de freno\" srcset=\"https:\/\/bici-bici.it\/wp-content\/uploads\/2021\/12\/pastiglie-dei-freni-bici.jpg 760w, https:\/\/bici-bici.it\/wp-content\/uploads\/2021\/12\/pastiglie-dei-freni-bici-64x48.jpg 64w, https:\/\/bici-bici.it\/wp-content\/uploads\/2021\/12\/pastiglie-dei-freni-bici-533x400.jpg 533w, https:\/\/bici-bici.it\/wp-content\/uploads\/2021\/12\/pastiglie-dei-freni-bici-100x75.jpg 100w\" sizes=\"auto, (max-width: 760px) 100vw, 760px\" \/>\t\t\t\t\t\t\n\t\t\t\t\t<\/div>\n\t\t\t\t\t\t\t\t\n<style>\n#image_1723566144 {\n  width: 100%;\n}\n@media (min-width:550px) {\n  #image_1723566144 {\n    width: 97%;\n  }\n}\n@media (min-width:850px) {\n  #image_1723566144 {\n    width: 94%;\n  }\n}\n<\/style>\n\t<\/div>\n\t\n\t\t<\/div>\n\n\t\t\n<style>\n#section_2088337133 {\n  padding-top: 30px;\n  padding-bottom: 30px;\n}\n<\/style>\n\t<\/section>\n\t\n<div>\u00a0<\/div>\n<div>\n<h2 class=\"whitespace-pre-wrap\">Las mejores pastillas de freno para bicicleta<\/h2>\n<p class=\"whitespace-pre-wrap\">Introducci\u00f3n Las pastillas de freno son una parte esencial del sistema de frenado de una bicicleta. Proporcionan la fricci\u00f3n necesaria para ralentizar y detener la bicicleta de forma segura y eficaz. En este art\u00edculo profundizaremos en todo lo que necesita saber sobre las pastillas de freno para bicicletas:<\/p>\n<ol class=\"list-decimal pl-8 space-y-2\">\n<li class=\"whitespace-normal\">Qu\u00e9 es una zapata de freno de bicicleta y c\u00f3mo funciona<\/li>\n<li class=\"whitespace-normal\">Tipos de pastillas de freno: org\u00e1nicas, sinterizadas y de otros materiales<\/li>\n<li class=\"whitespace-normal\">Diferencias entre pastillas delanteras y traseras<\/li>\n<li class=\"whitespace-normal\">\u00bfCu\u00e1nto duran las pastillas de freno?<\/li>\n<li class=\"whitespace-normal\">Signos de que hay que cambiar las pastillas<\/li>\n<li class=\"whitespace-normal\">Procedimientos de sustituci\u00f3n de las pastillas de freno<\/li>\n<li class=\"whitespace-normal\">Las mejores marcas y modelos de pastillas de freno para bicicleta<\/li>\n<li class=\"whitespace-normal\">Mantenimiento y cuidado de las pastillas de freno<\/li>\n<li class=\"whitespace-normal\">Consejos para frenar con eficacia y seguridad<\/li>\n<li class=\"whitespace-normal\">Qu\u00e9 es una zapata de freno de bicicleta y c\u00f3mo funciona<\/li>\n<\/ol>\n<p class=\"whitespace-pre-wrap\">Una zapata de freno de bicicleta es un componente plano de forma rectangular que se presiona contra la llanta o el disco de freno para generar fricci\u00f3n y desacelerar la rueda. Est\u00e1 fabricada con materiales de fricci\u00f3n como resinas, metales o cer\u00e1mica.<\/p>\n<p class=\"whitespace-pre-wrap\">Las pastillas se alojan en el interior de la pinza de freno, que es el elemento que realmente aprieta contra la llanta o el disco cuando se acciona la maneta de freno. Las pastillas son, por tanto, la superficie de contacto que crea la fricci\u00f3n. Con el tiempo y el uso se desgastan hasta el punto de requerir su sustituci\u00f3n.<\/p>\n<p class=\"whitespace-pre-wrap\">Los tipos m\u00e1s comunes de sistemas de frenos que utilizan pastillas son:<\/p>\n<ul class=\"list-disc pl-8 space-y-2\">\n<li class=\"whitespace-normal\">Frenos deslizantes: las zapatas se colocan a ambos lados de la llanta, la pinza se cierra adhiri\u00e9ndolas a la llanta<\/li>\n<li class=\"whitespace-normal\">Frenos de disco: las pastillas sujetan un disco met\u00e1lico integrado en el cubo de la rueda.<\/li>\n<li class=\"whitespace-normal\">Frenos de tambor: las pastillas est\u00e1n dentro del tambor, integradas en el buje.<\/li>\n<\/ul>\n<p class=\"whitespace-pre-wrap\">La fuerza aplicada por la palanca es multiplicada por el sistema de pinzas, lo que permite a las pastillas ejercer una gran presi\u00f3n sobre la llanta o el disco. Esto crea fricci\u00f3n y calor, disipando la energ\u00eda cin\u00e9tica y frenando la rueda. Una modulaci\u00f3n adecuada de la palanca permite dosificar con precisi\u00f3n la fuerza de frenado.<\/p>\n<ol class=\"list-decimal pl-8 space-y-2\" start=\"2\">\n<li class=\"whitespace-normal\">\n<h3>Tipos de pastillas de freno: org\u00e1nicas, sinterizadas y de otros materiales<\/h3>\n<\/li>\n<\/ol>\n<p class=\"whitespace-pre-wrap\">Existen dos tipos principales de material para las pastillas de freno de bicicleta:<\/p>\n<ul class=\"list-disc pl-8 space-y-2\">\n<li class=\"whitespace-normal\">Pastillas org\u00e1nicas: fabricadas con resinas naturales o sint\u00e9ticas reforzadas con fibras. Ofrecen una potencia de frenado modulable y un buen rendimiento incluso con lluvia. Tienden a desgastarse m\u00e1s r\u00e1pidamente.<\/li>\n<li class=\"whitespace-normal\">Pastillas sinterizadas: contienen polvos met\u00e1licos prensados y sinterizados a altas temperaturas. Tienen mayor potencia y durabilidad, soportan bien la humedad y el barro, pero son m\u00e1s ruidosas y tienden a sobrecalentarse.<\/li>\n<\/ul>\n<p class=\"whitespace-pre-wrap\">Otros materiales utilizados son:<\/p>\n<ul class=\"list-disc pl-8 space-y-2\">\n<li class=\"whitespace-normal\">Almohadillas semicer\u00e1micas: mezcla de material org\u00e1nico y polvos cer\u00e1micos. Buen rendimiento general.<\/li>\n<li class=\"whitespace-normal\">Pastillas cer\u00e1micas: polvos cer\u00e1micos puros, muy alto rendimiento pero r\u00e1pido desgaste.<\/li>\n<li class=\"whitespace-normal\">Almohadillas met\u00e1licas: l\u00e1mina de acero inoxidable, gran potencia pero escasa modulabilidad.<\/li>\n<\/ul>\n<p class=\"whitespace-pre-wrap\">La elecci\u00f3n depende del tipo de bicicleta y de sistema de frenado, de las condiciones de uso previstas, de la necesidad de potencia o modulabilidad y de la sensibilidad al ruido. Por ejemplo, los frenos de disco de las bicicletas de monta\u00f1a requieren pastillas sinterizadas de alta calidad, mientras que para las bicicletas de ciudad se recomiendan pastillas org\u00e1nicas silenciosas y suaves.<\/p>\n<ol class=\"list-decimal pl-8 space-y-2\" start=\"3\">\n<li class=\"whitespace-normal\">\n<h3>Diferencias entre pastillas delanteras y traseras<\/h3>\n<\/li>\n<\/ol>\n<p class=\"whitespace-pre-wrap\">Por lo general, no hay grandes diferencias entre las pastillas de freno delanteras y las traseras, ya que ambas realizan la misma funci\u00f3n al generar fricci\u00f3n en la llanta o el disco. Sin embargo:<\/p>\n<ul class=\"list-disc pl-8 space-y-2\">\n<li class=\"whitespace-normal\">Las pastillas delanteras est\u00e1n sometidas a un mayor esfuerzo y, por tanto, se desgastan antes, ya que la rueda delantera es responsable de aproximadamente 70-80% de la fuerza total de frenado.<\/li>\n<li class=\"whitespace-normal\">En las bicicletas de monta\u00f1a, las pastillas traseras suelen ser ligeramente m\u00e1s peque\u00f1as para reducir el peso.<\/li>\n<li class=\"whitespace-normal\">El material puede elegirse de forma diferente, por ejemplo pastillas traseras org\u00e1nicas y delanteras sinterizadas, para combinar modulabilidad en la parte trasera y potencia en la delantera.<\/li>\n<li class=\"whitespace-normal\">A veces, la composici\u00f3n var\u00eda ligeramente, por ejemplo, con un mayor porcentaje de metales en las pastillas delanteras.<\/li>\n<\/ul>\n<p class=\"whitespace-pre-wrap\">En cualquier caso, es una buena idea sustituir las pastillas de ambas ruedas al mismo tiempo para garantizar un equipamiento uniforme y un rendimiento equilibrado.<\/p>\n<ol class=\"list-decimal pl-8 space-y-2\" start=\"4\">\n<li class=\"whitespace-normal\">\n<h3>\u00bfCu\u00e1nto duran las pastillas de freno?<\/h3>\n<\/li>\n<\/ol>\n<p class=\"whitespace-pre-wrap\">La vida \u00fatil de las pastillas de freno depende de muchos factores:<\/p>\n<ul class=\"list-disc pl-8 space-y-2\">\n<li class=\"whitespace-normal\">Tipo de pastilla: las pastillas sinterizadas duran hasta 2 \u00f3 3 veces m\u00e1s que las org\u00e1nicas<\/li>\n<li class=\"whitespace-normal\">Condiciones de uso: descenso pronunciado y continuo, el barro y la humedad aceleran el desgaste<\/li>\n<li class=\"whitespace-normal\">Estilo de conducci\u00f3n: las frenadas bruscas y prolongadas sobrecalientan las pastillas y reducen su vida \u00fatil.<\/li>\n<li class=\"whitespace-normal\">Peso del ciclista y carga de la bicicleta: afectan a la energ\u00eda que debe disiparse durante el frenado.<\/li>\n<li class=\"whitespace-normal\">Mantenimiento y limpieza: las pastillas sucias se desgastan antes<\/li>\n<li class=\"whitespace-normal\">Tipo de sistema de frenado: los frenos de disco tienden a desgastar m\u00e1s r\u00e1pido las pastillas.<\/li>\n<\/ul>\n<p class=\"whitespace-pre-wrap\">Por t\u00e9rmino medio, para un uso normal, la duraci\u00f3n oscila entre:<\/p>\n<ul class=\"list-disc pl-8 space-y-2\">\n<li class=\"whitespace-normal\">Pastillas de freno org\u00e1nicas: 300-800 km<\/li>\n<li class=\"whitespace-normal\">Pastillas sinterizadas: 800-2500 km o m\u00e1s<\/li>\n<\/ul>\n<p class=\"whitespace-pre-wrap\">Conviene comprobar el estado de las pastillas cada 200-300 km e intervenir en cuanto alcancen el l\u00edmite de desgaste, para no da\u00f1ar los discos o las llantas.<\/p>\n<ol class=\"list-decimal pl-8 space-y-2\" start=\"5\">\n<li class=\"whitespace-normal\">\n<h3>Signos de que hay que cambiar las pastillas<\/h3>\n<\/li>\n<\/ol>\n<p class=\"whitespace-pre-wrap\">Estos son los principales signos de que las pastillas de freno est\u00e1n desgastadas y deben cambiarse:<\/p>\n<ul class=\"list-disc pl-8 space-y-2\">\n<li class=\"whitespace-normal\">La maneta de freno debe acercarse cada vez m\u00e1s al manillar para conseguir la misma fuerza de frenado<\/li>\n<li class=\"whitespace-normal\">Necesitas cada vez m\u00e1s dedos para tirar de la palanca y aumentar la presi\u00f3n<\/li>\n<li class=\"whitespace-normal\">Al frenar se producen vibraciones anormales y sacudidas en el manillar o la horquilla<\/li>\n<li class=\"whitespace-normal\">Las pastillas parecen visiblemente desgastadas, con estr\u00edas o adelgazamiento<\/li>\n<li class=\"whitespace-normal\">Se oye el t\u00edpico sonido met\u00e1lico del roce de las pastillas contra el metal de la llanta o el disco<\/li>\n<li class=\"whitespace-normal\">Al frenar, puede oler a quemado y ver humo procedente del sistema de frenado.<\/li>\n<\/ul>\n<p class=\"whitespace-pre-wrap\">Cuando aparecen estos signos, es mejor no retrasar la sustituci\u00f3n, para no poner en peligro la seguridad y arriesgarse a que fallen los frenos. \u00a1M\u00e1s vale prevenir que curar!<\/p>\n<ol class=\"list-decimal pl-8 space-y-2\" start=\"6\">\n<li class=\"whitespace-normal\">\n<h3>Procedimientos de sustituci\u00f3n de las pastillas de freno<\/h3>\n<\/li>\n<\/ol>\n<p class=\"whitespace-pre-wrap\">Sustituir las pastillas de freno es sencillo, r\u00e1pido y puede hacerse de forma independiente siguiendo estos pasos:<\/p>\n<ul class=\"list-disc pl-8 space-y-2\">\n<li class=\"whitespace-normal\">Levante la rueda del suelo y ret\u00edrela de la horquilla\/chasis.<\/li>\n<li class=\"whitespace-normal\">Abra la pinza girando el tornillo de ajuste o la palanca de desbloqueo<\/li>\n<li class=\"whitespace-normal\">Retire las pastillas desgastadas desliz\u00e1ndolas fuera de la pinza<\/li>\n<li class=\"whitespace-normal\">Limpie la pinza de suciedad, polvo o residuos met\u00e1licos con un pa\u00f1o<\/li>\n<li class=\"whitespace-normal\">Inserte las nuevas pastillas en la posici\u00f3n correcta, comprobando la direcci\u00f3n<\/li>\n<li class=\"whitespace-normal\">Vuelva a apretar la abrazadera hasta que las almohadillas queden firmemente bloqueadas.<\/li>\n<li class=\"whitespace-normal\">Comprobar la alineaci\u00f3n y el juego de las pastillas, ajust\u00e1ndolas si es necesario<\/li>\n<li class=\"whitespace-normal\">Repita la operaci\u00f3n en la segunda rueda<\/li>\n<li class=\"whitespace-normal\">Realizar algunas pruebas de frenado para comprobar el correcto funcionamiento.<\/li>\n<\/ul>\n<p class=\"whitespace-pre-wrap\">Para un \u00e9xito perfecto, utilice almohadillas compatibles, lubrique ligeramente los elementos deslizantes y apriete correctamente la abrazadera.<\/p>\n<ol class=\"list-decimal pl-8 space-y-2\" start=\"7\">\n<li class=\"whitespace-normal\">\n<h3>Las mejores marcas y modelos de pastillas de freno para bicicleta<\/h3>\n<\/li>\n<\/ol>\n<p class=\"whitespace-pre-wrap\">Estas son algunas de las mejores marcas y modelos de pastillas de freno para bicicletas:<\/p>\n<h4 class=\"whitespace-pre-wrap\"><strong>Ecol\u00f3gico<\/strong>:<\/h4>\n<ul class=\"list-disc pl-8 space-y-2\">\n<li class=\"whitespace-normal\">SwissStop: pastillas muy apreciadas por su alta calidad y rendimiento incluso bajo la lluvia. Ej. SwissStop FlashPro<\/li>\n<li class=\"whitespace-normal\">BBB: amplia gama para todos los sistemas de freno, excelente relaci\u00f3n calidad-precio. Ej. BBB Easy Brake Pad<\/li>\n<li class=\"whitespace-normal\">Shimano: Pastillas de freno originales de calidad fiable, aptas para frenos Shimano. Ej. Shimano Ultegra<\/li>\n<li class=\"whitespace-normal\">Kool Stop: almohadillas US con compuestos especiales, potentes y amortiguadores. Ej. Kool Stop Eagle 2<\/li>\n<\/ul>\n<h4 class=\"whitespace-pre-wrap\"><strong>Sinterizado<\/strong>:<\/h4>\n<ul class=\"list-disc pl-8 space-y-2\">\n<li class=\"whitespace-normal\">Trickerstuff: pastillas alemanas de alta gama, altas dosis de metal. Ej. Trickerstuff Directo<\/li>\n<li class=\"whitespace-normal\">Alligator: compuestos especiales sinterizados, alto rendimiento. Ej. Serrado Alligator<\/li>\n<li class=\"whitespace-normal\">Shimano: soluci\u00f3n barata pero eficaz Ej. Shimano Deore XT<\/li>\n<li class=\"whitespace-normal\">SwissStop: buen compromiso calidad\/precio. Ej. SwissStop Sinter<\/li>\n<\/ul>\n<ol class=\"list-decimal pl-8 space-y-2\" start=\"8\">\n<li class=\"whitespace-normal\">\n<h3>Mantenimiento y cuidado de las pastillas de freno<\/h3>\n<\/li>\n<\/ol>\n<p class=\"whitespace-pre-wrap\">Para garantizar el buen funcionamiento y la m\u00e1xima vida \u00fatil de las pastillas de freno, hay que tener cuidado en su limpieza y mantenimiento:<\/p>\n<ul class=\"list-disc pl-8 space-y-2\">\n<li class=\"whitespace-normal\">Compruebe peri\u00f3dicamente el desgaste y el estado de las pastillas<\/li>\n<li class=\"whitespace-normal\">Limpiar cuidadosamente la suciedad, el barro y los residuos de las pastillas, pinzas y discos\/llantas utilizando desengrasantes espec\u00edficos si es necesario.<\/li>\n<li class=\"whitespace-normal\">Evitan que el aceite o la grasa contaminen las pastillas y la superficie de fricci\u00f3n<\/li>\n<li class=\"whitespace-normal\">Lubricar los puntos de deslizamiento de las pinzas con pastas especiales<\/li>\n<li class=\"whitespace-normal\">Apriete siempre correctamente los tornillos que fijan las pastillas en las pinzas.<\/li>\n<li class=\"whitespace-normal\">Evita el sobrecalentamiento de las pastillas en frenadas prolongadas cuesta abajo<\/li>\n<li class=\"whitespace-normal\">Protege la bicicleta y las almohadillas de la intemperie cuando no se utilizan<\/li>\n<li class=\"whitespace-normal\">Sustituya las pastillas a los primeros signos de desgaste para evitar da\u00f1ar los discos o las llantas.<\/li>\n<\/ul>\n<p class=\"whitespace-pre-wrap\">Un mantenimiento adecuado minimiza la fricci\u00f3n y el ruido de frenado, optimizando el rendimiento y la seguridad.<\/p>\n<ol class=\"list-decimal pl-8 space-y-2\" start=\"9\">\n<li class=\"whitespace-normal\">\n<h3>Consejos para frenar con eficacia y seguridad<\/h3>\n<\/li>\n<\/ol>\n<p class=\"whitespace-pre-wrap\">Por \u00faltimo, aqu\u00ed tienes algunos consejos para obtener la m\u00e1xima eficacia y seguridad del sistema de frenado de tu moto:<\/p>\n<ul class=\"list-disc pl-8 space-y-2\">\n<li class=\"whitespace-normal\">Mantenga las pastillas de freno limpias, alineadas y en buen estado<\/li>\n<li class=\"whitespace-normal\">Da preferencia al uso del freno delantero sobre el trasero<\/li>\n<li class=\"whitespace-normal\">No bloquee las ruedas, d\u00e9jelas siempre ligeramente libres para girar.<\/li>\n<li class=\"whitespace-normal\">Modulaci\u00f3n de la fuerza de frenado mediante la palanca, sin tirones<\/li>\n<li class=\"whitespace-normal\">En mojado, aumentar la distancia de frenado<\/li>\n<li class=\"whitespace-normal\">Alternar el uso de los dos frenos para evitar el sobrecalentamiento.<\/li>\n<li class=\"whitespace-normal\">Dosificar la fuerza en funci\u00f3n de las condiciones de agarre en cada momento<\/li>\n<li class=\"whitespace-normal\">Antes de los descensos, comprueba la manejabilidad y prueba los frenos.<\/li>\n<li class=\"whitespace-normal\">Mantenga siempre una posici\u00f3n de conducci\u00f3n estable y un centro de gravedad bajo.<\/li>\n<\/ul>\n<p class=\"whitespace-pre-wrap\">Respetando estos principios y utilizando almohadillas de calidad, disfrutar\u00e1 siempre de la m\u00e1xima seguridad y control de su bicicleta.<\/p>\n<\/div>\n<h2><strong>Preguntas frecuentes sobre las pastillas de freno para bicicletas<\/strong><\/h2>\n<p><strong>1. \u00bfQu\u00e9 son las pastillas de freno de bicicleta?<\/strong> Las pastillas de freno son componentes fundamentales del sistema de frenado de la bicicleta, que se presionan contra la superficie del disco o la llanta para frenar o detener la bicicleta.<\/p>\n<p><strong>2. \u00bfCon qu\u00e9 frecuencia debo sustituir las pastillas de freno?<\/strong> La frecuencia de sustituci\u00f3n depende del uso, las condiciones de conducci\u00f3n y el tipo de pastillas. Por t\u00e9rmino medio, puede ser necesario sustituirlas cada 1000-2000 km de uso.<\/p>\n<p><strong>3. \u00bfC\u00f3mo puedo saber si mis pastillas de freno est\u00e1n desgastadas?<\/strong> Comprueba el grosor de las pastillas: si son finas o tienen una superficie lisa, es hora de sustituirlas. Adem\u00e1s, si oyes un chirrido al frenar, podr\u00eda ser un signo de desgaste.<\/p>\n<p><strong>4. \u00bfCu\u00e1les son los distintos tipos de pastillas de freno?<\/strong> Hay pastillas met\u00e1licas, org\u00e1nicas y semimet\u00e1licas. Las org\u00e1nicas son m\u00e1s silenciosas, pero se desgastan m\u00e1s r\u00e1pidamente. Las semimet\u00e1licas ofrecen un buen compromiso entre durabilidad y rendimiento.<\/p>\n<p><strong>5. \u00bfC\u00f3mo elijo las pastillas de freno adecuadas para mi bicicleta?<\/strong> Tenga en cuenta su estilo de conducci\u00f3n, el tipo de terreno y las condiciones meteorol\u00f3gicas. Las pastillas org\u00e1nicas ofrecen una modulaci\u00f3n excelente, mientras que las met\u00e1licas son m\u00e1s resistentes en condiciones h\u00famedas.<\/p>\n<p><strong>6. \u00bfPuedo utilizar cualquier pastilla de freno con mis frenos de disco?<\/strong> No, es importante utilizar pastillas compatibles con tu tipo de frenos de disco. Compruebe el modelo y la marca de las pastillas recomendadas por el fabricante de los frenos.<\/p>\n<p><strong>7. \u00bfC\u00f3mo se sustituyen las pastillas de freno?<\/strong> Por lo general, hay que desmontar la rueda, desenroscar el pasador de fijaci\u00f3n de las pastillas, retirar las pastillas viejas, limpiar la pinza e insertar las pastillas nuevas. Consulta el manual de tu moto para obtener instrucciones detalladas.<\/p>\n<p><strong>8. \u00bfQu\u00e9 importancia tiene el rodaje correcto de las pastillas de freno nuevas?<\/strong> Las pastillas de freno nuevas pueden requerir un breve periodo de rodaje para alcanzar la m\u00e1xima eficacia de frenado. Realice algunas frenadas ligeras y progresivas para que las pastillas se adapten a la superficie del disco.<\/p>\n<p><strong>9. \u00bfC\u00f3mo puedo mejorar el rendimiento de mis pastillas de freno?<\/strong> Mantenga las pastillas y los discos limpios de suciedad y aceite. Compruebe peri\u00f3dicamente la alineaci\u00f3n de la pinza y aj\u00fastela si es necesario.<\/p>\n<p><strong>10. \u00bfPuedo cambiar de pastillas org\u00e1nicas a met\u00e1licas o viceversa?<\/strong> S\u00ed, puedes cambiar el tipo de pastillas seg\u00fan tus necesidades y preferencias. Sin embargo, es posible que tengas que adaptarte a unas caracter\u00edsticas de frenado diferentes.<\/p>\n<p><strong>11. \u00bfLas pastillas de freno son universales o espec\u00edficas para cada marca y modelo?<\/strong> Las pastillas de freno var\u00edan seg\u00fan las marcas y modelos de frenos. Es importante utilizar pastillas espec\u00edficas recomendadas por el fabricante de frenos o consultar a un profesional.<\/p>\n<p><strong>12. \u00bfC\u00f3mo puedo conservar las pastillas de freno durante m\u00e1s tiempo?<\/strong> Evite las frenadas bruscas y prolongadas que pueden sobrecalentar las pastillas. Mantenga limpio el sistema de frenos y compruebe el desgaste peri\u00f3dicamente.<\/p>\n<p><strong>13. \u00bfQu\u00e9 significa \"encamado\" de las pastillas de freno?<\/strong> El rodaje es el proceso de asentamiento de las pastillas nuevas. Consiste en una serie de movimientos de frenado ligeros y progresivos para crear un contacto uniforme entre las pastillas y los discos.<\/p>\n<p><strong>14. \u00bfPueden las pastillas de freno afectar al rendimiento en condiciones h\u00famedas?<\/strong> S\u00ed, las pastillas met\u00e1licas suelen ofrecer un mejor frenado en mojado que las pastillas org\u00e1nicas, que pueden ser menos eficaces.<\/p>\n<p><strong>15. \u00bfPuedo cambiar yo mismo las pastillas de freno o es mejor que lo haga un profesional?<\/strong> Puede hacerlo usted mismo si conf\u00eda en sus habilidades mec\u00e1nicas. Sin embargo, si no est\u00e1 seguro, lo mejor es buscar ayuda profesional para evitar problemas de seguridad.<\/p>\n<p><strong>16. \u00bfLas pastillas de freno tienen fecha de caducidad?<\/strong> Las pastillas de freno no tienen una fecha de caducidad definida, pero deben sustituirse cuando est\u00e9n gastadas o muestren signos de deterioro.<\/p>\n<p><strong>17. \u00bfCu\u00e1les son los s\u00edntomas de desgaste de las pastillas de freno?<\/strong> Los ruidos de traqueteo al frenar, una mayor distancia de frenado, una sensaci\u00f3n de frenado incoherente o estresada son se\u00f1ales de que las pastillas pueden estar desgastadas.<\/p>\n<p><strong>18. \u00bfC\u00f3mo puedo reducir el ruido de las pastillas de freno?<\/strong> Limpie los discos y las pastillas con un limpiador especial y aseg\u00farese de que no haya contaminantes como aceite o grasa.<\/p>\n<p><strong>19. \u00bfSon intercambiables todas las pastillas de freno o hay diferencias entre modelos?<\/strong> Las pastillas de freno var\u00edan seg\u00fan el modelo de bicicleta y el tipo de freno. Compruebe siempre la compatibilidad antes de comprar pastillas nuevas.<\/p>\n<p><strong>20. \u00bfQu\u00e9 debo hacer si mis frenos siguen haciendo ruido a pesar de haber sustituido las pastillas?<\/strong> En algunos casos, el ruido puede deberse a vibraciones o a la contaminaci\u00f3n del disco. Consulte a un profesional para identificar y solucionar el problema.<\/p>\n<p>Recuerde que estas respuestas son informativas y generales. Para un servicio m\u00e1s preciso, consulte el manual de su bicicleta o pida consejo a un mec\u00e1nico.<\/p>","protected":false},"excerpt":{"rendered":"<p>Pastiglie dei freni della bicicletta Cerchi le pastiglie freno per bici? Sei nel posto giusto perch\u00e9 vendiamo pastiglie freno di alta qualit\u00e0 al miglior prezzo. \u00a0 Hai mai pensato a cosa ti tiene al sicuro quando vai in bicicletta? Niente \u00e8 pi\u00f9 importante dei freni della tua bici. \u00a0 Non sono solo per la tua [&#8230;]\n","protected":false},"author":2,"featured_media":11258,"parent":0,"menu_order":32,"comment_status":"closed","ping_status":"closed","template":"","meta":{"footnotes":""},"class_list":["post-8443","page","type-page","status-publish","has-post-thumbnail","hentry"],"_links":{"self":[{"href":"https:\/\/bici-bici.it\/es\/wp-json\/wp\/v2\/pages\/8443","targetHints":{"allow":["GET"]}}],"collection":[{"href":"https:\/\/bici-bici.it\/es\/wp-json\/wp\/v2\/pages"}],"about":[{"href":"https:\/\/bici-bici.it\/es\/wp-json\/wp\/v2\/types\/page"}],"author":[{"embeddable":true,"href":"https:\/\/bici-bici.it\/es\/wp-json\/wp\/v2\/users\/2"}],"replies":[{"embeddable":true,"href":"https:\/\/bici-bici.it\/es\/wp-json\/wp\/v2\/comments?post=8443"}],"version-history":[{"count":0,"href":"https:\/\/bici-bici.it\/es\/wp-json\/wp\/v2\/pages\/8443\/revisions"}],"wp:featuredmedia":[{"embeddable":true,"href":"https:\/\/bici-bici.it\/es\/wp-json\/wp\/v2\/media\/11258"}],"wp:attachment":[{"href":"https:\/\/bici-bici.it\/es\/wp-json\/wp\/v2\/media?parent=8443"}],"curies":[{"name":"wp","href":"https:\/\/api.w.org\/{rel}","templated":true}]}}