{"id":8440,"date":"2021-02-26T06:21:36","date_gmt":"2021-02-26T06:21:36","guid":{"rendered":"http:\/\/bici-bici.it\/?page_id=8440"},"modified":"2023-10-10T07:58:57","modified_gmt":"2023-10-10T07:58:57","slug":"telai-per-mountain-bike","status":"publish","type":"page","link":"https:\/\/bici-bici.it\/es\/cuadros-de-bicicleta-de-montana\/","title":{"rendered":"Cuadro de bicicleta de monta\u00f1a"},"content":{"rendered":"<div class=\"row large-columns-3 medium-columns- small-columns-2 row-small\" >\n  \n\t     <div class=\"product-small col has-hover product type-product post-12380 status-publish first instock product_cat-da-corsa product_cat-ammortizzatore product_cat-bici-bambini product_cat-biciclette product_cat-elettriche product_cat-biciclette-gravel product_cat-mtb product_cat-cassette-e-pacco-pignoni product_cat-city-bike product_cat-cyclocross-frame-carbon product_cat-deragliatore product_cat-fat-bike product_cat-forcelle-mtb product_cat-gravel-frameset-carbon product_cat-guarniture-e-pedivelle product_cat-men-pants product_cat-mtb-frame-carbon product_cat-pants product_cat-ricambi-bici product_cat-road-frameset-carbon product_cat-ruote-complete-e-raggi product_cat-ski-snowboard product_cat-selle product_cat-tacchette product_cat-telai product_cat-triathlon-frameset-carbon has-post-thumbnail sale taxable shipping-taxable purchasable product-type-simple\">\n\t<div class=\"col-inner\">\n\t\n<div class=\"badge-container absolute left top z-1\">\n<div class=\"callout badge badge-circle\"><div class=\"badge-inner secondary on-sale\"><span class=\"onsale\" data-no-translation=\"\" data-trp-gettext=\"\">\u00a1Oferta!<\/span><\/div><\/div>\n<\/div>\n\t<div class=\"product-small box\">\n\t\t<div class=\"box-image\">\n\t\t\t<div class=\"image-fade_in_back\">\n\t\t\t\t<a href=\"https:\/\/bici-bici.it\/es\/product\/niner-rlt-e9-rdo-4-star-28-11-fach-2021-2022-herren-gravel-e-fahrrad-carbon-59\/\" aria-label=\"Niner RLT E9 RDO 4-STAR 28&quot; 11 Fach 2021\/2022 Herren Gravel E-Fahrrad\/Carbon 59\">\n\t\t\t\t\t<img loading=\"lazy\" decoding=\"async\" width=\"500\" height=\"500\" src=\"https:\/\/bici-bici.it\/wp-content\/uploads\/2023\/06\/Niner-RLT-E9-RDO-4-STAR-28.jpg\" class=\"attachment-woocommerce_thumbnail size-woocommerce_thumbnail\" alt=\"Niner RLT E9 RDO 4-STAR 28\" srcset=\"https:\/\/bici-bici.it\/wp-content\/uploads\/2023\/06\/Niner-RLT-E9-RDO-4-STAR-28.jpg 500w, https:\/\/bici-bici.it\/wp-content\/uploads\/2023\/06\/Niner-RLT-E9-RDO-4-STAR-28-100x100.jpg 100w, https:\/\/bici-bici.it\/wp-content\/uploads\/2023\/06\/Niner-RLT-E9-RDO-4-STAR-28-64x64.jpg 64w, https:\/\/bici-bici.it\/wp-content\/uploads\/2023\/06\/Niner-RLT-E9-RDO-4-STAR-28-400x400.jpg 400w, https:\/\/bici-bici.it\/wp-content\/uploads\/2023\/06\/Niner-RLT-E9-RDO-4-STAR-28-280x280.jpg 280w, https:\/\/bici-bici.it\/wp-content\/uploads\/2023\/06\/Niner-RLT-E9-RDO-4-STAR-28-12x12.jpg 12w\" sizes=\"auto, (max-width: 500px) 100vw, 500px\" \/>\t\t\t\t<\/a>\n\t\t\t<\/div>\n\t\t\t<div class=\"image-tools is-small top right show-on-hover\">\n\t\t\t\t\t\t\t<\/div>\n\t\t\t<div class=\"image-tools is-small hide-for-small bottom left show-on-hover\">\n\t\t\t\t\t\t\t<\/div>\n\t\t\t<div class=\"image-tools grid-tools text-center hide-for-small bottom hover-slide-in show-on-hover\">\n\t\t\t\t  <a class=\"quick-view\" data-prod=\"12380\" href=\"#quick-view\">Vista R\u00e1pida<\/a>\t\t\t<\/div>\n\t\t\t\t\t<\/div>\n\n\t\t<div class=\"box-text box-text-products\">\n\t\t\t<div class=\"title-wrapper\">\t\t<p class=\"category uppercase is-smaller no-text-overflow product-cat op-7\">\n\t\t\tBicicletas de carreras\t\t<\/p>\n\t<p class=\"name product-title woocommerce-loop-product__title\"><a href=\"https:\/\/bici-bici.it\/es\/product\/niner-rlt-e9-rdo-4-star-28-11-fach-2021-2022-herren-gravel-e-fahrrad-carbon-59\/\" class=\"woocommerce-LoopProduct-link woocommerce-loop-product__link\">Niner RLT E9 RDO 4-STAR 28\u2033 11 Fach 2021\/2022 Herren Gravel E-Fahrrad\/Carbon 59<\/a><\/p><\/div><div class=\"price-wrapper\">\n\t<span class=\"price\"><del aria-hidden=\"true\"><span class=\"woocommerce-Price-amount amount\"><bdi>5.800,00&nbsp;<span class=\"woocommerce-Price-currencySymbol\">\u20ac<\/span><\/bdi><\/span><\/del> <span class=\"screen-reader-text\" data-no-translation=\"\" data-trp-gettext=\"\">El precio original era: 5.800,00&nbsp;&euro;.<\/span><ins aria-hidden=\"true\"><span class=\"woocommerce-Price-amount amount\"><bdi>4.785,00&nbsp;<span class=\"woocommerce-Price-currencySymbol\">\u20ac<\/span><\/bdi><\/span><\/ins><span class=\"screen-reader-text\" data-no-translation=\"\" data-trp-gettext=\"\">El precio actual es: 4.785,00&nbsp;&euro;.<\/span><\/span>\n<\/div>\t\t<\/div>\n\t<\/div>\n\t\t<\/div>\n<\/div><\/div>\n<h2 style=\"text-align: center;\">Cuadro de bicicleta de monta\u00f1a (precio de venta al p\u00fablico completo)<\/h2>\n<div><\/div>\n<div><strong>\u00bfQuieres comprar un cuadro de bicicleta de monta\u00f1a?<\/strong> est\u00e1s en el lugar adecuado porque vendemos cuadros de bicicleta de alta calidad a precios de liquidaci\u00f3n total.<\/div>\n<div><\/div>\n<div>Emprender una nueva actividad no es f\u00e1cil; no basta con sumergirse en un nuevo conjunto de aficiones. Hay que conocer horizontes diferentes, dise\u00f1os de suspensi\u00f3n, piezas y accesorios de alta tecnolog\u00eda.<\/div>\n<div><\/div>\n<div>No te preocupes; te tenemos cubierto. Lo hemos hecho todo pedazos; <a href=\"https:\/\/bici-bici.it\/es\/2022\/09\/01\/il-casco-da-bici-giusto\/\">c\u00f3mo elegir tu bicicleta<\/a>, confiar en el dise\u00f1o, elegir el cuadro de la bicicleta, etc. En palabras m\u00e1s sencillas, una ventanilla \u00fanica para todo lo que necesita saber y comprar de su paseo.<\/div>\n<div><\/div>\n<h3>1: \u00bfQu\u00e9 es el cuadro de una bicicleta de monta\u00f1a?<\/h3>\n<div><\/div>\n<div>Elegir un cuadro de bicicleta puede ser una decisi\u00f3n dif\u00edcil. Es algo con lo que no te puedes equivocar; es pr\u00e1cticamente como estrenar bicicleta. Porque el cuadro decide c\u00f3mo va la bicicleta y puede dominar tu experiencia de conducci\u00f3n.<\/div>\n<div><\/div>\n<div>El cuadro de la bicicleta es el componente principal de tu bicicleta y debes asegurarte de comprarlo bas\u00e1ndote en unas medidas exactas.<\/div>\n<div><\/div>\n<h3>2: \u00bfQu\u00e9 tama\u00f1o de cuadro de bicicleta debo comprar?<\/h3>\n<div><\/div>\n<div>Es posible que hayas empezado con la gu\u00eda de tallas basada en la longitud del tubo de direcci\u00f3n y la denominaci\u00f3n del cuadro de la bicicleta; en funci\u00f3n de tu estatura. Sin duda puede ser un buen comienzo, pero tienes que probar la bicicleta que se adapte completamente a ti.<\/div>\n<div><\/div>\n<div>Debe haber una transparencia total entre los pies y el suelo para permitir un desmontaje r\u00e1pido. Los cuadros de bicicleta demasiado grandes pueden provocar posturas inc\u00f3modas y estiradas; un cuadro peque\u00f1o tambi\u00e9n har\u00e1 que te sientas encogido y agotado mientras pedaleas.<\/div>\n<div><\/div>\n<h3>3: \u00bfCu\u00e1l debe ser el tama\u00f1o de la rueda para el marco exacto?<\/h3>\n<div><\/div>\n<div>Cuando actualice el tama\u00f1o del marco de su <a class=\"wpil_keyword_link\" href=\"https:\/\/bici-bici.it\/es\/product-category\/biciclette\/mtb\/\"   title=\"BTT\" data-wpil-keyword-link=\"linked\">BTT<\/a>debe asegurarse de que sus ruedas aceptan el cuadro; o viceversa.<\/div>\n<div><\/div>\n<div>Los tama\u00f1os de rueda est\u00e1ndar son; 26, 27,5 y 29 pulgadas, respectivamente. Sin embargo, si intenta introducir las dimensiones incorrectas, arruinar\u00e1 el proceso de manipulaci\u00f3n.<\/div>\n<div><\/div>\n<h3>4: \u00bfCuadro de aluminio o de carbono?<\/h3>\n<div><\/div>\n<div>Puede tener el mismo cuadro de bicicleta en ambas versiones: carbono y aluminio. Sin embargo, la versi\u00f3n de fibra de carbono es ligeramente m\u00e1s cara que los otros materiales. Sin embargo, no se trata del coste; se trata de la calidad y la durabilidad.<\/div>\n<div><\/div>\n<div>Los cuadros de carbono son m\u00e1s ligeros que los de aluminio; no tienes que equilibrar tu peso y el de la bicicleta. Comparar los dos es bastante enga\u00f1oso, ya que ambos tienen su encanto.<\/div>\n<div><\/div>\n<div>El ciclista profesional siempre conf\u00eda en los cuadros de aluminio; c\u00f3mo hacen malabarismos con el peso. Como los cuadros de aluminio son extremadamente buenos con los caminos y senderos, no dejan que el ciclista sienta las asperezas de la carretera.<\/div>\n<h3>5: \u00bfPor qu\u00e9 comprarnos?<\/h3>\n<div><\/div>\n<div>Debe haber adquirido una buena comprensi\u00f3n y conocimientos de monta\u00f1a y <a href=\"https:\/\/bici-bici.it\/es\/2022\/09\/01\/telai-per-bici-materiali-e-diversi-modelli\/\">tipos de cuadros de bicicleta<\/a>. Tienes que tener en cuenta tus gustos antes de comprar un cuadro de MTB.<\/div>\n<div><\/div>\n<div>Disponemos de una gran variedad de cuadros de bicicleta, tanto de carbono como de aluminio. Tambi\u00e9n nos aseguramos de que obtengas el tipo de material adecuado para tu bicicleta.<\/div>","protected":false},"excerpt":{"rendered":"<p>Telaio per mountain bike (prezzo di vendita intero) Stai cercando di acquistare un telaio per mountain bike? sei nel posto giusto perch\u00e9 vendiamo telai per bici di alta qualit\u00e0 a prezzi di vendita interi. Impegnarsi in una nuova attivit\u00e0 non \u00e8 facile; non puoi semplicemente tuffarti in una nuova serie di hobby. Devi conoscere diversi [&#8230;]\n","protected":false},"author":2,"featured_media":0,"parent":0,"menu_order":29,"comment_status":"closed","ping_status":"closed","template":"","meta":{"footnotes":""},"class_list":["post-8440","page","type-page","status-publish","hentry"],"_links":{"self":[{"href":"https:\/\/bici-bici.it\/es\/wp-json\/wp\/v2\/pages\/8440","targetHints":{"allow":["GET"]}}],"collection":[{"href":"https:\/\/bici-bici.it\/es\/wp-json\/wp\/v2\/pages"}],"about":[{"href":"https:\/\/bici-bici.it\/es\/wp-json\/wp\/v2\/types\/page"}],"author":[{"embeddable":true,"href":"https:\/\/bici-bici.it\/es\/wp-json\/wp\/v2\/users\/2"}],"replies":[{"embeddable":true,"href":"https:\/\/bici-bici.it\/es\/wp-json\/wp\/v2\/comments?post=8440"}],"version-history":[{"count":0,"href":"https:\/\/bici-bici.it\/es\/wp-json\/wp\/v2\/pages\/8440\/revisions"}],"wp:attachment":[{"href":"https:\/\/bici-bici.it\/es\/wp-json\/wp\/v2\/media?parent=8440"}],"curies":[{"name":"wp","href":"https:\/\/api.w.org\/{rel}","templated":true}]}}