{"id":8431,"date":"2021-02-26T05:51:25","date_gmt":"2021-02-26T05:51:25","guid":{"rendered":"http:\/\/bici-bici.it\/?page_id=8431"},"modified":"2023-06-30T05:04:03","modified_gmt":"2023-06-30T05:04:03","slug":"forcelle-per-biciclette","status":"publish","type":"page","link":"https:\/\/bici-bici.it\/es\/horquillas-de-bicicleta\/","title":{"rendered":"Horquillas de bicicleta"},"content":{"rendered":"<p><span style=\"font-size: 110%;\">\t\n  \n    <div class=\"row large-columns-3 medium-columns- small-columns-2 row-small\" >\n  \n\t     <div class=\"product-small col has-hover product type-product post-12402 status-publish first instock product_cat-ammortizzatore product_cat-forcelle-mtb has-post-thumbnail taxable shipping-taxable purchasable product-type-simple\">\n\t<div class=\"col-inner\">\n\t\n<div class=\"badge-container absolute left top z-1\">\n\n<\/div>\n\t<div class=\"product-small box\">\n\t\t<div class=\"box-image\">\n\t\t\t<div class=\"image-fade_in_back\">\n\t\t\t\t<a href=\"https:\/\/bici-bici.it\/es\/product\/rockshox-csu-pike-dual-position-1-1-8-1-5-federgabel-krone-27-5\/\" aria-label=\"RockShox CSU Pike Dual Position 1 1\/8-1.5&quot; Federgabel Krone 27.5&quot;\">\n\t\t\t\t\t<img loading=\"lazy\" decoding=\"async\" width=\"400\" height=\"400\" src=\"https:\/\/bici-bici.it\/wp-content\/uploads\/2023\/06\/1-130.jpg\" class=\"attachment-woocommerce_thumbnail size-woocommerce_thumbnail\" alt=\"RockShox CSU Pike Dual Position 1 1\/8-1.5&quot; Federgabel Krone 27.5&quot;\" srcset=\"https:\/\/bici-bici.it\/wp-content\/uploads\/2023\/06\/1-130.jpg 400w, https:\/\/bici-bici.it\/wp-content\/uploads\/2023\/06\/1-130-100x100.jpg 100w, https:\/\/bici-bici.it\/wp-content\/uploads\/2023\/06\/1-130-64x64.jpg 64w, https:\/\/bici-bici.it\/wp-content\/uploads\/2023\/06\/1-130-280x280.jpg 280w, https:\/\/bici-bici.it\/wp-content\/uploads\/2023\/06\/1-130-12x12.jpg 12w\" sizes=\"auto, (max-width: 400px) 100vw, 400px\" \/>\t\t\t\t<\/a>\n\t\t\t<\/div>\n\t\t\t<div class=\"image-tools is-small top right show-on-hover\">\n\t\t\t\t\t\t\t<\/div>\n\t\t\t<div class=\"image-tools is-small hide-for-small bottom left show-on-hover\">\n\t\t\t\t\t\t\t<\/div>\n\t\t\t<div class=\"image-tools grid-tools text-center hide-for-small bottom hover-slide-in show-on-hover\">\n\t\t\t\t  <a class=\"quick-view\" data-prod=\"12402\" href=\"#quick-view\">Vista R\u00e1pida<\/a>\t\t\t<\/div>\n\t\t\t\t\t<\/div>\n\n\t\t<div class=\"box-text box-text-products\">\n\t\t\t<div class=\"title-wrapper\">\t\t<p class=\"category uppercase is-smaller no-text-overflow product-cat op-7\">\n\t\t\tAmortiguador MTB\t\t<\/p>\n\t<p class=\"name product-title woocommerce-loop-product__title\"><a href=\"https:\/\/bici-bici.it\/es\/product\/rockshox-csu-pike-dual-position-1-1-8-1-5-federgabel-krone-27-5\/\" class=\"woocommerce-LoopProduct-link woocommerce-loop-product__link\">RockShox CSU Pike Dual Position 1 1\/8-1,5\u2033 Federgabel Krone 27,5\u2033.<\/a><\/p><\/div><div class=\"price-wrapper\">\n\t<span class=\"price\"><span class=\"woocommerce-Price-amount amount\"><bdi>233,44&nbsp;<span class=\"woocommerce-Price-currencySymbol\">\u20ac<\/span><\/bdi><\/span><\/span>\n<\/div>\t\t<\/div>\n\t<\/div>\n\t\t<\/div>\n<\/div><div class=\"product-small col has-hover product type-product post-12400 status-publish instock product_cat-accessori-per-biciclette product_cat-forcelle-mtb has-post-thumbnail taxable shipping-taxable purchasable product-type-simple\">\n\t<div class=\"col-inner\">\n\t\n<div class=\"badge-container absolute left top z-1\">\n\n<\/div>\n\t<div class=\"product-small box\">\n\t\t<div class=\"box-image\">\n\t\t\t<div class=\"image-fade_in_back\">\n\t\t\t\t<a href=\"https:\/\/bici-bici.it\/es\/product\/federgabel-29-schwarz-rockshox-35-silver-r-120-coil-1-1-8-1-5-boost-fork\/\" aria-label=\"Federgabel 29&quot; Schwarz RockShox 35 Silver R 120 Coil 1 1\/8 - 1.5&quot; Boost Horquilla\">\n\t\t\t\t\t<img loading=\"lazy\" decoding=\"async\" width=\"189\" height=\"400\" src=\"https:\/\/bici-bici.it\/wp-content\/uploads\/2023\/06\/1-129.jpg\" class=\"attachment-woocommerce_thumbnail size-woocommerce_thumbnail\" alt=\"Federgabel 29&quot; Schwarz RockShox 35 Silver R 120 Coil 1 1\/8 - 1.5&quot; Boost Horquilla\" srcset=\"https:\/\/bici-bici.it\/wp-content\/uploads\/2023\/06\/1-129.jpg 189w, https:\/\/bici-bici.it\/wp-content\/uploads\/2023\/06\/1-129-64x135.jpg 64w, https:\/\/bici-bici.it\/wp-content\/uploads\/2023\/06\/1-129-6x12.jpg 6w\" sizes=\"auto, (max-width: 189px) 100vw, 189px\" \/>\t\t\t\t<\/a>\n\t\t\t<\/div>\n\t\t\t<div class=\"image-tools is-small top right show-on-hover\">\n\t\t\t\t\t\t\t<\/div>\n\t\t\t<div class=\"image-tools is-small hide-for-small bottom left show-on-hover\">\n\t\t\t\t\t\t\t<\/div>\n\t\t\t<div class=\"image-tools grid-tools text-center hide-for-small bottom hover-slide-in show-on-hover\">\n\t\t\t\t  <a class=\"quick-view\" data-prod=\"12400\" href=\"#quick-view\">Vista R\u00e1pida<\/a>\t\t\t<\/div>\n\t\t\t\t\t<\/div>\n\n\t\t<div class=\"box-text box-text-products\">\n\t\t\t<div class=\"title-wrapper\">\t\t<p class=\"category uppercase is-smaller no-text-overflow product-cat op-7\">\n\t\t\tAccesorios\t\t<\/p>\n\t<p class=\"name product-title woocommerce-loop-product__title\"><a href=\"https:\/\/bici-bici.it\/es\/product\/federgabel-29-schwarz-rockshox-35-silver-r-120-coil-1-1-8-1-5-boost-fork\/\" class=\"woocommerce-LoopProduct-link woocommerce-loop-product__link\">Federgabel 29\u2033 Schwarz RockShox 35 Silver R 120 Coil 1 1\/8 - 1.5\u2033 Horquilla Boost<\/a><\/p><\/div><div class=\"price-wrapper\">\n\t<span class=\"price\"><span class=\"woocommerce-Price-amount amount\"><bdi>221,22&nbsp;<span class=\"woocommerce-Price-currencySymbol\">\u20ac<\/span><\/bdi><\/span><\/span>\n<\/div>\t\t<\/div>\n\t<\/div>\n\t\t<\/div>\n<\/div><div class=\"product-small col has-hover product type-product post-12380 status-publish last instock product_cat-da-corsa product_cat-ammortizzatore product_cat-bici-bambini product_cat-biciclette product_cat-elettriche product_cat-biciclette-gravel product_cat-mtb product_cat-cassette-e-pacco-pignoni product_cat-city-bike product_cat-cyclocross-frame-carbon product_cat-deragliatore product_cat-fat-bike product_cat-forcelle-mtb product_cat-gravel-frameset-carbon product_cat-guarniture-e-pedivelle product_cat-men-pants product_cat-mtb-frame-carbon product_cat-pants product_cat-ricambi-bici product_cat-road-frameset-carbon product_cat-ruote-complete-e-raggi product_cat-ski-snowboard product_cat-selle product_cat-tacchette product_cat-telai product_cat-triathlon-frameset-carbon has-post-thumbnail sale taxable shipping-taxable purchasable product-type-simple\">\n\t<div class=\"col-inner\">\n\t\n<div class=\"badge-container absolute left top z-1\">\n<div class=\"callout badge badge-circle\"><div class=\"badge-inner secondary on-sale\"><span class=\"onsale\" data-no-translation=\"\" data-trp-gettext=\"\">\u00a1Oferta!<\/span><\/div><\/div>\n<\/div>\n\t<div class=\"product-small box\">\n\t\t<div class=\"box-image\">\n\t\t\t<div class=\"image-fade_in_back\">\n\t\t\t\t<a href=\"https:\/\/bici-bici.it\/es\/product\/niner-rlt-e9-rdo-4-star-28-11-fach-2021-2022-herren-gravel-e-fahrrad-carbon-59\/\" aria-label=\"Niner RLT E9 RDO 4-STAR 28&quot; 11 Fach 2021\/2022 Herren Gravel E-Fahrrad\/Carbon 59\">\n\t\t\t\t\t<img loading=\"lazy\" decoding=\"async\" width=\"500\" height=\"500\" src=\"https:\/\/bici-bici.it\/wp-content\/uploads\/2023\/06\/Niner-RLT-E9-RDO-4-STAR-28.jpg\" class=\"attachment-woocommerce_thumbnail size-woocommerce_thumbnail\" alt=\"Niner RLT E9 RDO 4-STAR 28\" srcset=\"https:\/\/bici-bici.it\/wp-content\/uploads\/2023\/06\/Niner-RLT-E9-RDO-4-STAR-28.jpg 500w, https:\/\/bici-bici.it\/wp-content\/uploads\/2023\/06\/Niner-RLT-E9-RDO-4-STAR-28-100x100.jpg 100w, https:\/\/bici-bici.it\/wp-content\/uploads\/2023\/06\/Niner-RLT-E9-RDO-4-STAR-28-64x64.jpg 64w, https:\/\/bici-bici.it\/wp-content\/uploads\/2023\/06\/Niner-RLT-E9-RDO-4-STAR-28-400x400.jpg 400w, https:\/\/bici-bici.it\/wp-content\/uploads\/2023\/06\/Niner-RLT-E9-RDO-4-STAR-28-280x280.jpg 280w, https:\/\/bici-bici.it\/wp-content\/uploads\/2023\/06\/Niner-RLT-E9-RDO-4-STAR-28-12x12.jpg 12w\" sizes=\"auto, (max-width: 500px) 100vw, 500px\" \/>\t\t\t\t<\/a>\n\t\t\t<\/div>\n\t\t\t<div class=\"image-tools is-small top right show-on-hover\">\n\t\t\t\t\t\t\t<\/div>\n\t\t\t<div class=\"image-tools is-small hide-for-small bottom left show-on-hover\">\n\t\t\t\t\t\t\t<\/div>\n\t\t\t<div class=\"image-tools grid-tools text-center hide-for-small bottom hover-slide-in show-on-hover\">\n\t\t\t\t  <a class=\"quick-view\" data-prod=\"12380\" href=\"#quick-view\">Vista R\u00e1pida<\/a>\t\t\t<\/div>\n\t\t\t\t\t<\/div>\n\n\t\t<div class=\"box-text box-text-products\">\n\t\t\t<div class=\"title-wrapper\">\t\t<p class=\"category uppercase is-smaller no-text-overflow product-cat op-7\">\n\t\t\tBicicletas de carreras\t\t<\/p>\n\t<p class=\"name product-title woocommerce-loop-product__title\"><a href=\"https:\/\/bici-bici.it\/es\/product\/niner-rlt-e9-rdo-4-star-28-11-fach-2021-2022-herren-gravel-e-fahrrad-carbon-59\/\" class=\"woocommerce-LoopProduct-link woocommerce-loop-product__link\">Niner RLT E9 RDO 4-STAR 28\u2033 11 Fach 2021\/2022 Herren Gravel E-Fahrrad\/Carbon 59<\/a><\/p><\/div><div class=\"price-wrapper\">\n\t<span class=\"price\"><del aria-hidden=\"true\"><span class=\"woocommerce-Price-amount amount\"><bdi>5.800,00&nbsp;<span class=\"woocommerce-Price-currencySymbol\">\u20ac<\/span><\/bdi><\/span><\/del> <span class=\"screen-reader-text\" data-no-translation=\"\" data-trp-gettext=\"\">El precio original era: 5.800,00&nbsp;&euro;.<\/span><ins aria-hidden=\"true\"><span class=\"woocommerce-Price-amount amount\"><bdi>4.785,00&nbsp;<span class=\"woocommerce-Price-currencySymbol\">\u20ac<\/span><\/bdi><\/span><\/ins><span class=\"screen-reader-text\" data-no-translation=\"\" data-trp-gettext=\"\">El precio actual es: 4.785,00&nbsp;&euro;.<\/span><\/span>\n<\/div>\t\t<\/div>\n\t<\/div>\n\t\t<\/div>\n<\/div><\/div><\/span><\/p>\n<h2 style=\"text-align: center;\"><span style=\"font-size: 110%;\">Comprar horquillas para bicicletas de carretera (precios de venta al p\u00fablico)<\/span><\/h2>\n<div><\/div>\n<div style=\"text-align: center;\"><span style=\"font-size: 110%;\"><strong>\u00bfEst\u00e1 buscando horquillas para bicicletas de carretera? Ha venido al lugar adecuado porque vendemos horquillas de bicicleta de alta calidad a precios al por mayor.<\/strong><\/span><\/div>\n<div><\/div>\n<div><span style=\"font-size: 110%;\">Las horquillas de bicicleta son un complemento incre\u00edble para las aventuras sobre dos ruedas. Adem\u00e1s, las BTT son uno de los estilos de bicicleta m\u00e1s populares tanto para principiantes como para profesionales. Antes de montar en bicicleta, tambi\u00e9n es necesario conocer todos los mecanismos y componentes de una bicicleta.<\/span><\/div>\n<div><\/div>\n<div><span style=\"font-size: 110%;\">Adem\u00e1s, necesita conocer las piezas principales y no se ponga manos a la obra si no conoce las piezas, incluidas las horquillas de la bicicleta. Supongamos que desea mejorar la calidad de conducci\u00f3n de su bicicleta de monta\u00f1a; pruebe a mejorar las horquillas de bicicleta con suspensi\u00f3n. Entremos en los detalles de las horquillas de bicicleta de monta\u00f1a.<\/span><\/div>\n<h3><span style=\"font-size: 110%;\">1: \u00bfQu\u00e9 es una horquilla de bicicleta de carretera?<\/span><\/h3>\n<div><span style=\"font-size: 110%;\">La horquilla de una bicicleta de carretera es la pieza m\u00e1s importante y vital del equipamiento, ya que suaviza la superficie del camino y absorbe todos los impactos. Adem\u00e1s, la horquilla mejora la tracci\u00f3n, la velocidad, el control y los impactos. Sin embargo, no es f\u00e1cil controlar totalmente la tracci\u00f3n sin una horquilla y una suspensi\u00f3n adecuadas.<\/span><\/div>\n<h3><span style=\"font-size: 110%;\">2: \u00bfC\u00f3mo funciona la horquilla de una bicicleta de carretera?<\/span><\/h3>\n<div><span style=\"font-size: 110%;\">La horquilla de la moto ofrece c\u00f3modos artilugios construidos alrededor de montantes de 40 mm; con un enorme recorrido de 203 mm, la horquilla es naturalmente r\u00edgida y sensible a la situaci\u00f3n.<\/span><\/div>\n<div><\/div>\n<div><span style=\"font-size: 110%;\">Tambi\u00e9n ahorra peso alrededor de la corona y carga aerodin\u00e1mica. La c\u00e1mara de gran volumen tiene un recorrido lineal y fichas de volumen que proporcionan una compresi\u00f3n precisa.<\/span><\/div>\n<div><\/div>\n<h3><span style=\"font-size: 110%;\">3: \u00bfCu\u00e1l es la horquilla adecuada para m\u00ed?<\/span><\/h3>\n<div><span style=\"font-size: 110%;\">Antes de comprar una horquilla de suspensi\u00f3n para bicicleta, debe conocer la naturaleza de su bicicleta.<\/span><\/div>\n<div><\/div>\n<div><span style=\"font-size: 110%;\">Las bicicletas de monta\u00f1a de cross-country suelen tener entre 80 y 120 mm de suspensi\u00f3n. Las bicicletas de arrastre tienen entre 120 y 140 mm y las de all-mountain entre 150 y 170 mm.<\/span><\/div>\n<h3><span style=\"font-size: 110%;\">4: \u00bfEs dif\u00edcil controlar la horquilla de la bicicleta?<\/span><\/h3>\n<div><span style=\"font-size: 110%;\">El control de la amortiguaci\u00f3n es crucial: cuanto m\u00e1s viaje, m\u00e1s dif\u00edcil le resultar\u00e1 controlar la horquilla de la bicicleta. Sin embargo, no es dif\u00edcil controlar el rendimiento con una amortiguaci\u00f3n de rebote ajustable; la horquilla acaba volviendo suavemente.<\/span><\/div>\n<div><\/div>\n<div><span style=\"font-size: 110%;\">Las horquillas avanzadas tienen amortiguaci\u00f3n de compresi\u00f3n y ayudan al muelle a frenar y absorber el impacto.<\/span><\/div>\n<h3><span style=\"font-size: 110%;\">5: \u00bfPor qu\u00e9 comprarnos?<\/span><\/h3>\n<div><span style=\"font-size: 110%;\">Conocemos el mejor tipo de suspensi\u00f3n de horquilla de bicicleta; tambi\u00e9n podemos darle toda la informaci\u00f3n \u00fatil sobre la horquilla y la suspensi\u00f3n delantera y trasera. Incluso si no conoce la naturaleza y el mecanismo de su bicicleta, podemos guiarle a trav\u00e9s de toda la informaci\u00f3n t\u00e9cnica.<\/span><\/div>","protected":false},"excerpt":{"rendered":"<p>Acquista forcelle per biciclette da strada (prezzi di vendita interi) Cerchi Forcelle per Bici da Strada? Sei nel posto giusto perch\u00e9 vendiamo forcelle per bici di alta qualit\u00e0 a prezzi all&#8217;ingrosso. Le forcelle per bici sono un&#8217;aggiunta incredibile alle avventure su due ruote. Inoltre, le MTB sono uno degli stili di bici pi\u00f9 popolari sia [&#8230;]\n","protected":false},"author":2,"featured_media":0,"parent":0,"menu_order":27,"comment_status":"closed","ping_status":"closed","template":"","meta":{"footnotes":""},"class_list":["post-8431","page","type-page","status-publish","hentry"],"_links":{"self":[{"href":"https:\/\/bici-bici.it\/es\/wp-json\/wp\/v2\/pages\/8431","targetHints":{"allow":["GET"]}}],"collection":[{"href":"https:\/\/bici-bici.it\/es\/wp-json\/wp\/v2\/pages"}],"about":[{"href":"https:\/\/bici-bici.it\/es\/wp-json\/wp\/v2\/types\/page"}],"author":[{"embeddable":true,"href":"https:\/\/bici-bici.it\/es\/wp-json\/wp\/v2\/users\/2"}],"replies":[{"embeddable":true,"href":"https:\/\/bici-bici.it\/es\/wp-json\/wp\/v2\/comments?post=8431"}],"version-history":[{"count":0,"href":"https:\/\/bici-bici.it\/es\/wp-json\/wp\/v2\/pages\/8431\/revisions"}],"wp:attachment":[{"href":"https:\/\/bici-bici.it\/es\/wp-json\/wp\/v2\/media?parent=8431"}],"curies":[{"name":"wp","href":"https:\/\/api.w.org\/{rel}","templated":true}]}}